{"id":1454,"date":"2025-04-10T01:14:42","date_gmt":"2025-04-10T01:14:42","guid":{"rendered":"https:\/\/www.stanleypackage.com\/?post_type=product&#038;p=1454"},"modified":"2025-04-10T01:53:52","modified_gmt":"2025-04-10T01:53:52","slug":"wholesale-custom-cosmetic-packaging","status":"publish","type":"product","link":"https:\/\/www.stanleypackage.com\/es\/product\/wholesale-custom-cosmetic-packaging\/","title":{"rendered":"Mayorista Embalaje cosm\u00e9tico personalizado Bolsa de fondo plano"},"content":{"rendered":"<div class=\"wp-block-columns is-layout-flex wp-container-core-columns-is-layout-9d6595d7 wp-block-columns-is-layout-flex\">\n<div class=\"wp-block-column is-layout-flow wp-block-column-is-layout-flow\">\n<h2 class=\"wp-block-heading\">Caracter\u00edsticas de los envases de cosm\u00e9ticos personalizados al por mayor<\/h2>\n\n\n\n<ul class=\"wp-block-list\">\n<li><strong>Estructura de fondo plano para mejorar la estabilidad: <\/strong>El dise\u00f1o de base ensanchada de este envase de cosm\u00e9ticos al por mayor personalizado permite que el envase se mantenga firme y mejore el efecto de exposici\u00f3n en el estante.<\/li>\n\n\n\n<li><strong>Relleno superior para simplificar el proceso: <\/strong>El m\u00e9todo de llenado superior de esta bolsa personalizada de fondo plano facilita el llenado y el sellado, y mejora la eficacia de la producci\u00f3n de envases.<\/li>\n\n\n\n<li><strong>Impresi\u00f3n a doble cara para mejorar la comunicaci\u00f3n de la marca:<\/strong> Nuestros envases de cosm\u00e9ticos personalizados al por mayor admiten impresi\u00f3n de alta definici\u00f3n a doble cara para mejorar el impacto visual.<\/li>\n\n\n\n<li><strong>Materiales compuestos multicapa:<\/strong> Nuestras bolsas de fondo plano personalizadas utilizan una estructura de material de alta barrera, con buenas propiedades a prueba de humedad, a prueba de ox\u00edgeno y resistentes a la perforaci\u00f3n para garantizar la estabilidad de la calidad del contenido.<\/li>\n\n\n\n<li><strong>Aplicable a diversos tipos de productos: <\/strong>Este envase al por mayor personalizado para cosm\u00e9ticos no s\u00f3lo es adecuado para cosm\u00e9ticos, sino tambi\u00e9n para productos s\u00f3lidos y en polvo como los de cuidado personal y limpieza.<\/li>\n\n\n\n<li><strong>Admite personalizaci\u00f3n, selecci\u00f3n flexible de m\u00faltiples especificaciones:<\/strong> Ofrecemos bolsas de fondo plano personalizadas con diferentes tama\u00f1os, capacidades y servicios de dise\u00f1o para satisfacer las diversas necesidades de personalizaci\u00f3n de los clientes.<\/li>\n<\/ul>\n\n\n\n<div class=\"wp-block-columns is-layout-flex wp-container-core-columns-is-layout-9d6595d7 wp-block-columns-is-layout-flex\">\n<div class=\"wp-block-column is-layout-flow wp-block-column-is-layout-flow\">\n<figure class=\"wp-block-image size-full\"><img decoding=\"async\" width=\"750\" height=\"750\" src=\"https:\/\/www.stanleypackage.com\/wp-content\/uploads\/2025\/04\/Wholesale-Custom-Cosmetic-Packaging-Flat-Bottom-Pouch-6.webp\" alt=\"Mayorista Embalaje cosm\u00e9tico personalizado Bolsa de fondo plano-6\" class=\"wp-image-1460\" srcset=\"https:\/\/www.stanleypackage.com\/wp-content\/uploads\/2025\/04\/Wholesale-Custom-Cosmetic-Packaging-Flat-Bottom-Pouch-6.webp 750w, https:\/\/www.stanleypackage.com\/wp-content\/uploads\/2025\/04\/Wholesale-Custom-Cosmetic-Packaging-Flat-Bottom-Pouch-6-300x300.webp 300w, https:\/\/www.stanleypackage.com\/wp-content\/uploads\/2025\/04\/Wholesale-Custom-Cosmetic-Packaging-Flat-Bottom-Pouch-6-150x150.webp 150w, https:\/\/www.stanleypackage.com\/wp-content\/uploads\/2025\/04\/Wholesale-Custom-Cosmetic-Packaging-Flat-Bottom-Pouch-6-600x600.webp 600w, https:\/\/www.stanleypackage.com\/wp-content\/uploads\/2025\/04\/Wholesale-Custom-Cosmetic-Packaging-Flat-Bottom-Pouch-6-100x100.webp 100w\" sizes=\"(max-width: 750px) 100vw, 750px\" \/><\/figure>\n<\/div>\n\n\n\n<div class=\"wp-block-column is-layout-flow wp-block-column-is-layout-flow\">\n<figure class=\"wp-block-image size-full\"><img decoding=\"async\" width=\"750\" height=\"750\" src=\"https:\/\/www.stanleypackage.com\/wp-content\/uploads\/2025\/04\/Wholesale-Custom-Cosmetic-Packaging-Flat-Bottom-Pouch-5.webp\" alt=\"Mayorista Embalaje cosm\u00e9tico personalizado Bolsa de fondo plano-5\" class=\"wp-image-1459\" srcset=\"https:\/\/www.stanleypackage.com\/wp-content\/uploads\/2025\/04\/Wholesale-Custom-Cosmetic-Packaging-Flat-Bottom-Pouch-5.webp 750w, https:\/\/www.stanleypackage.com\/wp-content\/uploads\/2025\/04\/Wholesale-Custom-Cosmetic-Packaging-Flat-Bottom-Pouch-5-300x300.webp 300w, https:\/\/www.stanleypackage.com\/wp-content\/uploads\/2025\/04\/Wholesale-Custom-Cosmetic-Packaging-Flat-Bottom-Pouch-5-150x150.webp 150w, https:\/\/www.stanleypackage.com\/wp-content\/uploads\/2025\/04\/Wholesale-Custom-Cosmetic-Packaging-Flat-Bottom-Pouch-5-600x600.webp 600w, https:\/\/www.stanleypackage.com\/wp-content\/uploads\/2025\/04\/Wholesale-Custom-Cosmetic-Packaging-Flat-Bottom-Pouch-5-100x100.webp 100w\" sizes=\"(max-width: 750px) 100vw, 750px\" \/><\/figure>\n<\/div>\n<\/div>\n<\/div>\n<\/div>","protected":false},"excerpt":{"rendered":"<p>Bienvenido a la bolsa de fondo plano personalizada. Este envase cosm\u00e9tico personalizado al por mayor presenta un dise\u00f1o de fondo ancho para mantener la bolsa en posici\u00f3n vertical y con mayor capacidad. Es adecuada para productos s\u00f3lidos y en polvo, como productos de limpieza, cosm\u00e9ticos y de cuidado personal.<\/p>\n<table style=\"border-collapse: collapse; width: 365.02pt;\" border=\"0\" width=\"365\" cellspacing=\"0\" cellpadding=\"0\">\n<tbody>\n<tr style=\"height: 16.00pt;\">\n<td class=\"et2\" style=\"height: 16.00pt; width: 97.50pt;\" width=\"97\" height=\"16\">Fabricante<\/td>\n<td class=\"et2\" style=\"width: 267.50pt;\" width=\"267\">Stanley<\/td>\n<\/tr>\n<tr style=\"height: 16.00pt;\">\n<td class=\"et2\" style=\"height: 16.00pt; width: 97.50pt;\" width=\"97\" height=\"16\">Tipos de bolsas<\/td>\n<td class=\"et2\" style=\"width: 267.50pt;\" width=\"267\">Bolsa de fondo plano<\/td>\n<\/tr>\n<tr style=\"height: 31.00pt;\">\n<td class=\"et2\" style=\"height: 31.00pt; width: 97.50pt;\" width=\"97\" height=\"31\">Material<\/td>\n<td class=\"et2\" style=\"width: 267.50pt;\" width=\"267\">Frontal:PET12\/MBPE75<br \/>Cara:PET12\/MBPE60<\/td>\n<\/tr>\n<tr style=\"height: 16.00pt;\">\n<td class=\"et2\" style=\"height: 16.00pt; width: 97.50pt;\" width=\"97\" height=\"16\">Reportaje especial<\/td>\n<td class=\"et2\" style=\"width: 267.50pt;\" width=\"267\">Relleno superior, ensanche inferior<\/td>\n<\/tr>\n<tr style=\"height: 16.00pt;\">\n<td class=\"et2\" style=\"height: 16.00pt; width: 97.50pt;\" width=\"97\" height=\"16\">Manipulaci\u00f3n de superficies<\/td>\n<td class=\"et2\" style=\"width: 267.50pt;\" width=\"267\">Impresi\u00f3n en huecograbado<\/td>\n<\/tr>\n<tr style=\"height: 16.00pt;\">\n<td class=\"et2\" style=\"height: 16.00pt; width: 97.50pt;\" width=\"97\" height=\"16\">Color<\/td>\n<td class=\"et2\" style=\"width: 267.50pt;\" width=\"267\">Impresi\u00f3n a doble cara, hasta 10 colores<\/td>\n<\/tr>\n<tr style=\"height: 16.00pt;\">\n<td class=\"et2\" style=\"height: 16.00pt; width: 97.50pt;\" width=\"97\" height=\"16\">Utilizaci\u00f3n<\/td>\n<td class=\"et2\" style=\"width: 267.50pt;\" width=\"267\">Cosm\u00e9tica, Polvo<\/td>\n<\/tr>\n<tr style=\"height: 16.00pt;\">\n<td class=\"et2\" style=\"height: 16.00pt; width: 97.50pt;\" width=\"97\" height=\"16\">MOQ<\/td>\n<td class=\"et2\" style=\"width: 267.50pt;\" width=\"267\">50.000 unidades<\/td>\n<\/tr>\n<tr style=\"height: 16.00pt;\">\n<td class=\"et2\" style=\"height: 16.00pt; width: 97.50pt;\" width=\"97\" height=\"16\">Pedido a medida<\/td>\n<td class=\"et2\" style=\"width: 267.50pt;\" width=\"267\">Aceptamos OEM y ODM, Muestras gratuitas<\/td>\n<\/tr>\n<\/tbody>\n<\/table>","protected":false},"featured_media":1458,"comment_status":"closed","ping_status":"closed","template":"","meta":{"_acf_changed":false},"product_brand":[],"product_cat":[24],"product_tag":[],"class_list":{"0":"post-1454","1":"product","2":"type-product","3":"status-publish","4":"has-post-thumbnail","6":"product_cat-flat-bottom-pouch-manufacturer","7":"pa_non-food-packaging-cosmetic-packaging-pouches","9":"first","10":"instock","11":"shipping-taxable","12":"product-type-simple"},"acf":[],"_links":{"self":[{"href":"https:\/\/www.stanleypackage.com\/es\/wp-json\/wp\/v2\/product\/1454","targetHints":{"allow":["GET"]}}],"collection":[{"href":"https:\/\/www.stanleypackage.com\/es\/wp-json\/wp\/v2\/product"}],"about":[{"href":"https:\/\/www.stanleypackage.com\/es\/wp-json\/wp\/v2\/types\/product"}],"replies":[{"embeddable":true,"href":"https:\/\/www.stanleypackage.com\/es\/wp-json\/wp\/v2\/comments?post=1454"}],"wp:featuredmedia":[{"embeddable":true,"href":"https:\/\/www.stanleypackage.com\/es\/wp-json\/wp\/v2\/media\/1458"}],"wp:attachment":[{"href":"https:\/\/www.stanleypackage.com\/es\/wp-json\/wp\/v2\/media?parent=1454"}],"wp:term":[{"taxonomy":"product_brand","embeddable":true,"href":"https:\/\/www.stanleypackage.com\/es\/wp-json\/wp\/v2\/product_brand?post=1454"},{"taxonomy":"product_cat","embeddable":true,"href":"https:\/\/www.stanleypackage.com\/es\/wp-json\/wp\/v2\/product_cat?post=1454"},{"taxonomy":"product_tag","embeddable":true,"href":"https:\/\/www.stanleypackage.com\/es\/wp-json\/wp\/v2\/product_tag?post=1454"}],"curies":[{"name":"wp","href":"https:\/\/api.w.org\/{rel}","templated":true}]}}