{"id":1461,"date":"2025-04-10T01:54:18","date_gmt":"2025-04-10T01:54:18","guid":{"rendered":"https:\/\/www.stanleypackage.com\/?post_type=product&#038;p=1461"},"modified":"2025-04-10T02:23:52","modified_gmt":"2025-04-10T02:23:52","slug":"custom-spout-pouches","status":"publish","type":"product","link":"https:\/\/www.stanleypackage.com\/es\/product\/custom-spout-pouches\/","title":{"rendered":"Bolsas con boquilla personalizadas de forma especial para champ\u00fa y acondicionador"},"content":{"rendered":"<div class=\"wp-block-columns is-layout-flex wp-container-core-columns-is-layout-9d6595d7 wp-block-columns-is-layout-flex\">\n<div class=\"wp-block-column is-layout-flow wp-block-column-is-layout-flow\">\n<h2 class=\"wp-block-heading\">Caracter\u00edsticas de las bolsas de ca\u00f1o personalizadas<\/h2>\n\n\n\n<ul class=\"wp-block-list\">\n<li><strong>Dise\u00f1o de forma \u00fanica:<\/strong> Estas bolsas con pico personalizadas est\u00e1n equipadas con una forma de aguacate \u00fanica para que el reconocimiento del producto est\u00e9 garantizado y las marcas se hagan populares en el lineal.<\/li>\n\n\n\n<li><strong>Estructura de ca\u00f1o para facilitar el vertido: <\/strong>Esta bolsa de acondicionador personalizada est\u00e1 dise\u00f1ada espec\u00edficamente con una boquilla giratoria, lo que facilita a los clientes el control preciso de la cantidad de uso y del limpiador utilizado.<\/li>\n\n\n\n<li><strong>Fondo de pie, exposici\u00f3n estable: <\/strong>El dise\u00f1o de estructura vertical de nuestras bolsas con pico personalizadas hace que el envase sea m\u00e1s estable y adecuado para su exposici\u00f3n en estanter\u00edas o mostradores.<\/li>\n\n\n\n<li><strong>Impresi\u00f3n a doble cara de alta calidad: <\/strong>Nuestras bolsas acondicionadoras personalizadas ofrecen dise\u00f1os personalizados a doble cara con colores vivos y n\u00edtidos para mostrar plenamente la visi\u00f3n de la marca.<\/li>\n\n\n\n<li><strong>Estructura de material de barrera multicapa: <\/strong>Estas bolsas con pico personalizadas utilizan una combinaci\u00f3n de materiales PET19\/BOPA15\/MBPE155 para aislar eficazmente la humedad y el aire y mantener la frescura del producto.<\/li>\n\n\n\n<li><strong>Adecuado para una gran variedad de productos de cuidado l\u00edquidos: <\/strong>Esta bolsa personalizada para acondicionador con autoportante se utiliza ampliamente en champ\u00fa, acondicionador, jab\u00f3n de manos, gel de ducha y otros productos de limpieza para satisfacer diversas necesidades de envasado.<\/li>\n<\/ul>\n\n\n\n<div class=\"wp-block-columns is-layout-flex wp-container-core-columns-is-layout-9d6595d7 wp-block-columns-is-layout-flex\">\n<div class=\"wp-block-column is-layout-flow wp-block-column-is-layout-flow\">\n<figure class=\"wp-block-image size-full\"><img decoding=\"async\" width=\"750\" height=\"750\" src=\"https:\/\/www.stanleypackage.com\/wp-content\/uploads\/2025\/04\/Special-Shape-Custom-Spout-Pouches-For-Shampoo-Conditioner-2.webp\" alt=\"Bolsas con boquilla personalizada de forma especial para champ\u00fa y acondicionador-2\" class=\"wp-image-1463\" srcset=\"https:\/\/www.stanleypackage.com\/wp-content\/uploads\/2025\/04\/Special-Shape-Custom-Spout-Pouches-For-Shampoo-Conditioner-2.webp 750w, https:\/\/www.stanleypackage.com\/wp-content\/uploads\/2025\/04\/Special-Shape-Custom-Spout-Pouches-For-Shampoo-Conditioner-2-300x300.webp 300w, https:\/\/www.stanleypackage.com\/wp-content\/uploads\/2025\/04\/Special-Shape-Custom-Spout-Pouches-For-Shampoo-Conditioner-2-150x150.webp 150w, https:\/\/www.stanleypackage.com\/wp-content\/uploads\/2025\/04\/Special-Shape-Custom-Spout-Pouches-For-Shampoo-Conditioner-2-600x600.webp 600w, https:\/\/www.stanleypackage.com\/wp-content\/uploads\/2025\/04\/Special-Shape-Custom-Spout-Pouches-For-Shampoo-Conditioner-2-100x100.webp 100w\" sizes=\"(max-width: 750px) 100vw, 750px\" \/><\/figure>\n<\/div>\n\n\n\n<div class=\"wp-block-column is-layout-flow wp-block-column-is-layout-flow\">\n<figure class=\"wp-block-image size-full\"><img decoding=\"async\" width=\"750\" height=\"750\" src=\"https:\/\/www.stanleypackage.com\/wp-content\/uploads\/2025\/04\/Special-Shape-Custom-Spout-Pouches-For-Shampoo-Conditioner-4.webp\" alt=\"Bolsas con boquilla personalizada de forma especial para champ\u00fa y acondicionador-4\" class=\"wp-image-1465\" srcset=\"https:\/\/www.stanleypackage.com\/wp-content\/uploads\/2025\/04\/Special-Shape-Custom-Spout-Pouches-For-Shampoo-Conditioner-4.webp 750w, https:\/\/www.stanleypackage.com\/wp-content\/uploads\/2025\/04\/Special-Shape-Custom-Spout-Pouches-For-Shampoo-Conditioner-4-300x300.webp 300w, https:\/\/www.stanleypackage.com\/wp-content\/uploads\/2025\/04\/Special-Shape-Custom-Spout-Pouches-For-Shampoo-Conditioner-4-150x150.webp 150w, https:\/\/www.stanleypackage.com\/wp-content\/uploads\/2025\/04\/Special-Shape-Custom-Spout-Pouches-For-Shampoo-Conditioner-4-600x600.webp 600w, https:\/\/www.stanleypackage.com\/wp-content\/uploads\/2025\/04\/Special-Shape-Custom-Spout-Pouches-For-Shampoo-Conditioner-4-100x100.webp 100w\" sizes=\"(max-width: 750px) 100vw, 750px\" \/><\/figure>\n<\/div>\n<\/div>\n<\/div>\n<\/div>","protected":false},"excerpt":{"rendered":"<p>Bienvenido a las bolsas con boquilla personalizadas. Esta bolsa de acondicionador personalizada con autoportante est\u00e1 fabricada con material multicapa de alta barrera, muy adecuado para el envasado de diversos productos l\u00edquidos como champ\u00fa, acondicionador, gel de ducha, jab\u00f3n de manos, etc.<\/p>\n<table style=\"border-collapse: collapse; width: 365.02pt;\" border=\"0\" width=\"365\" cellspacing=\"0\" cellpadding=\"0\">\n<tbody>\n<tr style=\"height: 16.00pt;\">\n<td class=\"et2\" style=\"height: 16.00pt; width: 97.50pt;\" width=\"97\" height=\"16\">Fabricante<\/td>\n<td class=\"et2\" style=\"width: 267.50pt;\" width=\"267\">Stanley<\/td>\n<\/tr>\n<tr style=\"height: 16.00pt;\">\n<td class=\"et2\" style=\"height: 16.00pt; width: 97.50pt;\" width=\"97\" height=\"16\">Tipos de bolsas<\/td>\n<td class=\"et2\" style=\"width: 267.50pt;\" width=\"267\">Bolsa de ca\u00f1o, Bolsa de pie<\/td>\n<\/tr>\n<tr style=\"height: 16.00pt;\">\n<td class=\"et2\" style=\"height: 16.00pt; width: 97.50pt;\" width=\"97\" height=\"16\">Material<\/td>\n<td class=\"et2\" style=\"width: 267.50pt;\" width=\"267\">PET19\/BOPA15\/MBPE155<\/td>\n<\/tr>\n<tr style=\"height: 16.00pt;\">\n<td class=\"et2\" style=\"height: 16.00pt; width: 97.50pt;\" width=\"97\" height=\"16\">Reportaje especial<\/td>\n<td class=\"et2\" style=\"width: 267.50pt;\" width=\"267\">Ca\u00f1o, fondo vertical<\/td>\n<\/tr>\n<tr style=\"height: 16.00pt;\">\n<td class=\"et2\" style=\"height: 16.00pt; width: 97.50pt;\" width=\"97\" height=\"16\">Manipulaci\u00f3n de superficies<\/td>\n<td class=\"et2\" style=\"width: 267.50pt;\" width=\"267\">Impresi\u00f3n en huecograbado<\/td>\n<\/tr>\n<tr style=\"height: 16.00pt;\">\n<td class=\"et2\" style=\"height: 16.00pt; width: 97.50pt;\" width=\"97\" height=\"16\">Color<\/td>\n<td class=\"et2\" style=\"width: 267.50pt;\" width=\"267\">Impresi\u00f3n a doble cara, hasta 10 colores<\/td>\n<\/tr>\n<tr style=\"height: 16.00pt;\">\n<td class=\"et2\" style=\"height: 16.00pt; width: 97.50pt;\" width=\"97\" height=\"16\">Utilizaci\u00f3n<\/td>\n<td class=\"et2\" style=\"width: 267.50pt;\" width=\"267\">Champ\u00fa, jab\u00f3n corporal, jab\u00f3n de manos, acondicionador<\/td>\n<\/tr>\n<tr style=\"height: 16.00pt;\">\n<td class=\"et2\" style=\"height: 16.00pt; width: 97.50pt;\" width=\"97\" height=\"16\">MOQ<\/td>\n<td class=\"et2\" style=\"width: 267.50pt;\" width=\"267\">50.000 unidades<\/td>\n<\/tr>\n<tr style=\"height: 16.00pt;\">\n<td class=\"et2\" style=\"height: 16.00pt; width: 97.50pt;\" width=\"97\" height=\"16\">Pedido a medida<\/td>\n<td class=\"et2\" style=\"width: 267.50pt;\" width=\"267\">Aceptamos OEM y ODM, Muestras gratuitas<\/td>\n<\/tr>\n<\/tbody>\n<\/table>","protected":false},"featured_media":1462,"comment_status":"closed","ping_status":"closed","template":"","meta":{"_acf_changed":false},"product_brand":[],"product_cat":[32,30,22],"product_tag":[],"class_list":{"0":"post-1461","1":"product","2":"type-product","3":"status-publish","4":"has-post-thumbnail","6":"product_cat-spout-pouch-manufacturer","7":"product_cat-stand-up-pouch-manufacturer","8":"product_cat-shaped-pouches-factory","9":"pa_non-food-packaging-soap-detergent-pouches","11":"first","12":"instock","13":"shipping-taxable","14":"product-type-simple"},"acf":[],"_links":{"self":[{"href":"https:\/\/www.stanleypackage.com\/es\/wp-json\/wp\/v2\/product\/1461","targetHints":{"allow":["GET"]}}],"collection":[{"href":"https:\/\/www.stanleypackage.com\/es\/wp-json\/wp\/v2\/product"}],"about":[{"href":"https:\/\/www.stanleypackage.com\/es\/wp-json\/wp\/v2\/types\/product"}],"replies":[{"embeddable":true,"href":"https:\/\/www.stanleypackage.com\/es\/wp-json\/wp\/v2\/comments?post=1461"}],"wp:featuredmedia":[{"embeddable":true,"href":"https:\/\/www.stanleypackage.com\/es\/wp-json\/wp\/v2\/media\/1462"}],"wp:attachment":[{"href":"https:\/\/www.stanleypackage.com\/es\/wp-json\/wp\/v2\/media?parent=1461"}],"wp:term":[{"taxonomy":"product_brand","embeddable":true,"href":"https:\/\/www.stanleypackage.com\/es\/wp-json\/wp\/v2\/product_brand?post=1461"},{"taxonomy":"product_cat","embeddable":true,"href":"https:\/\/www.stanleypackage.com\/es\/wp-json\/wp\/v2\/product_cat?post=1461"},{"taxonomy":"product_tag","embeddable":true,"href":"https:\/\/www.stanleypackage.com\/es\/wp-json\/wp\/v2\/product_tag?post=1461"}],"curies":[{"name":"wp","href":"https:\/\/api.w.org\/{rel}","templated":true}]}}