{"id":1469,"date":"2025-04-10T02:30:17","date_gmt":"2025-04-10T02:30:17","guid":{"rendered":"https:\/\/www.stanleypackage.com\/?post_type=product&#038;p=1469"},"modified":"2025-09-06T01:28:05","modified_gmt":"2025-09-06T01:28:05","slug":"liquid-spout-bags-wholesale","status":"publish","type":"product","link":"https:\/\/www.stanleypackage.com\/es\/product\/liquid-spout-bags-wholesale\/","title":{"rendered":"Bolsas para L\u00edquidos al por Mayor, Bolsas Personalizadas para Loci\u00f3n Solar"},"content":{"rendered":"<div class=\"wp-block-columns is-layout-flex wp-container-core-columns-is-layout-9d6595d7 wp-block-columns-is-layout-flex\">\n<div class=\"wp-block-column is-layout-flow wp-block-column-is-layout-flow\">\n<h2 class=\"wp-block-heading\">Caracter\u00edsticas de las bolsas con boquilla para l\u00edquidos al por mayor<\/h2>\n\n\n\n<ul class=\"wp-block-list\">\n<li><strong>Dise\u00f1o con pico, m\u00e1s c\u00f3modo de usar: <\/strong>Estas bolsas con boquilla para l\u00edquidos al por mayor tienen una boquilla, f\u00e1cil para la extrusi\u00f3n precisa de l\u00edquidos.<\/li>\n\n\n\n<li><strong>Tipo bolsa plana, f\u00e1cil de transportar y guardar:<\/strong> Su dise\u00f1o plano hace que esta bolsa para loci\u00f3n solar personalizada ahorre espacio, adecuada para paquetes de viaje, peque\u00f1as muestras y otros escenarios port\u00e1tiles.<\/li>\n\n\n\n<li><strong>Sellado fuerte, fiable a prueba de fugas: <\/strong>La estructura de barrera multicapa de nuestras bolsas para l\u00edquidos al por mayor se combina con una tecnolog\u00eda profesional de sellado de bordes para evitar eficazmente las fugas y proteger la estabilidad del contenido.<\/li>\n\n\n\n<li><strong>Ca\u00f1o con tapa, higi\u00e9nico y anticontaminaci\u00f3n: <\/strong>Las boquillas de estas bolsas personalizadas para loci\u00f3n solar est\u00e1n equipadas con tapones, que pueden volver a cerrarse tras su uso para garantizar que los productos est\u00e9n limpios y no se contaminen f\u00e1cilmente.<\/li>\n\n\n\n<li><strong>Impresi\u00f3n a doble cara, que transmite plenamente la imagen de marca: <\/strong>La impresi\u00f3n a doble cara de alta calidad har\u00e1 que el producto sea m\u00e1s llamativo, y nuestras bolsas para l\u00edquidos al por mayor pueden ayudarle a mejorar el reconocimiento de su marca.<\/li>\n\n\n\n<li><strong>Aplicable a productos polivalentes para el cuidado de la piel: <\/strong>Esta bolsa personalizada para loci\u00f3n solar es adecuada para todo tipo de envases de l\u00edquidos para el cuidado de la piel, como crema solar, loci\u00f3n corporal, crema de manos, crema facial, etc., para satisfacer las necesidades del mercado de diferentes productos.<\/li>\n<\/ul>\n\n\n\n<div class=\"wp-block-columns is-layout-flex wp-container-core-columns-is-layout-9d6595d7 wp-block-columns-is-layout-flex\">\n<div class=\"wp-block-column is-layout-flow wp-block-column-is-layout-flow\">\n<figure class=\"wp-block-image size-full\"><img decoding=\"async\" width=\"750\" height=\"750\" src=\"https:\/\/www.stanleypackage.com\/wp-content\/uploads\/2025\/04\/Liquid-Spout-Bags-Wholesale-Custom-Sunscreen-Lotion-Pouch-1.webp\" alt=\"Bolsas para L\u00edquidos al por Mayor, Bolsas Personalizadas para Loci\u00f3n Solar-1\" class=\"wp-image-1470\" srcset=\"https:\/\/www.stanleypackage.com\/wp-content\/uploads\/2025\/04\/Liquid-Spout-Bags-Wholesale-Custom-Sunscreen-Lotion-Pouch-1.webp 750w, https:\/\/www.stanleypackage.com\/wp-content\/uploads\/2025\/04\/Liquid-Spout-Bags-Wholesale-Custom-Sunscreen-Lotion-Pouch-1-300x300.webp 300w, https:\/\/www.stanleypackage.com\/wp-content\/uploads\/2025\/04\/Liquid-Spout-Bags-Wholesale-Custom-Sunscreen-Lotion-Pouch-1-150x150.webp 150w, https:\/\/www.stanleypackage.com\/wp-content\/uploads\/2025\/04\/Liquid-Spout-Bags-Wholesale-Custom-Sunscreen-Lotion-Pouch-1-600x600.webp 600w, https:\/\/www.stanleypackage.com\/wp-content\/uploads\/2025\/04\/Liquid-Spout-Bags-Wholesale-Custom-Sunscreen-Lotion-Pouch-1-100x100.webp 100w\" sizes=\"(max-width: 750px) 100vw, 750px\" \/><\/figure>\n<\/div>\n\n\n\n<div class=\"wp-block-column is-layout-flow wp-block-column-is-layout-flow\">\n<figure class=\"wp-block-image size-full\"><img decoding=\"async\" width=\"750\" height=\"750\" src=\"https:\/\/www.stanleypackage.com\/wp-content\/uploads\/2025\/04\/Liquid-Spout-Bags-Wholesale-Custom-Sunscreen-Lotion-Pouch-4.webp\" alt=\"Bolsas para L\u00edquidos al por Mayor, Bolsas Personalizadas para Loci\u00f3n Solar-4\" class=\"wp-image-1473\" srcset=\"https:\/\/www.stanleypackage.com\/wp-content\/uploads\/2025\/04\/Liquid-Spout-Bags-Wholesale-Custom-Sunscreen-Lotion-Pouch-4.webp 750w, https:\/\/www.stanleypackage.com\/wp-content\/uploads\/2025\/04\/Liquid-Spout-Bags-Wholesale-Custom-Sunscreen-Lotion-Pouch-4-300x300.webp 300w, https:\/\/www.stanleypackage.com\/wp-content\/uploads\/2025\/04\/Liquid-Spout-Bags-Wholesale-Custom-Sunscreen-Lotion-Pouch-4-150x150.webp 150w, https:\/\/www.stanleypackage.com\/wp-content\/uploads\/2025\/04\/Liquid-Spout-Bags-Wholesale-Custom-Sunscreen-Lotion-Pouch-4-600x600.webp 600w, https:\/\/www.stanleypackage.com\/wp-content\/uploads\/2025\/04\/Liquid-Spout-Bags-Wholesale-Custom-Sunscreen-Lotion-Pouch-4-100x100.webp 100w\" sizes=\"(max-width: 750px) 100vw, 750px\" \/><\/figure>\n<\/div>\n<\/div>\n<\/div>\n<\/div>","protected":false},"excerpt":{"rendered":"<p>Bienvenido a la bolsa personalizada para loci\u00f3n solar. Esta bolsa para l\u00edquidos al por mayor tiene un dise\u00f1o plano con un excelente sellado. Es adecuada para todo tipo de productos l\u00edquidos para el cuidado de la piel, como crema solar, loci\u00f3n, crema de manos, crema facial, etc. Es un excelente envase port\u00e1til para productos para el cuidado de la piel.<\/p>\n<table style=\"border-collapse: collapse; width: 365.02pt;\" border=\"0\" width=\"365\" cellspacing=\"0\" cellpadding=\"0\">\n<tbody>\n<tr style=\"height: 16.00pt;\">\n<td class=\"et2\" style=\"height: 16.00pt; width: 97.50pt;\" width=\"97\" height=\"16\">Fabricante<\/td>\n<td class=\"et2\" style=\"width: 267.50pt;\" width=\"267\">Stanley<\/td>\n<\/tr>\n<tr style=\"height: 16.00pt;\">\n<td class=\"et2\" style=\"height: 16.00pt; width: 97.50pt;\" width=\"97\" height=\"16\">Tipos de bolsas<\/td>\n<td class=\"et2\" style=\"width: 267.50pt;\" width=\"267\">Bolsa con boquilla, Bolsa plana<\/td>\n<\/tr>\n<tr style=\"height: 16.00pt;\">\n<td class=\"et2\" style=\"height: 16.00pt; width: 97.50pt;\" width=\"97\" height=\"16\">Material<\/td>\n<td class=\"et2\" style=\"width: 267.50pt;\" width=\"267\">MOPP25\/AL7\/BOPA15\/PE75<\/td>\n<\/tr>\n<tr style=\"height: 16.00pt;\">\n<td class=\"et2\" style=\"height: 16.00pt; width: 97.50pt;\" width=\"97\" height=\"16\">Reportaje especial<\/td>\n<td class=\"et2\" style=\"width: 267.50pt;\" width=\"267\">Ca\u00f1o, cierre herm\u00e9tico<\/td>\n<\/tr>\n<tr style=\"height: 16.00pt;\">\n<td class=\"et2\" style=\"height: 16.00pt; width: 97.50pt;\" width=\"97\" height=\"16\">Manipulaci\u00f3n de superficies<\/td>\n<td class=\"et2\" style=\"width: 267.50pt;\" width=\"267\">Impresi\u00f3n en huecograbado<\/td>\n<\/tr>\n<tr style=\"height: 16.00pt;\">\n<td class=\"et2\" style=\"height: 16.00pt; width: 97.50pt;\" width=\"97\" height=\"16\">Color<\/td>\n<td class=\"et2\" style=\"width: 267.50pt;\" width=\"267\">Impresi\u00f3n a doble cara, hasta 10 colores<\/td>\n<\/tr>\n<tr style=\"height: 16.00pt;\">\n<td class=\"et2\" style=\"height: 16.00pt; width: 97.50pt;\" width=\"97\" height=\"16\">Utilizaci\u00f3n<\/td>\n<td class=\"et2\" style=\"width: 267.50pt;\" width=\"267\">Protector solar, loci\u00f3n, crema de manos, crema facial<\/td>\n<\/tr>\n<tr style=\"height: 16.00pt;\">\n<td class=\"et2\" style=\"height: 16.00pt; width: 97.50pt;\" width=\"97\" height=\"16\">MOQ<\/td>\n<td class=\"et2\" style=\"width: 267.50pt;\" width=\"267\">50.000 unidades<\/td>\n<\/tr>\n<tr style=\"height: 16.00pt;\">\n<td class=\"et2\" style=\"height: 16.00pt; width: 97.50pt;\" width=\"97\" height=\"16\">Pedido a medida<\/td>\n<td class=\"et2\" style=\"width: 267.50pt;\" width=\"267\">Aceptamos OEM y ODM, Muestras gratuitas<\/td>\n<\/tr>\n<\/tbody>\n<\/table>","protected":false},"featured_media":1472,"comment_status":"closed","ping_status":"closed","template":"","meta":{"_acf_changed":false},"product_brand":[],"product_cat":[32],"product_tag":[],"class_list":{"0":"post-1469","1":"product","2":"type-product","3":"status-publish","4":"has-post-thumbnail","6":"product_cat-spout-pouch-manufacturer","7":"pa_non-food-packaging-cosmetic-packaging-pouches","9":"first","10":"instock","11":"shipping-taxable","12":"product-type-simple"},"acf":[],"_links":{"self":[{"href":"https:\/\/www.stanleypackage.com\/es\/wp-json\/wp\/v2\/product\/1469","targetHints":{"allow":["GET"]}}],"collection":[{"href":"https:\/\/www.stanleypackage.com\/es\/wp-json\/wp\/v2\/product"}],"about":[{"href":"https:\/\/www.stanleypackage.com\/es\/wp-json\/wp\/v2\/types\/product"}],"replies":[{"embeddable":true,"href":"https:\/\/www.stanleypackage.com\/es\/wp-json\/wp\/v2\/comments?post=1469"}],"wp:featuredmedia":[{"embeddable":true,"href":"https:\/\/www.stanleypackage.com\/es\/wp-json\/wp\/v2\/media\/1472"}],"wp:attachment":[{"href":"https:\/\/www.stanleypackage.com\/es\/wp-json\/wp\/v2\/media?parent=1469"}],"wp:term":[{"taxonomy":"product_brand","embeddable":true,"href":"https:\/\/www.stanleypackage.com\/es\/wp-json\/wp\/v2\/product_brand?post=1469"},{"taxonomy":"product_cat","embeddable":true,"href":"https:\/\/www.stanleypackage.com\/es\/wp-json\/wp\/v2\/product_cat?post=1469"},{"taxonomy":"product_tag","embeddable":true,"href":"https:\/\/www.stanleypackage.com\/es\/wp-json\/wp\/v2\/product_tag?post=1469"}],"curies":[{"name":"wp","href":"https:\/\/api.w.org\/{rel}","templated":true}]}}