{"id":1476,"date":"2025-04-10T02:52:41","date_gmt":"2025-04-10T02:52:41","guid":{"rendered":"https:\/\/www.stanleypackage.com\/?post_type=product&#038;p=1476"},"modified":"2025-04-10T03:05:48","modified_gmt":"2025-04-10T03:05:48","slug":"custom-stand-up-pouches","status":"publish","type":"product","link":"https:\/\/www.stanleypackage.com\/es\/product\/custom-stand-up-pouches\/","title":{"rendered":"L\u00edquido para el cuidado de la piel Bolsas de pie personalizadas con boquilla"},"content":{"rendered":"<div class=\"wp-block-columns is-layout-flex wp-container-core-columns-is-layout-9d6595d7 wp-block-columns-is-layout-flex\">\n<div class=\"wp-block-column is-layout-flow wp-block-column-is-layout-flow\">\n<h2 class=\"wp-block-heading\">Caracter\u00edsticas de las fundas de pie personalizadas<\/h2>\n\n\n\n<ul class=\"wp-block-list\">\n<li><strong>Estructura autoportante, mejor exposici\u00f3n: <\/strong>El dise\u00f1o autoportante inferior de estas bolsas de pie personalizadas es pr\u00e1ctico para su exposici\u00f3n y almacenamiento, adecuado para su exposici\u00f3n en estanter\u00edas o para uso dom\u00e9stico.<\/li>\n\n\n\n<li><strong>Boquilla lateral, para exprimir c\u00f3modamente: <\/strong>La boquilla de esta bolsa personalizada para loci\u00f3n corporal est\u00e1 situada en el lateral de la bolsa, lo que se ajusta m\u00e1s a los h\u00e1bitos de uso, facilita el control de la cantidad y no es f\u00e1cil de desperdiciar.<\/li>\n\n\n\n<li><strong>Material de alta barrera, protecci\u00f3n m\u00e1s completa: <\/strong>Nuestras bolsas stand up personalizadas utilizan materiales compuestos multicapa (MOPP\/AL\/BOPA\/PE), que a\u00edslan eficazmente el aire y la luz y prolongan la vida \u00fatil de los productos para el cuidado de la piel.<\/li>\n\n\n\n<li><strong>Impresi\u00f3n exquisita a doble cara, marca m\u00e1s llamativa:<\/strong> Esta bolsa personalizada para loci\u00f3n corporal admite la impresi\u00f3n completa de patrones personalizados, lo que mejora el reconocimiento del envase y resalta el tono de la marca.<\/li>\n\n\n\n<li><strong>Port\u00e1til y estanco, adecuado para una gran variedad de escenarios:<\/strong> La estructura de cierre herm\u00e9tico de estas bolsas stand up personalizadas es estanca y adecuada para viajes, paquetes de prueba, transporte diario y otros usos.<\/li>\n\n\n\n<li><strong>Compatible con una gran variedad de l\u00edquidos para el cuidado de la piel: <\/strong>Nuestra bolsa personalizada para loci\u00f3n corporal puede ser ampliamente utilizada en productos l\u00edquidos para el cuidado de la piel, tales como protector solar, loci\u00f3n corporal, crema de manos, crema facial, etc., para satisfacer las necesidades de envasado de diversos productos.<\/li>\n<\/ul>\n\n\n\n<div class=\"wp-block-columns is-layout-flex wp-container-core-columns-is-layout-9d6595d7 wp-block-columns-is-layout-flex\">\n<div class=\"wp-block-column is-layout-flow wp-block-column-is-layout-flow\">\n<figure class=\"wp-block-image size-full\"><img decoding=\"async\" width=\"750\" height=\"750\" src=\"https:\/\/www.stanleypackage.com\/wp-content\/uploads\/2025\/04\/Skin-Care-Liquid-Custom-Stand-Up-Pouches-With-Spout-6.webp\" alt=\"L\u00edquido para el cuidado de la piel Bolsas de pie personalizadas con boquilla-6\" class=\"wp-image-1482\" srcset=\"https:\/\/www.stanleypackage.com\/wp-content\/uploads\/2025\/04\/Skin-Care-Liquid-Custom-Stand-Up-Pouches-With-Spout-6.webp 750w, https:\/\/www.stanleypackage.com\/wp-content\/uploads\/2025\/04\/Skin-Care-Liquid-Custom-Stand-Up-Pouches-With-Spout-6-300x300.webp 300w, https:\/\/www.stanleypackage.com\/wp-content\/uploads\/2025\/04\/Skin-Care-Liquid-Custom-Stand-Up-Pouches-With-Spout-6-150x150.webp 150w, https:\/\/www.stanleypackage.com\/wp-content\/uploads\/2025\/04\/Skin-Care-Liquid-Custom-Stand-Up-Pouches-With-Spout-6-600x600.webp 600w, https:\/\/www.stanleypackage.com\/wp-content\/uploads\/2025\/04\/Skin-Care-Liquid-Custom-Stand-Up-Pouches-With-Spout-6-100x100.webp 100w\" sizes=\"(max-width: 750px) 100vw, 750px\" \/><\/figure>\n<\/div>\n\n\n\n<div class=\"wp-block-column is-layout-flow wp-block-column-is-layout-flow\">\n<figure class=\"wp-block-image size-full\"><img decoding=\"async\" width=\"750\" height=\"750\" src=\"https:\/\/www.stanleypackage.com\/wp-content\/uploads\/2025\/04\/Skin-Care-Liquid-Custom-Stand-Up-Pouches-With-Spout-4.webp\" alt=\"L\u00edquido para el cuidado de la piel Bolsas de pie personalizadas con vertedor-4\" class=\"wp-image-1480\" srcset=\"https:\/\/www.stanleypackage.com\/wp-content\/uploads\/2025\/04\/Skin-Care-Liquid-Custom-Stand-Up-Pouches-With-Spout-4.webp 750w, https:\/\/www.stanleypackage.com\/wp-content\/uploads\/2025\/04\/Skin-Care-Liquid-Custom-Stand-Up-Pouches-With-Spout-4-300x300.webp 300w, https:\/\/www.stanleypackage.com\/wp-content\/uploads\/2025\/04\/Skin-Care-Liquid-Custom-Stand-Up-Pouches-With-Spout-4-150x150.webp 150w, https:\/\/www.stanleypackage.com\/wp-content\/uploads\/2025\/04\/Skin-Care-Liquid-Custom-Stand-Up-Pouches-With-Spout-4-600x600.webp 600w, https:\/\/www.stanleypackage.com\/wp-content\/uploads\/2025\/04\/Skin-Care-Liquid-Custom-Stand-Up-Pouches-With-Spout-4-100x100.webp 100w\" sizes=\"(max-width: 750px) 100vw, 750px\" \/><\/figure>\n<\/div>\n<\/div>\n<\/div>\n<\/div>","protected":false},"excerpt":{"rendered":"<p>Bienvenido a la bolsa personalizada para loci\u00f3n corporal. Esta bolsa personalizada de pie con boquilla combina material de alta barrera e impresi\u00f3n a doble cara, teniendo en cuenta la practicidad y la belleza visual. Es muy adecuada para crema solar, loci\u00f3n, crema de manos, crema facial, etc.<\/p>\n<table style=\"border-collapse: collapse; width: 365.02pt;\" border=\"0\" width=\"365\" cellspacing=\"0\" cellpadding=\"0\">\n<tbody>\n<tr style=\"height: 16.00pt;\">\n<td class=\"et2\" style=\"height: 16.00pt; width: 97.50pt;\" width=\"97\" height=\"16\">Fabricante<\/td>\n<td class=\"et2\" style=\"width: 267.50pt;\" width=\"267\">Stanley<\/td>\n<\/tr>\n<tr style=\"height: 16.00pt;\">\n<td class=\"et2\" style=\"height: 16.00pt; width: 97.50pt;\" width=\"97\" height=\"16\">Tipos de bolsas<\/td>\n<td class=\"et2\" style=\"width: 267.50pt;\" width=\"267\">Bolsa de ca\u00f1o, Bolsa de pie<\/td>\n<\/tr>\n<tr style=\"height: 16.00pt;\">\n<td class=\"et2\" style=\"height: 16.00pt; width: 97.50pt;\" width=\"97\" height=\"16\">Material<\/td>\n<td class=\"et2\" style=\"width: 267.50pt;\" width=\"267\">MOPP25\/AL7\/BOPA15\/PE75<\/td>\n<\/tr>\n<tr style=\"height: 16.00pt;\">\n<td class=\"et2\" style=\"height: 16.00pt; width: 97.50pt;\" width=\"97\" height=\"16\">Reportaje especial<\/td>\n<td class=\"et2\" style=\"width: 267.50pt;\" width=\"267\">Ca\u00f1o, fondo vertical<\/td>\n<\/tr>\n<tr style=\"height: 16.00pt;\">\n<td class=\"et2\" style=\"height: 16.00pt; width: 97.50pt;\" width=\"97\" height=\"16\">Manipulaci\u00f3n de superficies<\/td>\n<td class=\"et2\" style=\"width: 267.50pt;\" width=\"267\">Impresi\u00f3n en huecograbado<\/td>\n<\/tr>\n<tr style=\"height: 16.00pt;\">\n<td class=\"et2\" style=\"height: 16.00pt; width: 97.50pt;\" width=\"97\" height=\"16\">Color<\/td>\n<td class=\"et2\" style=\"width: 267.50pt;\" width=\"267\">Impresi\u00f3n a doble cara, hasta 10 colores<\/td>\n<\/tr>\n<tr style=\"height: 16.00pt;\">\n<td class=\"et2\" style=\"height: 16.00pt; width: 97.50pt;\" width=\"97\" height=\"16\">Utilizaci\u00f3n<\/td>\n<td class=\"et2\" style=\"width: 267.50pt;\" width=\"267\">Protector solar, loci\u00f3n, crema de manos, crema facial<\/td>\n<\/tr>\n<tr style=\"height: 16.00pt;\">\n<td class=\"et2\" style=\"height: 16.00pt; width: 97.50pt;\" width=\"97\" height=\"16\">MOQ<\/td>\n<td class=\"et2\" style=\"width: 267.50pt;\" width=\"267\">50.000 unidades<\/td>\n<\/tr>\n<tr style=\"height: 16.00pt;\">\n<td class=\"et2\" style=\"height: 16.00pt; width: 97.50pt;\" width=\"97\" height=\"16\">Pedido a medida<\/td>\n<td class=\"et2\" style=\"width: 267.50pt;\" width=\"267\">Aceptamos OEM y ODM, Muestras gratuitas<\/td>\n<\/tr>\n<\/tbody>\n<\/table>","protected":false},"featured_media":1481,"comment_status":"closed","ping_status":"closed","template":"","meta":{"_acf_changed":false},"product_brand":[],"product_cat":[32,30],"product_tag":[],"class_list":{"0":"post-1476","1":"product","2":"type-product","3":"status-publish","4":"has-post-thumbnail","6":"product_cat-spout-pouch-manufacturer","7":"product_cat-stand-up-pouch-manufacturer","8":"pa_non-food-packaging-cosmetic-packaging-pouches","10":"first","11":"instock","12":"shipping-taxable","13":"product-type-simple"},"acf":[],"_links":{"self":[{"href":"https:\/\/www.stanleypackage.com\/es\/wp-json\/wp\/v2\/product\/1476","targetHints":{"allow":["GET"]}}],"collection":[{"href":"https:\/\/www.stanleypackage.com\/es\/wp-json\/wp\/v2\/product"}],"about":[{"href":"https:\/\/www.stanleypackage.com\/es\/wp-json\/wp\/v2\/types\/product"}],"replies":[{"embeddable":true,"href":"https:\/\/www.stanleypackage.com\/es\/wp-json\/wp\/v2\/comments?post=1476"}],"wp:featuredmedia":[{"embeddable":true,"href":"https:\/\/www.stanleypackage.com\/es\/wp-json\/wp\/v2\/media\/1481"}],"wp:attachment":[{"href":"https:\/\/www.stanleypackage.com\/es\/wp-json\/wp\/v2\/media?parent=1476"}],"wp:term":[{"taxonomy":"product_brand","embeddable":true,"href":"https:\/\/www.stanleypackage.com\/es\/wp-json\/wp\/v2\/product_brand?post=1476"},{"taxonomy":"product_cat","embeddable":true,"href":"https:\/\/www.stanleypackage.com\/es\/wp-json\/wp\/v2\/product_cat?post=1476"},{"taxonomy":"product_tag","embeddable":true,"href":"https:\/\/www.stanleypackage.com\/es\/wp-json\/wp\/v2\/product_tag?post=1476"}],"curies":[{"name":"wp","href":"https:\/\/api.w.org\/{rel}","templated":true}]}}