{"id":1490,"date":"2025-04-10T03:31:15","date_gmt":"2025-04-10T03:31:15","guid":{"rendered":"https:\/\/www.stanleypackage.com\/?post_type=product&#038;p=1490"},"modified":"2025-04-10T03:44:14","modified_gmt":"2025-04-10T03:44:14","slug":"custom-printed-lay-flat-pouches","status":"publish","type":"product","link":"https:\/\/www.stanleypackage.com\/es\/product\/custom-printed-lay-flat-pouches\/","title":{"rendered":"Bolsas planas impresas a medida, bolsas de t\u00e9 con 3 soldaduras laterales"},"content":{"rendered":"<div class=\"wp-block-columns is-layout-flex wp-container-core-columns-is-layout-9d6595d7 wp-block-columns-is-layout-flex\">\n<div class=\"wp-block-column is-layout-flow wp-block-column-is-layout-flow\">\n<h2 class=\"wp-block-heading\">Caracter\u00edsticas de las fundas planas impresas a medida<\/h2>\n\n\n\n<ul class=\"wp-block-list\">\n<li><strong>Estructura sellada por tres lados, sellado fuerte, a prueba de humedad y antioxidaci\u00f3n: <\/strong>El firme borde de sellado de nuestras bolsas planas impresas a medida a\u00edsla eficazmente el aire y la humedad, garantizando la frescura del t\u00e9 y los productos secos.<\/li>\n\n\n\n<li><strong>Llenado superior, operaci\u00f3n de llenado m\u00e1s c\u00f3moda: <\/strong>El dise\u00f1o ascendente de la boca de la bolsa de esta bolsa de t\u00e9 al por mayor facilita la alimentaci\u00f3n y el sellado r\u00e1pidos, y mejora la eficiencia de la producci\u00f3n y el envasado.<\/li>\n\n\n\n<li><strong>Dise\u00f1o f\u00e1cil de rasgar, apertura suave sin tijeras: <\/strong>Estas bolsas planas impresas a medida est\u00e1n equipadas con una muesca de rasgado que permite a los usuarios abrirlas f\u00e1cilmente, mejora la experiencia del consumidor y resulta c\u00f3moda y pr\u00e1ctica.<\/li>\n\n\n\n<li><strong>Materiales de alta calidad, fuerte barrera de protecci\u00f3n: <\/strong>El material de doble control MOPP\/VMPET\/PE de esta bolsa para bolsitas de t\u00e9 al por mayor tiene una buena protecci\u00f3n contra la luz y una gran durabilidad, lo que prolonga la vida \u00fatil del producto.<\/li>\n\n\n\n<li><strong>Impresi\u00f3n a doble cara, expresi\u00f3n de marca m\u00e1s evidente:<\/strong> Nuestras bolsas planas impresas pueden realizar una impresi\u00f3n en color y una personalizaci\u00f3n de la marca magn\u00edficas, lo que puede mejorar el nivel del producto y atraer la atenci\u00f3n de los consumidores finales.<\/li>\n\n\n\n<li><strong>Amplia gama de usos, adecuada para una gran variedad de productos secos:<\/strong> Esta bolsa de t\u00e9 al por mayor no s\u00f3lo es adecuada para el t\u00e9, sino tambi\u00e9n para las necesidades de envasado de caf\u00e9, frutos secos, especias, nueces y otros productos.<\/li>\n<\/ul>\n\n\n\n<div class=\"wp-block-columns is-layout-flex wp-container-core-columns-is-layout-9d6595d7 wp-block-columns-is-layout-flex\">\n<div class=\"wp-block-column is-layout-flow wp-block-column-is-layout-flow\">\n<figure class=\"wp-block-image size-full\"><img decoding=\"async\" width=\"750\" height=\"750\" src=\"https:\/\/www.stanleypackage.com\/wp-content\/uploads\/2025\/04\/Custom-Printed-Lay-Flat-Pouches-3-Side-Seal-Tea-Bag-Pouches-4.webp\" alt=\"Bolsitas planas impresas a medida, 3 bolsitas de t\u00e9 con cierre lateral-4\" class=\"wp-image-1494\" srcset=\"https:\/\/www.stanleypackage.com\/wp-content\/uploads\/2025\/04\/Custom-Printed-Lay-Flat-Pouches-3-Side-Seal-Tea-Bag-Pouches-4.webp 750w, https:\/\/www.stanleypackage.com\/wp-content\/uploads\/2025\/04\/Custom-Printed-Lay-Flat-Pouches-3-Side-Seal-Tea-Bag-Pouches-4-300x300.webp 300w, https:\/\/www.stanleypackage.com\/wp-content\/uploads\/2025\/04\/Custom-Printed-Lay-Flat-Pouches-3-Side-Seal-Tea-Bag-Pouches-4-150x150.webp 150w, https:\/\/www.stanleypackage.com\/wp-content\/uploads\/2025\/04\/Custom-Printed-Lay-Flat-Pouches-3-Side-Seal-Tea-Bag-Pouches-4-600x600.webp 600w, https:\/\/www.stanleypackage.com\/wp-content\/uploads\/2025\/04\/Custom-Printed-Lay-Flat-Pouches-3-Side-Seal-Tea-Bag-Pouches-4-100x100.webp 100w\" sizes=\"(max-width: 750px) 100vw, 750px\" \/><\/figure>\n<\/div>\n\n\n\n<div class=\"wp-block-column is-layout-flow wp-block-column-is-layout-flow\">\n<figure class=\"wp-block-image size-full\"><img decoding=\"async\" width=\"750\" height=\"750\" src=\"https:\/\/www.stanleypackage.com\/wp-content\/uploads\/2025\/04\/Custom-Printed-Lay-Flat-Pouches-3-Side-Seal-Tea-Bag-Pouches-3.webp\" alt=\"Bolsas planas impresas a medida, 3 bolsas de t\u00e9 con cierre lateral-3\" class=\"wp-image-1493\" srcset=\"https:\/\/www.stanleypackage.com\/wp-content\/uploads\/2025\/04\/Custom-Printed-Lay-Flat-Pouches-3-Side-Seal-Tea-Bag-Pouches-3.webp 750w, https:\/\/www.stanleypackage.com\/wp-content\/uploads\/2025\/04\/Custom-Printed-Lay-Flat-Pouches-3-Side-Seal-Tea-Bag-Pouches-3-300x300.webp 300w, https:\/\/www.stanleypackage.com\/wp-content\/uploads\/2025\/04\/Custom-Printed-Lay-Flat-Pouches-3-Side-Seal-Tea-Bag-Pouches-3-150x150.webp 150w, https:\/\/www.stanleypackage.com\/wp-content\/uploads\/2025\/04\/Custom-Printed-Lay-Flat-Pouches-3-Side-Seal-Tea-Bag-Pouches-3-600x600.webp 600w, https:\/\/www.stanleypackage.com\/wp-content\/uploads\/2025\/04\/Custom-Printed-Lay-Flat-Pouches-3-Side-Seal-Tea-Bag-Pouches-3-100x100.webp 100w\" sizes=\"(max-width: 750px) 100vw, 750px\" \/><\/figure>\n<\/div>\n<\/div>\n<\/div>\n<\/div>","protected":false},"excerpt":{"rendered":"<p>Bienvenido a comprar bolsas planas con impresi\u00f3n personalizada. Esta bolsa de bolsa de t\u00e9 sellada por tres lados al por mayor admite la impresi\u00f3n personalizada de doble cara, tiene un excelente sellado y preservaci\u00f3n del aroma, y es adecuada para bolsas de t\u00e9, caf\u00e9, frutos secos y otros productos.<\/p>\n<table style=\"border-collapse: collapse; width: 365.02pt;\" border=\"0\" width=\"365\" cellspacing=\"0\" cellpadding=\"0\">\n<tbody>\n<tr style=\"height: 16.00pt;\">\n<td class=\"et2\" style=\"height: 16.00pt; width: 97.50pt;\" width=\"97\" height=\"16\">Fabricante<\/td>\n<td class=\"et2\" style=\"width: 267.50pt;\" width=\"267\">Stanley<\/td>\n<\/tr>\n<tr style=\"height: 16.00pt;\">\n<td class=\"et2\" style=\"height: 16.00pt; width: 97.50pt;\" width=\"97\" height=\"16\">Tipos de bolsas<\/td>\n<td class=\"et2\" style=\"width: 267.50pt;\" width=\"267\">Bolsa de cierre trilateral, bolsa plana<\/td>\n<\/tr>\n<tr style=\"height: 16.00pt;\">\n<td class=\"et2\" style=\"height: 16.00pt; width: 97.50pt;\" width=\"97\" height=\"16\">Material<\/td>\n<td class=\"et2\" style=\"width: 267.50pt;\" width=\"267\">MOPP25\/VMPET12\/PE40<\/td>\n<\/tr>\n<tr style=\"height: 16.00pt;\">\n<td class=\"et2\" style=\"height: 16.00pt; width: 97.50pt;\" width=\"97\" height=\"16\">Reportaje especial<\/td>\n<td class=\"et2\" style=\"width: 267.50pt;\" width=\"267\">Muesca Easy Tear, relleno superior<\/td>\n<\/tr>\n<tr style=\"height: 16.00pt;\">\n<td class=\"et2\" style=\"height: 16.00pt; width: 97.50pt;\" width=\"97\" height=\"16\">Manipulaci\u00f3n de superficies<\/td>\n<td class=\"et2\" style=\"width: 267.50pt;\" width=\"267\">Impresi\u00f3n en huecograbado<\/td>\n<\/tr>\n<tr style=\"height: 16.00pt;\">\n<td class=\"et2\" style=\"height: 16.00pt; width: 97.50pt;\" width=\"97\" height=\"16\">Color<\/td>\n<td class=\"et2\" style=\"width: 267.50pt;\" width=\"267\">Impresi\u00f3n a doble cara, hasta 10 colores<\/td>\n<\/tr>\n<tr style=\"height: 16.00pt;\">\n<td class=\"et2\" style=\"height: 16.00pt; width: 97.50pt;\" width=\"97\" height=\"16\">Utilizaci\u00f3n<\/td>\n<td class=\"et2\" style=\"width: 267.50pt;\" width=\"267\">T\u00e9, caf\u00e9, frutos secos, suplementos para la salud<\/td>\n<\/tr>\n<tr style=\"height: 16.00pt;\">\n<td class=\"et2\" style=\"height: 16.00pt; width: 97.50pt;\" width=\"97\" height=\"16\">MOQ<\/td>\n<td class=\"et2\" style=\"width: 267.50pt;\" width=\"267\">50.000 unidades<\/td>\n<\/tr>\n<tr style=\"height: 16.00pt;\">\n<td class=\"et2\" style=\"height: 16.00pt; width: 97.50pt;\" width=\"97\" height=\"16\">Pedido a medida<\/td>\n<td class=\"et2\" style=\"width: 267.50pt;\" width=\"267\">Aceptamos OEM y ODM, Muestras gratuitas<\/td>\n<\/tr>\n<\/tbody>\n<\/table>","protected":false},"featured_media":1492,"comment_status":"closed","ping_status":"closed","template":"","meta":{"_acf_changed":false},"product_brand":[],"product_cat":[28,31],"product_tag":[],"class_list":{"0":"post-1490","1":"product","2":"type-product","3":"status-publish","4":"has-post-thumbnail","6":"product_cat-three-side-seal-pouch-manufacturer","7":"product_cat-lay-flat-pouch-manufacturer","8":"pa_food-packaging-tea-pouch-packaging","10":"first","11":"instock","12":"shipping-taxable","13":"product-type-simple"},"acf":[],"_links":{"self":[{"href":"https:\/\/www.stanleypackage.com\/es\/wp-json\/wp\/v2\/product\/1490","targetHints":{"allow":["GET"]}}],"collection":[{"href":"https:\/\/www.stanleypackage.com\/es\/wp-json\/wp\/v2\/product"}],"about":[{"href":"https:\/\/www.stanleypackage.com\/es\/wp-json\/wp\/v2\/types\/product"}],"replies":[{"embeddable":true,"href":"https:\/\/www.stanleypackage.com\/es\/wp-json\/wp\/v2\/comments?post=1490"}],"wp:featuredmedia":[{"embeddable":true,"href":"https:\/\/www.stanleypackage.com\/es\/wp-json\/wp\/v2\/media\/1492"}],"wp:attachment":[{"href":"https:\/\/www.stanleypackage.com\/es\/wp-json\/wp\/v2\/media?parent=1490"}],"wp:term":[{"taxonomy":"product_brand","embeddable":true,"href":"https:\/\/www.stanleypackage.com\/es\/wp-json\/wp\/v2\/product_brand?post=1490"},{"taxonomy":"product_cat","embeddable":true,"href":"https:\/\/www.stanleypackage.com\/es\/wp-json\/wp\/v2\/product_cat?post=1490"},{"taxonomy":"product_tag","embeddable":true,"href":"https:\/\/www.stanleypackage.com\/es\/wp-json\/wp\/v2\/product_tag?post=1490"}],"curies":[{"name":"wp","href":"https:\/\/api.w.org\/{rel}","templated":true}]}}