{"id":1495,"date":"2025-04-10T03:51:18","date_gmt":"2025-04-10T03:51:18","guid":{"rendered":"https:\/\/www.stanleypackage.com\/?post_type=product&#038;p=1495"},"modified":"2025-09-06T02:01:51","modified_gmt":"2025-09-06T02:01:51","slug":"eco-friendly-pouches-wholesale","status":"publish","type":"product","link":"https:\/\/www.stanleypackage.com\/es\/product\/eco-friendly-pouches-wholesale\/","title":{"rendered":"Bolsas Ecol\u00f3gicas al por Mayor, Bolsa Monomaterial Spot"},"content":{"rendered":"<div class=\"wp-block-columns is-layout-flex wp-container-core-columns-is-layout-9d6595d7 wp-block-columns-is-layout-flex\">\n<div class=\"wp-block-column is-layout-flow wp-block-column-is-layout-flow\">\n<h2 class=\"wp-block-heading\">Caracter\u00edsticas de las bolsas ecol\u00f3gicas al por mayor<\/h2>\n\n\n\n<ul class=\"wp-block-list\">\n<li><strong>Materiales respetuosos con el medio ambiente: <\/strong>Estas bolsas ecol\u00f3gicas al por mayor adoptan la estructura de material \u00fanico BOPE\/PE, cumplen las normas de reciclado y reducen la carga medioambiental.<\/li>\n\n\n\n<li><strong>Dise\u00f1o sencillo de la boquilla: <\/strong>Nuestras bolsas personalizadas para puntos son f\u00e1ciles de controlar la cantidad, limpias e higi\u00e9nicas, y mejoran la experiencia del usuario.<\/li>\n\n\n\n<li><strong>Dise\u00f1o de llenado inferior: <\/strong>Esta bolsa ecol\u00f3gica al por mayor adopta el dise\u00f1o de llenado inferior, que es conveniente para el funcionamiento de la l\u00ednea de producci\u00f3n de alta velocidad y mejora la eficiencia de llenado.<\/li>\n\n\n\n<li><strong>Impresi\u00f3n a doble cara: <\/strong>Nuestras bolsas spot personalizadas admiten la impresi\u00f3n en huecograbado de alta calidad a doble cara para mostrar plenamente la imagen de marca.<\/li>\n\n\n\n<li><strong>Ligero y flexible: <\/strong>Estas bolsas ecol\u00f3gicas al por mayor son de material blando, m\u00e1s seguras de transportar, ocupan menos espacio y ayudan a ahorrar costes log\u00edsticos.<\/li>\n\n\n\n<li><strong>Gran adaptabilidad a los productos de cuidado personal:<\/strong> Estas bolsas monomaterial a medida son adecuadas para diversos l\u00edquidos qu\u00edmicos de uso diario, como champ\u00fa, jab\u00f3n de manos, acondicionador, gel de ducha, etc.<\/li>\n<\/ul>\n\n\n\n<div class=\"wp-block-columns is-layout-flex wp-container-core-columns-is-layout-9d6595d7 wp-block-columns-is-layout-flex\">\n<div class=\"wp-block-column is-layout-flow wp-block-column-is-layout-flow\">\n<figure class=\"wp-block-image size-full\"><img decoding=\"async\" width=\"750\" height=\"750\" src=\"https:\/\/www.stanleypackage.com\/wp-content\/uploads\/2025\/04\/Eco-Friendly-Pouches-Wholesale-Mono-Material-Spot-Pouch-3.webp\" alt=\"Bolsas Ecol\u00f3gicas al por Mayor, Bolsa Monomaterial Spot-3\" class=\"wp-image-1498\" srcset=\"https:\/\/www.stanleypackage.com\/wp-content\/uploads\/2025\/04\/Eco-Friendly-Pouches-Wholesale-Mono-Material-Spot-Pouch-3.webp 750w, https:\/\/www.stanleypackage.com\/wp-content\/uploads\/2025\/04\/Eco-Friendly-Pouches-Wholesale-Mono-Material-Spot-Pouch-3-300x300.webp 300w, https:\/\/www.stanleypackage.com\/wp-content\/uploads\/2025\/04\/Eco-Friendly-Pouches-Wholesale-Mono-Material-Spot-Pouch-3-150x150.webp 150w, https:\/\/www.stanleypackage.com\/wp-content\/uploads\/2025\/04\/Eco-Friendly-Pouches-Wholesale-Mono-Material-Spot-Pouch-3-600x600.webp 600w, https:\/\/www.stanleypackage.com\/wp-content\/uploads\/2025\/04\/Eco-Friendly-Pouches-Wholesale-Mono-Material-Spot-Pouch-3-100x100.webp 100w\" sizes=\"(max-width: 750px) 100vw, 750px\" \/><\/figure>\n<\/div>\n\n\n\n<div class=\"wp-block-column is-layout-flow wp-block-column-is-layout-flow\">\n<figure class=\"wp-block-image size-full\"><img decoding=\"async\" width=\"750\" height=\"750\" src=\"https:\/\/www.stanleypackage.com\/wp-content\/uploads\/2025\/04\/Eco-Friendly-Pouches-Wholesale-Mono-Material-Spot-Pouch-4.webp\" alt=\"Eco Friendly Pouches Wholesale, Mono-Material Spot Pouch-4\" class=\"wp-image-1499\" srcset=\"https:\/\/www.stanleypackage.com\/wp-content\/uploads\/2025\/04\/Eco-Friendly-Pouches-Wholesale-Mono-Material-Spot-Pouch-4.webp 750w, https:\/\/www.stanleypackage.com\/wp-content\/uploads\/2025\/04\/Eco-Friendly-Pouches-Wholesale-Mono-Material-Spot-Pouch-4-300x300.webp 300w, https:\/\/www.stanleypackage.com\/wp-content\/uploads\/2025\/04\/Eco-Friendly-Pouches-Wholesale-Mono-Material-Spot-Pouch-4-150x150.webp 150w, https:\/\/www.stanleypackage.com\/wp-content\/uploads\/2025\/04\/Eco-Friendly-Pouches-Wholesale-Mono-Material-Spot-Pouch-4-600x600.webp 600w, https:\/\/www.stanleypackage.com\/wp-content\/uploads\/2025\/04\/Eco-Friendly-Pouches-Wholesale-Mono-Material-Spot-Pouch-4-100x100.webp 100w\" sizes=\"(max-width: 750px) 100vw, 750px\" \/><\/figure>\n<\/div>\n<\/div>\n<\/div>\n<\/div>","protected":false},"excerpt":{"rendered":"<p>Bienvenido a comprar bolsas ecol\u00f3gicas al por mayor. Nuestras bolsas de punto personalizadas est\u00e1n hechas de materiales reciclables, adecuados para diversos productos de cuidado personal como jab\u00f3n de manos, champ\u00fa, gel de ducha, etc., con una estructura ligera, f\u00e1cil de almacenar y transportar.<\/p>\n<table style=\"border-collapse: collapse; width: 365.02pt;\" border=\"0\" width=\"365\" cellspacing=\"0\" cellpadding=\"0\">\n<tbody>\n<tr style=\"height: 16.00pt;\">\n<td class=\"et2\" style=\"height: 16.00pt; width: 97.50pt;\" width=\"97\" height=\"16\">Fabricante<\/td>\n<td class=\"et2\" style=\"width: 267.50pt;\" width=\"267\">Stanley<\/td>\n<\/tr>\n<tr style=\"height: 16.00pt;\">\n<td class=\"et2\" style=\"height: 16.00pt; width: 97.50pt;\" width=\"97\" height=\"16\">Tipos de bolsas<\/td>\n<td class=\"et2\" style=\"width: 267.50pt;\" width=\"267\">Bolsa de cierre trilateral, bolsa plana<\/td>\n<\/tr>\n<tr style=\"height: 16.00pt;\">\n<td class=\"et2\" style=\"height: 16.00pt; width: 97.50pt;\" width=\"97\" height=\"16\">Material<\/td>\n<td class=\"et2\" style=\"width: 267.50pt;\" width=\"267\">MOPP25\/VMPET12\/PE40<\/td>\n<\/tr>\n<tr style=\"height: 16.00pt;\">\n<td class=\"et2\" style=\"height: 16.00pt; width: 97.50pt;\" width=\"97\" height=\"16\">Reportaje especial<\/td>\n<td class=\"et2\" style=\"width: 267.50pt;\" width=\"267\">Muesca Easy Tear, relleno superior<\/td>\n<\/tr>\n<tr style=\"height: 16.00pt;\">\n<td class=\"et2\" style=\"height: 16.00pt; width: 97.50pt;\" width=\"97\" height=\"16\">Manipulaci\u00f3n de superficies<\/td>\n<td class=\"et2\" style=\"width: 267.50pt;\" width=\"267\">Impresi\u00f3n en huecograbado<\/td>\n<\/tr>\n<tr style=\"height: 16.00pt;\">\n<td class=\"et2\" style=\"height: 16.00pt; width: 97.50pt;\" width=\"97\" height=\"16\">Color<\/td>\n<td class=\"et2\" style=\"width: 267.50pt;\" width=\"267\">Impresi\u00f3n a doble cara, hasta 10 colores<\/td>\n<\/tr>\n<tr style=\"height: 16.00pt;\">\n<td class=\"et2\" style=\"height: 16.00pt; width: 97.50pt;\" width=\"97\" height=\"16\">Utilizaci\u00f3n<\/td>\n<td class=\"et2\" style=\"width: 267.50pt;\" width=\"267\">T\u00e9, caf\u00e9, frutos secos, suplementos para la salud<\/td>\n<\/tr>\n<tr style=\"height: 16.00pt;\">\n<td class=\"et2\" style=\"height: 16.00pt; width: 97.50pt;\" width=\"97\" height=\"16\">MOQ<\/td>\n<td class=\"et2\" style=\"width: 267.50pt;\" width=\"267\">50.000 unidades<\/td>\n<\/tr>\n<tr style=\"height: 16.00pt;\">\n<td class=\"et2\" style=\"height: 16.00pt; width: 97.50pt;\" width=\"97\" height=\"16\">Pedido a medida<\/td>\n<td class=\"et2\" style=\"width: 267.50pt;\" width=\"267\">Aceptamos OEM y ODM, Muestras gratuitas<\/td>\n<\/tr>\n<\/tbody>\n<\/table>","protected":false},"featured_media":1497,"comment_status":"closed","ping_status":"closed","template":"","meta":{"_acf_changed":false},"product_brand":[],"product_cat":[32],"product_tag":[],"class_list":{"0":"post-1495","1":"product","2":"type-product","3":"status-publish","4":"has-post-thumbnail","6":"product_cat-spout-pouch-manufacturer","7":"pa_non-food-packaging-cosmetic-packaging-pouches","8":"pa_non-food-packaging-soap-detergent-pouches","10":"first","11":"instock","12":"shipping-taxable","13":"product-type-simple"},"acf":[],"_links":{"self":[{"href":"https:\/\/www.stanleypackage.com\/es\/wp-json\/wp\/v2\/product\/1495","targetHints":{"allow":["GET"]}}],"collection":[{"href":"https:\/\/www.stanleypackage.com\/es\/wp-json\/wp\/v2\/product"}],"about":[{"href":"https:\/\/www.stanleypackage.com\/es\/wp-json\/wp\/v2\/types\/product"}],"replies":[{"embeddable":true,"href":"https:\/\/www.stanleypackage.com\/es\/wp-json\/wp\/v2\/comments?post=1495"}],"wp:featuredmedia":[{"embeddable":true,"href":"https:\/\/www.stanleypackage.com\/es\/wp-json\/wp\/v2\/media\/1497"}],"wp:attachment":[{"href":"https:\/\/www.stanleypackage.com\/es\/wp-json\/wp\/v2\/media?parent=1495"}],"wp:term":[{"taxonomy":"product_brand","embeddable":true,"href":"https:\/\/www.stanleypackage.com\/es\/wp-json\/wp\/v2\/product_brand?post=1495"},{"taxonomy":"product_cat","embeddable":true,"href":"https:\/\/www.stanleypackage.com\/es\/wp-json\/wp\/v2\/product_cat?post=1495"},{"taxonomy":"product_tag","embeddable":true,"href":"https:\/\/www.stanleypackage.com\/es\/wp-json\/wp\/v2\/product_tag?post=1495"}],"curies":[{"name":"wp","href":"https:\/\/api.w.org\/{rel}","templated":true}]}}