{"id":1502,"date":"2025-04-10T06:51:38","date_gmt":"2025-04-10T06:51:38","guid":{"rendered":"https:\/\/www.stanleypackage.com\/?post_type=product&#038;p=1502"},"modified":"2025-09-03T09:20:25","modified_gmt":"2025-09-03T09:20:25","slug":"custom-printed-stand-up-pouches","status":"publish","type":"product","link":"https:\/\/www.stanleypackage.com\/es\/product\/custom-printed-stand-up-pouches\/","title":{"rendered":"Sobres para detergente lavavajillas con impresi\u00f3n personalizada"},"content":{"rendered":"<div class=\"wp-block-columns is-layout-flex wp-container-core-columns-is-layout-9d6595d7 wp-block-columns-is-layout-flex\">\n<div class=\"wp-block-column is-layout-flow wp-block-column-is-layout-flow\">\n<h2 class=\"wp-block-heading\">Caracter\u00edsticas de las fundas de pie con impresi\u00f3n personalizada<\/h2>\n\n\n\n<ul class=\"wp-block-list\">\n<li><strong>Dise\u00f1o de fondo de saco autoportante:<\/strong> Nuestras bolsas de pie impresas a medida tienen un fuerte soporte, lo que resulta conveniente para la exposici\u00f3n de pie y mejora el atractivo de la exposici\u00f3n en el estante.<\/li>\n\n\n\n<li><strong>Estructura de relleno superior: <\/strong>Estas bolsas de jab\u00f3n l\u00edquido al por mayor son f\u00e1ciles de llenar, mejoran la producci\u00f3n y la eficacia de llenado, y son adecuadas para productos l\u00edquidos o en polvo.<\/li>\n\n\n\n<li><strong>Equipado con orificios para colgar: <\/strong>Estas bolsas de pie impresas a medida est\u00e1n equipadas con un orificio con gancho, que puede colgarse para su exposici\u00f3n, adapt\u00e1ndose a los diversos m\u00e9todos de exposici\u00f3n de supermercados y tiendas de conveniencia.<\/li>\n\n\n\n<li><strong>Impresi\u00f3n en color a doble cara: <\/strong>Nuestras bolsas de jab\u00f3n l\u00edquido al por mayor admiten impresi\u00f3n en huecograbado de alta calidad para mejorar la comunicaci\u00f3n visual de la marca.<\/li>\n\n\n\n<li><strong>Material preferido PET12\/MBPE60: <\/strong>Nuestras bolsas stand up impresas a medida tienen una buena solidez y resistencia qu\u00edmica, por lo que protegen eficazmente los productos de limpieza que contienen.<\/li>\n\n\n\n<li><strong>Adecuado para una gran variedad de productos de limpieza: <\/strong>Nuestras bolsas de jab\u00f3n l\u00edquido al por mayor son adecuadas para envasar productos de limpieza dom\u00e9stica, como l\u00edquido lavavajillas, detergente para la ropa, detergente en polvo, etc.<\/li>\n<\/ul>\n\n\n\n<div class=\"wp-block-columns is-layout-flex wp-container-core-columns-is-layout-9d6595d7 wp-block-columns-is-layout-flex\">\n<div class=\"wp-block-column is-layout-flow wp-block-column-is-layout-flow\">\n<figure class=\"wp-block-image size-full\"><img decoding=\"async\" width=\"750\" height=\"750\" src=\"https:\/\/www.stanleypackage.com\/wp-content\/uploads\/2025\/04\/Custom-Printed-Stand-Up-Pouches-for-Dishwashing-Liquid-5.webp\" alt=\"Sobres de pie impresos a medida para lavavajillas l\u00edquido-5\" class=\"wp-image-1507\" srcset=\"https:\/\/www.stanleypackage.com\/wp-content\/uploads\/2025\/04\/Custom-Printed-Stand-Up-Pouches-for-Dishwashing-Liquid-5.webp 750w, https:\/\/www.stanleypackage.com\/wp-content\/uploads\/2025\/04\/Custom-Printed-Stand-Up-Pouches-for-Dishwashing-Liquid-5-300x300.webp 300w, https:\/\/www.stanleypackage.com\/wp-content\/uploads\/2025\/04\/Custom-Printed-Stand-Up-Pouches-for-Dishwashing-Liquid-5-150x150.webp 150w, https:\/\/www.stanleypackage.com\/wp-content\/uploads\/2025\/04\/Custom-Printed-Stand-Up-Pouches-for-Dishwashing-Liquid-5-600x600.webp 600w, https:\/\/www.stanleypackage.com\/wp-content\/uploads\/2025\/04\/Custom-Printed-Stand-Up-Pouches-for-Dishwashing-Liquid-5-100x100.webp 100w\" sizes=\"(max-width: 750px) 100vw, 750px\" \/><\/figure>\n<\/div>\n\n\n\n<div class=\"wp-block-column is-layout-flow wp-block-column-is-layout-flow\">\n<figure class=\"wp-block-image size-full\"><img decoding=\"async\" width=\"750\" height=\"750\" src=\"https:\/\/www.stanleypackage.com\/wp-content\/uploads\/2025\/04\/Custom-Printed-Stand-Up-Pouches-for-Dishwashing-Liquid-1.webp\" alt=\"Bolsas de pl\u00e1stico personalizadas para detergente l\u00edquido-1\" class=\"wp-image-1503\" srcset=\"https:\/\/www.stanleypackage.com\/wp-content\/uploads\/2025\/04\/Custom-Printed-Stand-Up-Pouches-for-Dishwashing-Liquid-1.webp 750w, https:\/\/www.stanleypackage.com\/wp-content\/uploads\/2025\/04\/Custom-Printed-Stand-Up-Pouches-for-Dishwashing-Liquid-1-300x300.webp 300w, https:\/\/www.stanleypackage.com\/wp-content\/uploads\/2025\/04\/Custom-Printed-Stand-Up-Pouches-for-Dishwashing-Liquid-1-150x150.webp 150w, https:\/\/www.stanleypackage.com\/wp-content\/uploads\/2025\/04\/Custom-Printed-Stand-Up-Pouches-for-Dishwashing-Liquid-1-600x600.webp 600w, https:\/\/www.stanleypackage.com\/wp-content\/uploads\/2025\/04\/Custom-Printed-Stand-Up-Pouches-for-Dishwashing-Liquid-1-100x100.webp 100w\" sizes=\"(max-width: 750px) 100vw, 750px\" \/><\/figure>\n<\/div>\n<\/div>\n<\/div>\n<\/div>","protected":false},"excerpt":{"rendered":"<p>Bienvenido a comprar bolsas de pie con impresi\u00f3n personalizada. Nuestras bolsas para jab\u00f3n l\u00edquido al por mayor pueden utilizarse para detergente l\u00edquido para vajilla, detergente en polvo y detergente para ropa. El fondo de bolsa autoportante con el orificio de llenado superior mejora la practicidad del envase flexible.<\/p>\n<table style=\"border-collapse: collapse; width: 365.02pt;\" border=\"0\" width=\"365\" cellspacing=\"0\" cellpadding=\"0\">\n<tbody>\n<tr style=\"height: 16.00pt;\">\n<td class=\"et2\" style=\"height: 16.00pt; width: 97.50pt;\" width=\"97\" height=\"16\">Fabricante<\/td>\n<td class=\"et2\" style=\"width: 267.50pt;\" width=\"267\">Stanley<\/td>\n<\/tr>\n<tr style=\"height: 16.00pt;\">\n<td class=\"et2\" style=\"height: 16.00pt; width: 97.50pt;\" width=\"97\" height=\"16\">Tipos de bolsas<\/td>\n<td class=\"et2\" style=\"width: 267.50pt;\" width=\"267\">Bolsa Stand Up<\/td>\n<\/tr>\n<tr style=\"height: 16.00pt;\">\n<td class=\"et2\" style=\"height: 16.00pt; width: 97.50pt;\" width=\"97\" height=\"16\">Material<\/td>\n<td class=\"et2\" style=\"width: 267.50pt;\" width=\"267\">PET12\/MBPE60<\/td>\n<\/tr>\n<tr style=\"height: 16.00pt;\">\n<td class=\"et2\" style=\"height: 16.00pt; width: 97.50pt;\" width=\"97\" height=\"16\">Reportaje especial<\/td>\n<td class=\"et2\" style=\"width: 267.50pt;\" width=\"267\">Parte inferior de pie, relleno superior, orificio para gancho<\/td>\n<\/tr>\n<tr style=\"height: 16.00pt;\">\n<td class=\"et2\" style=\"height: 16.00pt; width: 97.50pt;\" width=\"97\" height=\"16\">Manipulaci\u00f3n de superficies<\/td>\n<td class=\"et2\" style=\"width: 267.50pt;\" width=\"267\">Impresi\u00f3n en huecograbado<\/td>\n<\/tr>\n<tr style=\"height: 16.00pt;\">\n<td class=\"et2\" style=\"height: 16.00pt; width: 97.50pt;\" width=\"97\" height=\"16\">Color<\/td>\n<td class=\"et2\" style=\"width: 267.50pt;\" width=\"267\">Impresi\u00f3n a doble cara, hasta 10 colores<\/td>\n<\/tr>\n<tr style=\"height: 16.00pt;\">\n<td class=\"et2\" style=\"height: 16.00pt; width: 97.50pt;\" width=\"97\" height=\"16\">Utilizaci\u00f3n<\/td>\n<td class=\"et2\" style=\"width: 267.50pt;\" width=\"267\">Lavavajillas l\u00edquido, detergente para ropa, detergente en polvo<\/td>\n<\/tr>\n<tr style=\"height: 16.00pt;\">\n<td class=\"et2\" style=\"height: 16.00pt; width: 97.50pt;\" width=\"97\" height=\"16\">MOQ<\/td>\n<td class=\"et2\" style=\"width: 267.50pt;\" width=\"267\">50.000 unidades<\/td>\n<\/tr>\n<tr style=\"height: 16.00pt;\">\n<td class=\"et2\" style=\"height: 16.00pt; width: 97.50pt;\" width=\"97\" height=\"16\">Pedido a medida<\/td>\n<td class=\"et2\" style=\"width: 267.50pt;\" width=\"267\">Aceptamos OEM y ODM, Muestras gratuitas<\/td>\n<\/tr>\n<\/tbody>\n<\/table>","protected":false},"featured_media":1508,"comment_status":"closed","ping_status":"closed","template":"","meta":{"_acf_changed":false},"product_brand":[],"product_cat":[30],"product_tag":[],"class_list":{"0":"post-1502","1":"product","2":"type-product","3":"status-publish","4":"has-post-thumbnail","6":"product_cat-stand-up-pouch-manufacturer","7":"pa_non-food-packaging-non-food-powder-packaging","8":"pa_non-food-packaging-soap-detergent-pouches","10":"first","11":"instock","12":"shipping-taxable","13":"product-type-simple"},"acf":[],"_links":{"self":[{"href":"https:\/\/www.stanleypackage.com\/es\/wp-json\/wp\/v2\/product\/1502","targetHints":{"allow":["GET"]}}],"collection":[{"href":"https:\/\/www.stanleypackage.com\/es\/wp-json\/wp\/v2\/product"}],"about":[{"href":"https:\/\/www.stanleypackage.com\/es\/wp-json\/wp\/v2\/types\/product"}],"replies":[{"embeddable":true,"href":"https:\/\/www.stanleypackage.com\/es\/wp-json\/wp\/v2\/comments?post=1502"}],"wp:featuredmedia":[{"embeddable":true,"href":"https:\/\/www.stanleypackage.com\/es\/wp-json\/wp\/v2\/media\/1508"}],"wp:attachment":[{"href":"https:\/\/www.stanleypackage.com\/es\/wp-json\/wp\/v2\/media?parent=1502"}],"wp:term":[{"taxonomy":"product_brand","embeddable":true,"href":"https:\/\/www.stanleypackage.com\/es\/wp-json\/wp\/v2\/product_brand?post=1502"},{"taxonomy":"product_cat","embeddable":true,"href":"https:\/\/www.stanleypackage.com\/es\/wp-json\/wp\/v2\/product_cat?post=1502"},{"taxonomy":"product_tag","embeddable":true,"href":"https:\/\/www.stanleypackage.com\/es\/wp-json\/wp\/v2\/product_tag?post=1502"}],"curies":[{"name":"wp","href":"https:\/\/api.w.org\/{rel}","templated":true}]}}