{"id":1510,"date":"2025-04-10T07:20:29","date_gmt":"2025-04-10T07:20:29","guid":{"rendered":"https:\/\/www.stanleypackage.com\/?post_type=product&#038;p=1510"},"modified":"2025-04-10T07:49:10","modified_gmt":"2025-04-10T07:49:10","slug":"wholesale-stand-up-pouches","status":"publish","type":"product","link":"https:\/\/www.stanleypackage.com\/es\/product\/wholesale-stand-up-pouches\/","title":{"rendered":"Mayorista Bolsas de Caramelo, Bolsas de Caramelo con Cremallera"},"content":{"rendered":"<div class=\"wp-block-columns is-layout-flex wp-container-core-columns-is-layout-9d6595d7 wp-block-columns-is-layout-flex\">\n<div class=\"wp-block-column is-layout-flow wp-block-column-is-layout-flow\">\n<h2 class=\"wp-block-heading\">Caracter\u00edsticas de las bolsas de pie al por mayor<\/h2>\n\n\n\n<ul class=\"wp-block-list\">\n<li><strong>Estructura autoportante del fondo de saco: <\/strong>Estas bolsas de pie al por mayor tienen un dise\u00f1o estable, adecuado para su colocaci\u00f3n en estanter\u00edas, y mejoran el efecto visual de los productos de aperitivo.<\/li>\n\n\n\n<li><strong>Equipado con dise\u00f1o de orificio para colgar: <\/strong>Estas bolsas de caramelos personalizadas tienen orificios para colgar, lo que resulta pr\u00e1ctico para exponerlas colgadas, ampliar los escenarios de venta y mejorar la comodidad del comercio minorista.<\/li>\n\n\n\n<li><strong>Dise\u00f1o f\u00e1cil de rasgar: <\/strong>Estas bolsas al por mayor tienen muescas que permiten abrir f\u00e1cilmente el envase, facilitan la apertura y mejoran la experiencia del usuario.<\/li>\n\n\n\n<li><strong>Estructura de cremallera sellada: <\/strong>Nuestras bolsas personalizadas para caramelos con cremallera admiten m\u00faltiples aperturas y cierres, mantienen frescos e higi\u00e9nicos los caramelos y aperitivos, y son adecuadas para el consumo diario port\u00e1til.<\/li>\n\n\n\n<li><strong>Materiales compuestos de alta calidad PET12\/VMPET12\/PE70:<\/strong> Nuestras bolsas stand up al por mayor tienen buenas propiedades de barrera, a prueba de humedad y antioxidaci\u00f3n, y garantizan la calidad de los alimentos.<\/li>\n\n\n\n<li><strong>Adecuado para diversos aperitivos: <\/strong>Estas bolsas personalizadas para caramelos con cremallera son muy adecuadas para diversas necesidades de envasado de alimentos, como caramelos duros, caramelos blandos, malvaviscos, frutas en conserva, frutos secos, etc.<\/li>\n<\/ul>\n\n\n\n<div class=\"wp-block-columns is-layout-flex wp-container-core-columns-is-layout-9d6595d7 wp-block-columns-is-layout-flex\">\n<div class=\"wp-block-column is-layout-flow wp-block-column-is-layout-flow\">\n<figure class=\"wp-block-image size-full\"><img decoding=\"async\" width=\"750\" height=\"750\" src=\"https:\/\/www.stanleypackage.com\/wp-content\/uploads\/2025\/04\/Wholesale-Stand-Up-Pouches-Custom-Candy-Zipper-Pouches-4.webp\" alt=\"Venta al por mayor Stand Up Pouches, Custom Candy Zipper Pouches-4\" class=\"wp-image-1514\" srcset=\"https:\/\/www.stanleypackage.com\/wp-content\/uploads\/2025\/04\/Wholesale-Stand-Up-Pouches-Custom-Candy-Zipper-Pouches-4.webp 750w, https:\/\/www.stanleypackage.com\/wp-content\/uploads\/2025\/04\/Wholesale-Stand-Up-Pouches-Custom-Candy-Zipper-Pouches-4-300x300.webp 300w, https:\/\/www.stanleypackage.com\/wp-content\/uploads\/2025\/04\/Wholesale-Stand-Up-Pouches-Custom-Candy-Zipper-Pouches-4-150x150.webp 150w, https:\/\/www.stanleypackage.com\/wp-content\/uploads\/2025\/04\/Wholesale-Stand-Up-Pouches-Custom-Candy-Zipper-Pouches-4-600x600.webp 600w, https:\/\/www.stanleypackage.com\/wp-content\/uploads\/2025\/04\/Wholesale-Stand-Up-Pouches-Custom-Candy-Zipper-Pouches-4-100x100.webp 100w\" sizes=\"(max-width: 750px) 100vw, 750px\" \/><\/figure>\n<\/div>\n\n\n\n<div class=\"wp-block-column is-layout-flow wp-block-column-is-layout-flow\">\n<figure class=\"wp-block-image size-full\"><img decoding=\"async\" width=\"750\" height=\"750\" src=\"https:\/\/www.stanleypackage.com\/wp-content\/uploads\/2025\/04\/Wholesale-Stand-Up-Pouches-Custom-Candy-Zipper-Pouches-3.webp\" alt=\"Venta al por mayor Stand Up Pouches, Custom Candy Zipper Pouches-3\" class=\"wp-image-1513\" srcset=\"https:\/\/www.stanleypackage.com\/wp-content\/uploads\/2025\/04\/Wholesale-Stand-Up-Pouches-Custom-Candy-Zipper-Pouches-3.webp 750w, https:\/\/www.stanleypackage.com\/wp-content\/uploads\/2025\/04\/Wholesale-Stand-Up-Pouches-Custom-Candy-Zipper-Pouches-3-300x300.webp 300w, https:\/\/www.stanleypackage.com\/wp-content\/uploads\/2025\/04\/Wholesale-Stand-Up-Pouches-Custom-Candy-Zipper-Pouches-3-150x150.webp 150w, https:\/\/www.stanleypackage.com\/wp-content\/uploads\/2025\/04\/Wholesale-Stand-Up-Pouches-Custom-Candy-Zipper-Pouches-3-600x600.webp 600w, https:\/\/www.stanleypackage.com\/wp-content\/uploads\/2025\/04\/Wholesale-Stand-Up-Pouches-Custom-Candy-Zipper-Pouches-3-100x100.webp 100w\" sizes=\"(max-width: 750px) 100vw, 750px\" \/><\/figure>\n<\/div>\n<\/div>\n<\/div>\n<\/div>","protected":false},"excerpt":{"rendered":"<p>Bienvenido a las bolsas personalizadas para caramelos. Esta venta al por mayor de pie bolsas con cremallera, rasgar la muesca y colgar agujero est\u00e1 especialmente dise\u00f1ado para los dulces, frutos secos, aperitivos y otros alimentos de aperitivo para mejorar el efecto de la exhibici\u00f3n del estante del producto.<\/p>\n<table width=\"365\">\n<tbody>\n<tr>\n<td width=\"97\">Fabricante<\/td>\n<td width=\"267\">Stanley<\/td>\n<\/tr>\n<tr>\n<td width=\"97\">Tipos de bolsas<\/td>\n<td width=\"267\">Bolsa de pie, bolsa con cremallera<\/td>\n<\/tr>\n<tr>\n<td width=\"97\">Material<\/td>\n<td width=\"267\">PET12\/VMPET12\/PE70<\/td>\n<\/tr>\n<tr>\n<td width=\"97\">Reportaje especial<\/td>\n<td width=\"267\">Agujero para colgar, cremallera, muesca para rasgar<\/td>\n<\/tr>\n<tr>\n<td width=\"97\">Manipulaci\u00f3n de superficies<\/td>\n<td width=\"267\">Impresi\u00f3n en huecograbado<\/td>\n<\/tr>\n<tr>\n<td width=\"97\">Color<\/td>\n<td width=\"267\">Impresi\u00f3n a doble cara, hasta 10 colores<\/td>\n<\/tr>\n<tr>\n<td width=\"97\">Utilizaci\u00f3n<\/td>\n<td width=\"267\">Caramelos, gominolas, frutos secos, etc.<\/td>\n<\/tr>\n<tr>\n<td width=\"97\">MOQ<\/td>\n<td width=\"267\">50.000 unidades<\/td>\n<\/tr>\n<tr>\n<td width=\"97\">Pedido a medida<\/td>\n<td width=\"267\">Aceptamos OEM y ODM, Muestras gratuitas<\/td>\n<\/tr>\n<\/tbody>\n<\/table>","protected":false},"featured_media":1512,"comment_status":"closed","ping_status":"closed","template":"","meta":{"_acf_changed":false},"product_brand":[],"product_cat":[30,18],"product_tag":[],"class_list":{"0":"post-1510","1":"product","2":"type-product","3":"status-publish","4":"has-post-thumbnail","6":"product_cat-stand-up-pouch-manufacturer","7":"product_cat-zipper-pouch-manufacturer","8":"pa_food-packaging-snack-food-pouch","10":"first","11":"instock","12":"shipping-taxable","13":"product-type-simple"},"acf":[],"_links":{"self":[{"href":"https:\/\/www.stanleypackage.com\/es\/wp-json\/wp\/v2\/product\/1510","targetHints":{"allow":["GET"]}}],"collection":[{"href":"https:\/\/www.stanleypackage.com\/es\/wp-json\/wp\/v2\/product"}],"about":[{"href":"https:\/\/www.stanleypackage.com\/es\/wp-json\/wp\/v2\/types\/product"}],"replies":[{"embeddable":true,"href":"https:\/\/www.stanleypackage.com\/es\/wp-json\/wp\/v2\/comments?post=1510"}],"wp:featuredmedia":[{"embeddable":true,"href":"https:\/\/www.stanleypackage.com\/es\/wp-json\/wp\/v2\/media\/1512"}],"wp:attachment":[{"href":"https:\/\/www.stanleypackage.com\/es\/wp-json\/wp\/v2\/media?parent=1510"}],"wp:term":[{"taxonomy":"product_brand","embeddable":true,"href":"https:\/\/www.stanleypackage.com\/es\/wp-json\/wp\/v2\/product_brand?post=1510"},{"taxonomy":"product_cat","embeddable":true,"href":"https:\/\/www.stanleypackage.com\/es\/wp-json\/wp\/v2\/product_cat?post=1510"},{"taxonomy":"product_tag","embeddable":true,"href":"https:\/\/www.stanleypackage.com\/es\/wp-json\/wp\/v2\/product_tag?post=1510"}],"curies":[{"name":"wp","href":"https:\/\/api.w.org\/{rel}","templated":true}]}}