{"id":1525,"date":"2025-04-10T08:09:13","date_gmt":"2025-04-10T08:09:13","guid":{"rendered":"https:\/\/www.stanleypackage.com\/?post_type=product&#038;p=1525"},"modified":"2025-04-10T08:40:40","modified_gmt":"2025-04-10T08:40:40","slug":"custom-snack-pouch-wholesale","status":"publish","type":"product","link":"https:\/\/www.stanleypackage.com\/es\/product\/custom-snack-pouch-wholesale\/","title":{"rendered":"Bolsa de Snack, Bolsa de 3 Lados para Galletas al por mayor"},"content":{"rendered":"<div class=\"wp-block-columns is-layout-flex wp-container-core-columns-is-layout-9d6595d7 wp-block-columns-is-layout-flex\">\n<div class=\"wp-block-column is-layout-flow wp-block-column-is-layout-flow\">\n<h2 class=\"wp-block-heading\">Caracter\u00edsticas de las bolsas personalizadas para aperitivos<\/h2>\n\n\n\n<ul class=\"wp-block-list\">\n<li><strong>Dise\u00f1o de sellado por tres lados, estructura compacta: <\/strong>Esta bolsa personalizada para aperitivos es del tipo bolsa con cierre por tres lados, plana y lisa, ocupa menos espacio y resulta c\u00f3moda para apilar y transportar en lotes.<\/li>\n\n\n\n<li><strong>Relleno inferior, cierre firme: <\/strong>Esta bolsa de sellado trilateral al por mayor se puede adaptar a l\u00edneas de producci\u00f3n autom\u00e1ticas o manuales, con un sellado estable y sin fugas, lo que garantiza la integridad del envase.<\/li>\n\n\n\n<li><strong>Dise\u00f1o f\u00e1cil de rasgar, f\u00e1cil de abrir: <\/strong>Nuestras bolsas a medida para aperitivos est\u00e1n dise\u00f1adas con una muesca f\u00e1cil de rasgar, que puede abrirse f\u00e1cilmente sin tijeras, mejorando la experiencia del usuario.<\/li>\n\n\n\n<li><strong>Dise\u00f1o con orificio para colgar, pantalla flexible: <\/strong>Nuestra bolsa al por mayor con precinto en 3 lados tiene un orificio para el gancho, adecuado para la exposici\u00f3n en estanter\u00edas de supermercados para mostrar el producto en una posici\u00f3n expuesta.<\/li>\n\n\n\n<li><strong>Estructura de material compuesto, a prueba de humedad y que mantiene el frescor: <\/strong>Estas bolsas personalizadas para aperitivos est\u00e1n hechas de material compuesto PET12\/AL7\/PE105, que tiene un buen efecto barrera al ox\u00edgeno y la humedad, lo que prolonga la vida \u00fatil de los aperitivos.<\/li>\n\n\n\n<li><strong>Admite impresi\u00f3n a doble cara de alta calidad:<\/strong> Nuestra bolsa de sellado por 3 caras al por mayor utiliza la impresi\u00f3n en huecograbado, que puede ayudar a las marcas a mejorar el reconocimiento visual y a crear una imagen de envasado \u00fanica.<\/li>\n<\/ul>\n\n\n\n<div class=\"wp-block-columns is-layout-flex wp-container-core-columns-is-layout-9d6595d7 wp-block-columns-is-layout-flex\">\n<div class=\"wp-block-column is-layout-flow wp-block-column-is-layout-flow\">\n<figure class=\"wp-block-image size-full\"><img decoding=\"async\" width=\"750\" height=\"750\" src=\"https:\/\/www.stanleypackage.com\/wp-content\/uploads\/2025\/04\/Custom-Snack-Pouch-Wholesale-3-Side-Seal-Pouch-for-Biscuit-3.webp\" alt=\"Bolsa para Snacks, Mayorista Bolsa con Sello en 3 Lados para Galletas-3\" class=\"wp-image-1528\" srcset=\"https:\/\/www.stanleypackage.com\/wp-content\/uploads\/2025\/04\/Custom-Snack-Pouch-Wholesale-3-Side-Seal-Pouch-for-Biscuit-3.webp 750w, https:\/\/www.stanleypackage.com\/wp-content\/uploads\/2025\/04\/Custom-Snack-Pouch-Wholesale-3-Side-Seal-Pouch-for-Biscuit-3-300x300.webp 300w, https:\/\/www.stanleypackage.com\/wp-content\/uploads\/2025\/04\/Custom-Snack-Pouch-Wholesale-3-Side-Seal-Pouch-for-Biscuit-3-150x150.webp 150w, https:\/\/www.stanleypackage.com\/wp-content\/uploads\/2025\/04\/Custom-Snack-Pouch-Wholesale-3-Side-Seal-Pouch-for-Biscuit-3-600x600.webp 600w, https:\/\/www.stanleypackage.com\/wp-content\/uploads\/2025\/04\/Custom-Snack-Pouch-Wholesale-3-Side-Seal-Pouch-for-Biscuit-3-100x100.webp 100w\" sizes=\"(max-width: 750px) 100vw, 750px\" \/><\/figure>\n<\/div>\n\n\n\n<div class=\"wp-block-column is-layout-flow wp-block-column-is-layout-flow\">\n<figure class=\"wp-block-image size-full\"><img decoding=\"async\" width=\"750\" height=\"750\" src=\"https:\/\/www.stanleypackage.com\/wp-content\/uploads\/2025\/04\/Custom-Snack-Pouch-Wholesale-3-Side-Seal-Pouch-for-Biscuit-1.webp\" alt=\"Bolsa para Snacks, Mayorista Bolsa con Sello en 3 Lados para Galletas-1\" class=\"wp-image-1526\" srcset=\"https:\/\/www.stanleypackage.com\/wp-content\/uploads\/2025\/04\/Custom-Snack-Pouch-Wholesale-3-Side-Seal-Pouch-for-Biscuit-1.webp 750w, https:\/\/www.stanleypackage.com\/wp-content\/uploads\/2025\/04\/Custom-Snack-Pouch-Wholesale-3-Side-Seal-Pouch-for-Biscuit-1-300x300.webp 300w, https:\/\/www.stanleypackage.com\/wp-content\/uploads\/2025\/04\/Custom-Snack-Pouch-Wholesale-3-Side-Seal-Pouch-for-Biscuit-1-150x150.webp 150w, https:\/\/www.stanleypackage.com\/wp-content\/uploads\/2025\/04\/Custom-Snack-Pouch-Wholesale-3-Side-Seal-Pouch-for-Biscuit-1-600x600.webp 600w, https:\/\/www.stanleypackage.com\/wp-content\/uploads\/2025\/04\/Custom-Snack-Pouch-Wholesale-3-Side-Seal-Pouch-for-Biscuit-1-100x100.webp 100w\" sizes=\"(max-width: 750px) 100vw, 750px\" \/><\/figure>\n<\/div>\n<\/div>\n<\/div>\n<\/div>","protected":false},"excerpt":{"rendered":"<p>Bienvenido a las bolsas personalizadas para aperitivos. Nuestra bolsa de sellado de 3 lados al por mayor tiene un gran rendimiento de barrera y sellado, admite la impresi\u00f3n a doble cara, adecuada para aperitivos como galletas, caramelos, frutos secos, patatas fritas, etc.<\/p>\n<table style=\"border-collapse: collapse; width: 365.02pt;\" border=\"0\" width=\"365\" cellspacing=\"0\" cellpadding=\"0\">\n<tbody>\n<tr style=\"height: 16.00pt;\">\n<td class=\"et2\" style=\"height: 16.00pt; width: 97.50pt;\" width=\"97\" height=\"16\">Fabricante<\/td>\n<td class=\"et2\" style=\"width: 267.50pt;\" width=\"267\">Stanley<\/td>\n<\/tr>\n<tr style=\"height: 16.00pt;\">\n<td class=\"et2\" style=\"height: 16.00pt; width: 97.50pt;\" width=\"97\" height=\"16\">Tipos de bolsas<\/td>\n<td class=\"et2\" style=\"width: 267.50pt;\" width=\"267\">Bolsa plana, bolsa con tres soldaduras laterales<\/td>\n<\/tr>\n<tr style=\"height: 16.00pt;\">\n<td class=\"et2\" style=\"height: 16.00pt; width: 97.50pt;\" width=\"97\" height=\"16\">Material<\/td>\n<td class=\"et2\" style=\"width: 267.50pt;\" width=\"267\">PET12\/AL7\/PE105<\/td>\n<\/tr>\n<tr style=\"height: 16.00pt;\">\n<td class=\"et2\" style=\"height: 16.00pt; width: 97.50pt;\" width=\"97\" height=\"16\">Reportaje especial<\/td>\n<td class=\"et2\" style=\"width: 267.50pt;\" width=\"267\">Relleno inferior, muesca para rasgar, agujero para colgar<\/td>\n<\/tr>\n<tr style=\"height: 16.00pt;\">\n<td class=\"et2\" style=\"height: 16.00pt; width: 97.50pt;\" width=\"97\" height=\"16\">Manipulaci\u00f3n de superficies<\/td>\n<td class=\"et2\" style=\"width: 267.50pt;\" width=\"267\">Impresi\u00f3n en huecograbado<\/td>\n<\/tr>\n<tr style=\"height: 16.00pt;\">\n<td class=\"et2\" style=\"height: 16.00pt; width: 97.50pt;\" width=\"97\" height=\"16\">Color<\/td>\n<td class=\"et2\" style=\"width: 267.50pt;\" width=\"267\">Impresi\u00f3n a doble cara, hasta 10 colores<\/td>\n<\/tr>\n<tr style=\"height: 16.00pt;\">\n<td class=\"et2\" style=\"height: 16.00pt; width: 97.50pt;\" width=\"97\" height=\"16\">Utilizaci\u00f3n<\/td>\n<td class=\"et2\" style=\"width: 267.50pt;\" width=\"267\">Galletas, caramelos, frutos secos, patatas fritas<\/td>\n<\/tr>\n<tr style=\"height: 16.00pt;\">\n<td class=\"et2\" style=\"height: 16.00pt; width: 97.50pt;\" width=\"97\" height=\"16\">MOQ<\/td>\n<td class=\"et2\" style=\"width: 267.50pt;\" width=\"267\">50.000 unidades<\/td>\n<\/tr>\n<tr style=\"height: 16.00pt;\">\n<td class=\"et2\" style=\"height: 16.00pt; width: 97.50pt;\" width=\"97\" height=\"16\">Pedido a medida<\/td>\n<td class=\"et2\" style=\"width: 267.50pt;\" width=\"267\">Aceptamos OEM y ODM, Muestras gratuitas<\/td>\n<\/tr>\n<\/tbody>\n<\/table>","protected":false},"featured_media":1531,"comment_status":"closed","ping_status":"closed","template":"","meta":{"_acf_changed":false},"product_brand":[],"product_cat":[28,31],"product_tag":[],"class_list":{"0":"post-1525","1":"product","2":"type-product","3":"status-publish","4":"has-post-thumbnail","6":"product_cat-three-side-seal-pouch-manufacturer","7":"product_cat-lay-flat-pouch-manufacturer","8":"pa_food-packaging-snack-food-pouch","10":"first","11":"instock","12":"shipping-taxable","13":"product-type-simple"},"acf":[],"_links":{"self":[{"href":"https:\/\/www.stanleypackage.com\/es\/wp-json\/wp\/v2\/product\/1525","targetHints":{"allow":["GET"]}}],"collection":[{"href":"https:\/\/www.stanleypackage.com\/es\/wp-json\/wp\/v2\/product"}],"about":[{"href":"https:\/\/www.stanleypackage.com\/es\/wp-json\/wp\/v2\/types\/product"}],"replies":[{"embeddable":true,"href":"https:\/\/www.stanleypackage.com\/es\/wp-json\/wp\/v2\/comments?post=1525"}],"wp:featuredmedia":[{"embeddable":true,"href":"https:\/\/www.stanleypackage.com\/es\/wp-json\/wp\/v2\/media\/1531"}],"wp:attachment":[{"href":"https:\/\/www.stanleypackage.com\/es\/wp-json\/wp\/v2\/media?parent=1525"}],"wp:term":[{"taxonomy":"product_brand","embeddable":true,"href":"https:\/\/www.stanleypackage.com\/es\/wp-json\/wp\/v2\/product_brand?post=1525"},{"taxonomy":"product_cat","embeddable":true,"href":"https:\/\/www.stanleypackage.com\/es\/wp-json\/wp\/v2\/product_cat?post=1525"},{"taxonomy":"product_tag","embeddable":true,"href":"https:\/\/www.stanleypackage.com\/es\/wp-json\/wp\/v2\/product_tag?post=1525"}],"curies":[{"name":"wp","href":"https:\/\/api.w.org\/{rel}","templated":true}]}}