{"id":1541,"date":"2025-04-10T09:12:58","date_gmt":"2025-04-10T09:12:58","guid":{"rendered":"https:\/\/www.stanleypackage.com\/?post_type=product&#038;p=1541"},"modified":"2025-04-10T09:29:41","modified_gmt":"2025-04-10T09:29:41","slug":"custom-printing-stand-up-pouches","status":"publish","type":"product","link":"https:\/\/www.stanleypackage.com\/es\/product\/custom-printing-stand-up-pouches\/","title":{"rendered":"Bolsas de Detergente con Impresi\u00f3n Personalizada, Bolsas de Detergente al por Mayor"},"content":{"rendered":"<div class=\"wp-block-columns is-layout-flex wp-container-core-columns-is-layout-9d6595d7 wp-block-columns-is-layout-flex\">\n<div class=\"wp-block-column is-layout-flow wp-block-column-is-layout-flow\">\n<h2 class=\"wp-block-heading\">Caracter\u00edsticas de las bolsas stand up con impresi\u00f3n personalizada<\/h2>\n\n\n\n<ul class=\"wp-block-list\">\n<li><strong>Dise\u00f1o de bolsa con forma especial para mejorar el reconocimiento de la marca: <\/strong>Estas bolsas de pie con impresi\u00f3n personalizada pueden personalizarse con formas de bolsa \u00fanicas, como la forma de una botella, para atraer la atenci\u00f3n de los consumidores.<\/li>\n\n\n\n<li><strong>Estructura autoportante, pantalla m\u00e1s estable: <\/strong>Estas bolsas de detergente al por mayor pueden colocarse de forma natural en la parte inferior, lo que mejora el efecto de exposici\u00f3n en los estantes y la experiencia del usuario.<\/li>\n\n\n\n<li><strong>Relleno superior, adecuado para diversas l\u00edneas de producci\u00f3n: <\/strong>Estas bolsas stand up de impresi\u00f3n personalizada adoptan un dise\u00f1o de llenado superior, que resulta pr\u00e1ctico para el llenado y sellado a alta velocidad de productos l\u00edquidos o en polvo.<\/li>\n\n\n\n<li><strong>Dise\u00f1o f\u00e1cil de rasgar, m\u00e1s c\u00f3modo de abrir: <\/strong>Nuestras bolsas de detergente al por mayor est\u00e1n dise\u00f1adas con una muesca f\u00e1cil de rasgar, los usuarios pueden rasgarlas f\u00e1cilmente con la mano sin herramientas, c\u00f3modo y sin preocupaciones de usar.<\/li>\n\n\n\n<li><strong>Materiales compuestos de alta barrera para proteger la calidad del producto: <\/strong>Estas bolsas stand up con impresi\u00f3n personalizada est\u00e1n fabricadas con materiales compuestos PET12\/BOPA15\/MBPE115, resistentes a la humedad, la oxidaci\u00f3n y los pinchazos, lo que prolonga la vida \u00fatil del producto.<\/li>\n\n\n\n<li><strong>Impresi\u00f3n personalizada de alta calidad a doble cara: <\/strong>Nuestras bolsas de detergente al por mayor admiten la impresi\u00f3n multicolor y pueden crear efectos de envasado visualmente impactantes seg\u00fan los requisitos de la marca.<\/li>\n<\/ul>\n\n\n\n<div class=\"wp-block-columns is-layout-flex wp-container-core-columns-is-layout-9d6595d7 wp-block-columns-is-layout-flex\">\n<div class=\"wp-block-column is-layout-flow wp-block-column-is-layout-flow\">\n<figure class=\"wp-block-image size-full\"><img decoding=\"async\" width=\"750\" height=\"750\" src=\"https:\/\/www.stanleypackage.com\/wp-content\/uploads\/2025\/04\/Custom-Printing-Stand-Up-Pouches-Wholesale-Detergent-Bags-5.webp\" alt=\"Impresi\u00f3n personalizada Stand Up Pouches, Venta al por mayor de bolsas de detergente-5\" class=\"wp-image-1546\" srcset=\"https:\/\/www.stanleypackage.com\/wp-content\/uploads\/2025\/04\/Custom-Printing-Stand-Up-Pouches-Wholesale-Detergent-Bags-5.webp 750w, https:\/\/www.stanleypackage.com\/wp-content\/uploads\/2025\/04\/Custom-Printing-Stand-Up-Pouches-Wholesale-Detergent-Bags-5-300x300.webp 300w, https:\/\/www.stanleypackage.com\/wp-content\/uploads\/2025\/04\/Custom-Printing-Stand-Up-Pouches-Wholesale-Detergent-Bags-5-150x150.webp 150w, https:\/\/www.stanleypackage.com\/wp-content\/uploads\/2025\/04\/Custom-Printing-Stand-Up-Pouches-Wholesale-Detergent-Bags-5-600x600.webp 600w, https:\/\/www.stanleypackage.com\/wp-content\/uploads\/2025\/04\/Custom-Printing-Stand-Up-Pouches-Wholesale-Detergent-Bags-5-100x100.webp 100w\" sizes=\"(max-width: 750px) 100vw, 750px\" \/><\/figure>\n<\/div>\n\n\n\n<div class=\"wp-block-column is-layout-flow wp-block-column-is-layout-flow\">\n<figure class=\"wp-block-image size-full\"><img decoding=\"async\" width=\"750\" height=\"750\" src=\"https:\/\/www.stanleypackage.com\/wp-content\/uploads\/2025\/04\/Custom-Printing-Stand-Up-Pouches-Wholesale-Detergent-Bags-4.webp\" alt=\"Impresi\u00f3n personalizada de bolsas de pie, bolsas de detergente al por mayor-4\" class=\"wp-image-1545\" srcset=\"https:\/\/www.stanleypackage.com\/wp-content\/uploads\/2025\/04\/Custom-Printing-Stand-Up-Pouches-Wholesale-Detergent-Bags-4.webp 750w, https:\/\/www.stanleypackage.com\/wp-content\/uploads\/2025\/04\/Custom-Printing-Stand-Up-Pouches-Wholesale-Detergent-Bags-4-300x300.webp 300w, https:\/\/www.stanleypackage.com\/wp-content\/uploads\/2025\/04\/Custom-Printing-Stand-Up-Pouches-Wholesale-Detergent-Bags-4-150x150.webp 150w, https:\/\/www.stanleypackage.com\/wp-content\/uploads\/2025\/04\/Custom-Printing-Stand-Up-Pouches-Wholesale-Detergent-Bags-4-600x600.webp 600w, https:\/\/www.stanleypackage.com\/wp-content\/uploads\/2025\/04\/Custom-Printing-Stand-Up-Pouches-Wholesale-Detergent-Bags-4-100x100.webp 100w\" sizes=\"(max-width: 750px) 100vw, 750px\" \/><\/figure>\n<\/div>\n<\/div>\n<\/div>\n<\/div>","protected":false},"excerpt":{"rendered":"<p>Bienvenido a la impresi\u00f3n personalizada de bolsas stand up. Nuestros bolsos al por mayor del detergente apoyan dise\u00f1o especial de la forma y la impresi\u00f3n a dos caras, convenientes para el detergente l\u00edquido, los polvos detergentes y otros art\u00edculos, crean una soluci\u00f3n especial del paquete para su marca.<\/p>\n<table style=\"border-collapse: collapse; width: 365.02pt;\" border=\"0\" width=\"365\" cellspacing=\"0\" cellpadding=\"0\">\n<tbody>\n<tr style=\"height: 16.00pt;\">\n<td class=\"et2\" style=\"height: 16.00pt; width: 97.50pt;\" width=\"97\" height=\"16\">Fabricante<\/td>\n<td class=\"et2\" style=\"width: 267.50pt;\" width=\"267\">Stanley<\/td>\n<\/tr>\n<tr style=\"height: 16.00pt;\">\n<td class=\"et2\" style=\"height: 16.00pt; width: 97.50pt;\" width=\"97\" height=\"16\">Tipos de bolsas<\/td>\n<td class=\"et2\" style=\"width: 267.50pt;\" width=\"267\">Bolsa de pie, bolsa de forma especial<\/td>\n<\/tr>\n<tr style=\"height: 16.00pt;\">\n<td class=\"et2\" style=\"height: 16.00pt; width: 97.50pt;\" width=\"97\" height=\"16\">Material<\/td>\n<td class=\"et2\" style=\"width: 267.50pt;\" width=\"267\">PET12\/BOPA15\/MBPE115<\/td>\n<\/tr>\n<tr style=\"height: 16.00pt;\">\n<td class=\"et2\" style=\"height: 16.00pt; width: 97.50pt;\" width=\"97\" height=\"16\">Reportaje especial<\/td>\n<td class=\"et2\" style=\"width: 267.50pt;\" width=\"267\">Forma especial, muesca de rasgado, relleno superior<\/td>\n<\/tr>\n<tr style=\"height: 16.00pt;\">\n<td class=\"et2\" style=\"height: 16.00pt; width: 97.50pt;\" width=\"97\" height=\"16\">Manipulaci\u00f3n de superficies<\/td>\n<td class=\"et2\" style=\"width: 267.50pt;\" width=\"267\">Impresi\u00f3n en huecograbado<\/td>\n<\/tr>\n<tr style=\"height: 16.00pt;\">\n<td class=\"et2\" style=\"height: 16.00pt; width: 97.50pt;\" width=\"97\" height=\"16\">Color<\/td>\n<td class=\"et2\" style=\"width: 267.50pt;\" width=\"267\">Impresi\u00f3n a doble cara, hasta 10 colores<\/td>\n<\/tr>\n<tr style=\"height: 16.00pt;\">\n<td class=\"et2\" style=\"height: 16.00pt; width: 97.50pt;\" width=\"97\" height=\"16\">Utilizaci\u00f3n<\/td>\n<td class=\"et2\" style=\"width: 267.50pt;\" width=\"267\">Detergente, detergente en polvo, jab\u00f3n l\u00edquido<\/td>\n<\/tr>\n<tr style=\"height: 16.00pt;\">\n<td class=\"et2\" style=\"height: 16.00pt; width: 97.50pt;\" width=\"97\" height=\"16\">MOQ<\/td>\n<td class=\"et2\" style=\"width: 267.50pt;\" width=\"267\">50.000 unidades<\/td>\n<\/tr>\n<tr style=\"height: 16.00pt;\">\n<td class=\"et2\" style=\"height: 16.00pt; width: 97.50pt;\" width=\"97\" height=\"16\">Pedido a medida<\/td>\n<td class=\"et2\" style=\"width: 267.50pt;\" width=\"267\">Aceptamos OEM y ODM, Muestras gratuitas<\/td>\n<\/tr>\n<\/tbody>\n<\/table>","protected":false},"featured_media":1544,"comment_status":"closed","ping_status":"closed","template":"","meta":{"_acf_changed":false},"product_brand":[],"product_cat":[30,22],"product_tag":[],"class_list":{"0":"post-1541","1":"product","2":"type-product","3":"status-publish","4":"has-post-thumbnail","6":"product_cat-stand-up-pouch-manufacturer","7":"product_cat-shaped-pouches-factory","8":"pa_non-food-packaging-soap-detergent-pouches","10":"first","11":"instock","12":"shipping-taxable","13":"product-type-simple"},"acf":[],"_links":{"self":[{"href":"https:\/\/www.stanleypackage.com\/es\/wp-json\/wp\/v2\/product\/1541","targetHints":{"allow":["GET"]}}],"collection":[{"href":"https:\/\/www.stanleypackage.com\/es\/wp-json\/wp\/v2\/product"}],"about":[{"href":"https:\/\/www.stanleypackage.com\/es\/wp-json\/wp\/v2\/types\/product"}],"replies":[{"embeddable":true,"href":"https:\/\/www.stanleypackage.com\/es\/wp-json\/wp\/v2\/comments?post=1541"}],"wp:featuredmedia":[{"embeddable":true,"href":"https:\/\/www.stanleypackage.com\/es\/wp-json\/wp\/v2\/media\/1544"}],"wp:attachment":[{"href":"https:\/\/www.stanleypackage.com\/es\/wp-json\/wp\/v2\/media?parent=1541"}],"wp:term":[{"taxonomy":"product_brand","embeddable":true,"href":"https:\/\/www.stanleypackage.com\/es\/wp-json\/wp\/v2\/product_brand?post=1541"},{"taxonomy":"product_cat","embeddable":true,"href":"https:\/\/www.stanleypackage.com\/es\/wp-json\/wp\/v2\/product_cat?post=1541"},{"taxonomy":"product_tag","embeddable":true,"href":"https:\/\/www.stanleypackage.com\/es\/wp-json\/wp\/v2\/product_tag?post=1541"}],"curies":[{"name":"wp","href":"https:\/\/api.w.org\/{rel}","templated":true}]}}