{"id":1672,"date":"2025-04-15T06:37:44","date_gmt":"2025-04-15T06:37:44","guid":{"rendered":"https:\/\/www.stanleypackage.com\/?post_type=product&#038;p=1672"},"modified":"2025-04-15T07:45:02","modified_gmt":"2025-04-15T07:45:02","slug":"custom-flat-bottom-stand-up-pouches","status":"publish","type":"product","link":"https:\/\/www.stanleypackage.com\/es\/product\/custom-flat-bottom-stand-up-pouches\/","title":{"rendered":"Bolsas personalizadas de fondo plano para avena al por mayor"},"content":{"rendered":"<div class=\"wp-block-columns is-layout-flex wp-container-core-columns-is-layout-9d6595d7 wp-block-columns-is-layout-flex\">\n<div class=\"wp-block-column is-layout-flow wp-block-column-is-layout-flow\">\n<h2 class=\"wp-block-heading\">Caracter\u00edsticas de las fundas de pie de fondo plano personalizadas<\/h2>\n\n\n\n<ul class=\"wp-block-list\">\n<li><strong>Estructura de fondo plano, estable y autoportante:<\/strong> Nuestras bolsas de fondo plano al por mayor tienen un fondo plano y se mantienen estables cuando se exponen, mejorando el efecto de exposici\u00f3n en el estante y la calidad del producto.<\/li>\n\n\n\n<li><strong>Estructura de material compuesto de alta barrera: <\/strong>Estas bolsas personalizadas para avena utilizan PET12\/VMPET12\/PE100 en la parte delantera y trasera + PET12\/PE100 en el lateral, con excelentes propiedades de barrera al ox\u00edgeno, a prueba de humedad y a prueba de luz, por lo que prolongan eficazmente la vida \u00fatil de la avena.<\/li>\n\n\n\n<li><strong>Detalles de dise\u00f1o humanizados: <\/strong>Estas bolsas de fondo plano al por mayor est\u00e1n equipadas con orificios para colgarlas y exhibirlas c\u00f3modamente con ganchos, y su dise\u00f1o rasgable facilita su apertura a los consumidores y mejora la experiencia de uso.<\/li>\n\n\n\n<li><strong>Llenado inferior, apto para l\u00ednea autom\u00e1tica:<\/strong> El dise\u00f1o de llenado inferior de nuestras bolsas de avena personalizadas admite un proceso de envasado automatizado de alta velocidad, lo que ahorra mano de obra y mejora la eficacia.<\/li>\n\n\n\n<li><strong>Impresi\u00f3n en huecograbado a doble cara:<\/strong> Nuestras bolsas stand up de fondo plano al por mayor admiten la impresi\u00f3n en color de alta calidad a doble cara, con una impresi\u00f3n exquisita y patrones claros, que mejoran la comunicaci\u00f3n visual de la marca.<\/li>\n\n\n\n<li><strong>Admite personalizaci\u00f3n de tama\u00f1o e impresi\u00f3n:<\/strong> Nuestras bolsas de avena personalizadas pueden personalizarse en tama\u00f1o, patr\u00f3n de impresi\u00f3n y detalles del tipo de bolsa seg\u00fan los requisitos del producto para crear una soluci\u00f3n de envasado \u00fanica para la marca.<\/li>\n<\/ul>\n\n\n\n<div class=\"wp-block-columns is-layout-flex wp-container-core-columns-is-layout-9d6595d7 wp-block-columns-is-layout-flex\">\n<div class=\"wp-block-column is-layout-flow wp-block-column-is-layout-flow\">\n<figure class=\"wp-block-image size-full\"><img decoding=\"async\" width=\"750\" height=\"750\" src=\"https:\/\/www.stanleypackage.com\/wp-content\/uploads\/2025\/04\/Custom-Flat-Bottom-Stand-Up-Pouches-Wholesale-For-Oatmeal-6.webp\" alt=\"Bolsas personalizadas de fondo plano al por mayor para avena-6\" class=\"wp-image-1678\" srcset=\"https:\/\/www.stanleypackage.com\/wp-content\/uploads\/2025\/04\/Custom-Flat-Bottom-Stand-Up-Pouches-Wholesale-For-Oatmeal-6.webp 750w, https:\/\/www.stanleypackage.com\/wp-content\/uploads\/2025\/04\/Custom-Flat-Bottom-Stand-Up-Pouches-Wholesale-For-Oatmeal-6-300x300.webp 300w, https:\/\/www.stanleypackage.com\/wp-content\/uploads\/2025\/04\/Custom-Flat-Bottom-Stand-Up-Pouches-Wholesale-For-Oatmeal-6-150x150.webp 150w, https:\/\/www.stanleypackage.com\/wp-content\/uploads\/2025\/04\/Custom-Flat-Bottom-Stand-Up-Pouches-Wholesale-For-Oatmeal-6-600x600.webp 600w, https:\/\/www.stanleypackage.com\/wp-content\/uploads\/2025\/04\/Custom-Flat-Bottom-Stand-Up-Pouches-Wholesale-For-Oatmeal-6-100x100.webp 100w\" sizes=\"(max-width: 750px) 100vw, 750px\" \/><\/figure>\n<\/div>\n\n\n\n<div class=\"wp-block-column is-layout-flow wp-block-column-is-layout-flow\">\n<figure class=\"wp-block-image size-full\"><img decoding=\"async\" width=\"750\" height=\"750\" src=\"https:\/\/www.stanleypackage.com\/wp-content\/uploads\/2025\/04\/Custom-Flat-Bottom-Stand-Up-Pouches-Wholesale-For-Oatmeal-5.webp\" alt=\"Bolsas personalizadas de fondo plano al por mayor para avena-5\" class=\"wp-image-1677\" srcset=\"https:\/\/www.stanleypackage.com\/wp-content\/uploads\/2025\/04\/Custom-Flat-Bottom-Stand-Up-Pouches-Wholesale-For-Oatmeal-5.webp 750w, https:\/\/www.stanleypackage.com\/wp-content\/uploads\/2025\/04\/Custom-Flat-Bottom-Stand-Up-Pouches-Wholesale-For-Oatmeal-5-300x300.webp 300w, https:\/\/www.stanleypackage.com\/wp-content\/uploads\/2025\/04\/Custom-Flat-Bottom-Stand-Up-Pouches-Wholesale-For-Oatmeal-5-150x150.webp 150w, https:\/\/www.stanleypackage.com\/wp-content\/uploads\/2025\/04\/Custom-Flat-Bottom-Stand-Up-Pouches-Wholesale-For-Oatmeal-5-600x600.webp 600w, https:\/\/www.stanleypackage.com\/wp-content\/uploads\/2025\/04\/Custom-Flat-Bottom-Stand-Up-Pouches-Wholesale-For-Oatmeal-5-100x100.webp 100w\" sizes=\"(max-width: 750px) 100vw, 750px\" \/><\/figure>\n<\/div>\n<\/div>\n<\/div>\n<\/div>","protected":false},"excerpt":{"rendered":"<p>Bienvenido a las bolsas de avena personalizadas. Estas bolsas de fondo plano al por mayor utilizan material de estructura multicapa de alta barrera, con un excelente rendimiento a prueba de humedad y de conservaci\u00f3n de la frescura. Equipado con agujeros para colgar y muescas para rasgar, es f\u00e1cil de mostrar y abrir, y la estructura de llenado inferior es adecuada para el envasado autom\u00e1tico.<\/p>\n<table style=\"border-collapse: collapse; width: 365.02pt;\" border=\"0\" width=\"365\" cellspacing=\"0\" cellpadding=\"0\">\n<tbody>\n<tr style=\"height: 16.00pt;\">\n<td class=\"et2\" style=\"height: 16.00pt; width: 97.50pt;\" width=\"97\" height=\"16\">Fabricante<\/td>\n<td class=\"et2\" style=\"width: 267.50pt;\" width=\"267\">Stanley<\/td>\n<\/tr>\n<tr style=\"height: 16.00pt;\">\n<td class=\"et2\" style=\"height: 16.00pt; width: 97.50pt;\" width=\"97\" height=\"16\">Tipos de bolsas<\/td>\n<td class=\"et2\" style=\"width: 267.50pt;\" width=\"267\">8 Bolsa de fondo plano con cierre lateral<\/td>\n<\/tr>\n<tr style=\"height: 31.00pt;\">\n<td class=\"et2\" style=\"height: 31.00pt; width: 97.50pt;\" width=\"97\" height=\"31\">Material<\/td>\n<td class=\"et2\" style=\"width: 267.50pt;\" width=\"267\">Anverso y reverso: PET12\/VMPET12\/PE100<br \/>Laterales: PET12\/PE100<\/td>\n<\/tr>\n<tr style=\"height: 16.00pt;\">\n<td class=\"et2\" style=\"height: 16.00pt; width: 97.50pt;\" width=\"97\" height=\"16\">Reportaje especial<\/td>\n<td class=\"et2\" style=\"width: 267.50pt;\" width=\"267\">Agujero para colgar, muesca para rasgar, relleno inferior<\/td>\n<\/tr>\n<tr style=\"height: 16.00pt;\">\n<td class=\"et2\" style=\"height: 16.00pt; width: 97.50pt;\" width=\"97\" height=\"16\">Manipulaci\u00f3n de superficies<\/td>\n<td class=\"et2\" style=\"width: 267.50pt;\" width=\"267\">Impresi\u00f3n en huecograbado<\/td>\n<\/tr>\n<tr style=\"height: 16.00pt;\">\n<td class=\"et2\" style=\"height: 16.00pt; width: 97.50pt;\" width=\"97\" height=\"16\">Color<\/td>\n<td class=\"et2\" style=\"width: 267.50pt;\" width=\"267\">Impresi\u00f3n a doble cara, hasta 10 colores<\/td>\n<\/tr>\n<tr style=\"height: 16.00pt;\">\n<td class=\"et2\" style=\"height: 16.00pt; width: 97.50pt;\" width=\"97\" height=\"16\">Utilizaci\u00f3n<\/td>\n<td class=\"et2\" style=\"width: 267.50pt;\" width=\"267\">Avena, Caf\u00e9, Aperitivos<\/td>\n<\/tr>\n<tr style=\"height: 16.00pt;\">\n<td class=\"et2\" style=\"height: 16.00pt; width: 97.50pt;\" width=\"97\" height=\"16\">MOQ<\/td>\n<td class=\"et2\" style=\"width: 267.50pt;\" width=\"267\">50.000 unidades<\/td>\n<\/tr>\n<tr style=\"height: 16.00pt;\">\n<td class=\"et2\" style=\"height: 16.00pt; width: 97.50pt;\" width=\"97\" height=\"16\">Pedido a medida<\/td>\n<td class=\"et2\" style=\"width: 267.50pt;\" width=\"267\">Aceptamos OEM y ODM, Muestras gratuitas<\/td>\n<\/tr>\n<\/tbody>\n<\/table>","protected":false},"featured_media":1676,"comment_status":"closed","ping_status":"closed","template":"","meta":{"_acf_changed":false},"product_brand":[],"product_cat":[24],"product_tag":[],"class_list":{"0":"post-1672","1":"product","2":"type-product","3":"status-publish","4":"has-post-thumbnail","6":"product_cat-flat-bottom-pouch-manufacturer","7":"pa_food-packaging-oatmeal-pouch","8":"pa_food-packaging-coffee-packaging-pouch","9":"pa_food-packaging-snack-food-pouch","11":"first","12":"instock","13":"shipping-taxable","14":"product-type-simple"},"acf":[],"_links":{"self":[{"href":"https:\/\/www.stanleypackage.com\/es\/wp-json\/wp\/v2\/product\/1672","targetHints":{"allow":["GET"]}}],"collection":[{"href":"https:\/\/www.stanleypackage.com\/es\/wp-json\/wp\/v2\/product"}],"about":[{"href":"https:\/\/www.stanleypackage.com\/es\/wp-json\/wp\/v2\/types\/product"}],"replies":[{"embeddable":true,"href":"https:\/\/www.stanleypackage.com\/es\/wp-json\/wp\/v2\/comments?post=1672"}],"wp:featuredmedia":[{"embeddable":true,"href":"https:\/\/www.stanleypackage.com\/es\/wp-json\/wp\/v2\/media\/1676"}],"wp:attachment":[{"href":"https:\/\/www.stanleypackage.com\/es\/wp-json\/wp\/v2\/media?parent=1672"}],"wp:term":[{"taxonomy":"product_brand","embeddable":true,"href":"https:\/\/www.stanleypackage.com\/es\/wp-json\/wp\/v2\/product_brand?post=1672"},{"taxonomy":"product_cat","embeddable":true,"href":"https:\/\/www.stanleypackage.com\/es\/wp-json\/wp\/v2\/product_cat?post=1672"},{"taxonomy":"product_tag","embeddable":true,"href":"https:\/\/www.stanleypackage.com\/es\/wp-json\/wp\/v2\/product_tag?post=1672"}],"curies":[{"name":"wp","href":"https:\/\/api.w.org\/{rel}","templated":true}]}}