{"id":1705,"date":"2025-04-15T07:45:16","date_gmt":"2025-04-15T07:45:16","guid":{"rendered":"https:\/\/www.stanleypackage.com\/?post_type=product&#038;p=1705"},"modified":"2025-04-15T08:00:00","modified_gmt":"2025-04-15T08:00:00","slug":"custom-flat-bottom-pouch-with-zipper","status":"publish","type":"product","link":"https:\/\/www.stanleypackage.com\/es\/product\/custom-flat-bottom-pouch-with-zipper\/","title":{"rendered":"Bolsa de fondo plano personalizada con cremallera, Bolsas de avena a granel"},"content":{"rendered":"<div class=\"wp-block-columns is-layout-flex wp-container-core-columns-is-layout-9d6595d7 wp-block-columns-is-layout-flex\">\n<div class=\"wp-block-column is-layout-flow wp-block-column-is-layout-flow\">\n<h2 class=\"wp-block-heading\">Caracter\u00edsticas de la funda personalizada de fondo plano con cremallera<\/h2>\n\n\n\n<ul class=\"wp-block-list\">\n<li><strong>Estructura de sellado de ocho lados, tridimensional y afilada: <\/strong>La estructura de sellado por ocho lados de esta bolsa personalizada de fondo plano con cremallera aumenta la estabilidad y el aspecto visual de la forma de la bolsa, y la hace atractiva para el lineal.<\/li>\n\n\n\n<li><strong>Dise\u00f1o con cremallera resellable:<\/strong> Estas bolsas de pie al por mayor est\u00e1n equipadas con una cremallera de alta calidad, f\u00e1cil de abrir y cerrar y de reutilizar, lo que aumenta la vida \u00fatil del producto.<\/li>\n\n\n\n<li><strong>Material multicapa de alta barrera:<\/strong> La parte delantera y trasera de esta bolsa personalizada de fondo plano con cremallera est\u00e1n hechas de material PET12\/VMPET12\/PE100, y el lateral est\u00e1 hecho de material PET12\/PE100, que es a prueba de humedad, antioxidante y a prueba de luz para proteger el sabor fresco de la avena.<\/li>\n\n\n\n<li><strong>Dise\u00f1o rasgable + relleno inferior: <\/strong>La parte superior rasgable de estas bolsas al por mayor es f\u00e1cil de abrir para los consumidores, y la parte inferior de llenado es adecuada para las l\u00edneas de producci\u00f3n automatizadas, lo que hace que el embolsado sea eficiente y c\u00f3modo.<\/li>\n\n\n\n<li><strong>Impresi\u00f3n en huecograbado de hasta 10 colores: <\/strong>Nuestra bolsa personalizada de fondo plano con cremallera admite impresi\u00f3n en huecograbado multicolor de alta precisi\u00f3n, con finos dise\u00f1os y colores brillantes, para promover la imagen de marca.<\/li>\n\n\n\n<li><strong>Se adapta a m\u00faltiples necesidades personalizadas:<\/strong> Las dimensiones, la impresi\u00f3n y el tipo de cremallera de nuestras bolsas de pie al por mayor pueden adaptarse bajo demanda a los diferentes requisitos de m\u00faltiples marcas y posicionamiento en el mercado.<\/li>\n<\/ul>\n\n\n\n<div class=\"wp-block-columns is-layout-flex wp-container-core-columns-is-layout-9d6595d7 wp-block-columns-is-layout-flex\">\n<div class=\"wp-block-column is-layout-flow wp-block-column-is-layout-flow\">\n<figure class=\"wp-block-image size-full\"><img decoding=\"async\" width=\"750\" height=\"750\" src=\"https:\/\/www.stanleypackage.com\/wp-content\/uploads\/2025\/04\/Custom-Flat-Bottom-Pouch-with-Zipper-Oatmeal-Pouches-Bulk-7.webp\" alt=\"Bolsa personalizada de fondo plano con cremallera, Bolsas de avena a granel-7\" class=\"wp-image-1715\" srcset=\"https:\/\/www.stanleypackage.com\/wp-content\/uploads\/2025\/04\/Custom-Flat-Bottom-Pouch-with-Zipper-Oatmeal-Pouches-Bulk-7.webp 750w, https:\/\/www.stanleypackage.com\/wp-content\/uploads\/2025\/04\/Custom-Flat-Bottom-Pouch-with-Zipper-Oatmeal-Pouches-Bulk-7-300x300.webp 300w, https:\/\/www.stanleypackage.com\/wp-content\/uploads\/2025\/04\/Custom-Flat-Bottom-Pouch-with-Zipper-Oatmeal-Pouches-Bulk-7-150x150.webp 150w, https:\/\/www.stanleypackage.com\/wp-content\/uploads\/2025\/04\/Custom-Flat-Bottom-Pouch-with-Zipper-Oatmeal-Pouches-Bulk-7-600x600.webp 600w, https:\/\/www.stanleypackage.com\/wp-content\/uploads\/2025\/04\/Custom-Flat-Bottom-Pouch-with-Zipper-Oatmeal-Pouches-Bulk-7-100x100.webp 100w\" sizes=\"(max-width: 750px) 100vw, 750px\" \/><\/figure>\n<\/div>\n\n\n\n<div class=\"wp-block-column is-layout-flow wp-block-column-is-layout-flow\">\n<figure class=\"wp-block-image size-full\"><img decoding=\"async\" width=\"750\" height=\"750\" src=\"https:\/\/www.stanleypackage.com\/wp-content\/uploads\/2025\/04\/Custom-Flat-Bottom-Pouch-with-Zipper-Oatmeal-Pouches-Bulk-1.webp\" alt=\"Bolsa de fondo plano personalizada con cremallera, Bolsas de avena a granel-1\" class=\"wp-image-1709\" srcset=\"https:\/\/www.stanleypackage.com\/wp-content\/uploads\/2025\/04\/Custom-Flat-Bottom-Pouch-with-Zipper-Oatmeal-Pouches-Bulk-1.webp 750w, https:\/\/www.stanleypackage.com\/wp-content\/uploads\/2025\/04\/Custom-Flat-Bottom-Pouch-with-Zipper-Oatmeal-Pouches-Bulk-1-300x300.webp 300w, https:\/\/www.stanleypackage.com\/wp-content\/uploads\/2025\/04\/Custom-Flat-Bottom-Pouch-with-Zipper-Oatmeal-Pouches-Bulk-1-150x150.webp 150w, https:\/\/www.stanleypackage.com\/wp-content\/uploads\/2025\/04\/Custom-Flat-Bottom-Pouch-with-Zipper-Oatmeal-Pouches-Bulk-1-600x600.webp 600w, https:\/\/www.stanleypackage.com\/wp-content\/uploads\/2025\/04\/Custom-Flat-Bottom-Pouch-with-Zipper-Oatmeal-Pouches-Bulk-1-100x100.webp 100w\" sizes=\"(max-width: 750px) 100vw, 750px\" \/><\/figure>\n<\/div>\n<\/div>\n<\/div>\n<\/div>","protected":false},"excerpt":{"rendered":"<p>Bienvenido a la compra al por mayor de bolsas de fondo plano. Esta bolsa personalizada de fondo plano con cremallera es adecuada para envasar productos como avena y granos de caf\u00e9, y tiene excelentes propiedades de conservaci\u00f3n en fresco y a prueba de humedad. El cuerpo de la bolsa est\u00e1 equipado con un dise\u00f1o de cremallera, rasgado y relleno inferior para ayudar a que la marca destaque en el estante.<\/p>\n<table style=\"border-collapse: collapse; width: 365.02pt;\" border=\"0\" width=\"365\" cellspacing=\"0\" cellpadding=\"0\">\n<tbody>\n<tr style=\"height: 16.00pt;\">\n<td class=\"et2\" style=\"height: 16.00pt; width: 97.50pt;\" width=\"97\" height=\"16\">Fabricante<\/td>\n<td class=\"et2\" style=\"width: 267.50pt;\" width=\"267\">Stanley<\/td>\n<\/tr>\n<tr style=\"height: 16.00pt;\">\n<td class=\"et2\" style=\"height: 16.00pt; width: 97.50pt;\" width=\"97\" height=\"16\">Tipos de bolsas<\/td>\n<td class=\"et3\">8 Bolsa de fondo plano con cierre lateral<\/td>\n<\/tr>\n<tr style=\"height: 31.00pt;\">\n<td class=\"et2\" style=\"height: 31.00pt; width: 97.50pt;\" width=\"97\" height=\"31\">Material<\/td>\n<td class=\"et2\" style=\"width: 267.50pt;\" width=\"267\">Anverso y reverso: PET12\/VMPET12\/PE100<br \/>Laterales: PET12\/PE100<\/td>\n<\/tr>\n<tr style=\"height: 16.00pt;\">\n<td class=\"et2\" style=\"height: 16.00pt; width: 97.50pt;\" width=\"97\" height=\"16\">Reportaje especial<\/td>\n<td class=\"et2\" style=\"width: 267.50pt;\" width=\"267\">Cremallera, muesca para rasgar, relleno inferior<\/td>\n<\/tr>\n<tr style=\"height: 16.00pt;\">\n<td class=\"et2\" style=\"height: 16.00pt; width: 97.50pt;\" width=\"97\" height=\"16\">Manipulaci\u00f3n de superficies<\/td>\n<td class=\"et2\" style=\"width: 267.50pt;\" width=\"267\">Impresi\u00f3n en huecograbado<\/td>\n<\/tr>\n<tr style=\"height: 16.00pt;\">\n<td class=\"et2\" style=\"height: 16.00pt; width: 97.50pt;\" width=\"97\" height=\"16\">Color<\/td>\n<td class=\"et2\" style=\"width: 267.50pt;\" width=\"267\">Impresi\u00f3n a doble cara, hasta 10 colores<\/td>\n<\/tr>\n<tr style=\"height: 16.00pt;\">\n<td class=\"et2\" style=\"height: 16.00pt; width: 97.50pt;\" width=\"97\" height=\"16\">Utilizaci\u00f3n<\/td>\n<td class=\"et2\" style=\"width: 267.50pt;\" width=\"267\">Harinas de avena, Caf\u00e9, Aperitivos<\/td>\n<\/tr>\n<tr style=\"height: 16.00pt;\">\n<td class=\"et2\" style=\"height: 16.00pt; width: 97.50pt;\" width=\"97\" height=\"16\">MOQ<\/td>\n<td class=\"et2\" style=\"width: 267.50pt;\" width=\"267\">50.000 unidades<\/td>\n<\/tr>\n<tr style=\"height: 16.00pt;\">\n<td class=\"et2\" style=\"height: 16.00pt; width: 97.50pt;\" width=\"97\" height=\"16\">Pedido a medida<\/td>\n<td class=\"et2\" style=\"width: 267.50pt;\" width=\"267\">Aceptamos OEM y ODM, Muestras gratuitas<\/td>\n<\/tr>\n<\/tbody>\n<\/table>\n<p>&nbsp;<\/p>","protected":false},"featured_media":1710,"comment_status":"closed","ping_status":"closed","template":"","meta":{"_acf_changed":false},"product_brand":[],"product_cat":[24,18],"product_tag":[],"class_list":{"0":"post-1705","1":"product","2":"type-product","3":"status-publish","4":"has-post-thumbnail","6":"product_cat-flat-bottom-pouch-manufacturer","7":"product_cat-zipper-pouch-manufacturer","8":"pa_food-packaging-oatmeal-pouch","9":"pa_food-packaging-coffee-packaging-pouch","10":"pa_food-packaging-snack-food-pouch","12":"first","13":"instock","14":"shipping-taxable","15":"product-type-simple"},"acf":[],"_links":{"self":[{"href":"https:\/\/www.stanleypackage.com\/es\/wp-json\/wp\/v2\/product\/1705","targetHints":{"allow":["GET"]}}],"collection":[{"href":"https:\/\/www.stanleypackage.com\/es\/wp-json\/wp\/v2\/product"}],"about":[{"href":"https:\/\/www.stanleypackage.com\/es\/wp-json\/wp\/v2\/types\/product"}],"replies":[{"embeddable":true,"href":"https:\/\/www.stanleypackage.com\/es\/wp-json\/wp\/v2\/comments?post=1705"}],"wp:featuredmedia":[{"embeddable":true,"href":"https:\/\/www.stanleypackage.com\/es\/wp-json\/wp\/v2\/media\/1710"}],"wp:attachment":[{"href":"https:\/\/www.stanleypackage.com\/es\/wp-json\/wp\/v2\/media?parent=1705"}],"wp:term":[{"taxonomy":"product_brand","embeddable":true,"href":"https:\/\/www.stanleypackage.com\/es\/wp-json\/wp\/v2\/product_brand?post=1705"},{"taxonomy":"product_cat","embeddable":true,"href":"https:\/\/www.stanleypackage.com\/es\/wp-json\/wp\/v2\/product_cat?post=1705"},{"taxonomy":"product_tag","embeddable":true,"href":"https:\/\/www.stanleypackage.com\/es\/wp-json\/wp\/v2\/product_tag?post=1705"}],"curies":[{"name":"wp","href":"https:\/\/api.w.org\/{rel}","templated":true}]}}