{"id":1732,"date":"2025-04-15T08:23:31","date_gmt":"2025-04-15T08:23:31","guid":{"rendered":"https:\/\/www.stanleypackage.com\/?post_type=product&#038;p=1732"},"modified":"2025-04-15T08:36:59","modified_gmt":"2025-04-15T08:36:59","slug":"jelly-drink-pouches-wholesale","status":"publish","type":"product","link":"https:\/\/www.stanleypackage.com\/es\/product\/jelly-drink-pouches-wholesale\/","title":{"rendered":"Bolsas para bebidas de gelatina al por mayor, Envasado de l\u00edquidos con forma personalizada"},"content":{"rendered":"<div class=\"wp-block-columns is-layout-flex wp-container-core-columns-is-layout-9d6595d7 wp-block-columns-is-layout-flex\">\n<div class=\"wp-block-column is-layout-flow wp-block-column-is-layout-flow\">\n<h2 class=\"wp-block-heading\">Caracter\u00edsticas de las bolsas para bebidas de gelatina al por mayor<\/h2>\n\n\n\n<ul class=\"wp-block-list\">\n<li><strong>Estructura de material multicapa de alta resistencia: <\/strong>Nuestras bolsas de gelatina para bebidas al por mayor utilizan materiales compuestos de PET12\/BOPA15\/MBPE55, que tienen una excelente resistencia a la tracci\u00f3n, resistencia a las grietas y propiedades de sellado, y pueden transportar contenidos l\u00edquidos de forma segura.<\/li>\n\n\n\n<li><strong>Dise\u00f1o creativo de formas especiales:<\/strong> La forma de rana de dibujos animados y de botella de cerveza de esta bolsa personalizada para envasar l\u00edquidos es \u00fanica y muy atractiva en el mercado, lo que aumenta el reconocimiento del producto y la diversi\u00f3n.<\/li>\n\n\n\n<li><strong>Ventana transparente, contenido visible: <\/strong>Estas bolsas para bebidas de gelatina al por mayor est\u00e1n dise\u00f1adas con una ventana transparente que permite a los consumidores ver el contenido de la gelatina o la bebida de un vistazo, lo que aumenta su confianza a la hora de comprar.<\/li>\n\n\n\n<li><strong>Dise\u00f1o con muesca y orificio para colgar:<\/strong> Nuestra bolsa personalizada para envasado de l\u00edquidos est\u00e1 equipada con una muesca para facilitar su apertura, y el orificio para colgarla es pr\u00e1ctico para exponerla en ganchos en los estantes, lo que mejora el efecto de exposici\u00f3n y se adapta a una gran variedad de canales de venta.<\/li>\n\n\n\n<li><strong>Relleno inferior, automatizaci\u00f3n del soporte: <\/strong>La estructura de llenado inferior de nuestras bolsas para bebidas de gelatina al por mayor es adecuada para el envasado autom\u00e1tico en la l\u00ednea de montaje, que es eficiente y r\u00e1pida y adecuada para la producci\u00f3n en masa.<\/li>\n\n\n\n<li><strong>Admite patrones y formas personalizados:<\/strong> Nuestras bolsas personalizadas para l\u00edquidos pueden desarrollar una gran variedad de tipos de bolsas personalizadas y dise\u00f1os de impresi\u00f3n seg\u00fan las necesidades de la marca para crear envases exclusivos de estilo IP.<\/li>\n<\/ul>\n\n\n\n<div class=\"wp-block-columns is-layout-flex wp-container-core-columns-is-layout-9d6595d7 wp-block-columns-is-layout-flex\">\n<div class=\"wp-block-column is-layout-flow wp-block-column-is-layout-flow\">\n<figure class=\"wp-block-image size-full\"><img decoding=\"async\" width=\"750\" height=\"750\" src=\"https:\/\/www.stanleypackage.com\/wp-content\/uploads\/2025\/04\/Jelly-Drink-Pouches-Wholesale-Custom-Shape-Liquid-Packaging-2.webp\" alt=\"Bolsas para bebidas de gelatina al por mayor, envases para l\u00edquidos con forma personalizada-2\" class=\"wp-image-1746\" srcset=\"https:\/\/www.stanleypackage.com\/wp-content\/uploads\/2025\/04\/Jelly-Drink-Pouches-Wholesale-Custom-Shape-Liquid-Packaging-2.webp 750w, https:\/\/www.stanleypackage.com\/wp-content\/uploads\/2025\/04\/Jelly-Drink-Pouches-Wholesale-Custom-Shape-Liquid-Packaging-2-300x300.webp 300w, https:\/\/www.stanleypackage.com\/wp-content\/uploads\/2025\/04\/Jelly-Drink-Pouches-Wholesale-Custom-Shape-Liquid-Packaging-2-150x150.webp 150w, https:\/\/www.stanleypackage.com\/wp-content\/uploads\/2025\/04\/Jelly-Drink-Pouches-Wholesale-Custom-Shape-Liquid-Packaging-2-12x12.webp 12w, https:\/\/www.stanleypackage.com\/wp-content\/uploads\/2025\/04\/Jelly-Drink-Pouches-Wholesale-Custom-Shape-Liquid-Packaging-2-600x600.webp 600w, https:\/\/www.stanleypackage.com\/wp-content\/uploads\/2025\/04\/Jelly-Drink-Pouches-Wholesale-Custom-Shape-Liquid-Packaging-2-100x100.webp 100w\" sizes=\"(max-width: 750px) 100vw, 750px\" \/><\/figure>\n<\/div>\n\n\n\n<div class=\"wp-block-column is-layout-flow wp-block-column-is-layout-flow\">\n<figure class=\"wp-block-image size-full\"><img decoding=\"async\" width=\"750\" height=\"750\" src=\"https:\/\/www.stanleypackage.com\/wp-content\/uploads\/2025\/04\/Jelly-Drink-Pouches-Wholesale-Custom-Shape-Liquid-Packaging-3.webp\" alt=\"Bolsas para bebidas de gelatina al por mayor, envases para l\u00edquidos con forma personalizada-3\" class=\"wp-image-1747\" srcset=\"https:\/\/www.stanleypackage.com\/wp-content\/uploads\/2025\/04\/Jelly-Drink-Pouches-Wholesale-Custom-Shape-Liquid-Packaging-3.webp 750w, https:\/\/www.stanleypackage.com\/wp-content\/uploads\/2025\/04\/Jelly-Drink-Pouches-Wholesale-Custom-Shape-Liquid-Packaging-3-300x300.webp 300w, https:\/\/www.stanleypackage.com\/wp-content\/uploads\/2025\/04\/Jelly-Drink-Pouches-Wholesale-Custom-Shape-Liquid-Packaging-3-150x150.webp 150w, https:\/\/www.stanleypackage.com\/wp-content\/uploads\/2025\/04\/Jelly-Drink-Pouches-Wholesale-Custom-Shape-Liquid-Packaging-3-12x12.webp 12w, https:\/\/www.stanleypackage.com\/wp-content\/uploads\/2025\/04\/Jelly-Drink-Pouches-Wholesale-Custom-Shape-Liquid-Packaging-3-600x600.webp 600w, https:\/\/www.stanleypackage.com\/wp-content\/uploads\/2025\/04\/Jelly-Drink-Pouches-Wholesale-Custom-Shape-Liquid-Packaging-3-100x100.webp 100w\" sizes=\"(max-width: 750px) 100vw, 750px\" \/><\/figure>\n<\/div>\n<\/div>\n<\/div>\n<\/div>","protected":false},"excerpt":{"rendered":"<p>Bienvenido al envasado de l\u00edquidos personalizado. Esta bolsa de gelatina para bebidas al por mayor es adecuada para gelatina y bebidas, con un dise\u00f1o de bolsa \u00fanico y muy atractivo. Equipado con ventanas transparentes, muescas para rasgar, agujeros para colgar y funciones de llenado inferior, es a la vez pr\u00e1ctico y visualmente interesante.<\/p>\n<table style=\"border-collapse: collapse; width: 365.02pt;\" border=\"0\" width=\"365\" cellspacing=\"0\" cellpadding=\"0\">\n<tbody>\n<tr style=\"height: 16.00pt;\">\n<td class=\"et2\" style=\"height: 16.00pt; width: 97.50pt;\" width=\"97\" height=\"16\">Fabricante<\/td>\n<td class=\"et2\" style=\"width: 267.50pt;\" width=\"267\">Stanley<\/td>\n<\/tr>\n<tr style=\"height: 16.00pt;\">\n<td class=\"et2\" style=\"height: 16.00pt; width: 97.50pt;\" width=\"97\" height=\"16\">Tipos de bolsas<\/td>\n<td class=\"et3\">Stand Up Pouch, Shape Pouch<\/td>\n<\/tr>\n<tr style=\"height: 16.00pt;\">\n<td class=\"et2\" style=\"height: 16.00pt; width: 97.50pt;\" width=\"97\" height=\"16\">Material<\/td>\n<td class=\"et2\" style=\"width: 267.50pt;\" width=\"267\">PET12\/BOPA15\/MBPE55<\/td>\n<\/tr>\n<tr style=\"height: 16.00pt;\">\n<td class=\"et2\" style=\"height: 16.00pt; width: 97.50pt;\" width=\"97\" height=\"16\">Reportaje especial<\/td>\n<td class=\"et2\" style=\"width: 267.50pt;\" width=\"267\">Agujero para colgar, muesca para rasgar, ventana transparente, relleno inferior<\/td>\n<\/tr>\n<tr style=\"height: 16.00pt;\">\n<td class=\"et2\" style=\"height: 16.00pt; width: 97.50pt;\" width=\"97\" height=\"16\">Manipulaci\u00f3n de superficies<\/td>\n<td class=\"et2\" style=\"width: 267.50pt;\" width=\"267\">Impresi\u00f3n en huecograbado<\/td>\n<\/tr>\n<tr style=\"height: 16.00pt;\">\n<td class=\"et2\" style=\"height: 16.00pt; width: 97.50pt;\" width=\"97\" height=\"16\">Color<\/td>\n<td class=\"et2\" style=\"width: 267.50pt;\" width=\"267\">Impresi\u00f3n a doble cara, hasta 10 colores<\/td>\n<\/tr>\n<tr style=\"height: 16.00pt;\">\n<td class=\"et2\" style=\"height: 16.00pt; width: 97.50pt;\" width=\"97\" height=\"16\">Utilizaci\u00f3n<\/td>\n<td class=\"et2\" style=\"width: 267.50pt;\" width=\"267\">Gominolas, Caramelos, Aperitivos<\/td>\n<\/tr>\n<tr style=\"height: 16.00pt;\">\n<td class=\"et2\" style=\"height: 16.00pt; width: 97.50pt;\" width=\"97\" height=\"16\">MOQ<\/td>\n<td class=\"et2\" style=\"width: 267.50pt;\" width=\"267\">50.000 unidades<\/td>\n<\/tr>\n<tr style=\"height: 16.00pt;\">\n<td class=\"et2\" style=\"height: 16.00pt; width: 97.50pt;\" width=\"97\" height=\"16\">Pedido a medida<\/td>\n<td class=\"et2\" style=\"width: 267.50pt;\" width=\"267\">Aceptamos OEM y ODM, Muestras gratuitas<\/td>\n<\/tr>\n<\/tbody>\n<\/table>","protected":false},"featured_media":1745,"comment_status":"closed","ping_status":"closed","template":"","meta":{"_acf_changed":false},"product_brand":[],"product_cat":[22,30],"product_tag":[],"class_list":{"0":"post-1732","1":"product","2":"type-product","3":"status-publish","4":"has-post-thumbnail","6":"product_cat-shaped-pouches-factory","7":"product_cat-stand-up-pouch-manufacturer","8":"pa_food-packaging-drink-beverage-pouch","10":"first","11":"instock","12":"shipping-taxable","13":"product-type-simple"},"acf":[],"_links":{"self":[{"href":"https:\/\/www.stanleypackage.com\/es\/wp-json\/wp\/v2\/product\/1732","targetHints":{"allow":["GET"]}}],"collection":[{"href":"https:\/\/www.stanleypackage.com\/es\/wp-json\/wp\/v2\/product"}],"about":[{"href":"https:\/\/www.stanleypackage.com\/es\/wp-json\/wp\/v2\/types\/product"}],"replies":[{"embeddable":true,"href":"https:\/\/www.stanleypackage.com\/es\/wp-json\/wp\/v2\/comments?post=1732"}],"wp:featuredmedia":[{"embeddable":true,"href":"https:\/\/www.stanleypackage.com\/es\/wp-json\/wp\/v2\/media\/1745"}],"wp:attachment":[{"href":"https:\/\/www.stanleypackage.com\/es\/wp-json\/wp\/v2\/media?parent=1732"}],"wp:term":[{"taxonomy":"product_brand","embeddable":true,"href":"https:\/\/www.stanleypackage.com\/es\/wp-json\/wp\/v2\/product_brand?post=1732"},{"taxonomy":"product_cat","embeddable":true,"href":"https:\/\/www.stanleypackage.com\/es\/wp-json\/wp\/v2\/product_cat?post=1732"},{"taxonomy":"product_tag","embeddable":true,"href":"https:\/\/www.stanleypackage.com\/es\/wp-json\/wp\/v2\/product_tag?post=1732"}],"curies":[{"name":"wp","href":"https:\/\/api.w.org\/{rel}","templated":true}]}}