{"id":1789,"date":"2025-04-23T06:58:28","date_gmt":"2025-04-23T06:58:28","guid":{"rendered":"https:\/\/www.stanleypackage.com\/?post_type=product&#038;p=1789"},"modified":"2025-04-23T07:12:42","modified_gmt":"2025-04-23T07:12:42","slug":"stand-up-zipper-pouches-wholesale","status":"publish","type":"product","link":"https:\/\/www.stanleypackage.com\/es\/product\/stand-up-zipper-pouches-wholesale\/","title":{"rendered":"Bolsas personalizadas con cremallera al por mayor para bolsitas de lavander\u00eda"},"content":{"rendered":"<div class=\"wp-block-columns is-layout-flex wp-container-core-columns-is-layout-9d6595d7 wp-block-columns-is-layout-flex\">\n<div class=\"wp-block-column is-layout-flow wp-block-column-is-layout-flow\">\n<h2 class=\"wp-block-heading\">Caracter\u00edsticas de las bolsas personalizadas con cremallera al por mayor<\/h2>\n\n\n\n<ul class=\"wp-block-list\">\n<li><strong>C\u00f3modo cierre de cremallera: <\/strong>Nuestras bolsas personalizadas con cremallera al por mayor admiten la apertura y el sellado repetidos, evitando eficazmente la humedad y las fugas, y garantizando que los ingredientes activos de las perlas de lavander\u00eda no se volatilicen f\u00e1cilmente.<\/li>\n\n\n\n<li><strong>Dise\u00f1o f\u00e1cil de rasgar:<\/strong> Estas bolsas barrera stand up personalizadas est\u00e1n equipadas con una estructura rasgable, que los consumidores pueden abrir f\u00e1cilmente sin herramientas, lo que mejora la comodidad de uso y la experiencia con el producto.<\/li>\n\n\n\n<li><strong>Fondo estable autoportante: <\/strong>La estructura reforzada de estas bolsas personalizadas con cremallera al por mayor permite que el envase se mantenga firme, mejora el efecto de exposici\u00f3n en el estante y atrae mejor la atenci\u00f3n de los consumidores.<\/li>\n\n\n\n<li><strong>Estructura de material de alta barrera: <\/strong>Estas bolsas barrera stand up personalizadas utilizan material compuesto de tres capas PET12\/VMPET12\/PE110 para bloquear eficazmente la humedad, el ox\u00edgeno y la luz, y prolongar la vida \u00fatil del producto.<\/li>\n\n\n\n<li><strong>Impresi\u00f3n exquisita a doble cara: <\/strong>Nuestras bolsas con cremallera personalizadas al por mayor pueden dise\u00f1arse por ambas caras e imprimirse con hasta 10 colores de alta precisi\u00f3n, mostrando plenamente la informaci\u00f3n de la marca y el estilo visual, y mejorando el reconocimiento de la marca.<\/li>\n\n\n\n<li><strong>Adecuado para una gran variedad de capacidades de envasado y personalizaci\u00f3n: <\/strong>Nuestras bolsas barrera stand up personalizadas se pueden personalizar con diferentes capacidades, tama\u00f1os y contenidos de impresi\u00f3n seg\u00fan las necesidades del cliente para satisfacer las necesidades de cooperaci\u00f3n OEM\/ODM.<\/li>\n<\/ul>\n\n\n\n<div class=\"wp-block-columns is-layout-flex wp-container-core-columns-is-layout-9d6595d7 wp-block-columns-is-layout-flex\">\n<div class=\"wp-block-column is-layout-flow wp-block-column-is-layout-flow\">\n<figure class=\"wp-block-image size-full\"><img decoding=\"async\" width=\"750\" height=\"750\" src=\"https:\/\/www.stanleypackage.com\/wp-content\/uploads\/2025\/04\/Custom-Stand-Up-Zipper-Pouches-Wholesale-For-Laundry-Pods-2.webp\" alt=\"Bolsas personalizadas con cremallera al por mayor para lavander\u00eda Pods-2\" class=\"wp-image-1791\" srcset=\"https:\/\/www.stanleypackage.com\/wp-content\/uploads\/2025\/04\/Custom-Stand-Up-Zipper-Pouches-Wholesale-For-Laundry-Pods-2.webp 750w, https:\/\/www.stanleypackage.com\/wp-content\/uploads\/2025\/04\/Custom-Stand-Up-Zipper-Pouches-Wholesale-For-Laundry-Pods-2-300x300.webp 300w, https:\/\/www.stanleypackage.com\/wp-content\/uploads\/2025\/04\/Custom-Stand-Up-Zipper-Pouches-Wholesale-For-Laundry-Pods-2-150x150.webp 150w, https:\/\/www.stanleypackage.com\/wp-content\/uploads\/2025\/04\/Custom-Stand-Up-Zipper-Pouches-Wholesale-For-Laundry-Pods-2-12x12.webp 12w, https:\/\/www.stanleypackage.com\/wp-content\/uploads\/2025\/04\/Custom-Stand-Up-Zipper-Pouches-Wholesale-For-Laundry-Pods-2-600x600.webp 600w, https:\/\/www.stanleypackage.com\/wp-content\/uploads\/2025\/04\/Custom-Stand-Up-Zipper-Pouches-Wholesale-For-Laundry-Pods-2-100x100.webp 100w\" sizes=\"(max-width: 750px) 100vw, 750px\" \/><\/figure>\n<\/div>\n\n\n\n<div class=\"wp-block-column is-layout-flow wp-block-column-is-layout-flow\">\n<figure class=\"wp-block-image size-full\"><img decoding=\"async\" width=\"750\" height=\"750\" src=\"https:\/\/www.stanleypackage.com\/wp-content\/uploads\/2025\/04\/Custom-Stand-Up-Zipper-Pouches-Wholesale-For-Laundry-Pods-5.webp\" alt=\"Bolsas personalizadas con cremallera al por mayor para lavander\u00eda Pods-5\" class=\"wp-image-1794\" srcset=\"https:\/\/www.stanleypackage.com\/wp-content\/uploads\/2025\/04\/Custom-Stand-Up-Zipper-Pouches-Wholesale-For-Laundry-Pods-5.webp 750w, https:\/\/www.stanleypackage.com\/wp-content\/uploads\/2025\/04\/Custom-Stand-Up-Zipper-Pouches-Wholesale-For-Laundry-Pods-5-300x300.webp 300w, https:\/\/www.stanleypackage.com\/wp-content\/uploads\/2025\/04\/Custom-Stand-Up-Zipper-Pouches-Wholesale-For-Laundry-Pods-5-150x150.webp 150w, https:\/\/www.stanleypackage.com\/wp-content\/uploads\/2025\/04\/Custom-Stand-Up-Zipper-Pouches-Wholesale-For-Laundry-Pods-5-12x12.webp 12w, https:\/\/www.stanleypackage.com\/wp-content\/uploads\/2025\/04\/Custom-Stand-Up-Zipper-Pouches-Wholesale-For-Laundry-Pods-5-600x600.webp 600w, https:\/\/www.stanleypackage.com\/wp-content\/uploads\/2025\/04\/Custom-Stand-Up-Zipper-Pouches-Wholesale-For-Laundry-Pods-5-100x100.webp 100w\" sizes=\"(max-width: 750px) 100vw, 750px\" \/><\/figure>\n<\/div>\n<\/div>\n<\/div>\n<\/div>","protected":false},"excerpt":{"rendered":"<p>Bienvenido a comprar bolsas con cremallera al por mayor. Estas bolsas personalizadas con cremallera para bolsitas de lavander\u00eda permiten sellar el producto y facilitan su uso. La impresi\u00f3n a doble cara de la bolsa le da una amplia gama de posibilidades de dise\u00f1o, una buena raz\u00f3n por la que este es un tipo de envase m\u00e1s vendido para los productos de limpieza del hogar como las vainas de lavander\u00eda y detergente en polvo.<\/p>\n<table style=\"border-collapse: collapse; width: 365.02pt;\" border=\"0\" width=\"365\" cellspacing=\"0\" cellpadding=\"0\">\n<tbody>\n<tr style=\"height: 16.00pt;\">\n<td class=\"et2\" style=\"height: 16.00pt; width: 97.50pt;\" width=\"97\" height=\"16\">Fabricante<\/td>\n<td class=\"et2\" style=\"width: 267.50pt;\" width=\"267\">Stanley<\/td>\n<\/tr>\n<tr style=\"height: 16.00pt;\">\n<td class=\"et2\" style=\"height: 16.00pt; width: 97.50pt;\" width=\"97\" height=\"16\">Tipos de bolsas<\/td>\n<td class=\"et3\">Bolsa de pie, bolsa con cremallera<\/td>\n<\/tr>\n<tr style=\"height: 16.00pt;\">\n<td class=\"et2\" style=\"height: 16.00pt; width: 97.50pt;\" width=\"97\" height=\"16\">Material<\/td>\n<td class=\"et2\" style=\"width: 267.50pt;\" width=\"267\">PET12\/VMPET12\/PE110<\/td>\n<\/tr>\n<tr style=\"height: 16.00pt;\">\n<td class=\"et2\" style=\"height: 16.00pt; width: 97.50pt;\" width=\"97\" height=\"16\">Reportaje especial<\/td>\n<td class=\"et2\" style=\"width: 267.50pt;\" width=\"267\">Cremallera, muesca de desgarro, parte inferior de pie<\/td>\n<\/tr>\n<tr style=\"height: 16.00pt;\">\n<td class=\"et2\" style=\"height: 16.00pt; width: 97.50pt;\" width=\"97\" height=\"16\">Manipulaci\u00f3n de superficies<\/td>\n<td class=\"et2\" style=\"width: 267.50pt;\" width=\"267\">Impresi\u00f3n en huecograbado<\/td>\n<\/tr>\n<tr style=\"height: 16.00pt;\">\n<td class=\"et2\" style=\"height: 16.00pt; width: 97.50pt;\" width=\"97\" height=\"16\">Color<\/td>\n<td class=\"et2\" style=\"width: 267.50pt;\" width=\"267\">Impresi\u00f3n a doble cara, hasta 10 colores<\/td>\n<\/tr>\n<tr style=\"height: 16.00pt;\">\n<td class=\"et2\" style=\"height: 16.00pt; width: 97.50pt;\" width=\"97\" height=\"16\">Utilizaci\u00f3n<\/td>\n<td class=\"et2\" style=\"width: 267.50pt;\" width=\"267\">Pastillas de detergente<\/td>\n<\/tr>\n<tr style=\"height: 16.00pt;\">\n<td class=\"et2\" style=\"height: 16.00pt; width: 97.50pt;\" width=\"97\" height=\"16\">MOQ<\/td>\n<td class=\"et2\" style=\"width: 267.50pt;\" width=\"267\">50.000 unidades<\/td>\n<\/tr>\n<tr style=\"height: 16.00pt;\">\n<td class=\"et2\" style=\"height: 16.00pt; width: 97.50pt;\" width=\"97\" height=\"16\">Pedido a medida<\/td>\n<td class=\"et2\" style=\"width: 267.50pt;\" width=\"267\">Aceptamos OEM y ODM, Muestras gratuitas<\/td>\n<\/tr>\n<\/tbody>\n<\/table>","protected":false},"featured_media":1790,"comment_status":"closed","ping_status":"closed","template":"","meta":{"_acf_changed":false},"product_brand":[],"product_cat":[18,30],"product_tag":[],"class_list":{"0":"post-1789","1":"product","2":"type-product","3":"status-publish","4":"has-post-thumbnail","6":"product_cat-zipper-pouch-manufacturer","7":"product_cat-stand-up-pouch-manufacturer","8":"pa_non-food-packaging-soap-detergent-pouches","10":"first","11":"instock","12":"shipping-taxable","13":"product-type-simple"},"acf":[],"_links":{"self":[{"href":"https:\/\/www.stanleypackage.com\/es\/wp-json\/wp\/v2\/product\/1789","targetHints":{"allow":["GET"]}}],"collection":[{"href":"https:\/\/www.stanleypackage.com\/es\/wp-json\/wp\/v2\/product"}],"about":[{"href":"https:\/\/www.stanleypackage.com\/es\/wp-json\/wp\/v2\/types\/product"}],"replies":[{"embeddable":true,"href":"https:\/\/www.stanleypackage.com\/es\/wp-json\/wp\/v2\/comments?post=1789"}],"wp:featuredmedia":[{"embeddable":true,"href":"https:\/\/www.stanleypackage.com\/es\/wp-json\/wp\/v2\/media\/1790"}],"wp:attachment":[{"href":"https:\/\/www.stanleypackage.com\/es\/wp-json\/wp\/v2\/media?parent=1789"}],"wp:term":[{"taxonomy":"product_brand","embeddable":true,"href":"https:\/\/www.stanleypackage.com\/es\/wp-json\/wp\/v2\/product_brand?post=1789"},{"taxonomy":"product_cat","embeddable":true,"href":"https:\/\/www.stanleypackage.com\/es\/wp-json\/wp\/v2\/product_cat?post=1789"},{"taxonomy":"product_tag","embeddable":true,"href":"https:\/\/www.stanleypackage.com\/es\/wp-json\/wp\/v2\/product_tag?post=1789"}],"curies":[{"name":"wp","href":"https:\/\/api.w.org\/{rel}","templated":true}]}}