{"id":2248,"date":"2025-06-17T09:39:06","date_gmt":"2025-06-17T09:39:06","guid":{"rendered":"https:\/\/www.stanleypackage.com\/?post_type=product&#038;p=2248"},"modified":"2025-06-17T10:00:31","modified_gmt":"2025-06-17T10:00:31","slug":"custom-shaped-pouches","status":"publish","type":"product","link":"https:\/\/www.stanleypackage.com\/es\/product\/custom-shaped-pouches\/","title":{"rendered":"OEM bolsas de forma personalizada al por mayor con cepillos de l\u00e1piz labial"},"content":{"rendered":"<div class=\"wp-block-columns is-layout-flex wp-container-core-columns-is-layout-9d6595d7 wp-block-columns-is-layout-flex\">\n<div class=\"wp-block-column is-layout-flow wp-block-column-is-layout-flow\">\n<h2 class=\"wp-block-heading\">Caracter\u00edsticas de las bolsas personalizadas<\/h2>\n\n\n\n<ul class=\"wp-block-list\">\n<li><strong>Cabezal de cepillado y boquilla integrados, c\u00f3modos y pr\u00e1cticos:<\/strong> Nuestras bolsas de forma personalizada integran de forma innovadora la estructura del cepillo labial y la boquilla, lo que permite a los usuarios controlar con precisi\u00f3n la cantidad y el rango de aplicaci\u00f3n, y mejora la comodidad y la experiencia de uso del producto.<\/li>\n\n\n\n<li><strong>Materiales multicapa de alta calidad para proteger el contenido: <\/strong>Estas bolsas para barras de labios al por mayor utilizan material compuesto de alta barrera PET12\/VMPET12\/PE115, que es eficazmente a prueba de humedad y antioxidante, garantizando que el contenido est\u00e9 fresco y seguro durante mucho tiempo.<\/li>\n\n\n\n<li><strong>Adecuado para una gran variedad de productos pastosos y fluidos:<\/strong> Estas bolsas con forma personalizada y pinceles son adecuadas para una gran variedad de cosm\u00e9ticos l\u00edquidos y en pasta, como pintalabios, b\u00e1lsamo labial, colorete l\u00edquido, etc., para satisfacer las necesidades de envasado de diferentes categor\u00edas de cosm\u00e9ticos.<\/li>\n\n\n\n<li><strong>Impresi\u00f3n de alta precisi\u00f3n, fuerte impacto visual: <\/strong>Nuestras bolsas para barras de labios al por mayor admiten impresi\u00f3n en huecograbado a doble cara, esquema de impresi\u00f3n de hasta 10 colores, patrones claros y delicados, colores brillantes y llenos, para satisfacer las necesidades visuales de los cosm\u00e9ticos de gama alta.<\/li>\n\n\n\n<li><strong>Forma profesional personalizada, mejora el reconocimiento de la marca:<\/strong> Nuestras bolsas con formas personalizadas admiten la personalizaci\u00f3n de bolsas OEM, pueden dise\u00f1arse seg\u00fan las necesidades de la marca, tienen un aspecto \u00fanico, atraen eficazmente la atenci\u00f3n del consumidor y mejoran el rendimiento en los estantes.<\/li>\n<\/ul>\n\n\n\n<div class=\"wp-block-columns is-layout-flex wp-container-core-columns-is-layout-9d6595d7 wp-block-columns-is-layout-flex\">\n<div class=\"wp-block-column is-layout-flow wp-block-column-is-layout-flow\">\n<figure class=\"wp-block-image size-full\"><img decoding=\"async\" width=\"750\" height=\"750\" src=\"https:\/\/www.stanleypackage.com\/wp-content\/uploads\/2025\/06\/OEM-Custom-Shaped-Pouches-Wholesale-With-Lipstick-Brush-4.webp\" alt=\"OEM personalizado en forma de bolsas al por mayor con cepillo de l\u00e1piz labial-4\" class=\"wp-image-2252\" srcset=\"https:\/\/www.stanleypackage.com\/wp-content\/uploads\/2025\/06\/OEM-Custom-Shaped-Pouches-Wholesale-With-Lipstick-Brush-4.webp 750w, https:\/\/www.stanleypackage.com\/wp-content\/uploads\/2025\/06\/OEM-Custom-Shaped-Pouches-Wholesale-With-Lipstick-Brush-4-300x300.webp 300w, https:\/\/www.stanleypackage.com\/wp-content\/uploads\/2025\/06\/OEM-Custom-Shaped-Pouches-Wholesale-With-Lipstick-Brush-4-150x150.webp 150w, https:\/\/www.stanleypackage.com\/wp-content\/uploads\/2025\/06\/OEM-Custom-Shaped-Pouches-Wholesale-With-Lipstick-Brush-4-12x12.webp 12w, https:\/\/www.stanleypackage.com\/wp-content\/uploads\/2025\/06\/OEM-Custom-Shaped-Pouches-Wholesale-With-Lipstick-Brush-4-600x600.webp 600w, https:\/\/www.stanleypackage.com\/wp-content\/uploads\/2025\/06\/OEM-Custom-Shaped-Pouches-Wholesale-With-Lipstick-Brush-4-100x100.webp 100w\" sizes=\"(max-width: 750px) 100vw, 750px\" \/><\/figure>\n<\/div>\n\n\n\n<div class=\"wp-block-column is-layout-flow wp-block-column-is-layout-flow\">\n<figure class=\"wp-block-image size-full\"><img decoding=\"async\" width=\"750\" height=\"750\" src=\"https:\/\/www.stanleypackage.com\/wp-content\/uploads\/2025\/06\/OEM-Custom-Shaped-Pouches-Wholesale-With-Lipstick-Brush-6.webp\" alt=\"OEM personalizado en forma de bolsas al por mayor con cepillo de l\u00e1piz labial-6\" class=\"wp-image-2254\" srcset=\"https:\/\/www.stanleypackage.com\/wp-content\/uploads\/2025\/06\/OEM-Custom-Shaped-Pouches-Wholesale-With-Lipstick-Brush-6.webp 750w, https:\/\/www.stanleypackage.com\/wp-content\/uploads\/2025\/06\/OEM-Custom-Shaped-Pouches-Wholesale-With-Lipstick-Brush-6-300x300.webp 300w, https:\/\/www.stanleypackage.com\/wp-content\/uploads\/2025\/06\/OEM-Custom-Shaped-Pouches-Wholesale-With-Lipstick-Brush-6-150x150.webp 150w, https:\/\/www.stanleypackage.com\/wp-content\/uploads\/2025\/06\/OEM-Custom-Shaped-Pouches-Wholesale-With-Lipstick-Brush-6-12x12.webp 12w, https:\/\/www.stanleypackage.com\/wp-content\/uploads\/2025\/06\/OEM-Custom-Shaped-Pouches-Wholesale-With-Lipstick-Brush-6-600x600.webp 600w, https:\/\/www.stanleypackage.com\/wp-content\/uploads\/2025\/06\/OEM-Custom-Shaped-Pouches-Wholesale-With-Lipstick-Brush-6-100x100.webp 100w\" sizes=\"(max-width: 750px) 100vw, 750px\" \/><\/figure>\n<\/div>\n<\/div>\n<\/div>\n<\/div>","protected":false},"excerpt":{"rendered":"<p>Bienvenido a las bolsas con formas personalizadas. Esta bolsa con forma de barra de labios al por mayor est\u00e1 hecha de material compuesto de alta barrera, equipada con una boquilla y una cabeza de cepillo, adecuada para barra de labios, b\u00e1lsamo labial, colorete l\u00edquido y otros productos, compatible con impresi\u00f3n multicolor de doble cara.<\/p>\n<table style=\"border-collapse: collapse; width: 365.02pt;\" border=\"0\" width=\"365\" cellspacing=\"0\" cellpadding=\"0\">\n<tbody>\n<tr style=\"height: 16.00pt;\">\n<td class=\"et2\" style=\"height: 16.00pt; width: 97.50pt;\" width=\"97\" height=\"16\">Fabricante<\/td>\n<td class=\"et2\" style=\"width: 267.50pt;\" width=\"267\">Stanley<\/td>\n<\/tr>\n<tr style=\"height: 16.00pt;\">\n<td class=\"et2\" style=\"height: 16.00pt; width: 97.50pt;\" width=\"97\" height=\"16\">Tipos de bolsas<\/td>\n<td class=\"et3\">Bolsa con forma, Bolsa con pico y cepillo<\/td>\n<\/tr>\n<tr style=\"height: 16.00pt;\">\n<td class=\"et2\" style=\"height: 16.00pt; width: 97.50pt;\" width=\"97\" height=\"16\">Material<\/td>\n<td class=\"et2\" style=\"width: 267.50pt;\" width=\"267\">PET12\/VMPET12\/PE115<\/td>\n<\/tr>\n<tr style=\"height: 16.00pt;\">\n<td class=\"et2\" style=\"height: 16.00pt; width: 97.50pt;\" width=\"97\" height=\"16\">Reportaje especial<\/td>\n<td class=\"et2\" style=\"width: 267.50pt;\" width=\"267\">Boquilla, cepillo, forma irregular<\/td>\n<\/tr>\n<tr style=\"height: 16.00pt;\">\n<td class=\"et2\" style=\"height: 16.00pt; width: 97.50pt;\" width=\"97\" height=\"16\">Manipulaci\u00f3n de superficies<\/td>\n<td class=\"et2\" style=\"width: 267.50pt;\" width=\"267\">Impresi\u00f3n en huecograbado<\/td>\n<\/tr>\n<tr style=\"height: 16.00pt;\">\n<td class=\"et2\" style=\"height: 16.00pt; width: 97.50pt;\" width=\"97\" height=\"16\">Color<\/td>\n<td class=\"et2\" style=\"width: 267.50pt;\" width=\"267\">Impresi\u00f3n a doble cara, hasta 10 colores<\/td>\n<\/tr>\n<tr style=\"height: 16.00pt;\">\n<td class=\"et2\" style=\"height: 16.00pt; width: 97.50pt;\" width=\"97\" height=\"16\">Utilizaci\u00f3n<\/td>\n<td class=\"et2\" style=\"width: 267.50pt;\" width=\"267\">Barra de labios, b\u00e1lsamo labial, colorete l\u00edquido<\/td>\n<\/tr>\n<tr style=\"height: 16.00pt;\">\n<td class=\"et2\" style=\"height: 16.00pt; width: 97.50pt;\" width=\"97\" height=\"16\">MOQ<\/td>\n<td class=\"et2\" style=\"width: 267.50pt;\" width=\"267\">50.000 unidades<\/td>\n<\/tr>\n<tr style=\"height: 16.00pt;\">\n<td class=\"et2\" style=\"height: 16.00pt; width: 97.50pt;\" width=\"97\" height=\"16\">Pedido a medida<\/td>\n<td class=\"et2\" style=\"width: 267.50pt;\" width=\"267\">Aceptamos OEM y ODM, Muestras gratuitas<\/td>\n<\/tr>\n<\/tbody>\n<\/table>\n<p>&nbsp;<\/p>","protected":false},"featured_media":2251,"comment_status":"closed","ping_status":"closed","template":"","meta":{"_acf_changed":false},"product_brand":[],"product_cat":[32,22],"product_tag":[],"class_list":{"0":"post-2248","1":"product","2":"type-product","3":"status-publish","4":"has-post-thumbnail","6":"product_cat-spout-pouch-manufacturer","7":"product_cat-shaped-pouches-factory","8":"pa_non-food-packaging-cosmetic-packaging-pouches","10":"first","11":"instock","12":"shipping-taxable","13":"product-type-simple"},"acf":[],"_links":{"self":[{"href":"https:\/\/www.stanleypackage.com\/es\/wp-json\/wp\/v2\/product\/2248","targetHints":{"allow":["GET"]}}],"collection":[{"href":"https:\/\/www.stanleypackage.com\/es\/wp-json\/wp\/v2\/product"}],"about":[{"href":"https:\/\/www.stanleypackage.com\/es\/wp-json\/wp\/v2\/types\/product"}],"replies":[{"embeddable":true,"href":"https:\/\/www.stanleypackage.com\/es\/wp-json\/wp\/v2\/comments?post=2248"}],"wp:featuredmedia":[{"embeddable":true,"href":"https:\/\/www.stanleypackage.com\/es\/wp-json\/wp\/v2\/media\/2251"}],"wp:attachment":[{"href":"https:\/\/www.stanleypackage.com\/es\/wp-json\/wp\/v2\/media?parent=2248"}],"wp:term":[{"taxonomy":"product_brand","embeddable":true,"href":"https:\/\/www.stanleypackage.com\/es\/wp-json\/wp\/v2\/product_brand?post=2248"},{"taxonomy":"product_cat","embeddable":true,"href":"https:\/\/www.stanleypackage.com\/es\/wp-json\/wp\/v2\/product_cat?post=2248"},{"taxonomy":"product_tag","embeddable":true,"href":"https:\/\/www.stanleypackage.com\/es\/wp-json\/wp\/v2\/product_tag?post=2248"}],"curies":[{"name":"wp","href":"https:\/\/api.w.org\/{rel}","templated":true}]}}