{"id":2255,"date":"2025-06-18T08:45:39","date_gmt":"2025-06-18T08:45:39","guid":{"rendered":"https:\/\/www.stanleypackage.com\/?post_type=product&#038;p=2255"},"modified":"2025-06-18T09:13:39","modified_gmt":"2025-06-18T09:13:39","slug":"wholesale-flexible-packaging","status":"publish","type":"product","link":"https:\/\/www.stanleypackage.com\/es\/product\/wholesale-flexible-packaging\/","title":{"rendered":"Embalaje flexible con cepillo para m\u00e1scara de pesta\u00f1as al por mayor con forma OEM"},"content":{"rendered":"<div class=\"wp-block-columns is-layout-flex wp-container-core-columns-is-layout-9d6595d7 wp-block-columns-is-layout-flex\">\n<div class=\"wp-block-column is-layout-flow wp-block-column-is-layout-flow\">\n<h2 class=\"wp-block-heading\">Caracter\u00edsticas de los envases flexibles al por mayor<\/h2>\n\n\n\n<ul class=\"wp-block-list\">\n<li><strong>Dise\u00f1o de cabezal de cepillado integrado, f\u00e1cil de usar: <\/strong>Este envase flexible al por mayor lleva incorporado un cepillo para pesta\u00f1as o un cepillo para tinte de cejas, lo que elimina accesorios adicionales, resulta c\u00f3modo para que los consumidores lo apliquen directamente y mejora la experiencia del usuario.<\/li>\n\n\n\n<li><strong>Admite bolsas personalizadas con formas especiales para mejorar el reconocimiento: <\/strong>Nuestras bolsas personalizadas para envases de cosm\u00e9ticos se pueden personalizar de forma flexible con formas irregulares, que se pueden personalizar seg\u00fan los requisitos de la marca para mejorar la singularidad y la competitividad del producto en el mercado.<\/li>\n\n\n\n<li><strong>Estructura compuesta de tres capas, fuerte rendimiento de barrera: <\/strong>Este envase flexible al por mayor adopta una estructura de material PET12\/VMPET12\/PE115, que bloquea eficazmente el aire y la luz y protege la calidad estable de la pasta.<\/li>\n\n\n\n<li><strong>Impresi\u00f3n a doble cara de alta calidad, que resalta la imagen de marca: <\/strong>Nuestra bolsa para envases de cosm\u00e9ticos personalizados adopta la impresi\u00f3n en huecograbado, con alta precisi\u00f3n, admite hasta 10 colores, y patrones brillantes, adecuados para la exhibici\u00f3n de envases de cosm\u00e9ticos de alta gama.<\/li>\n\n\n\n<li><strong>Adecuado para una gran variedad de cosm\u00e9ticos fluidos y en pasta: <\/strong>Este envase flexible al por mayor es adecuado para m\u00e1scara de pesta\u00f1as, gel para cejas y otros productos en pasta, teniendo en cuenta tanto la funcionalidad como la est\u00e9tica del envase para satisfacer aplicaciones de m\u00faltiples escenarios.<\/li>\n<\/ul>\n\n\n\n<div class=\"wp-block-columns is-layout-flex wp-container-core-columns-is-layout-9d6595d7 wp-block-columns-is-layout-flex\">\n<div class=\"wp-block-column is-layout-flow wp-block-column-is-layout-flow\">\n<figure class=\"wp-block-image size-full\"><img decoding=\"async\" width=\"750\" height=\"750\" src=\"https:\/\/www.stanleypackage.com\/wp-content\/uploads\/2025\/06\/OEM-Shape-Wholesale-Flexible-Packaging-with-Mascara-Brush-3.webp\" alt=\"Embalaje flexible al por mayor con forma OEM y cepillo para m\u00e1scara de pesta\u00f1as-3\" class=\"wp-image-2258\" srcset=\"https:\/\/www.stanleypackage.com\/wp-content\/uploads\/2025\/06\/OEM-Shape-Wholesale-Flexible-Packaging-with-Mascara-Brush-3.webp 750w, https:\/\/www.stanleypackage.com\/wp-content\/uploads\/2025\/06\/OEM-Shape-Wholesale-Flexible-Packaging-with-Mascara-Brush-3-300x300.webp 300w, https:\/\/www.stanleypackage.com\/wp-content\/uploads\/2025\/06\/OEM-Shape-Wholesale-Flexible-Packaging-with-Mascara-Brush-3-150x150.webp 150w, https:\/\/www.stanleypackage.com\/wp-content\/uploads\/2025\/06\/OEM-Shape-Wholesale-Flexible-Packaging-with-Mascara-Brush-3-12x12.webp 12w, https:\/\/www.stanleypackage.com\/wp-content\/uploads\/2025\/06\/OEM-Shape-Wholesale-Flexible-Packaging-with-Mascara-Brush-3-600x600.webp 600w, https:\/\/www.stanleypackage.com\/wp-content\/uploads\/2025\/06\/OEM-Shape-Wholesale-Flexible-Packaging-with-Mascara-Brush-3-100x100.webp 100w\" sizes=\"(max-width: 750px) 100vw, 750px\" \/><\/figure>\n<\/div>\n\n\n\n<div class=\"wp-block-column is-layout-flow wp-block-column-is-layout-flow\">\n<figure class=\"wp-block-image size-full\"><img decoding=\"async\" width=\"750\" height=\"750\" src=\"https:\/\/www.stanleypackage.com\/wp-content\/uploads\/2025\/06\/OEM-Shape-Wholesale-Flexible-Packaging-with-Mascara-Brush-2.webp\" alt=\"Embalaje flexible al por mayor con forma OEM y cepillo para m\u00e1scara de pesta\u00f1as-2\" class=\"wp-image-2257\" srcset=\"https:\/\/www.stanleypackage.com\/wp-content\/uploads\/2025\/06\/OEM-Shape-Wholesale-Flexible-Packaging-with-Mascara-Brush-2.webp 750w, https:\/\/www.stanleypackage.com\/wp-content\/uploads\/2025\/06\/OEM-Shape-Wholesale-Flexible-Packaging-with-Mascara-Brush-2-300x300.webp 300w, https:\/\/www.stanleypackage.com\/wp-content\/uploads\/2025\/06\/OEM-Shape-Wholesale-Flexible-Packaging-with-Mascara-Brush-2-150x150.webp 150w, https:\/\/www.stanleypackage.com\/wp-content\/uploads\/2025\/06\/OEM-Shape-Wholesale-Flexible-Packaging-with-Mascara-Brush-2-12x12.webp 12w, https:\/\/www.stanleypackage.com\/wp-content\/uploads\/2025\/06\/OEM-Shape-Wholesale-Flexible-Packaging-with-Mascara-Brush-2-600x600.webp 600w, https:\/\/www.stanleypackage.com\/wp-content\/uploads\/2025\/06\/OEM-Shape-Wholesale-Flexible-Packaging-with-Mascara-Brush-2-100x100.webp 100w\" sizes=\"(max-width: 750px) 100vw, 750px\" \/><\/figure>\n<\/div>\n<\/div>\n<\/div>\n<\/div>","protected":false},"excerpt":{"rendered":"<p>Bienvenido a la compra al por mayor de envases flexibles. Esta bolsa de envasado de cosm\u00e9ticos personalizados combina una boquilla y un dise\u00f1o de cepillo de pesta\u00f1as, y adopta un material compuesto de alta barrera, que es ampliamente utilizado en productos cosm\u00e9ticos tales como tintes de cejas y r\u00edmel.<\/p>\n<table style=\"border-collapse: collapse; width: 365.02pt;\" border=\"0\" width=\"365\" cellspacing=\"0\" cellpadding=\"0\">\n<tbody>\n<tr style=\"height: 16.00pt;\">\n<td class=\"et2\" style=\"height: 16.00pt; width: 97.50pt;\" width=\"97\" height=\"16\">Fabricante<\/td>\n<td class=\"et2\" style=\"width: 267.50pt;\" width=\"267\">Stanley<\/td>\n<\/tr>\n<tr style=\"height: 16.00pt;\">\n<td class=\"et2\" style=\"height: 16.00pt; width: 97.50pt;\" width=\"97\" height=\"16\">Tipos de bolsas<\/td>\n<td class=\"et3\">Bolsa con forma, Bolsa con pico y cepillo<\/td>\n<\/tr>\n<tr style=\"height: 16.00pt;\">\n<td class=\"et2\" style=\"height: 16.00pt; width: 97.50pt;\" width=\"97\" height=\"16\">Material<\/td>\n<td class=\"et2\" style=\"width: 267.50pt;\" width=\"267\">PET12\/VMPET12\/PE115<\/td>\n<\/tr>\n<tr style=\"height: 16.00pt;\">\n<td class=\"et2\" style=\"height: 16.00pt; width: 97.50pt;\" width=\"97\" height=\"16\">Reportaje especial<\/td>\n<td class=\"et2\" style=\"width: 267.50pt;\" width=\"267\">Boquilla, cepillo para r\u00edmel, forma irregular<\/td>\n<\/tr>\n<tr style=\"height: 16.00pt;\">\n<td class=\"et2\" style=\"height: 16.00pt; width: 97.50pt;\" width=\"97\" height=\"16\">Manipulaci\u00f3n de superficies<\/td>\n<td class=\"et2\" style=\"width: 267.50pt;\" width=\"267\">Impresi\u00f3n en huecograbado<\/td>\n<\/tr>\n<tr style=\"height: 16.00pt;\">\n<td class=\"et2\" style=\"height: 16.00pt; width: 97.50pt;\" width=\"97\" height=\"16\">Color<\/td>\n<td class=\"et2\" style=\"width: 267.50pt;\" width=\"267\">Impresi\u00f3n a doble cara, hasta 10 colores<\/td>\n<\/tr>\n<tr style=\"height: 16.00pt;\">\n<td class=\"et2\" style=\"height: 16.00pt; width: 97.50pt;\" width=\"97\" height=\"16\">Utilizaci\u00f3n<\/td>\n<td class=\"et2\" style=\"width: 267.50pt;\" width=\"267\">M\u00e1scara de pesta\u00f1as, Gel para cejas<\/td>\n<\/tr>\n<tr style=\"height: 16.00pt;\">\n<td class=\"et2\" style=\"height: 16.00pt; width: 97.50pt;\" width=\"97\" height=\"16\">MOQ<\/td>\n<td class=\"et2\" style=\"width: 267.50pt;\" width=\"267\">50.000 unidades<\/td>\n<\/tr>\n<tr style=\"height: 16.00pt;\">\n<td class=\"et2\" style=\"height: 16.00pt; width: 97.50pt;\" width=\"97\" height=\"16\">Pedido a medida<\/td>\n<td class=\"et2\" style=\"width: 267.50pt;\" width=\"267\">Aceptamos OEM y ODM, Muestras gratuitas<\/td>\n<\/tr>\n<\/tbody>\n<\/table>\n<p>&nbsp;<\/p>\n<p>&nbsp;<\/p>","protected":false},"featured_media":2259,"comment_status":"closed","ping_status":"closed","template":"","meta":{"_acf_changed":false},"product_brand":[],"product_cat":[32,22],"product_tag":[],"class_list":{"0":"post-2255","1":"product","2":"type-product","3":"status-publish","4":"has-post-thumbnail","6":"product_cat-spout-pouch-manufacturer","7":"product_cat-shaped-pouches-factory","8":"pa_non-food-packaging-cosmetic-packaging-pouches","10":"first","11":"instock","12":"shipping-taxable","13":"product-type-simple"},"acf":[],"_links":{"self":[{"href":"https:\/\/www.stanleypackage.com\/es\/wp-json\/wp\/v2\/product\/2255","targetHints":{"allow":["GET"]}}],"collection":[{"href":"https:\/\/www.stanleypackage.com\/es\/wp-json\/wp\/v2\/product"}],"about":[{"href":"https:\/\/www.stanleypackage.com\/es\/wp-json\/wp\/v2\/types\/product"}],"replies":[{"embeddable":true,"href":"https:\/\/www.stanleypackage.com\/es\/wp-json\/wp\/v2\/comments?post=2255"}],"wp:featuredmedia":[{"embeddable":true,"href":"https:\/\/www.stanleypackage.com\/es\/wp-json\/wp\/v2\/media\/2259"}],"wp:attachment":[{"href":"https:\/\/www.stanleypackage.com\/es\/wp-json\/wp\/v2\/media?parent=2255"}],"wp:term":[{"taxonomy":"product_brand","embeddable":true,"href":"https:\/\/www.stanleypackage.com\/es\/wp-json\/wp\/v2\/product_brand?post=2255"},{"taxonomy":"product_cat","embeddable":true,"href":"https:\/\/www.stanleypackage.com\/es\/wp-json\/wp\/v2\/product_cat?post=2255"},{"taxonomy":"product_tag","embeddable":true,"href":"https:\/\/www.stanleypackage.com\/es\/wp-json\/wp\/v2\/product_tag?post=2255"}],"curies":[{"name":"wp","href":"https:\/\/api.w.org\/{rel}","templated":true}]}}