{"id":2261,"date":"2025-06-18T09:14:11","date_gmt":"2025-06-18T09:14:11","guid":{"rendered":"https:\/\/www.stanleypackage.com\/?post_type=product&#038;p=2261"},"modified":"2025-06-18T09:31:12","modified_gmt":"2025-06-18T09:31:12","slug":"custom-printed-spout-pouches","status":"publish","type":"product","link":"https:\/\/www.stanleypackage.com\/es\/product\/custom-printed-spout-pouches\/","title":{"rendered":"Mayorista Bolsas con boquilla para base de maquillaje l\u00edquida con impresi\u00f3n personalizada"},"content":{"rendered":"<div class=\"wp-block-columns is-layout-flex wp-container-core-columns-is-layout-9d6595d7 wp-block-columns-is-layout-flex\">\n<div class=\"wp-block-column is-layout-flow wp-block-column-is-layout-flow\">\n<h2 class=\"wp-block-heading\">Caracter\u00edsticas de las bolsas con boquilla impresas a medida<\/h2>\n\n\n\n<ul class=\"wp-block-list\">\n<li><strong>Dise\u00f1ado para bases de maquillaje l\u00edquidas, sellado y a prueba de fugas:<\/strong> El dise\u00f1o de la boquilla de estas bolsas con boquilla impresas a medida se combina con una estructura compuesta de alta barrera para evitar las fugas y la oxidaci\u00f3n, y proteger la textura del producto para que sea estable y duradera.<\/li>\n\n\n\n<li><strong>Admite la personalizaci\u00f3n con formas especiales para resaltar la personalidad de la marca:<\/strong> Nuestras bolsas con boquilla al por mayor pueden personalizarse con formas de bolsa irregulares seg\u00fan las necesidades visuales de la marca para mejorar el reconocimiento del producto y su atractivo en el mercado.<\/li>\n\n\n\n<li><strong>Impresi\u00f3n de alta calidad, efectos visuales excepcionales: <\/strong>Nuestras bolsas con pico impresas a medida admiten la impresi\u00f3n en huecograbado a doble cara, admiten hasta 10 colores, con patrones claros y brillantes, adecuados para el dise\u00f1o detallado de envases de cosm\u00e9ticos.<\/li>\n\n\n\n<li><strong>Se dispone de una gran variedad de procesos de superficie, con tacto avanzado: <\/strong>Se pueden seleccionar efectos de impresi\u00f3n especiales como UV, mate y brillante para las bolsas de boquilla al por mayor, con el fin de satisfacer diferentes requisitos de estilo y textura y ayudar a crear una imagen de alta gama.<\/li>\n\n\n\n<li><strong>Ligero, f\u00e1cil de transportar:<\/strong> Estas bolsas con boquilla impresas a medida son ligeras y port\u00e1tiles, adecuadas para envases de prueba, envases port\u00e1tiles y entrega de muestras de comercio electr\u00f3nico, lo que reduce los costes de transporte y exposici\u00f3n.<\/li>\n<\/ul>\n\n\n\n<div class=\"wp-block-columns is-layout-flex wp-container-core-columns-is-layout-9d6595d7 wp-block-columns-is-layout-flex\">\n<div class=\"wp-block-column is-layout-flow wp-block-column-is-layout-flow\">\n<figure class=\"wp-block-image size-full\"><img decoding=\"async\" width=\"750\" height=\"750\" src=\"https:\/\/www.stanleypackage.com\/wp-content\/uploads\/2025\/06\/Wholesale-Custom-Printed-Spout-Pouches-For-Liquid-Foundation-2.webp\" alt=\"Mayorista Bolsas con boquilla para base de maquillaje l\u00edquida-2 con impresi\u00f3n personalizada\" class=\"wp-image-2263\" srcset=\"https:\/\/www.stanleypackage.com\/wp-content\/uploads\/2025\/06\/Wholesale-Custom-Printed-Spout-Pouches-For-Liquid-Foundation-2.webp 750w, https:\/\/www.stanleypackage.com\/wp-content\/uploads\/2025\/06\/Wholesale-Custom-Printed-Spout-Pouches-For-Liquid-Foundation-2-300x300.webp 300w, https:\/\/www.stanleypackage.com\/wp-content\/uploads\/2025\/06\/Wholesale-Custom-Printed-Spout-Pouches-For-Liquid-Foundation-2-150x150.webp 150w, https:\/\/www.stanleypackage.com\/wp-content\/uploads\/2025\/06\/Wholesale-Custom-Printed-Spout-Pouches-For-Liquid-Foundation-2-12x12.webp 12w, https:\/\/www.stanleypackage.com\/wp-content\/uploads\/2025\/06\/Wholesale-Custom-Printed-Spout-Pouches-For-Liquid-Foundation-2-600x600.webp 600w, https:\/\/www.stanleypackage.com\/wp-content\/uploads\/2025\/06\/Wholesale-Custom-Printed-Spout-Pouches-For-Liquid-Foundation-2-100x100.webp 100w\" sizes=\"(max-width: 750px) 100vw, 750px\" \/><\/figure>\n<\/div>\n\n\n\n<div class=\"wp-block-column is-layout-flow wp-block-column-is-layout-flow\">\n<figure class=\"wp-block-image size-full\"><img decoding=\"async\" width=\"750\" height=\"750\" src=\"https:\/\/www.stanleypackage.com\/wp-content\/uploads\/2025\/06\/Wholesale-Custom-Printed-Spout-Pouches-For-Liquid-Foundation-3.webp\" alt=\"Mayorista Bolsas con boquilla para base de maquillaje l\u00edquida-3 con impresi\u00f3n personalizada\" class=\"wp-image-2264\" srcset=\"https:\/\/www.stanleypackage.com\/wp-content\/uploads\/2025\/06\/Wholesale-Custom-Printed-Spout-Pouches-For-Liquid-Foundation-3.webp 750w, https:\/\/www.stanleypackage.com\/wp-content\/uploads\/2025\/06\/Wholesale-Custom-Printed-Spout-Pouches-For-Liquid-Foundation-3-300x300.webp 300w, https:\/\/www.stanleypackage.com\/wp-content\/uploads\/2025\/06\/Wholesale-Custom-Printed-Spout-Pouches-For-Liquid-Foundation-3-150x150.webp 150w, https:\/\/www.stanleypackage.com\/wp-content\/uploads\/2025\/06\/Wholesale-Custom-Printed-Spout-Pouches-For-Liquid-Foundation-3-12x12.webp 12w, https:\/\/www.stanleypackage.com\/wp-content\/uploads\/2025\/06\/Wholesale-Custom-Printed-Spout-Pouches-For-Liquid-Foundation-3-600x600.webp 600w, https:\/\/www.stanleypackage.com\/wp-content\/uploads\/2025\/06\/Wholesale-Custom-Printed-Spout-Pouches-For-Liquid-Foundation-3-100x100.webp 100w\" sizes=\"(max-width: 750px) 100vw, 750px\" \/><\/figure>\n<\/div>\n<\/div>\n<\/div>\n<\/div>","protected":false},"excerpt":{"rendered":"<p>Bienvenido a comprar bolsas con boquilla al por mayor. Nuestras bolsas de pico impresas personalizadas est\u00e1n dise\u00f1adas para la base l\u00edquida, utilizando materiales compuestos de alta barrera, y las formas irregulares de la bolsa admiten la personalizaci\u00f3n OEM, satisfaciendo las necesidades duales de las marcas de cosm\u00e9ticos de gama alta para la funci\u00f3n y la apariencia del embalaje.<\/p>\n<table style=\"border-collapse: collapse; width: 365.02pt;\" border=\"0\" width=\"365\" cellspacing=\"0\" cellpadding=\"0\">\n<tbody>\n<tr style=\"height: 16.00pt;\">\n<td class=\"et2\" style=\"height: 16.00pt; width: 97.50pt;\" width=\"97\" height=\"16\">Fabricante<\/td>\n<td class=\"et2\" style=\"width: 267.50pt;\" width=\"267\">Stanley<\/td>\n<\/tr>\n<tr style=\"height: 16.00pt;\">\n<td class=\"et2\" style=\"height: 16.00pt; width: 97.50pt;\" width=\"97\" height=\"16\">Tipos de bolsas<\/td>\n<td class=\"et3\">Bolsa con forma, Bolsa con pico<\/td>\n<\/tr>\n<tr style=\"height: 16.00pt;\">\n<td class=\"et2\" style=\"height: 16.00pt; width: 97.50pt;\" width=\"97\" height=\"16\">Material<\/td>\n<td class=\"et2\" style=\"width: 267.50pt;\" width=\"267\">PET12\/VMPET12\/PE115<\/td>\n<\/tr>\n<tr style=\"height: 16.00pt;\">\n<td class=\"et2\" style=\"height: 16.00pt; width: 97.50pt;\" width=\"97\" height=\"16\">Reportaje especial<\/td>\n<td class=\"et2\" style=\"width: 267.50pt;\" width=\"267\">Boquilla, forma irregular<\/td>\n<\/tr>\n<tr style=\"height: 16.00pt;\">\n<td class=\"et2\" style=\"height: 16.00pt; width: 97.50pt;\" width=\"97\" height=\"16\">Manipulaci\u00f3n de superficies<\/td>\n<td class=\"et2\" style=\"width: 267.50pt;\" width=\"267\">Impresi\u00f3n en huecograbado<\/td>\n<\/tr>\n<tr style=\"height: 16.00pt;\">\n<td class=\"et2\" style=\"height: 16.00pt; width: 97.50pt;\" width=\"97\" height=\"16\">Color<\/td>\n<td class=\"et2\" style=\"width: 267.50pt;\" width=\"267\">Impresi\u00f3n a doble cara, hasta 10 colores<\/td>\n<\/tr>\n<tr style=\"height: 16.00pt;\">\n<td class=\"et2\" style=\"height: 16.00pt; width: 97.50pt;\" width=\"97\" height=\"16\">Utilizaci\u00f3n<\/td>\n<td class=\"et2\" style=\"width: 267.50pt;\" width=\"267\">Base de maquillaje, Crema, Productos para el cuidado de la piel<\/td>\n<\/tr>\n<tr style=\"height: 16.00pt;\">\n<td class=\"et2\" style=\"height: 16.00pt; width: 97.50pt;\" width=\"97\" height=\"16\">MOQ<\/td>\n<td class=\"et2\" style=\"width: 267.50pt;\" width=\"267\">50.000 unidades<\/td>\n<\/tr>\n<tr style=\"height: 16.00pt;\">\n<td class=\"et2\" style=\"height: 16.00pt; width: 97.50pt;\" width=\"97\" height=\"16\">Pedido a medida<\/td>\n<td class=\"et2\" style=\"width: 267.50pt;\" width=\"267\">Aceptamos OEM y ODM, Muestras gratuitas<\/td>\n<\/tr>\n<\/tbody>\n<\/table>\n<p>&nbsp;<\/p>\n<p>&nbsp;<\/p>","protected":false},"featured_media":2262,"comment_status":"closed","ping_status":"closed","template":"","meta":{"_acf_changed":false},"product_brand":[],"product_cat":[32,22],"product_tag":[],"class_list":{"0":"post-2261","1":"product","2":"type-product","3":"status-publish","4":"has-post-thumbnail","6":"product_cat-spout-pouch-manufacturer","7":"product_cat-shaped-pouches-factory","8":"pa_non-food-packaging-cosmetic-packaging-pouches","10":"first","11":"instock","12":"shipping-taxable","13":"product-type-simple"},"acf":[],"_links":{"self":[{"href":"https:\/\/www.stanleypackage.com\/es\/wp-json\/wp\/v2\/product\/2261","targetHints":{"allow":["GET"]}}],"collection":[{"href":"https:\/\/www.stanleypackage.com\/es\/wp-json\/wp\/v2\/product"}],"about":[{"href":"https:\/\/www.stanleypackage.com\/es\/wp-json\/wp\/v2\/types\/product"}],"replies":[{"embeddable":true,"href":"https:\/\/www.stanleypackage.com\/es\/wp-json\/wp\/v2\/comments?post=2261"}],"wp:featuredmedia":[{"embeddable":true,"href":"https:\/\/www.stanleypackage.com\/es\/wp-json\/wp\/v2\/media\/2262"}],"wp:attachment":[{"href":"https:\/\/www.stanleypackage.com\/es\/wp-json\/wp\/v2\/media?parent=2261"}],"wp:term":[{"taxonomy":"product_brand","embeddable":true,"href":"https:\/\/www.stanleypackage.com\/es\/wp-json\/wp\/v2\/product_brand?post=2261"},{"taxonomy":"product_cat","embeddable":true,"href":"https:\/\/www.stanleypackage.com\/es\/wp-json\/wp\/v2\/product_cat?post=2261"},{"taxonomy":"product_tag","embeddable":true,"href":"https:\/\/www.stanleypackage.com\/es\/wp-json\/wp\/v2\/product_tag?post=2261"}],"curies":[{"name":"wp","href":"https:\/\/api.w.org\/{rel}","templated":true}]}}