{"id":2269,"date":"2025-06-18T09:33:59","date_gmt":"2025-06-18T09:33:59","guid":{"rendered":"https:\/\/www.stanleypackage.com\/?post_type=product&#038;p=2269"},"modified":"2025-06-18T09:46:05","modified_gmt":"2025-06-18T09:46:05","slug":"stand-up-pouches-wholesale","status":"publish","type":"product","link":"https:\/\/www.stanleypackage.com\/es\/product\/stand-up-pouches-wholesale\/","title":{"rendered":"Bolsas con boquilla al por mayor, Envasado de detergente l\u00edquido"},"content":{"rendered":"<div class=\"wp-block-columns is-layout-flex wp-container-core-columns-is-layout-9d6595d7 wp-block-columns-is-layout-flex\">\n<div class=\"wp-block-column is-layout-flow wp-block-column-is-layout-flow\">\n<h2 class=\"wp-block-heading\">Caracter\u00edsticas de Spout Stand Up Pouches al por mayor<\/h2>\n\n\n\n<ul class=\"wp-block-list\">\n<li><strong>F\u00e1cil de exponer y almacenar:<\/strong> El dise\u00f1o de estas bolsas de pie al por mayor con boquilla puede mantenerse en pie de forma estable, ocupando poco espacio, adecuado para el comercio electr\u00f3nico y la exhibici\u00f3n en los estantes de los supermercados, al tiempo que ahorra espacio de almacenamiento.<\/li>\n\n\n\n<li><strong>Material de alta barrera: <\/strong>Nuestros envases personalizados para detergentes l\u00edquidos utilizan material compuesto PET12\/BOPA15\/MBPE130, que proporciona una excelente resistencia a la humedad y la oxidaci\u00f3n, garantizando que los productos l\u00edquidos se mantengan frescos durante mucho tiempo.<\/li>\n\n\n\n<li><strong>Dise\u00f1o de boquilla de succi\u00f3n, uso c\u00f3modo:<\/strong> Nuestras bolsas de pie al por mayor combinan el dise\u00f1o de boquilla de succi\u00f3n, que es conveniente para el control preciso de la cantidad de vertido, reduce los residuos y mejora la experiencia del consumidor.<\/li>\n\n\n\n<li><strong>Personalizaci\u00f3n de impresi\u00f3n diversificada, mejora de la imagen de marca: <\/strong>Estos envases de detergente l\u00edquido al por mayor admiten la impresi\u00f3n personalizada, ofrecen ricas opciones de color y dise\u00f1o, ayudan a las marcas a destacar en el mercado y aumentan el reconocimiento de los productos por parte del consumidor.<\/li>\n\n\n\n<li><strong>Adecuado para envases de gran volumen: <\/strong>Estas bolsas de pie al por mayor con boquilla son adecuadas para envasar grandes vol\u00famenes. El material ecol\u00f3gico ayuda a reducir la contaminaci\u00f3n por pl\u00e1sticos. Al mismo tiempo, el dise\u00f1o de la bolsa es m\u00e1s ligero y port\u00e1til que las botellas tradicionales.<\/li>\n<\/ul>\n\n\n\n<div class=\"wp-block-columns is-layout-flex wp-container-core-columns-is-layout-9d6595d7 wp-block-columns-is-layout-flex\">\n<div class=\"wp-block-column is-layout-flow wp-block-column-is-layout-flow\">\n<figure class=\"wp-block-image size-full\"><img decoding=\"async\" width=\"750\" height=\"750\" src=\"https:\/\/www.stanleypackage.com\/wp-content\/uploads\/2025\/06\/Spout-Stand-Up-Pouches-Wholesale-Liquid-Detergent-Packaging-4.webp\" alt=\"Bolsas con boquilla al por mayor, envases para detergente l\u00edquido-4\" class=\"wp-image-2273\" srcset=\"https:\/\/www.stanleypackage.com\/wp-content\/uploads\/2025\/06\/Spout-Stand-Up-Pouches-Wholesale-Liquid-Detergent-Packaging-4.webp 750w, https:\/\/www.stanleypackage.com\/wp-content\/uploads\/2025\/06\/Spout-Stand-Up-Pouches-Wholesale-Liquid-Detergent-Packaging-4-300x300.webp 300w, https:\/\/www.stanleypackage.com\/wp-content\/uploads\/2025\/06\/Spout-Stand-Up-Pouches-Wholesale-Liquid-Detergent-Packaging-4-150x150.webp 150w, https:\/\/www.stanleypackage.com\/wp-content\/uploads\/2025\/06\/Spout-Stand-Up-Pouches-Wholesale-Liquid-Detergent-Packaging-4-12x12.webp 12w, https:\/\/www.stanleypackage.com\/wp-content\/uploads\/2025\/06\/Spout-Stand-Up-Pouches-Wholesale-Liquid-Detergent-Packaging-4-600x600.webp 600w, https:\/\/www.stanleypackage.com\/wp-content\/uploads\/2025\/06\/Spout-Stand-Up-Pouches-Wholesale-Liquid-Detergent-Packaging-4-100x100.webp 100w\" sizes=\"(max-width: 750px) 100vw, 750px\" \/><\/figure>\n<\/div>\n\n\n\n<div class=\"wp-block-column is-layout-flow wp-block-column-is-layout-flow\">\n<figure class=\"wp-block-image size-full\"><img decoding=\"async\" width=\"750\" height=\"750\" src=\"https:\/\/www.stanleypackage.com\/wp-content\/uploads\/2025\/06\/Spout-Stand-Up-Pouches-Wholesale-Liquid-Detergent-Packaging-1.webp\" alt=\"Envasado de Detergente L\u00edquido, Envasado de Detergente L\u00edquido, Envasado de Detergente L\u00edquido, Envasado de Detergente L\u00edquido-1\" class=\"wp-image-2270\" srcset=\"https:\/\/www.stanleypackage.com\/wp-content\/uploads\/2025\/06\/Spout-Stand-Up-Pouches-Wholesale-Liquid-Detergent-Packaging-1.webp 750w, https:\/\/www.stanleypackage.com\/wp-content\/uploads\/2025\/06\/Spout-Stand-Up-Pouches-Wholesale-Liquid-Detergent-Packaging-1-300x300.webp 300w, https:\/\/www.stanleypackage.com\/wp-content\/uploads\/2025\/06\/Spout-Stand-Up-Pouches-Wholesale-Liquid-Detergent-Packaging-1-150x150.webp 150w, https:\/\/www.stanleypackage.com\/wp-content\/uploads\/2025\/06\/Spout-Stand-Up-Pouches-Wholesale-Liquid-Detergent-Packaging-1-12x12.webp 12w, https:\/\/www.stanleypackage.com\/wp-content\/uploads\/2025\/06\/Spout-Stand-Up-Pouches-Wholesale-Liquid-Detergent-Packaging-1-600x600.webp 600w, https:\/\/www.stanleypackage.com\/wp-content\/uploads\/2025\/06\/Spout-Stand-Up-Pouches-Wholesale-Liquid-Detergent-Packaging-1-100x100.webp 100w\" sizes=\"(max-width: 750px) 100vw, 750px\" \/><\/figure>\n<\/div>\n<\/div>\n<\/div>\n<\/div>","protected":false},"excerpt":{"rendered":"<p>Bienvenido a comprar envases para detergente l\u00edquido. Estas bolsas de pie al por mayor con boquilla utilizan material compuesto de alta barrera, que tiene una buena resistencia a la compresi\u00f3n y un rendimiento a prueba de fugas. Est\u00e1 especialmente dise\u00f1ada para productos l\u00edquidos como detergentes l\u00edquidos, jabones l\u00edquidos, champ\u00fas, etc., y admite impresi\u00f3n personalizada.<\/p>\n<table style=\"border-collapse: collapse; width: 365.02pt;\" border=\"0\" width=\"365\" cellspacing=\"0\" cellpadding=\"0\">\n<tbody>\n<tr style=\"height: 16.00pt;\">\n<td class=\"et2\" style=\"height: 16.00pt; width: 97.50pt;\" width=\"97\" height=\"16\">Fabricante<\/td>\n<td class=\"et2\" style=\"width: 267.50pt;\" width=\"267\">Stanley<\/td>\n<\/tr>\n<tr style=\"height: 16.00pt;\">\n<td class=\"et2\" style=\"height: 16.00pt; width: 97.50pt;\" width=\"97\" height=\"16\">Tipos de bolsas<\/td>\n<td class=\"et3\">Bolsa de ca\u00f1o, Bolsa de pie<\/td>\n<\/tr>\n<tr style=\"height: 16.00pt;\">\n<td class=\"et2\" style=\"height: 16.00pt; width: 97.50pt;\" width=\"97\" height=\"16\">Material<\/td>\n<td class=\"et2\" style=\"width: 267.50pt;\" width=\"267\">PET12\/BOPA15\/MBPE130<\/td>\n<\/tr>\n<tr style=\"height: 16.00pt;\">\n<td class=\"et2\" style=\"height: 16.00pt; width: 97.50pt;\" width=\"97\" height=\"16\">Reportaje especial<\/td>\n<td class=\"et2\" style=\"width: 267.50pt;\" width=\"267\">Boquilla, Culote Levantado<\/td>\n<\/tr>\n<tr style=\"height: 16.00pt;\">\n<td class=\"et2\" style=\"height: 16.00pt; width: 97.50pt;\" width=\"97\" height=\"16\">Manipulaci\u00f3n de superficies<\/td>\n<td class=\"et2\" style=\"width: 267.50pt;\" width=\"267\">Impresi\u00f3n en huecograbado<\/td>\n<\/tr>\n<tr style=\"height: 16.00pt;\">\n<td class=\"et2\" style=\"height: 16.00pt; width: 97.50pt;\" width=\"97\" height=\"16\">Color<\/td>\n<td class=\"et2\" style=\"width: 267.50pt;\" width=\"267\">Impresi\u00f3n a doble cara, hasta 10 colores<\/td>\n<\/tr>\n<tr style=\"height: 16.00pt;\">\n<td class=\"et2\" style=\"height: 16.00pt; width: 97.50pt;\" width=\"97\" height=\"16\">Utilizaci\u00f3n<\/td>\n<td class=\"et2\" style=\"width: 267.50pt;\" width=\"267\">Detergente, jab\u00f3n l\u00edquido, gel de ducha, champ\u00fa<\/td>\n<\/tr>\n<tr style=\"height: 16.00pt;\">\n<td class=\"et2\" style=\"height: 16.00pt; width: 97.50pt;\" width=\"97\" height=\"16\">MOQ<\/td>\n<td class=\"et2\" style=\"width: 267.50pt;\" width=\"267\">50.000 unidades<\/td>\n<\/tr>\n<tr style=\"height: 16.00pt;\">\n<td class=\"et2\" style=\"height: 16.00pt; width: 97.50pt;\" width=\"97\" height=\"16\">Pedido a medida<\/td>\n<td class=\"et2\" style=\"width: 267.50pt;\" width=\"267\">Aceptamos OEM y ODM, Muestras gratuitas<\/td>\n<\/tr>\n<\/tbody>\n<\/table>","protected":false},"featured_media":2271,"comment_status":"closed","ping_status":"closed","template":"","meta":{"_acf_changed":false},"product_brand":[],"product_cat":[30,32],"product_tag":[],"class_list":{"0":"post-2269","1":"product","2":"type-product","3":"status-publish","4":"has-post-thumbnail","6":"product_cat-stand-up-pouch-manufacturer","7":"product_cat-spout-pouch-manufacturer","8":"pa_non-food-packaging-soap-detergent-pouches","10":"first","11":"instock","12":"shipping-taxable","13":"product-type-simple"},"acf":[],"_links":{"self":[{"href":"https:\/\/www.stanleypackage.com\/es\/wp-json\/wp\/v2\/product\/2269","targetHints":{"allow":["GET"]}}],"collection":[{"href":"https:\/\/www.stanleypackage.com\/es\/wp-json\/wp\/v2\/product"}],"about":[{"href":"https:\/\/www.stanleypackage.com\/es\/wp-json\/wp\/v2\/types\/product"}],"replies":[{"embeddable":true,"href":"https:\/\/www.stanleypackage.com\/es\/wp-json\/wp\/v2\/comments?post=2269"}],"wp:featuredmedia":[{"embeddable":true,"href":"https:\/\/www.stanleypackage.com\/es\/wp-json\/wp\/v2\/media\/2271"}],"wp:attachment":[{"href":"https:\/\/www.stanleypackage.com\/es\/wp-json\/wp\/v2\/media?parent=2269"}],"wp:term":[{"taxonomy":"product_brand","embeddable":true,"href":"https:\/\/www.stanleypackage.com\/es\/wp-json\/wp\/v2\/product_brand?post=2269"},{"taxonomy":"product_cat","embeddable":true,"href":"https:\/\/www.stanleypackage.com\/es\/wp-json\/wp\/v2\/product_cat?post=2269"},{"taxonomy":"product_tag","embeddable":true,"href":"https:\/\/www.stanleypackage.com\/es\/wp-json\/wp\/v2\/product_tag?post=2269"}],"curies":[{"name":"wp","href":"https:\/\/api.w.org\/{rel}","templated":true}]}}