{"id":2276,"date":"2025-06-18T09:46:44","date_gmt":"2025-06-18T09:46:44","guid":{"rendered":"https:\/\/www.stanleypackage.com\/?post_type=product&#038;p=2276"},"modified":"2025-09-06T01:59:12","modified_gmt":"2025-09-06T01:59:12","slug":"wholesale-spout-pouch-packaging","status":"publish","type":"product","link":"https:\/\/www.stanleypackage.com\/es\/product\/wholesale-spout-pouch-packaging\/","title":{"rendered":"Envase monomaterial al por mayor con pico para loci\u00f3n corporal"},"content":{"rendered":"<div class=\"wp-block-columns is-layout-flex wp-container-core-columns-is-layout-9d6595d7 wp-block-columns-is-layout-flex\">\n<div class=\"wp-block-column is-layout-flow wp-block-column-is-layout-flow\">\n<h2 class=\"wp-block-heading\">Caracter\u00edsticas de los envases de bolsa con boquilla al por mayor<\/h2>\n\n\n\n<ul class=\"wp-block-list\">\n<li><strong>Material reciclable: <\/strong>Este envase de bolsa con boquilla al por mayor utiliza material de PE simple, que es totalmente reciclable, de acuerdo con las leyes de protecci\u00f3n del medio ambiente, reduce la contaminaci\u00f3n por pl\u00e1stico y da a la marca una impresi\u00f3n ecol\u00f3gica y respetuosa con el medio ambiente.<\/li>\n\n\n\n<li><strong>Dise\u00f1o de boquilla de succi\u00f3n, uso preciso: <\/strong>Este envase de bolsa personalizado cuenta con una boquilla de succi\u00f3n que permite a los clientes controlar con precisi\u00f3n la cantidad de aplicaci\u00f3n, lo que minimiza los residuos y mejora la experiencia de los clientes.<\/li>\n\n\n\n<li><strong>Dise\u00f1o de llenado inferior, c\u00f3modo y eficaz: <\/strong>El dise\u00f1o de llenado inferior de este envase de bolsa con boquilla al por mayor garantiza un llenado suave del l\u00edquido, reduce el espacio de aire en la producci\u00f3n, mejora la eficacia del envasado y mantiene la frescura del producto.<\/li>\n\n\n\n<li><strong>Ligero y port\u00e1til, ahorra espacio:<\/strong> Este dise\u00f1o de envase en bolsa personalizado es ligero y port\u00e1til, ahorra m\u00e1s espacio de almacenamiento que las botellas tradicionales y es adecuado para las ventas de comercio electr\u00f3nico y el uso diario.<\/li>\n\n\n\n<li><strong>Adecuado para una gran variedad de productos para el cuidado de la piel, con amplias aplicaciones en el mercado: <\/strong>Estos envases de bolsa con boquilla al por mayor son adecuados para productos de cuidado de la piel l\u00edquidos o en pasta, como lociones y cremas, satisfaciendo las necesidades de envasado de diferentes marcas de cuidado de la piel y mejorando la competitividad de los productos en el mercado.<\/li>\n<\/ul>\n\n\n\n<div class=\"wp-block-columns is-layout-flex wp-container-core-columns-is-layout-9d6595d7 wp-block-columns-is-layout-flex\">\n<div class=\"wp-block-column is-layout-flow wp-block-column-is-layout-flow\">\n<figure class=\"wp-block-image size-full\"><img decoding=\"async\" width=\"750\" height=\"750\" src=\"https:\/\/www.stanleypackage.com\/wp-content\/uploads\/2025\/06\/Mono-Material-Wholesale-Spout-Pouch-Packaging-For-Body-Lotion-2.webp\" alt=\"Mono-Material al por mayor pico bolsa de embalaje para loci\u00f3n corporal-2\" class=\"wp-image-2278\" srcset=\"https:\/\/www.stanleypackage.com\/wp-content\/uploads\/2025\/06\/Mono-Material-Wholesale-Spout-Pouch-Packaging-For-Body-Lotion-2.webp 750w, https:\/\/www.stanleypackage.com\/wp-content\/uploads\/2025\/06\/Mono-Material-Wholesale-Spout-Pouch-Packaging-For-Body-Lotion-2-300x300.webp 300w, https:\/\/www.stanleypackage.com\/wp-content\/uploads\/2025\/06\/Mono-Material-Wholesale-Spout-Pouch-Packaging-For-Body-Lotion-2-150x150.webp 150w, https:\/\/www.stanleypackage.com\/wp-content\/uploads\/2025\/06\/Mono-Material-Wholesale-Spout-Pouch-Packaging-For-Body-Lotion-2-12x12.webp 12w, https:\/\/www.stanleypackage.com\/wp-content\/uploads\/2025\/06\/Mono-Material-Wholesale-Spout-Pouch-Packaging-For-Body-Lotion-2-600x600.webp 600w, https:\/\/www.stanleypackage.com\/wp-content\/uploads\/2025\/06\/Mono-Material-Wholesale-Spout-Pouch-Packaging-For-Body-Lotion-2-100x100.webp 100w\" sizes=\"(max-width: 750px) 100vw, 750px\" \/><\/figure>\n<\/div>\n\n\n\n<div class=\"wp-block-column is-layout-flow wp-block-column-is-layout-flow\">\n<figure class=\"wp-block-image size-full\"><img decoding=\"async\" width=\"750\" height=\"750\" src=\"https:\/\/www.stanleypackage.com\/wp-content\/uploads\/2025\/06\/Mono-Material-Wholesale-Spout-Pouch-Packaging-For-Body-Lotion-4.webp\" alt=\"Mono-Material al por mayor pico bolsa de embalaje para loci\u00f3n corporal-4\" class=\"wp-image-2280\" srcset=\"https:\/\/www.stanleypackage.com\/wp-content\/uploads\/2025\/06\/Mono-Material-Wholesale-Spout-Pouch-Packaging-For-Body-Lotion-4.webp 750w, https:\/\/www.stanleypackage.com\/wp-content\/uploads\/2025\/06\/Mono-Material-Wholesale-Spout-Pouch-Packaging-For-Body-Lotion-4-300x300.webp 300w, https:\/\/www.stanleypackage.com\/wp-content\/uploads\/2025\/06\/Mono-Material-Wholesale-Spout-Pouch-Packaging-For-Body-Lotion-4-150x150.webp 150w, https:\/\/www.stanleypackage.com\/wp-content\/uploads\/2025\/06\/Mono-Material-Wholesale-Spout-Pouch-Packaging-For-Body-Lotion-4-12x12.webp 12w, https:\/\/www.stanleypackage.com\/wp-content\/uploads\/2025\/06\/Mono-Material-Wholesale-Spout-Pouch-Packaging-For-Body-Lotion-4-600x600.webp 600w, https:\/\/www.stanleypackage.com\/wp-content\/uploads\/2025\/06\/Mono-Material-Wholesale-Spout-Pouch-Packaging-For-Body-Lotion-4-100x100.webp 100w\" sizes=\"(max-width: 750px) 100vw, 750px\" \/><\/figure>\n<\/div>\n<\/div>\n<\/div>\n<\/div>","protected":false},"excerpt":{"rendered":"<p>Bienvenido a comprar envases para detergente l\u00edquido. Estas bolsas de pie al por mayor con boquilla utilizan material compuesto de alta barrera, que tiene una buena resistencia a la compresi\u00f3n y un rendimiento a prueba de fugas. Est\u00e1 especialmente dise\u00f1ada para productos l\u00edquidos como detergentes l\u00edquidos, jabones l\u00edquidos, champ\u00fas, etc., y admite impresi\u00f3n personalizada.<\/p>\n<table style=\"border-collapse: collapse; width: 365.02pt;\" border=\"0\" width=\"365\" cellspacing=\"0\" cellpadding=\"0\">\n<tbody>\n<tr style=\"height: 16.00pt;\">\n<td class=\"et2\" style=\"height: 16.00pt; width: 97.50pt;\" width=\"97\" height=\"16\">Fabricante<\/td>\n<td class=\"et2\" style=\"width: 267.50pt;\" width=\"267\">Stanley<\/td>\n<\/tr>\n<tr style=\"height: 16.00pt;\">\n<td class=\"et2\" style=\"height: 16.00pt; width: 97.50pt;\" width=\"97\" height=\"16\">Tipos de bolsas<\/td>\n<td class=\"et3\">Bolsa de ca\u00f1o<\/td>\n<\/tr>\n<tr style=\"height: 16.00pt;\">\n<td class=\"et2\" style=\"height: 16.00pt; width: 97.50pt;\" width=\"97\" height=\"16\">Material<\/td>\n<td class=\"et2\" style=\"width: 267.50pt;\" width=\"267\">PE (material mono)<\/td>\n<\/tr>\n<tr style=\"height: 16.00pt;\">\n<td class=\"et2\" style=\"height: 16.00pt; width: 97.50pt;\" width=\"97\" height=\"16\">Reportaje especial<\/td>\n<td class=\"et2\" style=\"width: 267.50pt;\" width=\"267\">Boquilla, llenado inferior, reciclable<\/td>\n<\/tr>\n<tr style=\"height: 16.00pt;\">\n<td class=\"et2\" style=\"height: 16.00pt; width: 97.50pt;\" width=\"97\" height=\"16\">Manipulaci\u00f3n de superficies<\/td>\n<td class=\"et2\" style=\"width: 267.50pt;\" width=\"267\">Impresi\u00f3n en huecograbado<\/td>\n<\/tr>\n<tr style=\"height: 16.00pt;\">\n<td class=\"et2\" style=\"height: 16.00pt; width: 97.50pt;\" width=\"97\" height=\"16\">Color<\/td>\n<td class=\"et2\" style=\"width: 267.50pt;\" width=\"267\">Impresi\u00f3n a doble cara, hasta 10 colores<\/td>\n<\/tr>\n<tr style=\"height: 16.00pt;\">\n<td class=\"et2\" style=\"height: 16.00pt; width: 97.50pt;\" width=\"97\" height=\"16\">Utilizaci\u00f3n<\/td>\n<td class=\"et2\" style=\"width: 267.50pt;\" width=\"267\">Crema, Loci\u00f3n, Cosm\u00e9ticos<\/td>\n<\/tr>\n<tr style=\"height: 16.00pt;\">\n<td class=\"et2\" style=\"height: 16.00pt; width: 97.50pt;\" width=\"97\" height=\"16\">MOQ<\/td>\n<td class=\"et2\" style=\"width: 267.50pt;\" width=\"267\">50.000 unidades<\/td>\n<\/tr>\n<tr style=\"height: 16.00pt;\">\n<td class=\"et2\" style=\"height: 16.00pt; width: 97.50pt;\" width=\"97\" height=\"16\">Pedido a medida<\/td>\n<td class=\"et2\" style=\"width: 267.50pt;\" width=\"267\">Aceptamos OEM y ODM, Muestras gratuitas<\/td>\n<\/tr>\n<\/tbody>\n<\/table>","protected":false},"featured_media":2277,"comment_status":"closed","ping_status":"closed","template":"","meta":{"_acf_changed":false},"product_brand":[],"product_cat":[32],"product_tag":[],"class_list":{"0":"post-2276","1":"product","2":"type-product","3":"status-publish","4":"has-post-thumbnail","6":"product_cat-spout-pouch-manufacturer","7":"pa_material-mono-material","8":"pa_non-food-packaging-cosmetic-packaging-pouches","10":"first","11":"instock","12":"shipping-taxable","13":"product-type-simple"},"acf":[],"_links":{"self":[{"href":"https:\/\/www.stanleypackage.com\/es\/wp-json\/wp\/v2\/product\/2276","targetHints":{"allow":["GET"]}}],"collection":[{"href":"https:\/\/www.stanleypackage.com\/es\/wp-json\/wp\/v2\/product"}],"about":[{"href":"https:\/\/www.stanleypackage.com\/es\/wp-json\/wp\/v2\/types\/product"}],"replies":[{"embeddable":true,"href":"https:\/\/www.stanleypackage.com\/es\/wp-json\/wp\/v2\/comments?post=2276"}],"wp:featuredmedia":[{"embeddable":true,"href":"https:\/\/www.stanleypackage.com\/es\/wp-json\/wp\/v2\/media\/2277"}],"wp:attachment":[{"href":"https:\/\/www.stanleypackage.com\/es\/wp-json\/wp\/v2\/media?parent=2276"}],"wp:term":[{"taxonomy":"product_brand","embeddable":true,"href":"https:\/\/www.stanleypackage.com\/es\/wp-json\/wp\/v2\/product_brand?post=2276"},{"taxonomy":"product_cat","embeddable":true,"href":"https:\/\/www.stanleypackage.com\/es\/wp-json\/wp\/v2\/product_cat?post=2276"},{"taxonomy":"product_tag","embeddable":true,"href":"https:\/\/www.stanleypackage.com\/es\/wp-json\/wp\/v2\/product_tag?post=2276"}],"curies":[{"name":"wp","href":"https:\/\/api.w.org\/{rel}","templated":true}]}}