{"id":2292,"date":"2025-06-19T02:21:31","date_gmt":"2025-06-19T02:21:31","guid":{"rendered":"https:\/\/www.stanleypackage.com\/?post_type=product&#038;p=2292"},"modified":"2025-09-03T09:17:31","modified_gmt":"2025-09-03T09:17:31","slug":"china-frozen-food-pouches-wholesale","status":"publish","type":"product","link":"https:\/\/www.stanleypackage.com\/es\/product\/china-frozen-food-pouches-wholesale\/","title":{"rendered":"China Bolsas para Alimentos Congelados al por mayor, Stand Up Zipper Pouch"},"content":{"rendered":"<div class=\"wp-block-columns is-layout-flex wp-container-core-columns-is-layout-9d6595d7 wp-block-columns-is-layout-flex\">\n<div class=\"wp-block-column is-layout-flow wp-block-column-is-layout-flow\">\n<h2 class=\"wp-block-heading\">Caracter\u00edsticas de las bolsas de alimentos congelados al por mayor de China<\/h2>\n\n\n\n<ul class=\"wp-block-list\">\n<li><strong>Bolsas de pie, f\u00e1ciles de exponer y almacenar: <\/strong>estas bolsas al por mayor de alimentos congelados de china tienen una estructura de base lisa que mejora la exposici\u00f3n en los estantes, ahorra espacio de almacenamiento y facilita las ventas finales.<\/li>\n\n\n\n<li><strong>Material de alta calidad, resistente a las bajas temperaturas y a la humedad:<\/strong> esta bolsa personalizada con cremallera de pie utiliza la estructura de material compuesto PET12\/PET12\/PE115, adapt\u00e1ndose al entorno congelado, con buena resistencia al desgarro y a la humedad, protegiendo la frescura de los alimentos.<\/li>\n\n\n\n<li><strong>Dise\u00f1o de cremallera, el sellado repetido es m\u00e1s conveniente: <\/strong>nuestras bolsas al por mayor de alimentos congelados de china est\u00e1n equipadas con una cremallera sellada, que resulta c\u00f3moda para abrir y cerrar las bolsas varias veces, manteniendo el contenido higi\u00e9nico y fresco y mejorando la experiencia del consumidor.<\/li>\n\n\n\n<li><strong>Dise\u00f1o f\u00e1cil de rasgar, f\u00e1cil de abrir:<\/strong> nuestras bolsas personalizadas con cremallera de pie est\u00e1n equipadas con una l\u00ednea de rasgado, que facilita a los usuarios la apertura de los envases sin necesidad de herramientas, lo que mejora su practicidad.<\/li>\n\n\n\n<li><strong>Adecuado para muchos tipos de alimentos, amplia gama de aplicaciones: <\/strong>estas bolsas de alimentos congelados de china al por mayor pueden ser ampliamente utilizados para alimentos congelados, salsas, aderezos y otros productos, que es una opci\u00f3n de envasado fiable para los procesadores de alimentos y propietarios de marcas.<\/li>\n<\/ul>\n\n\n\n<div class=\"wp-block-columns is-layout-flex wp-container-core-columns-is-layout-9d6595d7 wp-block-columns-is-layout-flex\">\n<div class=\"wp-block-column is-layout-flow wp-block-column-is-layout-flow\">\n<figure class=\"wp-block-image size-full\"><img decoding=\"async\" width=\"750\" height=\"750\" src=\"https:\/\/www.stanleypackage.com\/wp-content\/uploads\/2025\/06\/China-Frozen-Food-Pouches-Wholesale-Stand-Up-Zipper-Pouch-2.webp\" alt=\"China Bolsas de Alimentos Congelados al por mayor, Stand Up Zipper Pouch-2\" class=\"wp-image-2294\" srcset=\"https:\/\/www.stanleypackage.com\/wp-content\/uploads\/2025\/06\/China-Frozen-Food-Pouches-Wholesale-Stand-Up-Zipper-Pouch-2.webp 750w, https:\/\/www.stanleypackage.com\/wp-content\/uploads\/2025\/06\/China-Frozen-Food-Pouches-Wholesale-Stand-Up-Zipper-Pouch-2-300x300.webp 300w, https:\/\/www.stanleypackage.com\/wp-content\/uploads\/2025\/06\/China-Frozen-Food-Pouches-Wholesale-Stand-Up-Zipper-Pouch-2-150x150.webp 150w, https:\/\/www.stanleypackage.com\/wp-content\/uploads\/2025\/06\/China-Frozen-Food-Pouches-Wholesale-Stand-Up-Zipper-Pouch-2-12x12.webp 12w, https:\/\/www.stanleypackage.com\/wp-content\/uploads\/2025\/06\/China-Frozen-Food-Pouches-Wholesale-Stand-Up-Zipper-Pouch-2-600x600.webp 600w, https:\/\/www.stanleypackage.com\/wp-content\/uploads\/2025\/06\/China-Frozen-Food-Pouches-Wholesale-Stand-Up-Zipper-Pouch-2-100x100.webp 100w\" sizes=\"(max-width: 750px) 100vw, 750px\" \/><\/figure>\n<\/div>\n\n\n\n<div class=\"wp-block-column is-layout-flow wp-block-column-is-layout-flow\">\n<figure class=\"wp-block-image size-full\"><img decoding=\"async\" width=\"750\" height=\"750\" src=\"https:\/\/www.stanleypackage.com\/wp-content\/uploads\/2025\/06\/China-Frozen-Food-Pouches-Wholesale-Stand-Up-Zipper-Pouch-3.webp\" alt=\"China Bolsas de Alimentos Congelados al por mayor, Stand Up Zipper Pouch-3\" class=\"wp-image-2295\" srcset=\"https:\/\/www.stanleypackage.com\/wp-content\/uploads\/2025\/06\/China-Frozen-Food-Pouches-Wholesale-Stand-Up-Zipper-Pouch-3.webp 750w, https:\/\/www.stanleypackage.com\/wp-content\/uploads\/2025\/06\/China-Frozen-Food-Pouches-Wholesale-Stand-Up-Zipper-Pouch-3-300x300.webp 300w, https:\/\/www.stanleypackage.com\/wp-content\/uploads\/2025\/06\/China-Frozen-Food-Pouches-Wholesale-Stand-Up-Zipper-Pouch-3-150x150.webp 150w, https:\/\/www.stanleypackage.com\/wp-content\/uploads\/2025\/06\/China-Frozen-Food-Pouches-Wholesale-Stand-Up-Zipper-Pouch-3-12x12.webp 12w, https:\/\/www.stanleypackage.com\/wp-content\/uploads\/2025\/06\/China-Frozen-Food-Pouches-Wholesale-Stand-Up-Zipper-Pouch-3-600x600.webp 600w, https:\/\/www.stanleypackage.com\/wp-content\/uploads\/2025\/06\/China-Frozen-Food-Pouches-Wholesale-Stand-Up-Zipper-Pouch-3-100x100.webp 100w\" sizes=\"(max-width: 750px) 100vw, 750px\" \/><\/figure>\n<\/div>\n<\/div>\n<\/div>\n<\/div>","protected":false},"excerpt":{"rendered":"<p>Estas bolsas de alimentos congelados de China al por mayor vienen con cierre f\u00e1cil de rasgar, cremallera sellada con base s\u00f3lida autoportante. Baja temperatura y resistente a la humedad, impresi\u00f3n personalizada de apoyo.<\/p>\n<table style=\"border-collapse: collapse; width: 365.02pt;\" border=\"0\" width=\"365\" cellspacing=\"0\" cellpadding=\"0\">\n<tbody>\n<tr style=\"height: 16.00pt;\">\n<td class=\"et2\" style=\"height: 16.00pt; width: 97.50pt;\" width=\"97\" height=\"16\">Fabricante<\/td>\n<td class=\"et2\" style=\"width: 267.50pt;\" width=\"267\">Stanley<\/td>\n<\/tr>\n<tr style=\"height: 16.00pt;\">\n<td class=\"et2\" style=\"height: 16.00pt; width: 97.50pt;\" width=\"97\" height=\"16\">Tipos de bolsas<\/td>\n<td class=\"et3\">Bolsa de pie, bolsa con cremallera<\/td>\n<\/tr>\n<tr style=\"height: 16.00pt;\">\n<td class=\"et2\" style=\"height: 16.00pt; width: 97.50pt;\" width=\"97\" height=\"16\">Material<\/td>\n<td class=\"et2\" style=\"width: 267.50pt;\" width=\"267\">PET12\/PET12\/PE115<\/td>\n<\/tr>\n<tr style=\"height: 16.00pt;\">\n<td class=\"et2\" style=\"height: 16.00pt; width: 97.50pt;\" width=\"97\" height=\"16\">Reportaje especial<\/td>\n<td class=\"et2\" style=\"width: 267.50pt;\" width=\"267\">Muesca de desgarro, cremallera, parte inferior de pie<\/td>\n<\/tr>\n<tr style=\"height: 16.00pt;\">\n<td class=\"et2\" style=\"height: 16.00pt; width: 97.50pt;\" width=\"97\" height=\"16\">Manipulaci\u00f3n de superficies<\/td>\n<td class=\"et2\" style=\"width: 267.50pt;\" width=\"267\">Impresi\u00f3n en huecograbado<\/td>\n<\/tr>\n<tr style=\"height: 16.00pt;\">\n<td class=\"et2\" style=\"height: 16.00pt; width: 97.50pt;\" width=\"97\" height=\"16\">Color<\/td>\n<td class=\"et2\" style=\"width: 267.50pt;\" width=\"267\">Impresi\u00f3n a doble cara, hasta 10 colores<\/td>\n<\/tr>\n<tr style=\"height: 16.00pt;\">\n<td class=\"et2\" style=\"height: 16.00pt; width: 97.50pt;\" width=\"97\" height=\"16\">Utilizaci\u00f3n<\/td>\n<td class=\"et2\" style=\"width: 267.50pt;\" width=\"267\">Alimentos congelados, condimentos<\/td>\n<\/tr>\n<tr style=\"height: 16.00pt;\">\n<td class=\"et2\" style=\"height: 16.00pt; width: 97.50pt;\" width=\"97\" height=\"16\">MOQ<\/td>\n<td class=\"et2\" style=\"width: 267.50pt;\" width=\"267\">50.000 unidades<\/td>\n<\/tr>\n<tr style=\"height: 16.00pt;\">\n<td class=\"et2\" style=\"height: 16.00pt; width: 97.50pt;\" width=\"97\" height=\"16\">Pedido a medida<\/td>\n<td class=\"et2\" style=\"width: 267.50pt;\" width=\"267\">Aceptamos OEM y ODM, Muestras gratuitas<\/td>\n<\/tr>\n<\/tbody>\n<\/table>","protected":false},"featured_media":2293,"comment_status":"closed","ping_status":"closed","template":"","meta":{"_acf_changed":false},"product_brand":[],"product_cat":[18,30],"product_tag":[],"class_list":{"0":"post-2292","1":"product","2":"type-product","3":"status-publish","4":"has-post-thumbnail","6":"product_cat-zipper-pouch-manufacturer","7":"product_cat-stand-up-pouch-manufacturer","8":"pa_food-packaging-food-powder-packaging","9":"pa_food-packaging-sauce-condiment-pouches","10":"pa_food-packaging-frozen-food-pouch","12":"first","13":"instock","14":"shipping-taxable","15":"product-type-simple"},"acf":[],"_links":{"self":[{"href":"https:\/\/www.stanleypackage.com\/es\/wp-json\/wp\/v2\/product\/2292","targetHints":{"allow":["GET"]}}],"collection":[{"href":"https:\/\/www.stanleypackage.com\/es\/wp-json\/wp\/v2\/product"}],"about":[{"href":"https:\/\/www.stanleypackage.com\/es\/wp-json\/wp\/v2\/types\/product"}],"replies":[{"embeddable":true,"href":"https:\/\/www.stanleypackage.com\/es\/wp-json\/wp\/v2\/comments?post=2292"}],"wp:featuredmedia":[{"embeddable":true,"href":"https:\/\/www.stanleypackage.com\/es\/wp-json\/wp\/v2\/media\/2293"}],"wp:attachment":[{"href":"https:\/\/www.stanleypackage.com\/es\/wp-json\/wp\/v2\/media?parent=2292"}],"wp:term":[{"taxonomy":"product_brand","embeddable":true,"href":"https:\/\/www.stanleypackage.com\/es\/wp-json\/wp\/v2\/product_brand?post=2292"},{"taxonomy":"product_cat","embeddable":true,"href":"https:\/\/www.stanleypackage.com\/es\/wp-json\/wp\/v2\/product_cat?post=2292"},{"taxonomy":"product_tag","embeddable":true,"href":"https:\/\/www.stanleypackage.com\/es\/wp-json\/wp\/v2\/product_tag?post=2292"}],"curies":[{"name":"wp","href":"https:\/\/api.w.org\/{rel}","templated":true}]}}