{"id":2299,"date":"2025-06-19T02:37:27","date_gmt":"2025-06-19T02:37:27","guid":{"rendered":"https:\/\/www.stanleypackage.com\/?post_type=product&#038;p=2299"},"modified":"2025-06-28T09:29:29","modified_gmt":"2025-06-28T09:29:29","slug":"squeeze-pouches-wholesale","status":"publish","type":"product","link":"https:\/\/www.stanleypackage.com\/es\/product\/squeeze-pouches-wholesale\/","title":{"rendered":"Stand Up Squeeze Pouches Venta al por mayor para bebidas de gelatina y pur\u00e9 de beb\u00e9"},"content":{"rendered":"<div class=\"wp-block-columns is-layout-flex wp-container-core-columns-is-layout-9d6595d7 wp-block-columns-is-layout-flex\">\n<div class=\"wp-block-column is-layout-flow wp-block-column-is-layout-flow\">\n<h2 class=\"wp-block-heading\">Caracter\u00edsticas de Squeeze Pouches al por mayor<\/h2>\n\n\n\n<ul class=\"wp-block-list\">\n<li><strong>Tapas infantiles anti-tragones para mayor seguridad: <\/strong>Estas bolsas exprimibles al por mayor con tapa antitraga para beb\u00e9s y ni\u00f1os peque\u00f1os reducen eficazmente el riesgo de ingesti\u00f3n accidental y mejoran el nivel de seguridad de los envases.<\/li>\n\n\n\n<li><strong>Estructura de aluminio puro, alta barrera anticorrosi\u00f3n y frescura: <\/strong>esta bolsa personalizada para bebidas gelatinosas est\u00e1 fabricada con material compuesto que contiene aluminio, lo que proporciona una excelente resistencia al ox\u00edgeno, la humedad y la luz, garantizando que los pur\u00e9s y las bebidas gelatinosas se mantengan frescos durante mucho tiempo.<\/li>\n\n\n\n<li><strong>L\u00e1mina impresa mate, de textura delicada y de alta gama: <\/strong>nuestra pel\u00edcula mate exterior para bolsas al por mayor permite una impresi\u00f3n de alta calidad, una visi\u00f3n m\u00e1s suave y una sensaci\u00f3n m\u00e1s c\u00f3moda, lo que mejora la imagen de gama alta de la marca.<\/li>\n\n\n\n<li><strong>Bolsa blanda, f\u00e1cil de usar para los ni\u00f1os: <\/strong>La estructura Squeeze Pouch de esta bolsita de bebida de gelatina personalizada es adecuada para que las manos peque\u00f1as la agarren y chupen con facilidad, lo que resulta c\u00f3modo para que los beb\u00e9s y ni\u00f1os peque\u00f1os coman de forma independiente.<\/li>\n\n\n\n<li><strong>Adecuado para pur\u00e9s, bebidas gelatinosas y muchos otros productos: <\/strong>estas bolsas exprimibles al por mayor son adecuadas para pur\u00e9s infantiles, bebidas gelatinosas para ni\u00f1os, salsas de frutas y verduras y otros alimentos fluidos o semifluidos, ampliamente utilizados en el mercado de alimentos para madres y beb\u00e9s y alimentos saludables.<\/li>\n<\/ul>\n\n\n\n<div class=\"wp-block-columns is-layout-flex wp-container-core-columns-is-layout-9d6595d7 wp-block-columns-is-layout-flex\">\n<div class=\"wp-block-column is-layout-flow wp-block-column-is-layout-flow\">\n<figure class=\"wp-block-image size-full\"><img decoding=\"async\" width=\"750\" height=\"750\" src=\"https:\/\/www.stanleypackage.com\/wp-content\/uploads\/2025\/06\/Stand-Up-Squeeze-Pouches-Wholesale-For-Jelly-Drink-Baby-Puree-5.webp\" alt=\"Stand Up Squeeze Pouches Venta al por mayor para bebidas de gelatina y pur\u00e9 de beb\u00e9-5\" class=\"wp-image-2304\" srcset=\"https:\/\/www.stanleypackage.com\/wp-content\/uploads\/2025\/06\/Stand-Up-Squeeze-Pouches-Wholesale-For-Jelly-Drink-Baby-Puree-5.webp 750w, https:\/\/www.stanleypackage.com\/wp-content\/uploads\/2025\/06\/Stand-Up-Squeeze-Pouches-Wholesale-For-Jelly-Drink-Baby-Puree-5-300x300.webp 300w, https:\/\/www.stanleypackage.com\/wp-content\/uploads\/2025\/06\/Stand-Up-Squeeze-Pouches-Wholesale-For-Jelly-Drink-Baby-Puree-5-150x150.webp 150w, https:\/\/www.stanleypackage.com\/wp-content\/uploads\/2025\/06\/Stand-Up-Squeeze-Pouches-Wholesale-For-Jelly-Drink-Baby-Puree-5-12x12.webp 12w, https:\/\/www.stanleypackage.com\/wp-content\/uploads\/2025\/06\/Stand-Up-Squeeze-Pouches-Wholesale-For-Jelly-Drink-Baby-Puree-5-600x600.webp 600w, https:\/\/www.stanleypackage.com\/wp-content\/uploads\/2025\/06\/Stand-Up-Squeeze-Pouches-Wholesale-For-Jelly-Drink-Baby-Puree-5-100x100.webp 100w\" sizes=\"(max-width: 750px) 100vw, 750px\" \/><\/figure>\n<\/div>\n\n\n\n<div class=\"wp-block-column is-layout-flow wp-block-column-is-layout-flow\">\n<figure class=\"wp-block-image size-full\"><img decoding=\"async\" width=\"750\" height=\"750\" src=\"https:\/\/www.stanleypackage.com\/wp-content\/uploads\/2025\/06\/Stand-Up-Squeeze-Pouches-Wholesale-For-Jelly-Drink-Baby-Puree-3.webp\" alt=\"Stand Up Squeeze Pouches al por mayor para bebidas de gelatina y pur\u00e9 de beb\u00e9-3\" class=\"wp-image-2302\" srcset=\"https:\/\/www.stanleypackage.com\/wp-content\/uploads\/2025\/06\/Stand-Up-Squeeze-Pouches-Wholesale-For-Jelly-Drink-Baby-Puree-3.webp 750w, https:\/\/www.stanleypackage.com\/wp-content\/uploads\/2025\/06\/Stand-Up-Squeeze-Pouches-Wholesale-For-Jelly-Drink-Baby-Puree-3-300x300.webp 300w, https:\/\/www.stanleypackage.com\/wp-content\/uploads\/2025\/06\/Stand-Up-Squeeze-Pouches-Wholesale-For-Jelly-Drink-Baby-Puree-3-150x150.webp 150w, https:\/\/www.stanleypackage.com\/wp-content\/uploads\/2025\/06\/Stand-Up-Squeeze-Pouches-Wholesale-For-Jelly-Drink-Baby-Puree-3-12x12.webp 12w, https:\/\/www.stanleypackage.com\/wp-content\/uploads\/2025\/06\/Stand-Up-Squeeze-Pouches-Wholesale-For-Jelly-Drink-Baby-Puree-3-600x600.webp 600w, https:\/\/www.stanleypackage.com\/wp-content\/uploads\/2025\/06\/Stand-Up-Squeeze-Pouches-Wholesale-For-Jelly-Drink-Baby-Puree-3-100x100.webp 100w\" sizes=\"(max-width: 750px) 100vw, 750px\" \/><\/figure>\n<\/div>\n<\/div>\n<\/div>\n<\/div>","protected":false},"excerpt":{"rendered":"<p>Bienvenido a comprar la bolsa de bebida de jalea personalizada, este squeeze bolsas al por mayor est\u00e1 dise\u00f1ado para bebidas de jalea y pur\u00e9 de beb\u00e9, la capa interior es de aluminio puro, con un excelente rendimiento de barrera y bloqueo de la luz, pel\u00edcula de impresi\u00f3n mate destaca la textura de gama alta.<\/p>\n<table style=\"border-collapse: collapse; width: 365.02pt;\" border=\"0\" width=\"365\" cellspacing=\"0\" cellpadding=\"0\">\n<tbody>\n<tr style=\"height: 16.00pt;\">\n<td class=\"et2\" style=\"height: 16.00pt; width: 97.50pt;\" width=\"97\" height=\"16\">Fabricante<\/td>\n<td class=\"et2\" style=\"width: 267.50pt;\" width=\"267\">Stanley<\/td>\n<\/tr>\n<tr style=\"height: 16.00pt;\">\n<td class=\"et2\" style=\"height: 16.00pt; width: 97.50pt;\" width=\"97\" height=\"16\">Tipos de bolsas<\/td>\n<td class=\"et3\">Bolsa de pie, bolsa exprimible, bolsa con boquilla<\/td>\n<\/tr>\n<tr style=\"height: 16.00pt;\">\n<td class=\"et2\" style=\"height: 16.00pt; width: 97.50pt;\" width=\"97\" height=\"16\">Material<\/td>\n<td class=\"et2\" style=\"width: 267.50pt;\" width=\"267\">PET12\/AL7\/BOPA15\/PE70<\/td>\n<\/tr>\n<tr style=\"height: 16.00pt;\">\n<td class=\"et2\" style=\"height: 16.00pt; width: 97.50pt;\" width=\"97\" height=\"16\">Reportaje especial<\/td>\n<td class=\"et2\" style=\"width: 267.50pt;\" width=\"267\">Boquilla, tap\u00f3n de seguridad para ni\u00f1os, fondo vertical<\/td>\n<\/tr>\n<tr style=\"height: 16.00pt;\">\n<td class=\"et2\" style=\"height: 16.00pt; width: 97.50pt;\" width=\"97\" height=\"16\">Manipulaci\u00f3n de superficies<\/td>\n<td class=\"et2\" style=\"width: 267.50pt;\" width=\"267\">Impresi\u00f3n en huecograbado<\/td>\n<\/tr>\n<tr style=\"height: 16.00pt;\">\n<td class=\"et2\" style=\"height: 16.00pt; width: 97.50pt;\" width=\"97\" height=\"16\">Color<\/td>\n<td class=\"et2\" style=\"width: 267.50pt;\" width=\"267\">Impresi\u00f3n a doble cara, hasta 10 colores<\/td>\n<\/tr>\n<tr style=\"height: 16.00pt;\">\n<td class=\"et2\" style=\"height: 16.00pt; width: 97.50pt;\" width=\"97\" height=\"16\">Utilizaci\u00f3n<\/td>\n<td class=\"et2\" style=\"width: 267.50pt;\" width=\"267\">Bebida, bebida gelatinosa, pur\u00e9 para beb\u00e9s<\/td>\n<\/tr>\n<tr style=\"height: 16.00pt;\">\n<td class=\"et2\" style=\"height: 16.00pt; width: 97.50pt;\" width=\"97\" height=\"16\">MOQ<\/td>\n<td class=\"et2\" style=\"width: 267.50pt;\" width=\"267\">50.000 unidades<\/td>\n<\/tr>\n<tr style=\"height: 16.00pt;\">\n<td class=\"et2\" style=\"height: 16.00pt; width: 97.50pt;\" width=\"97\" height=\"16\">Pedido a medida<\/td>\n<td class=\"et2\" style=\"width: 267.50pt;\" width=\"267\">Aceptamos OEM y ODM, Muestras gratuitas<\/td>\n<\/tr>\n<\/tbody>\n<\/table>","protected":false},"featured_media":2303,"comment_status":"closed","ping_status":"closed","template":"","meta":{"_acf_changed":false},"product_brand":[],"product_cat":[61,32,30],"product_tag":[],"class_list":{"0":"post-2299","1":"product","2":"type-product","3":"status-publish","4":"has-post-thumbnail","6":"product_cat-squeeze-pouch-manufacturer","7":"product_cat-spout-pouch-manufacturer","8":"product_cat-stand-up-pouch-manufacturer","9":"pa_food-packaging-baby-food-packaging","10":"pa_food-packaging-drink-beverage-pouch","12":"first","13":"instock","14":"shipping-taxable","15":"product-type-simple"},"acf":[],"_links":{"self":[{"href":"https:\/\/www.stanleypackage.com\/es\/wp-json\/wp\/v2\/product\/2299","targetHints":{"allow":["GET"]}}],"collection":[{"href":"https:\/\/www.stanleypackage.com\/es\/wp-json\/wp\/v2\/product"}],"about":[{"href":"https:\/\/www.stanleypackage.com\/es\/wp-json\/wp\/v2\/types\/product"}],"replies":[{"embeddable":true,"href":"https:\/\/www.stanleypackage.com\/es\/wp-json\/wp\/v2\/comments?post=2299"}],"wp:featuredmedia":[{"embeddable":true,"href":"https:\/\/www.stanleypackage.com\/es\/wp-json\/wp\/v2\/media\/2303"}],"wp:attachment":[{"href":"https:\/\/www.stanleypackage.com\/es\/wp-json\/wp\/v2\/media?parent=2299"}],"wp:term":[{"taxonomy":"product_brand","embeddable":true,"href":"https:\/\/www.stanleypackage.com\/es\/wp-json\/wp\/v2\/product_brand?post=2299"},{"taxonomy":"product_cat","embeddable":true,"href":"https:\/\/www.stanleypackage.com\/es\/wp-json\/wp\/v2\/product_cat?post=2299"},{"taxonomy":"product_tag","embeddable":true,"href":"https:\/\/www.stanleypackage.com\/es\/wp-json\/wp\/v2\/product_tag?post=2299"}],"curies":[{"name":"wp","href":"https:\/\/api.w.org\/{rel}","templated":true}]}}