{"id":2312,"date":"2025-06-28T08:57:57","date_gmt":"2025-06-28T08:57:57","guid":{"rendered":"https:\/\/www.stanleypackage.com\/?post_type=product&#038;p=2312"},"modified":"2025-09-06T01:58:36","modified_gmt":"2025-09-06T01:58:36","slug":"wholesale-spout-pouch","status":"publish","type":"product","link":"https:\/\/www.stanleypackage.com\/es\/product\/wholesale-spout-pouch\/","title":{"rendered":"Venta al por mayor de bolsas con boquilla, bolsas monomaterial para lociones"},"content":{"rendered":"<div class=\"wp-block-columns is-layout-flex wp-container-core-columns-is-layout-9d6595d7 wp-block-columns-is-layout-flex\">\n<div class=\"wp-block-column is-layout-flow wp-block-column-is-layout-flow\">\n<h2 class=\"wp-block-heading\">Caracter\u00edsticas de la bolsa de ca\u00f1o al por mayor<\/h2>\n\n\n\n<ul class=\"wp-block-list\">\n<li><strong>Respetuoso con el medio ambiente y reciclable, en l\u00ednea con las tendencias sostenibles: <\/strong>Esta bolsa de ca\u00f1o al por mayor adopta una estructura de un solo material de PE, que es f\u00e1cil de reciclar y satisface la demanda del mercado de protecci\u00f3n ecol\u00f3gica del medio ambiente y desarrollo sostenible.<\/li>\n\n\n\n<li><strong>Dise\u00f1o plano para exprimir f\u00e1cilmente el contenido:<\/strong> La estructura sencilla y plana de estas bolsas para lociones personalizadas permite a los usuarios exprimir f\u00e1cilmente el producto de la bolsa durante su uso, lo que mejora la comodidad de uso.<\/li>\n\n\n\n<li><strong>Estructura de llenado inferior para mejorar la eficiencia de llenado: <\/strong>El dise\u00f1o de llenado inferior de esta bolsa con boquilla para mayoristas facilita el llenado r\u00e1pido y el sellado firme de la l\u00ednea de producci\u00f3n, lo que resulta adecuado para procesos de envasado automatizados.<\/li>\n\n\n\n<li><strong>La cubierta de la boquilla tiene una correa de conexi\u00f3n para evitar p\u00e9rdidas: <\/strong>Nuestra tapa de boquilla para bolsas de loci\u00f3n personalizadas tiene una correa de conexi\u00f3n para evitar que se pierda o se caiga mientras se utiliza. Su cuidado dise\u00f1o mejora la experiencia del usuario.<\/li>\n\n\n\n<li><strong>Apoyar la personalizaci\u00f3n de la marca para satisfacer diversas necesidades de envasado: <\/strong>Apoyamos la venta al por mayor de bolsas con boquilla personalizadas con especificaciones de impresi\u00f3n, patrones, capacidad y boquilla para satisfacer las necesidades \u00fanicas de envasado de industrias diversificadas como productos qu\u00edmicos de uso diario, cosm\u00e9ticos y cuidado personal.<\/li>\n<\/ul>\n\n\n\n<div class=\"wp-block-columns is-layout-flex wp-container-core-columns-is-layout-9d6595d7 wp-block-columns-is-layout-flex\">\n<div class=\"wp-block-column is-layout-flow wp-block-column-is-layout-flow\">\n<figure class=\"wp-block-image size-full\"><img decoding=\"async\" width=\"750\" height=\"750\" src=\"https:\/\/www.stanleypackage.com\/wp-content\/uploads\/2025\/06\/Custom-Wholesale-Spout-Pouch-Mono-Material-Lotion-Pouches-4.webp\" alt=\"Venta al por mayor de bolsas con boquilla, bolsas monomaterial para lociones-4\" class=\"wp-image-2316\" srcset=\"https:\/\/www.stanleypackage.com\/wp-content\/uploads\/2025\/06\/Custom-Wholesale-Spout-Pouch-Mono-Material-Lotion-Pouches-4.webp 750w, https:\/\/www.stanleypackage.com\/wp-content\/uploads\/2025\/06\/Custom-Wholesale-Spout-Pouch-Mono-Material-Lotion-Pouches-4-300x300.webp 300w, https:\/\/www.stanleypackage.com\/wp-content\/uploads\/2025\/06\/Custom-Wholesale-Spout-Pouch-Mono-Material-Lotion-Pouches-4-150x150.webp 150w, https:\/\/www.stanleypackage.com\/wp-content\/uploads\/2025\/06\/Custom-Wholesale-Spout-Pouch-Mono-Material-Lotion-Pouches-4-12x12.webp 12w, https:\/\/www.stanleypackage.com\/wp-content\/uploads\/2025\/06\/Custom-Wholesale-Spout-Pouch-Mono-Material-Lotion-Pouches-4-600x600.webp 600w, https:\/\/www.stanleypackage.com\/wp-content\/uploads\/2025\/06\/Custom-Wholesale-Spout-Pouch-Mono-Material-Lotion-Pouches-4-100x100.webp 100w\" sizes=\"(max-width: 750px) 100vw, 750px\" \/><\/figure>\n<\/div>\n\n\n\n<div class=\"wp-block-column is-layout-flow wp-block-column-is-layout-flow\">\n<figure class=\"wp-block-image size-full\"><img decoding=\"async\" width=\"750\" height=\"750\" src=\"https:\/\/www.stanleypackage.com\/wp-content\/uploads\/2025\/06\/Custom-Wholesale-Spout-Pouch-Mono-Material-Lotion-Pouches-3.webp\" alt=\"Venta al por mayor de bolsas con boquilla, bolsas monomateriales para lociones-3\" class=\"wp-image-2315\" srcset=\"https:\/\/www.stanleypackage.com\/wp-content\/uploads\/2025\/06\/Custom-Wholesale-Spout-Pouch-Mono-Material-Lotion-Pouches-3.webp 750w, https:\/\/www.stanleypackage.com\/wp-content\/uploads\/2025\/06\/Custom-Wholesale-Spout-Pouch-Mono-Material-Lotion-Pouches-3-300x300.webp 300w, https:\/\/www.stanleypackage.com\/wp-content\/uploads\/2025\/06\/Custom-Wholesale-Spout-Pouch-Mono-Material-Lotion-Pouches-3-150x150.webp 150w, https:\/\/www.stanleypackage.com\/wp-content\/uploads\/2025\/06\/Custom-Wholesale-Spout-Pouch-Mono-Material-Lotion-Pouches-3-12x12.webp 12w, https:\/\/www.stanleypackage.com\/wp-content\/uploads\/2025\/06\/Custom-Wholesale-Spout-Pouch-Mono-Material-Lotion-Pouches-3-600x600.webp 600w, https:\/\/www.stanleypackage.com\/wp-content\/uploads\/2025\/06\/Custom-Wholesale-Spout-Pouch-Mono-Material-Lotion-Pouches-3-100x100.webp 100w\" sizes=\"(max-width: 750px) 100vw, 750px\" \/><\/figure>\n<\/div>\n<\/div>\n<\/div>\n<\/div>","protected":false},"excerpt":{"rendered":"<p>Bienvenido a la compra al por mayor de bolsas para lociones. Nuestras bolsas de loci\u00f3n personalizadas monomaterial son bolsas planas con una estructura de llenado inferior, que facilita el llenado del producto y un exprimido suave durante su uso. La tapa de la boquilla viene con un dise\u00f1o de correa de enlace para evitar eficazmente que la tapa se pierda.<\/p>\n<table style=\"border-collapse: collapse; width: 365.02pt;\" border=\"0\" width=\"365\" cellspacing=\"0\" cellpadding=\"0\">\n<tbody>\n<tr style=\"height: 16.00pt;\">\n<td class=\"et2\" style=\"height: 16.00pt; width: 97.50pt;\" width=\"97\" height=\"16\">Fabricante<\/td>\n<td class=\"et2\" style=\"width: 267.50pt;\" width=\"267\">Stanley<\/td>\n<\/tr>\n<tr style=\"height: 16.00pt;\">\n<td class=\"et2\" style=\"height: 16.00pt; width: 97.50pt;\" width=\"97\" height=\"16\">Tipos de bolsas<\/td>\n<td class=\"et3\">Bolsa de ca\u00f1o<\/td>\n<\/tr>\n<tr style=\"height: 16.00pt;\">\n<td class=\"et2\" style=\"height: 16.00pt; width: 97.50pt;\" width=\"97\" height=\"16\">Material<\/td>\n<td class=\"et2\" style=\"width: 267.50pt;\" width=\"267\">PE (material mono)<\/td>\n<\/tr>\n<tr style=\"height: 16.00pt;\">\n<td class=\"et2\" style=\"height: 16.00pt; width: 97.50pt;\" width=\"97\" height=\"16\">Reportaje especial<\/td>\n<td class=\"et2\" style=\"width: 267.50pt;\" width=\"267\">Vertedor, Sellado lateral, Relleno inferior, Reciclable<\/td>\n<\/tr>\n<tr style=\"height: 16.00pt;\">\n<td class=\"et2\" style=\"height: 16.00pt; width: 97.50pt;\" width=\"97\" height=\"16\">Manipulaci\u00f3n de superficies<\/td>\n<td class=\"et2\" style=\"width: 267.50pt;\" width=\"267\">Impresi\u00f3n en huecograbado<\/td>\n<\/tr>\n<tr style=\"height: 16.00pt;\">\n<td class=\"et2\" style=\"height: 16.00pt; width: 97.50pt;\" width=\"97\" height=\"16\">Color<\/td>\n<td class=\"et2\" style=\"width: 267.50pt;\" width=\"267\">Impresi\u00f3n a doble cara, hasta 10 colores<\/td>\n<\/tr>\n<tr style=\"height: 16.00pt;\">\n<td class=\"et2\" style=\"height: 16.00pt; width: 97.50pt;\" width=\"97\" height=\"16\">Utilizaci\u00f3n<\/td>\n<td class=\"et2\" style=\"width: 267.50pt;\" width=\"267\">Crema, Loci\u00f3n, Cosm\u00e9tico<\/td>\n<\/tr>\n<tr style=\"height: 16.00pt;\">\n<td class=\"et2\" style=\"height: 16.00pt; width: 97.50pt;\" width=\"97\" height=\"16\">MOQ<\/td>\n<td class=\"et2\" style=\"width: 267.50pt;\" width=\"267\">50.000 unidades<\/td>\n<\/tr>\n<tr style=\"height: 16.00pt;\">\n<td class=\"et2\" style=\"height: 16.00pt; width: 97.50pt;\" width=\"97\" height=\"16\">Pedido a medida<\/td>\n<td class=\"et2\" style=\"width: 267.50pt;\" width=\"267\">Aceptamos OEM y ODM, Muestras gratuitas<\/td>\n<\/tr>\n<\/tbody>\n<\/table>","protected":false},"featured_media":2313,"comment_status":"closed","ping_status":"closed","template":"","meta":{"_acf_changed":false},"product_brand":[],"product_cat":[32],"product_tag":[],"class_list":{"0":"post-2312","1":"product","2":"type-product","3":"status-publish","4":"has-post-thumbnail","6":"product_cat-spout-pouch-manufacturer","7":"pa_material-mono-material","8":"pa_non-food-packaging-cosmetic-packaging-pouches","9":"pa_non-food-packaging-hotel-supplies-packaging","11":"first","12":"instock","13":"shipping-taxable","14":"product-type-simple"},"acf":[],"_links":{"self":[{"href":"https:\/\/www.stanleypackage.com\/es\/wp-json\/wp\/v2\/product\/2312","targetHints":{"allow":["GET"]}}],"collection":[{"href":"https:\/\/www.stanleypackage.com\/es\/wp-json\/wp\/v2\/product"}],"about":[{"href":"https:\/\/www.stanleypackage.com\/es\/wp-json\/wp\/v2\/types\/product"}],"replies":[{"embeddable":true,"href":"https:\/\/www.stanleypackage.com\/es\/wp-json\/wp\/v2\/comments?post=2312"}],"wp:featuredmedia":[{"embeddable":true,"href":"https:\/\/www.stanleypackage.com\/es\/wp-json\/wp\/v2\/media\/2313"}],"wp:attachment":[{"href":"https:\/\/www.stanleypackage.com\/es\/wp-json\/wp\/v2\/media?parent=2312"}],"wp:term":[{"taxonomy":"product_brand","embeddable":true,"href":"https:\/\/www.stanleypackage.com\/es\/wp-json\/wp\/v2\/product_brand?post=2312"},{"taxonomy":"product_cat","embeddable":true,"href":"https:\/\/www.stanleypackage.com\/es\/wp-json\/wp\/v2\/product_cat?post=2312"},{"taxonomy":"product_tag","embeddable":true,"href":"https:\/\/www.stanleypackage.com\/es\/wp-json\/wp\/v2\/product_tag?post=2312"}],"curies":[{"name":"wp","href":"https:\/\/api.w.org\/{rel}","templated":true}]}}