{"id":2317,"date":"2025-06-28T09:18:19","date_gmt":"2025-06-28T09:18:19","guid":{"rendered":"https:\/\/www.stanleypackage.com\/?post_type=product&#038;p=2317"},"modified":"2025-06-28T09:28:57","modified_gmt":"2025-06-28T09:28:57","slug":"customized-spout-pouch","status":"publish","type":"product","link":"https:\/\/www.stanleypackage.com\/es\/product\/customized-spout-pouch\/","title":{"rendered":"Mayorista Bolsa con boquilla personalizada para condimentos y salsas"},"content":{"rendered":"<div class=\"wp-block-columns is-layout-flex wp-container-core-columns-is-layout-9d6595d7 wp-block-columns-is-layout-flex\">\n<div class=\"wp-block-column is-layout-flow wp-block-column-is-layout-flow\">\n<h2 class=\"wp-block-heading\">Caracter\u00edsticas de la bolsa de ca\u00f1o personalizada<\/h2>\n\n\n\n<ul class=\"wp-block-list\">\n<li><strong>Tipo bolsa autoportante, mejor exposici\u00f3n en estanter\u00eda: <\/strong>La estructura autoportante de esta bolsa con boquilla personalizada permite que el producto se mantenga firme en el estante, mejora el efecto de exposici\u00f3n de la marca y aumenta el atractivo terminal.<\/li>\n\n\n\n<li><strong>Estructura de llenado inferior, llenado m\u00e1s eficiente: <\/strong>Nuestras bolsas con boquilla al por mayor admiten el llenado inferior, aptas para l\u00edneas de producci\u00f3n automatizadas, con sellado firme, lo que mejora la eficacia y la seguridad del envasado.<\/li>\n\n\n\n<li><strong>Material de alta barrera, vida \u00fatil prolongada: <\/strong>Esta bolsa con boquilla personalizada s\u00f3lo responde a la estructura BOPP28\/VMPET12\/PE65, con una excelente resistencia a la humedad y a la oxidaci\u00f3n, que mantiene la salsa fresca de forma eficaz y prolonga la vida \u00fatil del producto.<\/li>\n\n\n\n<li><strong>Dise\u00f1o de boquilla de succi\u00f3n, uso c\u00f3modo y limpio: <\/strong>Nuestras bolsas con boquilla al por mayor son f\u00e1ciles de controlar la cantidad, f\u00e1ciles de abrir y cerrar y de reutilizar, adecuadas para una gran variedad de escenarios de uso, como el hogar, el catering y la comida para llevar.<\/li>\n\n\n\n<li><strong>Impresi\u00f3n y especificaciones personalizables para mejorar la diferenciaci\u00f3n de la marca: <\/strong>Nuestra bolsa con boquilla personalizada admite m\u00faltiples personalizaciones, como el patr\u00f3n, el tama\u00f1o, el di\u00e1metro de la boquilla, etc., para ayudar a los clientes a crear soluciones de envasado de marca exclusivas.<\/li>\n<\/ul>\n\n\n\n<div class=\"wp-block-columns is-layout-flex wp-container-core-columns-is-layout-9d6595d7 wp-block-columns-is-layout-flex\">\n<div class=\"wp-block-column is-layout-flow wp-block-column-is-layout-flow\">\n<figure class=\"wp-block-image size-full\"><img decoding=\"async\" width=\"750\" height=\"750\" src=\"https:\/\/www.stanleypackage.com\/wp-content\/uploads\/2025\/06\/Wholesale-Customized-Spout-Pouch-For-Condiments-Sauces-4.webp\" alt=\"Mayorista Bolsa con boquilla personalizada para condimentos y salsas-4\" class=\"wp-image-2321\" srcset=\"https:\/\/www.stanleypackage.com\/wp-content\/uploads\/2025\/06\/Wholesale-Customized-Spout-Pouch-For-Condiments-Sauces-4.webp 750w, https:\/\/www.stanleypackage.com\/wp-content\/uploads\/2025\/06\/Wholesale-Customized-Spout-Pouch-For-Condiments-Sauces-4-300x300.webp 300w, https:\/\/www.stanleypackage.com\/wp-content\/uploads\/2025\/06\/Wholesale-Customized-Spout-Pouch-For-Condiments-Sauces-4-150x150.webp 150w, https:\/\/www.stanleypackage.com\/wp-content\/uploads\/2025\/06\/Wholesale-Customized-Spout-Pouch-For-Condiments-Sauces-4-12x12.webp 12w, https:\/\/www.stanleypackage.com\/wp-content\/uploads\/2025\/06\/Wholesale-Customized-Spout-Pouch-For-Condiments-Sauces-4-600x600.webp 600w, https:\/\/www.stanleypackage.com\/wp-content\/uploads\/2025\/06\/Wholesale-Customized-Spout-Pouch-For-Condiments-Sauces-4-100x100.webp 100w\" sizes=\"(max-width: 750px) 100vw, 750px\" \/><\/figure>\n<\/div>\n\n\n\n<div class=\"wp-block-column is-layout-flow wp-block-column-is-layout-flow\">\n<figure class=\"wp-block-image size-full\"><img decoding=\"async\" width=\"750\" height=\"750\" src=\"https:\/\/www.stanleypackage.com\/wp-content\/uploads\/2025\/06\/Wholesale-Customized-Spout-Pouch-For-Condiments-Sauces-1.webp\" alt=\"Mayorista Bolsa con boquilla personalizada para condimentos y salsas-1\" class=\"wp-image-2318\" srcset=\"https:\/\/www.stanleypackage.com\/wp-content\/uploads\/2025\/06\/Wholesale-Customized-Spout-Pouch-For-Condiments-Sauces-1.webp 750w, https:\/\/www.stanleypackage.com\/wp-content\/uploads\/2025\/06\/Wholesale-Customized-Spout-Pouch-For-Condiments-Sauces-1-300x300.webp 300w, https:\/\/www.stanleypackage.com\/wp-content\/uploads\/2025\/06\/Wholesale-Customized-Spout-Pouch-For-Condiments-Sauces-1-150x150.webp 150w, https:\/\/www.stanleypackage.com\/wp-content\/uploads\/2025\/06\/Wholesale-Customized-Spout-Pouch-For-Condiments-Sauces-1-12x12.webp 12w, https:\/\/www.stanleypackage.com\/wp-content\/uploads\/2025\/06\/Wholesale-Customized-Spout-Pouch-For-Condiments-Sauces-1-600x600.webp 600w, https:\/\/www.stanleypackage.com\/wp-content\/uploads\/2025\/06\/Wholesale-Customized-Spout-Pouch-For-Condiments-Sauces-1-100x100.webp 100w\" sizes=\"(max-width: 750px) 100vw, 750px\" \/><\/figure>\n<\/div>\n<\/div>\n<\/div>\n<\/div>","protected":false},"excerpt":{"rendered":"<p>Bienvenido a comprar bolsas con pico al por mayor. Esta bolsa con boquilla personalizada para salsas condimentadas tiene excelentes propiedades de barrera y durabilidad. El dise\u00f1o de llenado inferior con tipo de bolsa autoportante es conveniente para el llenado, el transporte y la exhibici\u00f3n.<\/p>\n<table style=\"border-collapse: collapse; width: 365.02pt;\" border=\"0\" width=\"365\" cellspacing=\"0\" cellpadding=\"0\">\n<tbody>\n<tr style=\"height: 16.00pt;\">\n<td class=\"et2\" style=\"height: 16.00pt; width: 97.50pt;\" width=\"97\" height=\"16\">Fabricante<\/td>\n<td class=\"et2\" style=\"width: 267.50pt;\" width=\"267\">Stanley<\/td>\n<\/tr>\n<tr style=\"height: 16.00pt;\">\n<td class=\"et2\" style=\"height: 16.00pt; width: 97.50pt;\" width=\"97\" height=\"16\">Tipos de bolsas<\/td>\n<td class=\"et3\">Bolsa de ca\u00f1o, Bolsa de pie<\/td>\n<\/tr>\n<tr style=\"height: 16.00pt;\">\n<td class=\"et2\" style=\"height: 16.00pt; width: 97.50pt;\" width=\"97\" height=\"16\">Material<\/td>\n<td class=\"et2\" style=\"width: 267.50pt;\" width=\"267\">BOPP28\/VMPET12\/PE65<\/td>\n<\/tr>\n<tr style=\"height: 16.00pt;\">\n<td class=\"et2\" style=\"height: 16.00pt; width: 97.50pt;\" width=\"97\" height=\"16\">Reportaje especial<\/td>\n<td class=\"et2\" style=\"width: 267.50pt;\" width=\"267\">Ca\u00f1o, llenado inferior, autoportante<\/td>\n<\/tr>\n<tr style=\"height: 16.00pt;\">\n<td class=\"et2\" style=\"height: 16.00pt; width: 97.50pt;\" width=\"97\" height=\"16\">Manipulaci\u00f3n de superficies<\/td>\n<td class=\"et2\" style=\"width: 267.50pt;\" width=\"267\">Impresi\u00f3n en huecograbado<\/td>\n<\/tr>\n<tr style=\"height: 16.00pt;\">\n<td class=\"et2\" style=\"height: 16.00pt; width: 97.50pt;\" width=\"97\" height=\"16\">Color<\/td>\n<td class=\"et2\" style=\"width: 267.50pt;\" width=\"267\">Impresi\u00f3n a doble cara, hasta 10 colores<\/td>\n<\/tr>\n<tr style=\"height: 16.00pt;\">\n<td class=\"et2\" style=\"height: 16.00pt; width: 97.50pt;\" width=\"97\" height=\"16\">Utilizaci\u00f3n<\/td>\n<td class=\"et2\" style=\"width: 267.50pt;\" width=\"267\">Condimentos, salsas, bebidas en polvo<\/td>\n<\/tr>\n<tr style=\"height: 16.00pt;\">\n<td class=\"et2\" style=\"height: 16.00pt; width: 97.50pt;\" width=\"97\" height=\"16\">MOQ<\/td>\n<td class=\"et2\" style=\"width: 267.50pt;\" width=\"267\">50.000 unidades<\/td>\n<\/tr>\n<tr style=\"height: 16.00pt;\">\n<td class=\"et2\" style=\"height: 16.00pt; width: 97.50pt;\" width=\"97\" height=\"16\">Pedido a medida<\/td>\n<td class=\"et2\" style=\"width: 267.50pt;\" width=\"267\">Aceptamos OEM y ODM, Muestras gratuitas<\/td>\n<\/tr>\n<\/tbody>\n<\/table>","protected":false},"featured_media":2322,"comment_status":"closed","ping_status":"closed","template":"","meta":{"_acf_changed":false},"product_brand":[],"product_cat":[32,30],"product_tag":[],"class_list":{"0":"post-2317","1":"product","2":"type-product","3":"status-publish","4":"has-post-thumbnail","6":"product_cat-spout-pouch-manufacturer","7":"product_cat-stand-up-pouch-manufacturer","8":"pa_food-packaging-sauce-condiment-pouches","10":"first","11":"instock","12":"shipping-taxable","13":"product-type-simple"},"acf":[],"_links":{"self":[{"href":"https:\/\/www.stanleypackage.com\/es\/wp-json\/wp\/v2\/product\/2317","targetHints":{"allow":["GET"]}}],"collection":[{"href":"https:\/\/www.stanleypackage.com\/es\/wp-json\/wp\/v2\/product"}],"about":[{"href":"https:\/\/www.stanleypackage.com\/es\/wp-json\/wp\/v2\/types\/product"}],"replies":[{"embeddable":true,"href":"https:\/\/www.stanleypackage.com\/es\/wp-json\/wp\/v2\/comments?post=2317"}],"wp:featuredmedia":[{"embeddable":true,"href":"https:\/\/www.stanleypackage.com\/es\/wp-json\/wp\/v2\/media\/2322"}],"wp:attachment":[{"href":"https:\/\/www.stanleypackage.com\/es\/wp-json\/wp\/v2\/media?parent=2317"}],"wp:term":[{"taxonomy":"product_brand","embeddable":true,"href":"https:\/\/www.stanleypackage.com\/es\/wp-json\/wp\/v2\/product_brand?post=2317"},{"taxonomy":"product_cat","embeddable":true,"href":"https:\/\/www.stanleypackage.com\/es\/wp-json\/wp\/v2\/product_cat?post=2317"},{"taxonomy":"product_tag","embeddable":true,"href":"https:\/\/www.stanleypackage.com\/es\/wp-json\/wp\/v2\/product_tag?post=2317"}],"curies":[{"name":"wp","href":"https:\/\/api.w.org\/{rel}","templated":true}]}}