{"id":2328,"date":"2025-07-02T02:25:56","date_gmt":"2025-07-02T02:25:56","guid":{"rendered":"https:\/\/www.stanleypackage.com\/?post_type=product&#038;p=2328"},"modified":"2025-07-02T02:39:57","modified_gmt":"2025-07-02T02:39:57","slug":"custom-printed-roll-stock-film","status":"publish","type":"product","link":"https:\/\/www.stanleypackage.com\/es\/product\/custom-printed-roll-stock-film\/","title":{"rendered":"Film en rollo impreso a medida, Film para embalaje de jab\u00f3n a granel"},"content":{"rendered":"<div class=\"wp-block-columns is-layout-flex wp-container-core-columns-is-layout-9d6595d7 wp-block-columns-is-layout-flex\">\n<div class=\"wp-block-column is-layout-flow wp-block-column-is-layout-flow\">\n<h2 class=\"wp-block-heading\">Caracter\u00edsticas de la pel\u00edcula en rollo impresa a medida<\/h2>\n\n\n\n<ul class=\"wp-block-list\">\n<li><strong>Envasado eficaz de rollos de pel\u00edcula, adecuado para l\u00edneas de producci\u00f3n automatizadas: <\/strong>Esta pel\u00edcula en rollo con impresi\u00f3n personalizada es adecuada para equipos de envasado autom\u00e1tico de alta velocidad, lo que mejora la eficacia de la producci\u00f3n y ahorra costes de mano de obra y tiempo.<\/li>\n\n\n\n<li><strong>Material transl\u00facido, que muestra la textura del producto:<\/strong> El material de esta pel\u00edcula de envasado personalizada tiene un ligero efecto transparente, que puede mostrar parcialmente el cuerpo del jab\u00f3n, realzar la textura natural y la sensaci\u00f3n de confianza.<\/li>\n\n\n\n<li><strong>Estructura termosellada por una sola cara, sellado resistente: <\/strong>El dise\u00f1o termosellable de una de las caras de nuestra pel\u00edcula en rollo impresa a medida garantiza que el envase quede bien ajustado, evita que el producto se humedezca y deteriore, y garantiza la seguridad del almacenamiento y el transporte.<\/li>\n\n\n\n<li><strong>Admite diversos procesos de superficie para mejorar los efectos visuales: <\/strong>Nuestras l\u00e1minas de envasado personalizadas pueden elegir procesos de impresi\u00f3n especiales como mate, brillo, luz local UV, etc., para mejorar la estratificaci\u00f3n del envase y el reconocimiento de la marca.<\/li>\n\n\n\n<li><strong>Adecuado para una gran variedad de tama\u00f1os y formas de jab\u00f3n, gran flexibilidad: <\/strong>Nuestra pel\u00edcula en rollo impresa a medida puede personalizarse con patrones de impresi\u00f3n y especificaciones seg\u00fan las necesidades del cliente, y es adecuada para productos de jab\u00f3n de diferentes tama\u00f1os y formas.<\/li>\n<\/ul>\n\n\n\n<div class=\"wp-block-columns is-layout-flex wp-container-core-columns-is-layout-9d6595d7 wp-block-columns-is-layout-flex\">\n<div class=\"wp-block-column is-layout-flow wp-block-column-is-layout-flow\">\n<figure class=\"wp-block-image size-full\"><img decoding=\"async\" width=\"750\" height=\"750\" src=\"https:\/\/www.stanleypackage.com\/wp-content\/uploads\/2025\/07\/Custom-Printed-Roll-Stock-Film-Bulk-Soap-Packaging-Film-6.webp\" alt=\"Film en rollo impreso a medida, Film para envasado de jab\u00f3n a granel-6\" class=\"wp-image-2334\" srcset=\"https:\/\/www.stanleypackage.com\/wp-content\/uploads\/2025\/07\/Custom-Printed-Roll-Stock-Film-Bulk-Soap-Packaging-Film-6.webp 750w, https:\/\/www.stanleypackage.com\/wp-content\/uploads\/2025\/07\/Custom-Printed-Roll-Stock-Film-Bulk-Soap-Packaging-Film-6-300x300.webp 300w, https:\/\/www.stanleypackage.com\/wp-content\/uploads\/2025\/07\/Custom-Printed-Roll-Stock-Film-Bulk-Soap-Packaging-Film-6-150x150.webp 150w, https:\/\/www.stanleypackage.com\/wp-content\/uploads\/2025\/07\/Custom-Printed-Roll-Stock-Film-Bulk-Soap-Packaging-Film-6-12x12.webp 12w, https:\/\/www.stanleypackage.com\/wp-content\/uploads\/2025\/07\/Custom-Printed-Roll-Stock-Film-Bulk-Soap-Packaging-Film-6-600x600.webp 600w, https:\/\/www.stanleypackage.com\/wp-content\/uploads\/2025\/07\/Custom-Printed-Roll-Stock-Film-Bulk-Soap-Packaging-Film-6-100x100.webp 100w\" sizes=\"(max-width: 750px) 100vw, 750px\" \/><\/figure>\n<\/div>\n\n\n\n<div class=\"wp-block-column is-layout-flow wp-block-column-is-layout-flow\">\n<figure class=\"wp-block-image size-full\"><img decoding=\"async\" width=\"750\" height=\"750\" src=\"https:\/\/www.stanleypackage.com\/wp-content\/uploads\/2025\/07\/Custom-Printed-Roll-Stock-Film-Bulk-Soap-Packaging-Film-2.webp\" alt=\"Film en rollo impreso a medida, Film para embalaje de jab\u00f3n a granel-2\" class=\"wp-image-2330\" srcset=\"https:\/\/www.stanleypackage.com\/wp-content\/uploads\/2025\/07\/Custom-Printed-Roll-Stock-Film-Bulk-Soap-Packaging-Film-2.webp 750w, https:\/\/www.stanleypackage.com\/wp-content\/uploads\/2025\/07\/Custom-Printed-Roll-Stock-Film-Bulk-Soap-Packaging-Film-2-300x300.webp 300w, https:\/\/www.stanleypackage.com\/wp-content\/uploads\/2025\/07\/Custom-Printed-Roll-Stock-Film-Bulk-Soap-Packaging-Film-2-150x150.webp 150w, https:\/\/www.stanleypackage.com\/wp-content\/uploads\/2025\/07\/Custom-Printed-Roll-Stock-Film-Bulk-Soap-Packaging-Film-2-12x12.webp 12w, https:\/\/www.stanleypackage.com\/wp-content\/uploads\/2025\/07\/Custom-Printed-Roll-Stock-Film-Bulk-Soap-Packaging-Film-2-600x600.webp 600w, https:\/\/www.stanleypackage.com\/wp-content\/uploads\/2025\/07\/Custom-Printed-Roll-Stock-Film-Bulk-Soap-Packaging-Film-2-100x100.webp 100w\" sizes=\"(max-width: 750px) 100vw, 750px\" \/><\/figure>\n<\/div>\n<\/div>\n<\/div>\n<\/div>","protected":false},"excerpt":{"rendered":"<p>Bienvenido a la compra de film en rollo impreso personalizado. Esta pel\u00edcula de embalaje personalizada para el envasado de jab\u00f3n est\u00e1 hecha de material transl\u00facido BOPP de 20 micras termosellado por una sola cara, que es ligero, fino y duradero, con un buen rendimiento de sellado y adaptabilidad de impresi\u00f3n. Admite una gran variedad de efectos de proceso especiales, como mate, brillante, UV, etc.<\/p>\n<table style=\"border-collapse: collapse; width: 365.02pt;\" border=\"0\" width=\"365\" cellspacing=\"0\" cellpadding=\"0\">\n<tbody>\n<tr style=\"height: 16.00pt;\">\n<td class=\"et2\" style=\"height: 16.00pt; width: 97.50pt;\" width=\"97\" height=\"16\">Fabricante<\/td>\n<td class=\"et2\" style=\"width: 267.50pt;\" width=\"267\">Stanley<\/td>\n<\/tr>\n<tr style=\"height: 16.00pt;\">\n<td class=\"et2\" style=\"height: 16.00pt; width: 97.50pt;\" width=\"97\" height=\"16\">Tipos de bolsas<\/td>\n<td class=\"et3\">Film para envasado en bolsas<\/td>\n<\/tr>\n<tr style=\"height: 16.00pt;\">\n<td class=\"et2\" style=\"height: 16.00pt; width: 97.50pt;\" width=\"97\" height=\"16\">Material<\/td>\n<td class=\"et2\" style=\"width: 267.50pt;\" width=\"267\">BOPP termosellable por una cara 20<\/td>\n<\/tr>\n<tr style=\"height: 16.00pt;\">\n<td class=\"et2\" style=\"height: 16.00pt; width: 97.50pt;\" width=\"97\" height=\"16\">Reportaje especial<\/td>\n<td class=\"et2\" style=\"width: 267.50pt;\" width=\"267\">Material transl\u00facido, envasado autom\u00e1tico<\/td>\n<\/tr>\n<tr style=\"height: 16.00pt;\">\n<td class=\"et2\" style=\"height: 16.00pt; width: 97.50pt;\" width=\"97\" height=\"16\">Manipulaci\u00f3n de superficies<\/td>\n<td class=\"et2\" style=\"width: 267.50pt;\" width=\"267\">Impresi\u00f3n en huecograbado<\/td>\n<\/tr>\n<tr style=\"height: 16.00pt;\">\n<td class=\"et2\" style=\"height: 16.00pt; width: 97.50pt;\" width=\"97\" height=\"16\">Color<\/td>\n<td class=\"et2\" style=\"width: 267.50pt;\" width=\"267\">Impresi\u00f3n a doble cara, hasta 10 colores<\/td>\n<\/tr>\n<tr style=\"height: 16.00pt;\">\n<td class=\"et2\" style=\"height: 16.00pt; width: 97.50pt;\" width=\"97\" height=\"16\">Utilizaci\u00f3n<\/td>\n<td class=\"et2\" style=\"width: 267.50pt;\" width=\"267\">Envoltorio de jab\u00f3n, Detergente para la ropa<\/td>\n<\/tr>\n<tr style=\"height: 16.00pt;\">\n<td class=\"et2\" style=\"height: 16.00pt; width: 97.50pt;\" width=\"97\" height=\"16\">MOQ<\/td>\n<td class=\"et2\" style=\"width: 267.50pt;\" width=\"267\">50.000 unidades<\/td>\n<\/tr>\n<tr style=\"height: 16.00pt;\">\n<td class=\"et2\" style=\"height: 16.00pt; width: 97.50pt;\" width=\"97\" height=\"16\">Pedido a medida<\/td>\n<td class=\"et2\" style=\"width: 267.50pt;\" width=\"267\">Aceptamos OEM y ODM, Muestras gratuitas<\/td>\n<\/tr>\n<\/tbody>\n<\/table>","protected":false},"featured_media":2332,"comment_status":"closed","ping_status":"closed","template":"","meta":{"_acf_changed":false},"product_brand":[],"product_cat":[26],"product_tag":[],"class_list":{"0":"post-2328","1":"product","2":"type-product","3":"status-publish","4":"has-post-thumbnail","6":"product_cat-packaging-film-manufacturer","7":"pa_non-food-packaging-soap-detergent-pouches","9":"first","10":"instock","11":"shipping-taxable","12":"product-type-simple"},"acf":[],"_links":{"self":[{"href":"https:\/\/www.stanleypackage.com\/es\/wp-json\/wp\/v2\/product\/2328","targetHints":{"allow":["GET"]}}],"collection":[{"href":"https:\/\/www.stanleypackage.com\/es\/wp-json\/wp\/v2\/product"}],"about":[{"href":"https:\/\/www.stanleypackage.com\/es\/wp-json\/wp\/v2\/types\/product"}],"replies":[{"embeddable":true,"href":"https:\/\/www.stanleypackage.com\/es\/wp-json\/wp\/v2\/comments?post=2328"}],"wp:featuredmedia":[{"embeddable":true,"href":"https:\/\/www.stanleypackage.com\/es\/wp-json\/wp\/v2\/media\/2332"}],"wp:attachment":[{"href":"https:\/\/www.stanleypackage.com\/es\/wp-json\/wp\/v2\/media?parent=2328"}],"wp:term":[{"taxonomy":"product_brand","embeddable":true,"href":"https:\/\/www.stanleypackage.com\/es\/wp-json\/wp\/v2\/product_brand?post=2328"},{"taxonomy":"product_cat","embeddable":true,"href":"https:\/\/www.stanleypackage.com\/es\/wp-json\/wp\/v2\/product_cat?post=2328"},{"taxonomy":"product_tag","embeddable":true,"href":"https:\/\/www.stanleypackage.com\/es\/wp-json\/wp\/v2\/product_tag?post=2328"}],"curies":[{"name":"wp","href":"https:\/\/api.w.org\/{rel}","templated":true}]}}