{"id":2335,"date":"2025-07-02T02:40:23","date_gmt":"2025-07-02T02:40:23","guid":{"rendered":"https:\/\/www.stanleypackage.com\/?post_type=product&#038;p=2335"},"modified":"2025-09-06T02:03:21","modified_gmt":"2025-09-06T02:03:21","slug":"custom-printed-kraft-stand-up-pouches","status":"publish","type":"product","link":"https:\/\/www.stanleypackage.com\/es\/product\/custom-printed-kraft-stand-up-pouches\/","title":{"rendered":"Champ\u00fa Impreso Personalizado Kraft Bolsas de pie con pico"},"content":{"rendered":"<div class=\"wp-block-columns is-layout-flex wp-container-core-columns-is-layout-9d6595d7 wp-block-columns-is-layout-flex\">\n<div class=\"wp-block-column is-layout-flow wp-block-column-is-layout-flow\">\n<h2 class=\"wp-block-heading\">Caracter\u00edsticas de las bolsas Kraft Stand Up con impresi\u00f3n personalizada<\/h2>\n\n\n\n<ul class=\"wp-block-list\">\n<li><strong>Capa exterior de papel kraft natural, realza la textura ambiental: <\/strong>Estas bolsas stand up kraft impresas a medida est\u00e1n hechas de papel kraft amarillo, transmiten una imagen de marca natural y org\u00e1nica, y son populares en el mercado de consumo ecol\u00f3gico.<\/li>\n\n\n\n<li><strong>Estructura compuesta de tres capas, rendimiento superior de alta barrera: <\/strong>El papel de aluminio y la capa interior de PE de nuestras bolsas kraft stand up al por mayor proporcionan excelentes funciones a prueba de humedad, a prueba de luz y antifugas, protegiendo eficazmente la calidad del champ\u00fa.<\/li>\n\n\n\n<li><strong>Dise\u00f1o de boquilla de succi\u00f3n, uso c\u00f3modo e higi\u00e9nico: <\/strong>La estructura de la boquilla de succi\u00f3n de estas bolsas stand up kraft impresas personalizadas es conveniente para controlar la cantidad de uso, evitar el desperdicio, y el sello es herm\u00e9tico, adecuado para la apertura y sellado m\u00faltiple.<\/li>\n\n\n\n<li><strong>Tipo bolsa autoportante, buen efecto de exposici\u00f3n: <\/strong>El dise\u00f1o estable de fondo vertical de estas bolsas kraft stand up al por mayor resulta pr\u00e1ctico para su exposici\u00f3n en estanter\u00edas, mejorando la visibilidad y profesionalidad de la marca en el mercado terminal.<\/li>\n\n\n\n<li><strong>Admite impresi\u00f3n personalizada para crear envases exclusivos: <\/strong>Nuestras bolsas kraft stand up impresas a medida pueden personalizarse con dise\u00f1os, colores y procesos de superficie (como mate, brillante, etc.) seg\u00fan los requisitos de la marca para mejorar el reconocimiento del producto y el atractivo visual.<\/li>\n<\/ul>\n\n\n\n<div class=\"wp-block-columns is-layout-flex wp-container-core-columns-is-layout-9d6595d7 wp-block-columns-is-layout-flex\">\n<div class=\"wp-block-column is-layout-flow wp-block-column-is-layout-flow\">\n<figure class=\"wp-block-image size-full\"><img decoding=\"async\" width=\"750\" height=\"750\" src=\"https:\/\/www.stanleypackage.com\/wp-content\/uploads\/2025\/07\/Shampoo-Custom-Printed-Kraft-Stand-Up-Pouches-With-Spout-3.webp\" alt=\"Champ\u00fa Impreso Personalizado Kraft Stand Up Bolsas Con Boquilla-3\" class=\"wp-image-2338\" srcset=\"https:\/\/www.stanleypackage.com\/wp-content\/uploads\/2025\/07\/Shampoo-Custom-Printed-Kraft-Stand-Up-Pouches-With-Spout-3.webp 750w, https:\/\/www.stanleypackage.com\/wp-content\/uploads\/2025\/07\/Shampoo-Custom-Printed-Kraft-Stand-Up-Pouches-With-Spout-3-300x300.webp 300w, https:\/\/www.stanleypackage.com\/wp-content\/uploads\/2025\/07\/Shampoo-Custom-Printed-Kraft-Stand-Up-Pouches-With-Spout-3-150x150.webp 150w, https:\/\/www.stanleypackage.com\/wp-content\/uploads\/2025\/07\/Shampoo-Custom-Printed-Kraft-Stand-Up-Pouches-With-Spout-3-12x12.webp 12w, https:\/\/www.stanleypackage.com\/wp-content\/uploads\/2025\/07\/Shampoo-Custom-Printed-Kraft-Stand-Up-Pouches-With-Spout-3-600x600.webp 600w, https:\/\/www.stanleypackage.com\/wp-content\/uploads\/2025\/07\/Shampoo-Custom-Printed-Kraft-Stand-Up-Pouches-With-Spout-3-100x100.webp 100w\" sizes=\"(max-width: 750px) 100vw, 750px\" \/><\/figure>\n<\/div>\n\n\n\n<div class=\"wp-block-column is-layout-flow wp-block-column-is-layout-flow\">\n<figure class=\"wp-block-image size-full\"><img decoding=\"async\" width=\"750\" height=\"750\" src=\"https:\/\/www.stanleypackage.com\/wp-content\/uploads\/2025\/07\/Shampoo-Custom-Printed-Kraft-Stand-Up-Pouches-With-Spout-2.webp\" alt=\"Champ\u00fa Impreso Personalizado Kraft Stand Up Bolsas Con Boquilla-2\" class=\"wp-image-2337\" srcset=\"https:\/\/www.stanleypackage.com\/wp-content\/uploads\/2025\/07\/Shampoo-Custom-Printed-Kraft-Stand-Up-Pouches-With-Spout-2.webp 750w, https:\/\/www.stanleypackage.com\/wp-content\/uploads\/2025\/07\/Shampoo-Custom-Printed-Kraft-Stand-Up-Pouches-With-Spout-2-300x300.webp 300w, https:\/\/www.stanleypackage.com\/wp-content\/uploads\/2025\/07\/Shampoo-Custom-Printed-Kraft-Stand-Up-Pouches-With-Spout-2-150x150.webp 150w, https:\/\/www.stanleypackage.com\/wp-content\/uploads\/2025\/07\/Shampoo-Custom-Printed-Kraft-Stand-Up-Pouches-With-Spout-2-12x12.webp 12w, https:\/\/www.stanleypackage.com\/wp-content\/uploads\/2025\/07\/Shampoo-Custom-Printed-Kraft-Stand-Up-Pouches-With-Spout-2-600x600.webp 600w, https:\/\/www.stanleypackage.com\/wp-content\/uploads\/2025\/07\/Shampoo-Custom-Printed-Kraft-Stand-Up-Pouches-With-Spout-2-100x100.webp 100w\" sizes=\"(max-width: 750px) 100vw, 750px\" \/><\/figure>\n<\/div>\n<\/div>\n<\/div>\n<\/div>","protected":false},"excerpt":{"rendered":"<p>Bienvenido a comprar bolsas kraft personalizadas. Nuestras bolsas kraft stand up al por mayor adoptan una estructura de material compuesto de tres capas, que combina una textura natural y fuertes propiedades de barrera, adecuadas para champ\u00fa, gel de ducha, etc.<\/p>\n<table style=\"border-collapse: collapse; width: 365.02pt;\" border=\"0\" width=\"365\" cellspacing=\"0\" cellpadding=\"0\">\n<tbody>\n<tr style=\"height: 16.00pt;\">\n<td class=\"et2\" style=\"height: 16.00pt; width: 97.50pt;\" width=\"97\" height=\"16\">Fabricante<\/td>\n<td class=\"et2\" style=\"width: 267.50pt;\" width=\"267\">Stanley<\/td>\n<\/tr>\n<tr style=\"height: 16.00pt;\">\n<td class=\"et2\" style=\"height: 16.00pt; width: 97.50pt;\" width=\"97\" height=\"16\">Tipos de bolsas<\/td>\n<td class=\"et3\">Bolsa Stand Up, Bolsa con boquilla, Bolsa Kraft<\/td>\n<\/tr>\n<tr style=\"height: 16.00pt;\">\n<td class=\"et2\" style=\"height: 16.00pt; width: 97.50pt;\" width=\"97\" height=\"16\">Material<\/td>\n<td class=\"et2\" style=\"width: 267.50pt;\" width=\"267\">Papel Kraft 70g \/ AL7 \/ PE100<\/td>\n<\/tr>\n<tr style=\"height: 16.00pt;\">\n<td class=\"et2\" style=\"height: 16.00pt; width: 97.50pt;\" width=\"97\" height=\"16\">Reportaje especial<\/td>\n<td class=\"et2\" style=\"width: 267.50pt;\" width=\"267\">Ca\u00f1o, fondo alto, alta barrera<\/td>\n<\/tr>\n<tr style=\"height: 16.00pt;\">\n<td class=\"et2\" style=\"height: 16.00pt; width: 97.50pt;\" width=\"97\" height=\"16\">Manipulaci\u00f3n de superficies<\/td>\n<td class=\"et2\" style=\"width: 267.50pt;\" width=\"267\">Impresi\u00f3n en huecograbado<\/td>\n<\/tr>\n<tr style=\"height: 16.00pt;\">\n<td class=\"et2\" style=\"height: 16.00pt; width: 97.50pt;\" width=\"97\" height=\"16\">Color<\/td>\n<td class=\"et2\" style=\"width: 267.50pt;\" width=\"267\">Impresi\u00f3n a doble cara, hasta 10 colores<\/td>\n<\/tr>\n<tr style=\"height: 16.00pt;\">\n<td class=\"et2\" style=\"height: 16.00pt; width: 97.50pt;\" width=\"97\" height=\"16\">Utilizaci\u00f3n<\/td>\n<td class=\"et2\" style=\"width: 267.50pt;\" width=\"267\">Champ\u00fa, Gel de ducha, Crema, Loci\u00f3n<\/td>\n<\/tr>\n<tr style=\"height: 16.00pt;\">\n<td class=\"et2\" style=\"height: 16.00pt; width: 97.50pt;\" width=\"97\" height=\"16\">MOQ<\/td>\n<td class=\"et2\" style=\"width: 267.50pt;\" width=\"267\">50.000 unidades<\/td>\n<\/tr>\n<tr style=\"height: 16.00pt;\">\n<td class=\"et2\" style=\"height: 16.00pt; width: 97.50pt;\" width=\"97\" height=\"16\">Pedido a medida<\/td>\n<td class=\"et2\" style=\"width: 267.50pt;\" width=\"267\">Aceptamos OEM y ODM, Muestras gratuitas<\/td>\n<\/tr>\n<\/tbody>\n<\/table>","protected":false},"featured_media":2339,"comment_status":"closed","ping_status":"closed","template":"","meta":{"_acf_changed":false},"product_brand":[],"product_cat":[32,30],"product_tag":[],"class_list":{"0":"post-2335","1":"product","2":"type-product","3":"status-publish","4":"has-post-thumbnail","6":"product_cat-spout-pouch-manufacturer","7":"product_cat-stand-up-pouch-manufacturer","8":"pa_material-kraft-paper","9":"pa_non-food-packaging-cosmetic-packaging-pouches","10":"pa_non-food-packaging-soap-detergent-pouches","12":"first","13":"instock","14":"shipping-taxable","15":"product-type-simple"},"acf":[],"_links":{"self":[{"href":"https:\/\/www.stanleypackage.com\/es\/wp-json\/wp\/v2\/product\/2335","targetHints":{"allow":["GET"]}}],"collection":[{"href":"https:\/\/www.stanleypackage.com\/es\/wp-json\/wp\/v2\/product"}],"about":[{"href":"https:\/\/www.stanleypackage.com\/es\/wp-json\/wp\/v2\/types\/product"}],"replies":[{"embeddable":true,"href":"https:\/\/www.stanleypackage.com\/es\/wp-json\/wp\/v2\/comments?post=2335"}],"wp:featuredmedia":[{"embeddable":true,"href":"https:\/\/www.stanleypackage.com\/es\/wp-json\/wp\/v2\/media\/2339"}],"wp:attachment":[{"href":"https:\/\/www.stanleypackage.com\/es\/wp-json\/wp\/v2\/media?parent=2335"}],"wp:term":[{"taxonomy":"product_brand","embeddable":true,"href":"https:\/\/www.stanleypackage.com\/es\/wp-json\/wp\/v2\/product_brand?post=2335"},{"taxonomy":"product_cat","embeddable":true,"href":"https:\/\/www.stanleypackage.com\/es\/wp-json\/wp\/v2\/product_cat?post=2335"},{"taxonomy":"product_tag","embeddable":true,"href":"https:\/\/www.stanleypackage.com\/es\/wp-json\/wp\/v2\/product_tag?post=2335"}],"curies":[{"name":"wp","href":"https:\/\/api.w.org\/{rel}","templated":true}]}}