{"id":2341,"date":"2025-07-02T03:14:41","date_gmt":"2025-07-02T03:14:41","guid":{"rendered":"https:\/\/www.stanleypackage.com\/?post_type=product&#038;p=2341"},"modified":"2025-09-06T01:41:45","modified_gmt":"2025-09-06T01:41:45","slug":"custom-shrink-sleeves","status":"publish","type":"product","link":"https:\/\/www.stanleypackage.com\/es\/product\/custom-shrink-sleeves\/","title":{"rendered":"Fundas Retr\u00e1ctiles Personalizadas, Film Retr\u00e1ctil PET Para Botellas"},"content":{"rendered":"<div class=\"wp-block-columns is-layout-flex wp-container-core-columns-is-layout-9d6595d7 wp-block-columns-is-layout-flex\">\n<div class=\"wp-block-column is-layout-flow wp-block-column-is-layout-flow\">\n<h2 class=\"wp-block-heading\">Caracter\u00edsticas de los manguitos retr\u00e1ctiles personalizados<\/h2>\n\n\n\n<ul class=\"wp-block-list\">\n<li><strong>Alto \u00edndice de contracci\u00f3n, cerca de la botella sin deformaci\u00f3n:<\/strong> Esta funda retr\u00e1ctil personalizada est\u00e1 hecha de material PET, con un \u00edndice de contracci\u00f3n lateral superior a 70%, adecuada para botellas con formas especiales y botellas curvadas, con efectos visuales y ajuste completos.<\/li>\n\n\n\n<li><strong>Impresi\u00f3n de alta definici\u00f3n, fuerte expresi\u00f3n de marca: <\/strong>Nuestra pel\u00edcula de funda retr\u00e1ctil para mascotas para botellas al por mayor admite impresi\u00f3n en huecograbado, con patrones brillantes y claros, mate opcional, brillo, UV parcial y otros procesos de superficie para mejorar el grado de embalaje.<\/li>\n\n\n\n<li><strong>Materiales respetuosos con el medio ambiente, reciclables:<\/strong> Nuestro material PET para fundas retr\u00e1ctiles personalizadas no contiene cloro, cumple la normativa de protecci\u00f3n del medio ambiente, es reciclable y resulta adecuado para los mercados de exportaci\u00f3n.<\/li>\n\n\n\n<li><strong>Embalaje seguro, compatible con la funci\u00f3n antimanipulaci\u00f3n: <\/strong>Nuestra pel\u00edcula retr\u00e1ctil para botellas al por mayor se puede combinar con un dise\u00f1o antifalsificaci\u00f3n y antimanipulaci\u00f3n para mejorar el nivel de antifalsificaci\u00f3n del producto y la confianza del consumidor.<\/li>\n\n\n\n<li><strong>Compatible con equipos de etiquetado autom\u00e1tico, producci\u00f3n eficiente: <\/strong>Nuestras mangas retr\u00e1ctiles personalizadas son adecuadas para todo tipo de m\u00e1quinas de etiquetado retr\u00e1ctil de aire caliente\/vapor de alta velocidad, con etiquetado limpio y alta eficiencia, adecuadas para l\u00edneas de producci\u00f3n a gran escala.<\/li>\n<\/ul>\n\n\n\n<div class=\"wp-block-columns is-layout-flex wp-container-core-columns-is-layout-9d6595d7 wp-block-columns-is-layout-flex\">\n<div class=\"wp-block-column is-layout-flow wp-block-column-is-layout-flow\">\n<figure class=\"wp-block-image size-full\"><img decoding=\"async\" width=\"750\" height=\"750\" src=\"https:\/\/www.stanleypackage.com\/wp-content\/uploads\/2025\/07\/Custom-Shrink-Sleeves-PET-Shrink-Sleeves-Film-For-Bottle-4.webp\" alt=\"Fundas Retr\u00e1ctiles Personalizadas, Film Retr\u00e1ctil PET Para Botella-4\" class=\"wp-image-2345\" srcset=\"https:\/\/www.stanleypackage.com\/wp-content\/uploads\/2025\/07\/Custom-Shrink-Sleeves-PET-Shrink-Sleeves-Film-For-Bottle-4.webp 750w, https:\/\/www.stanleypackage.com\/wp-content\/uploads\/2025\/07\/Custom-Shrink-Sleeves-PET-Shrink-Sleeves-Film-For-Bottle-4-300x300.webp 300w, https:\/\/www.stanleypackage.com\/wp-content\/uploads\/2025\/07\/Custom-Shrink-Sleeves-PET-Shrink-Sleeves-Film-For-Bottle-4-150x150.webp 150w, https:\/\/www.stanleypackage.com\/wp-content\/uploads\/2025\/07\/Custom-Shrink-Sleeves-PET-Shrink-Sleeves-Film-For-Bottle-4-12x12.webp 12w, https:\/\/www.stanleypackage.com\/wp-content\/uploads\/2025\/07\/Custom-Shrink-Sleeves-PET-Shrink-Sleeves-Film-For-Bottle-4-600x600.webp 600w, https:\/\/www.stanleypackage.com\/wp-content\/uploads\/2025\/07\/Custom-Shrink-Sleeves-PET-Shrink-Sleeves-Film-For-Bottle-4-100x100.webp 100w\" sizes=\"(max-width: 750px) 100vw, 750px\" \/><\/figure>\n<\/div>\n\n\n\n<div class=\"wp-block-column is-layout-flow wp-block-column-is-layout-flow\">\n<figure class=\"wp-block-image size-full\"><img decoding=\"async\" width=\"750\" height=\"750\" src=\"https:\/\/www.stanleypackage.com\/wp-content\/uploads\/2025\/07\/Custom-Shrink-Sleeves-PET-Shrink-Sleeves-Film-For-Bottle-6.webp\" alt=\"Fundas Retr\u00e1ctiles Personalizadas, Film Retr\u00e1ctil PET Para Botella-6\" class=\"wp-image-2347\" srcset=\"https:\/\/www.stanleypackage.com\/wp-content\/uploads\/2025\/07\/Custom-Shrink-Sleeves-PET-Shrink-Sleeves-Film-For-Bottle-6.webp 750w, https:\/\/www.stanleypackage.com\/wp-content\/uploads\/2025\/07\/Custom-Shrink-Sleeves-PET-Shrink-Sleeves-Film-For-Bottle-6-300x300.webp 300w, https:\/\/www.stanleypackage.com\/wp-content\/uploads\/2025\/07\/Custom-Shrink-Sleeves-PET-Shrink-Sleeves-Film-For-Bottle-6-150x150.webp 150w, https:\/\/www.stanleypackage.com\/wp-content\/uploads\/2025\/07\/Custom-Shrink-Sleeves-PET-Shrink-Sleeves-Film-For-Bottle-6-12x12.webp 12w, https:\/\/www.stanleypackage.com\/wp-content\/uploads\/2025\/07\/Custom-Shrink-Sleeves-PET-Shrink-Sleeves-Film-For-Bottle-6-600x600.webp 600w, https:\/\/www.stanleypackage.com\/wp-content\/uploads\/2025\/07\/Custom-Shrink-Sleeves-PET-Shrink-Sleeves-Film-For-Bottle-6-100x100.webp 100w\" sizes=\"(max-width: 750px) 100vw, 750px\" \/><\/figure>\n<\/div>\n<\/div>\n<\/div>\n<\/div>","protected":false},"excerpt":{"rendered":"<p>Bienvenido a comprar fundas retr\u00e1ctiles personalizadas. Nuestra pel\u00edcula de mangas retr\u00e1ctiles para botellas al por mayor tiene un excelente rendimiento de contracci\u00f3n, puede adaptarse a la forma de las botellas qu\u00edmicas diarias 360 \u00b0, y lograr la exhibici\u00f3n de la marca de alta calidad y la protecci\u00f3n del producto.<\/p>\n<table style=\"border-collapse: collapse; width: 365.02pt;\" border=\"0\" width=\"365\" cellspacing=\"0\" cellpadding=\"0\">\n<tbody>\n<tr style=\"height: 16.00pt;\">\n<td class=\"et2\" style=\"height: 16.00pt; width: 97.50pt;\" width=\"97\" height=\"16\">Fabricante<\/td>\n<td class=\"et2\" style=\"width: 267.50pt;\" width=\"267\">Stanley<\/td>\n<\/tr>\n<tr style=\"height: 16.00pt;\">\n<td class=\"et2\" style=\"height: 16.00pt; width: 97.50pt;\" width=\"97\" height=\"16\">Tipos de bolsas<\/td>\n<td class=\"et3\">Film retr\u00e1ctil<\/td>\n<\/tr>\n<tr style=\"height: 16.00pt;\">\n<td class=\"et2\" style=\"height: 16.00pt; width: 97.50pt;\" width=\"97\" height=\"16\">Material<\/td>\n<td class=\"et2\" style=\"width: 267.50pt;\" width=\"267\">PET<\/td>\n<\/tr>\n<tr style=\"height: 16.00pt;\">\n<td class=\"et2\" style=\"height: 16.00pt; width: 97.50pt;\" width=\"97\" height=\"16\">Reportaje especial<\/td>\n<td class=\"et2\" style=\"width: 267.50pt;\" width=\"267\">Cobertura de 360\u00b0, gran capacidad de contracci\u00f3n<\/td>\n<\/tr>\n<tr style=\"height: 16.00pt;\">\n<td class=\"et2\" style=\"height: 16.00pt; width: 97.50pt;\" width=\"97\" height=\"16\">Manipulaci\u00f3n de superficies<\/td>\n<td class=\"et2\" style=\"width: 267.50pt;\" width=\"267\">Impresi\u00f3n en huecograbado<\/td>\n<\/tr>\n<tr style=\"height: 16.00pt;\">\n<td class=\"et2\" style=\"height: 16.00pt; width: 97.50pt;\" width=\"97\" height=\"16\">Color<\/td>\n<td class=\"et2\" style=\"width: 267.50pt;\" width=\"267\">Hasta 10 colores<\/td>\n<\/tr>\n<tr style=\"height: 16.00pt;\">\n<td class=\"et2\" style=\"height: 16.00pt; width: 97.50pt;\" width=\"97\" height=\"16\">Utilizaci\u00f3n<\/td>\n<td class=\"et2\" style=\"width: 267.50pt;\" width=\"267\">Botella de champ\u00fa, gel de ducha y loci\u00f3n<\/td>\n<\/tr>\n<tr style=\"height: 16.00pt;\">\n<td class=\"et2\" style=\"height: 16.00pt; width: 97.50pt;\" width=\"97\" height=\"16\">MOQ<\/td>\n<td class=\"et2\" style=\"width: 267.50pt;\" width=\"267\">50.000 unidades<\/td>\n<\/tr>\n<tr style=\"height: 16.00pt;\">\n<td class=\"et2\" style=\"height: 16.00pt; width: 97.50pt;\" width=\"97\" height=\"16\">Pedido a medida<\/td>\n<td class=\"et2\" style=\"width: 267.50pt;\" width=\"267\">Aceptamos OEM y ODM, Muestras gratuitas<\/td>\n<\/tr>\n<\/tbody>\n<\/table>","protected":false},"featured_media":2342,"comment_status":"closed","ping_status":"closed","template":"","meta":{"_acf_changed":false},"product_brand":[],"product_cat":[72,26],"product_tag":[],"class_list":{"0":"post-2341","1":"product","2":"type-product","3":"status-publish","4":"has-post-thumbnail","6":"product_cat-shrink-film-manufacturer","7":"product_cat-packaging-film-manufacturer","8":"pa_non-food-packaging-soap-detergent-pouches","10":"first","11":"instock","12":"shipping-taxable","13":"product-type-simple"},"acf":[],"_links":{"self":[{"href":"https:\/\/www.stanleypackage.com\/es\/wp-json\/wp\/v2\/product\/2341","targetHints":{"allow":["GET"]}}],"collection":[{"href":"https:\/\/www.stanleypackage.com\/es\/wp-json\/wp\/v2\/product"}],"about":[{"href":"https:\/\/www.stanleypackage.com\/es\/wp-json\/wp\/v2\/types\/product"}],"replies":[{"embeddable":true,"href":"https:\/\/www.stanleypackage.com\/es\/wp-json\/wp\/v2\/comments?post=2341"}],"wp:featuredmedia":[{"embeddable":true,"href":"https:\/\/www.stanleypackage.com\/es\/wp-json\/wp\/v2\/media\/2342"}],"wp:attachment":[{"href":"https:\/\/www.stanleypackage.com\/es\/wp-json\/wp\/v2\/media?parent=2341"}],"wp:term":[{"taxonomy":"product_brand","embeddable":true,"href":"https:\/\/www.stanleypackage.com\/es\/wp-json\/wp\/v2\/product_brand?post=2341"},{"taxonomy":"product_cat","embeddable":true,"href":"https:\/\/www.stanleypackage.com\/es\/wp-json\/wp\/v2\/product_cat?post=2341"},{"taxonomy":"product_tag","embeddable":true,"href":"https:\/\/www.stanleypackage.com\/es\/wp-json\/wp\/v2\/product_tag?post=2341"}],"curies":[{"name":"wp","href":"https:\/\/api.w.org\/{rel}","templated":true}]}}