{"id":2348,"date":"2025-07-02T03:49:19","date_gmt":"2025-07-02T03:49:19","guid":{"rendered":"https:\/\/www.stanleypackage.com\/?post_type=product&#038;p=2348"},"modified":"2025-09-06T01:41:31","modified_gmt":"2025-09-06T01:41:31","slug":"custom-shrink-sleeves-for-bottles","status":"publish","type":"product","link":"https:\/\/www.stanleypackage.com\/es\/product\/custom-shrink-sleeves-for-bottles\/","title":{"rendered":"Fundas Retr\u00e1ctiles Personalizadas Para Botellas, Film Retr\u00e1ctil PET al por Mayor"},"content":{"rendered":"<div class=\"wp-block-columns is-layout-flex wp-container-core-columns-is-layout-9d6595d7 wp-block-columns-is-layout-flex\">\n<div class=\"wp-block-column is-layout-flow wp-block-column-is-layout-flow\">\n<h2 class=\"wp-block-heading\">Caracter\u00edsticas de las fundas retr\u00e1ctiles personalizadas para botellas<\/h2>\n\n\n\n<ul class=\"wp-block-list\">\n<li><strong>Material PET respetuoso con el medio ambiente, claro y brillante: <\/strong>El material de estas fundas retr\u00e1ctiles personalizadas para botellas es reciclable, tiene buena rigidez y resistencia al calor, y se ajusta a la tendencia mundial de envases respetuosos con el medio ambiente.<\/li>\n\n\n\n<li><strong>Dise\u00f1o de orificio de escape, antiburbujas y antiarrugas: <\/strong>Estos films retr\u00e1ctiles para mayoristas tienen peque\u00f1os orificios de escape dispuestos con precisi\u00f3n, que pueden liberar eficazmente el gas generado durante el proceso de retractilado y mejorar la planitud de la etiqueta.<\/li>\n\n\n\n<li><strong>Dise\u00f1o de cobertura total de 360\u00b0, fuerte visualizaci\u00f3n de la marca:<\/strong> Nuestras fundas retr\u00e1ctiles personalizadas para botellas pueden envolver por completo el cuerpo de la botella, lograr la visualizaci\u00f3n completa de los dise\u00f1os y la informaci\u00f3n, y mejorar el atractivo de los estantes.<\/li>\n\n\n\n<li><strong>Rendimiento de retractilado estable, adecuado para diversas formas de botella:<\/strong> Nuestros films retr\u00e1ctiles para la venta al por mayor tienen un alto \u00edndice de retracci\u00f3n lateral, se adaptan a botellas con formas especiales y a botellas curvadas, y son adecuados para una gran variedad de escenarios de envasado.<\/li>\n\n\n\n<li><strong>Admite impresi\u00f3n personalizada y manualidades especiales:<\/strong> Nuestras fundas retr\u00e1ctiles personalizadas para botellas pueden personalizarse en color, dise\u00f1o y efecto superficial (mate, brillante, UV parcial, etc.) seg\u00fan las necesidades para satisfacer la expresi\u00f3n personalizada de la marca.<\/li>\n<\/ul>\n\n\n\n<div class=\"wp-block-columns is-layout-flex wp-container-core-columns-is-layout-9d6595d7 wp-block-columns-is-layout-flex\">\n<div class=\"wp-block-column is-layout-flow wp-block-column-is-layout-flow\">\n<figure class=\"wp-block-image size-full\"><img decoding=\"async\" width=\"750\" height=\"750\" src=\"https:\/\/www.stanleypackage.com\/wp-content\/uploads\/2025\/07\/Custom-Shrink-Sleeves-For-Bottles-PET-Shrink-Film-Wholesale-5.webp\" alt=\"Fundas Retr\u00e1ctiles Personalizadas Para Botellas, Film Retr\u00e1ctil PET Mayorista-5\" class=\"wp-image-2353\" srcset=\"https:\/\/www.stanleypackage.com\/wp-content\/uploads\/2025\/07\/Custom-Shrink-Sleeves-For-Bottles-PET-Shrink-Film-Wholesale-5.webp 750w, https:\/\/www.stanleypackage.com\/wp-content\/uploads\/2025\/07\/Custom-Shrink-Sleeves-For-Bottles-PET-Shrink-Film-Wholesale-5-300x300.webp 300w, https:\/\/www.stanleypackage.com\/wp-content\/uploads\/2025\/07\/Custom-Shrink-Sleeves-For-Bottles-PET-Shrink-Film-Wholesale-5-150x150.webp 150w, https:\/\/www.stanleypackage.com\/wp-content\/uploads\/2025\/07\/Custom-Shrink-Sleeves-For-Bottles-PET-Shrink-Film-Wholesale-5-12x12.webp 12w, https:\/\/www.stanleypackage.com\/wp-content\/uploads\/2025\/07\/Custom-Shrink-Sleeves-For-Bottles-PET-Shrink-Film-Wholesale-5-600x600.webp 600w, https:\/\/www.stanleypackage.com\/wp-content\/uploads\/2025\/07\/Custom-Shrink-Sleeves-For-Bottles-PET-Shrink-Film-Wholesale-5-100x100.webp 100w\" sizes=\"(max-width: 750px) 100vw, 750px\" \/><\/figure>\n<\/div>\n\n\n\n<div class=\"wp-block-column is-layout-flow wp-block-column-is-layout-flow\">\n<figure class=\"wp-block-image size-full\"><img decoding=\"async\" width=\"750\" height=\"750\" src=\"https:\/\/www.stanleypackage.com\/wp-content\/uploads\/2025\/07\/Custom-Shrink-Sleeves-For-Bottles-PET-Shrink-Film-Wholesale-2.webp\" alt=\"Fundas Retr\u00e1ctiles Personalizadas Para Botellas, Film Retr\u00e1ctil PET al por Mayor-2\" class=\"wp-image-2350\" srcset=\"https:\/\/www.stanleypackage.com\/wp-content\/uploads\/2025\/07\/Custom-Shrink-Sleeves-For-Bottles-PET-Shrink-Film-Wholesale-2.webp 750w, https:\/\/www.stanleypackage.com\/wp-content\/uploads\/2025\/07\/Custom-Shrink-Sleeves-For-Bottles-PET-Shrink-Film-Wholesale-2-300x300.webp 300w, https:\/\/www.stanleypackage.com\/wp-content\/uploads\/2025\/07\/Custom-Shrink-Sleeves-For-Bottles-PET-Shrink-Film-Wholesale-2-150x150.webp 150w, https:\/\/www.stanleypackage.com\/wp-content\/uploads\/2025\/07\/Custom-Shrink-Sleeves-For-Bottles-PET-Shrink-Film-Wholesale-2-12x12.webp 12w, https:\/\/www.stanleypackage.com\/wp-content\/uploads\/2025\/07\/Custom-Shrink-Sleeves-For-Bottles-PET-Shrink-Film-Wholesale-2-600x600.webp 600w, https:\/\/www.stanleypackage.com\/wp-content\/uploads\/2025\/07\/Custom-Shrink-Sleeves-For-Bottles-PET-Shrink-Film-Wholesale-2-100x100.webp 100w\" sizes=\"(max-width: 750px) 100vw, 750px\" \/><\/figure>\n<\/div>\n<\/div>\n<\/div>\n<\/div>","protected":false},"excerpt":{"rendered":"<p>Bienvenido a comprar al por mayor pel\u00edculas retr\u00e1ctiles. Nuestras fundas retr\u00e1ctiles personalizadas para botellas est\u00e1n equipadas con orificios de escape, que evitan eficazmente la formaci\u00f3n de burbujas o arrugas durante el proceso de retractilado y garantizan que la etiqueta se ajuste sin problemas.<\/p>\n<table style=\"border-collapse: collapse; width: 365.02pt;\" border=\"0\" width=\"365\" cellspacing=\"0\" cellpadding=\"0\">\n<tbody>\n<tr style=\"height: 16.00pt;\">\n<td class=\"et2\" style=\"height: 16.00pt; width: 97.50pt;\" width=\"97\" height=\"16\">Fabricante<\/td>\n<td class=\"et2\" style=\"width: 267.50pt;\" width=\"267\">Stanley<\/td>\n<\/tr>\n<tr style=\"height: 16.00pt;\">\n<td class=\"et2\" style=\"height: 16.00pt; width: 97.50pt;\" width=\"97\" height=\"16\">Tipos de bolsas<\/td>\n<td class=\"et3\">Film retr\u00e1ctil<\/td>\n<\/tr>\n<tr style=\"height: 16.00pt;\">\n<td class=\"et2\" style=\"height: 16.00pt; width: 97.50pt;\" width=\"97\" height=\"16\">Material<\/td>\n<td class=\"et2\" style=\"width: 267.50pt;\" width=\"267\">PET<\/td>\n<\/tr>\n<tr style=\"height: 31.00pt;\">\n<td class=\"et2\" style=\"height: 31.00pt; width: 97.50pt;\" width=\"97\" height=\"31\">Reportaje especial<\/td>\n<td class=\"et2\" style=\"width: 267.50pt;\" width=\"267\">Cobertura de 360\u00b0, gran capacidad de contracci\u00f3n, orificios de escape<\/td>\n<\/tr>\n<tr style=\"height: 16.00pt;\">\n<td class=\"et2\" style=\"height: 16.00pt; width: 97.50pt;\" width=\"97\" height=\"16\">Manipulaci\u00f3n de superficies<\/td>\n<td class=\"et2\" style=\"width: 267.50pt;\" width=\"267\">Impresi\u00f3n en huecograbado<\/td>\n<\/tr>\n<tr style=\"height: 16.00pt;\">\n<td class=\"et2\" style=\"height: 16.00pt; width: 97.50pt;\" width=\"97\" height=\"16\">Color<\/td>\n<td class=\"et2\" style=\"width: 267.50pt;\" width=\"267\">Hasta 10 colores<\/td>\n<\/tr>\n<tr style=\"height: 16.00pt;\">\n<td class=\"et2\" style=\"height: 16.00pt; width: 97.50pt;\" width=\"97\" height=\"16\">Utilizaci\u00f3n<\/td>\n<td class=\"et2\" style=\"width: 267.50pt;\" width=\"267\">Botella de champ\u00fa, gel de ducha y loci\u00f3n<\/td>\n<\/tr>\n<tr style=\"height: 16.00pt;\">\n<td class=\"et2\" style=\"height: 16.00pt; width: 97.50pt;\" width=\"97\" height=\"16\">MOQ<\/td>\n<td class=\"et2\" style=\"width: 267.50pt;\" width=\"267\">50.000 unidades<\/td>\n<\/tr>\n<tr style=\"height: 16.00pt;\">\n<td class=\"et2\" style=\"height: 16.00pt; width: 97.50pt;\" width=\"97\" height=\"16\">Pedido a medida<\/td>\n<td class=\"et2\" style=\"width: 267.50pt;\" width=\"267\">Aceptamos OEM y ODM, Muestras gratuitas<\/td>\n<\/tr>\n<\/tbody>\n<\/table>","protected":false},"featured_media":2352,"comment_status":"closed","ping_status":"closed","template":"","meta":{"_acf_changed":false},"product_brand":[],"product_cat":[72,26],"product_tag":[],"class_list":{"0":"post-2348","1":"product","2":"type-product","3":"status-publish","4":"has-post-thumbnail","6":"product_cat-shrink-film-manufacturer","7":"product_cat-packaging-film-manufacturer","8":"pa_non-food-packaging-soap-detergent-pouches","10":"first","11":"instock","12":"shipping-taxable","13":"product-type-simple"},"acf":[],"_links":{"self":[{"href":"https:\/\/www.stanleypackage.com\/es\/wp-json\/wp\/v2\/product\/2348","targetHints":{"allow":["GET"]}}],"collection":[{"href":"https:\/\/www.stanleypackage.com\/es\/wp-json\/wp\/v2\/product"}],"about":[{"href":"https:\/\/www.stanleypackage.com\/es\/wp-json\/wp\/v2\/types\/product"}],"replies":[{"embeddable":true,"href":"https:\/\/www.stanleypackage.com\/es\/wp-json\/wp\/v2\/comments?post=2348"}],"wp:featuredmedia":[{"embeddable":true,"href":"https:\/\/www.stanleypackage.com\/es\/wp-json\/wp\/v2\/media\/2352"}],"wp:attachment":[{"href":"https:\/\/www.stanleypackage.com\/es\/wp-json\/wp\/v2\/media?parent=2348"}],"wp:term":[{"taxonomy":"product_brand","embeddable":true,"href":"https:\/\/www.stanleypackage.com\/es\/wp-json\/wp\/v2\/product_brand?post=2348"},{"taxonomy":"product_cat","embeddable":true,"href":"https:\/\/www.stanleypackage.com\/es\/wp-json\/wp\/v2\/product_cat?post=2348"},{"taxonomy":"product_tag","embeddable":true,"href":"https:\/\/www.stanleypackage.com\/es\/wp-json\/wp\/v2\/product_tag?post=2348"}],"curies":[{"name":"wp","href":"https:\/\/api.w.org\/{rel}","templated":true}]}}