{"id":2357,"date":"2025-07-12T03:20:25","date_gmt":"2025-07-12T03:20:25","guid":{"rendered":"https:\/\/www.stanleypackage.com\/?post_type=product&#038;p=2357"},"modified":"2025-07-12T03:58:20","modified_gmt":"2025-07-12T03:58:20","slug":"stand-up-pouch-wholesale","status":"publish","type":"product","link":"https:\/\/www.stanleypackage.com\/es\/product\/stand-up-pouch-wholesale\/","title":{"rendered":"Bolsas al por mayor con forma personalizada para bebidas y aperitivos"},"content":{"rendered":"<div class=\"wp-block-columns is-layout-flex wp-container-core-columns-is-layout-9d6595d7 wp-block-columns-is-layout-flex\">\n<div class=\"wp-block-column is-layout-flow wp-block-column-is-layout-flow\">\n<h2 class=\"wp-block-heading\">Caracter\u00edsticas de Custom Shape Stand Up Pouch al por mayor<\/h2>\n\n\n\n<ul class=\"wp-block-list\">\n<li><strong>Dise\u00f1o especial, forma llamativa: <\/strong>Nuestra venta al por mayor de bolsas stand up admite una gran variedad de contornos y tipos de bolsa personalizados, rompiendo las limitaciones del envasado tradicional y mejorando el reconocimiento de la marca y el atractivo en los estantes.<\/li>\n\n\n\n<li><strong>Estructura de material de alto rendimiento: <\/strong>Nuestras bolsas de envasado personalizadas utilizan material compuesto de tres capas PET12\/BOPA15\/MBPE55, que tiene buenas propiedades de barrera, resistencia a la perforaci\u00f3n y rendimiento de sellado t\u00e9rmico para garantizar la frescura y seguridad del contenido.<\/li>\n\n\n\n<li><strong>Dise\u00f1o f\u00e1cil de rasgar, f\u00e1cil de abrir: <\/strong>Esta bolsa de pie al por mayor est\u00e1 equipada con un dise\u00f1o Easy Tear Notch, que resulta c\u00f3modo para que los consumidores la abran f\u00e1cilmente sin herramientas auxiliares, mejorando la experiencia del usuario.<\/li>\n\n\n\n<li><strong>Tecnolog\u00eda Edge Banding, estructura m\u00e1s estable: <\/strong>El tratamiento de bandas en los bordes de estas bolsas de envasado a medida mejora la resistencia a la presi\u00f3n y la capacidad de carga del cuerpo de la bolsa, a prueba de fugas y explosiones, adecuada para una gran variedad de productos l\u00edquidos o granulados.<\/li>\n\n\n\n<li><strong>Dise\u00f1o de fondo de pie, hermosa pantalla: <\/strong>La estructura de pie inferior de esta bolsa de pie al por mayor mejora el efecto de exposici\u00f3n en el estante a la vez que ahorra espacio de almacenamiento, adecuada tanto para canales de venta al por menor como en l\u00ednea.<\/li>\n<\/ul>\n\n\n\n<div class=\"wp-block-columns is-layout-flex wp-container-core-columns-is-layout-9d6595d7 wp-block-columns-is-layout-flex\">\n<div class=\"wp-block-column is-layout-flow wp-block-column-is-layout-flow\">\n<figure class=\"wp-block-image size-full\"><img decoding=\"async\" width=\"750\" height=\"750\" src=\"https:\/\/www.stanleypackage.com\/wp-content\/uploads\/2025\/07\/Custom-Shape-Stand-Up-Pouch-Wholesale-For-Beverage-Snack-6.webp\" alt=\"Forma personalizada Stand Up Pouch al por mayor para bebidas y aperitivos-6\" class=\"wp-image-2363\" srcset=\"https:\/\/www.stanleypackage.com\/wp-content\/uploads\/2025\/07\/Custom-Shape-Stand-Up-Pouch-Wholesale-For-Beverage-Snack-6.webp 750w, https:\/\/www.stanleypackage.com\/wp-content\/uploads\/2025\/07\/Custom-Shape-Stand-Up-Pouch-Wholesale-For-Beverage-Snack-6-300x300.webp 300w, https:\/\/www.stanleypackage.com\/wp-content\/uploads\/2025\/07\/Custom-Shape-Stand-Up-Pouch-Wholesale-For-Beverage-Snack-6-150x150.webp 150w, https:\/\/www.stanleypackage.com\/wp-content\/uploads\/2025\/07\/Custom-Shape-Stand-Up-Pouch-Wholesale-For-Beverage-Snack-6-12x12.webp 12w, https:\/\/www.stanleypackage.com\/wp-content\/uploads\/2025\/07\/Custom-Shape-Stand-Up-Pouch-Wholesale-For-Beverage-Snack-6-600x600.webp 600w, https:\/\/www.stanleypackage.com\/wp-content\/uploads\/2025\/07\/Custom-Shape-Stand-Up-Pouch-Wholesale-For-Beverage-Snack-6-100x100.webp 100w\" sizes=\"(max-width: 750px) 100vw, 750px\" \/><\/figure>\n<\/div>\n\n\n\n<div class=\"wp-block-column is-layout-flow wp-block-column-is-layout-flow\">\n<figure class=\"wp-block-image size-full\"><img decoding=\"async\" width=\"750\" height=\"750\" src=\"https:\/\/www.stanleypackage.com\/wp-content\/uploads\/2025\/07\/Custom-Shape-Stand-Up-Pouch-Wholesale-For-Beverage-Snack-1.webp\" alt=\"Bolsa con forma personalizada al por mayor para bebidas y aperitivos-1\" class=\"wp-image-2358\" srcset=\"https:\/\/www.stanleypackage.com\/wp-content\/uploads\/2025\/07\/Custom-Shape-Stand-Up-Pouch-Wholesale-For-Beverage-Snack-1.webp 750w, https:\/\/www.stanleypackage.com\/wp-content\/uploads\/2025\/07\/Custom-Shape-Stand-Up-Pouch-Wholesale-For-Beverage-Snack-1-300x300.webp 300w, https:\/\/www.stanleypackage.com\/wp-content\/uploads\/2025\/07\/Custom-Shape-Stand-Up-Pouch-Wholesale-For-Beverage-Snack-1-150x150.webp 150w, https:\/\/www.stanleypackage.com\/wp-content\/uploads\/2025\/07\/Custom-Shape-Stand-Up-Pouch-Wholesale-For-Beverage-Snack-1-12x12.webp 12w, https:\/\/www.stanleypackage.com\/wp-content\/uploads\/2025\/07\/Custom-Shape-Stand-Up-Pouch-Wholesale-For-Beverage-Snack-1-600x600.webp 600w, https:\/\/www.stanleypackage.com\/wp-content\/uploads\/2025\/07\/Custom-Shape-Stand-Up-Pouch-Wholesale-For-Beverage-Snack-1-100x100.webp 100w\" sizes=\"(max-width: 750px) 100vw, 750px\" \/><\/figure>\n<\/div>\n<\/div>\n<\/div>\n<\/div>","protected":false},"excerpt":{"rendered":"<p>Bienvenido a pedir bolsas de envasado personalizadas. Esta bolsa de pie al por mayor est\u00e1 hecha de material compuesto de alta resistencia con una excelente resistencia a la perforaci\u00f3n y el rendimiento de sellado, adecuado para todo tipo de envases de bebidas y aperitivos.<\/p>\n<table style=\"border-collapse: collapse; width: 365.02pt;\" border=\"0\" width=\"365\" cellspacing=\"0\" cellpadding=\"0\">\n<tbody>\n<tr style=\"height: 16.00pt;\">\n<td class=\"et2\" style=\"height: 16.00pt; width: 97.50pt;\" width=\"97\" height=\"16\">Fabricante<\/td>\n<td class=\"et2\" style=\"width: 267.50pt;\" width=\"267\">Stanley<\/td>\n<\/tr>\n<tr style=\"height: 16.00pt;\">\n<td class=\"et2\" style=\"height: 16.00pt; width: 97.50pt;\" width=\"97\" height=\"16\">Tipos de bolsas<\/td>\n<td class=\"et3\">Bolsa de pie, bolsa con forma especial<\/td>\n<\/tr>\n<tr style=\"height: 16.00pt;\">\n<td class=\"et2\" style=\"height: 16.00pt; width: 97.50pt;\" width=\"97\" height=\"16\">Material<\/td>\n<td class=\"et2\" style=\"width: 267.50pt;\" width=\"267\">PET12\/BOPA15\/MBPE55<\/td>\n<\/tr>\n<tr style=\"height: 31.00pt;\">\n<td class=\"et2\" style=\"height: 31.00pt; width: 97.50pt;\" width=\"97\" height=\"31\">Reportaje especial<\/td>\n<td class=\"et2\" style=\"width: 267.50pt;\" width=\"267\">Cenefas, Muesca Easy Tear, Fondo alto, Forma especial<\/td>\n<\/tr>\n<tr style=\"height: 16.00pt;\">\n<td class=\"et2\" style=\"height: 16.00pt; width: 97.50pt;\" width=\"97\" height=\"16\">Manipulaci\u00f3n de superficies<\/td>\n<td class=\"et2\" style=\"width: 267.50pt;\" width=\"267\">Impresi\u00f3n en huecograbado<\/td>\n<\/tr>\n<tr style=\"height: 16.00pt;\">\n<td class=\"et2\" style=\"height: 16.00pt; width: 97.50pt;\" width=\"97\" height=\"16\">Color<\/td>\n<td class=\"et2\" style=\"width: 267.50pt;\" width=\"267\">Hasta 10 colores<\/td>\n<\/tr>\n<tr style=\"height: 16.00pt;\">\n<td class=\"et2\" style=\"height: 16.00pt; width: 97.50pt;\" width=\"97\" height=\"16\">Utilizaci\u00f3n<\/td>\n<td class=\"et2\" style=\"width: 267.50pt;\" width=\"267\">Bebida, Bebida gelatinosa, Bebida suave<\/td>\n<\/tr>\n<tr style=\"height: 16.00pt;\">\n<td class=\"et2\" style=\"height: 16.00pt; width: 97.50pt;\" width=\"97\" height=\"16\">MOQ<\/td>\n<td class=\"et2\" style=\"width: 267.50pt;\" width=\"267\">50.000 unidades<\/td>\n<\/tr>\n<tr style=\"height: 16.00pt;\">\n<td class=\"et2\" style=\"height: 16.00pt; width: 97.50pt;\" width=\"97\" height=\"16\">Pedido a medida<\/td>\n<td class=\"et2\" style=\"width: 267.50pt;\" width=\"267\">Aceptamos OEM y ODM, Muestras gratuitas<\/td>\n<\/tr>\n<\/tbody>\n<\/table>","protected":false},"featured_media":2361,"comment_status":"closed","ping_status":"closed","template":"","meta":{"_acf_changed":false},"product_brand":[],"product_cat":[30,22],"product_tag":[],"class_list":{"0":"post-2357","1":"product","2":"type-product","3":"status-publish","4":"has-post-thumbnail","6":"product_cat-stand-up-pouch-manufacturer","7":"product_cat-shaped-pouches-factory","8":"pa_food-packaging-drink-beverage-pouch","10":"first","11":"instock","12":"shipping-taxable","13":"product-type-simple"},"acf":[],"_links":{"self":[{"href":"https:\/\/www.stanleypackage.com\/es\/wp-json\/wp\/v2\/product\/2357","targetHints":{"allow":["GET"]}}],"collection":[{"href":"https:\/\/www.stanleypackage.com\/es\/wp-json\/wp\/v2\/product"}],"about":[{"href":"https:\/\/www.stanleypackage.com\/es\/wp-json\/wp\/v2\/types\/product"}],"replies":[{"embeddable":true,"href":"https:\/\/www.stanleypackage.com\/es\/wp-json\/wp\/v2\/comments?post=2357"}],"wp:featuredmedia":[{"embeddable":true,"href":"https:\/\/www.stanleypackage.com\/es\/wp-json\/wp\/v2\/media\/2361"}],"wp:attachment":[{"href":"https:\/\/www.stanleypackage.com\/es\/wp-json\/wp\/v2\/media?parent=2357"}],"wp:term":[{"taxonomy":"product_brand","embeddable":true,"href":"https:\/\/www.stanleypackage.com\/es\/wp-json\/wp\/v2\/product_brand?post=2357"},{"taxonomy":"product_cat","embeddable":true,"href":"https:\/\/www.stanleypackage.com\/es\/wp-json\/wp\/v2\/product_cat?post=2357"},{"taxonomy":"product_tag","embeddable":true,"href":"https:\/\/www.stanleypackage.com\/es\/wp-json\/wp\/v2\/product_tag?post=2357"}],"curies":[{"name":"wp","href":"https:\/\/api.w.org\/{rel}","templated":true}]}}