{"id":2371,"date":"2025-07-12T06:17:35","date_gmt":"2025-07-12T06:17:35","guid":{"rendered":"https:\/\/www.stanleypackage.com\/?post_type=product&#038;p=2371"},"modified":"2025-07-12T06:27:32","modified_gmt":"2025-07-12T06:27:32","slug":"shampoo-pouch-wholesale","status":"publish","type":"product","link":"https:\/\/www.stanleypackage.com\/es\/product\/shampoo-pouch-wholesale\/","title":{"rendered":"Bolsa De Champ\u00fa Personalizada Al Por Mayor, Bolsa De Pie Con Boquilla"},"content":{"rendered":"<div class=\"wp-block-columns is-layout-flex wp-container-core-columns-is-layout-9d6595d7 wp-block-columns-is-layout-flex\">\n<div class=\"wp-block-column is-layout-flow wp-block-column-is-layout-flow\">\n<h2 class=\"wp-block-heading\">Caracter\u00edsticas de la bolsa de champ\u00fa al por mayor<\/h2>\n\n\n\n<ul class=\"wp-block-list\">\n<li><strong>Dise\u00f1o de boquilla, port\u00e1til y f\u00e1cil de usar: <\/strong>Esta bolsa de champ\u00fa al por mayor tiene una boquilla sellada incorporada, que es m\u00e1s c\u00f3moda de usar y puede abrirse y cerrarse varias veces. Es adecuado para el uso diario en el hogar y los viajes, mejorando la comodidad del usuario.<\/li>\n\n\n\n<li><strong>Estructura inferior de pie, exposici\u00f3n estable: <\/strong>El dise\u00f1o de esta bolsa de ca\u00f1o de pie personalizada permite que el producto se mantenga de pie sobre la estanter\u00eda o el fregadero, mejorando el efecto expositivo y el aprovechamiento del espacio.<\/li>\n\n\n\n<li><strong>Material de alta barrera para proteger el contenido: <\/strong>Esta bolsa para champ\u00fa al por mayor adopta una estructura compuesta de tres capas de PET12\/VMPET12\/PE95, con excelentes propiedades antihumedad y antioxidantes, lo que garantiza que los productos de lavado se mantengan frescos y libres de contaminaci\u00f3n durante mucho tiempo.<\/li>\n\n\n\n<li><strong>Apoyo a la personalizaci\u00f3n para mejorar la imagen de marca: <\/strong>Nuestras bolsas con boquilla de pie personalizadas se pueden personalizar en tama\u00f1o, color, patr\u00f3n de impresi\u00f3n y LOGO seg\u00fan las necesidades del cliente para crear un envase exclusivo de la marca.<\/li>\n\n\n\n<li><strong>Adecuado para una gran variedad de productos de lavado y cuidado: <\/strong>Esta bolsa para champ\u00fa al por mayor puede utilizarse ampliamente en champ\u00fa, acondicionador, gel de ducha, loci\u00f3n corporal y otros productos qu\u00edmicos l\u00edquidos de uso diario. Es una opci\u00f3n ideal para la venta al por menor, la promoci\u00f3n y el envasado de comercio electr\u00f3nico.<\/li>\n<\/ul>\n\n\n\n<div class=\"wp-block-columns is-layout-flex wp-container-core-columns-is-layout-9d6595d7 wp-block-columns-is-layout-flex\">\n<div class=\"wp-block-column is-layout-flow wp-block-column-is-layout-flow\">\n<figure class=\"wp-block-image size-full\"><img decoding=\"async\" width=\"750\" height=\"750\" src=\"https:\/\/www.stanleypackage.com\/wp-content\/uploads\/2025\/07\/Custom-Shampoo-Pouch-Wholesale-Standing-Pouch-With-Spout-2.webp\" alt=\"Bolsa De Champ\u00fa Personalizada Al Por Mayor, Bolsa De Pie Con Boquilla-2\" class=\"wp-image-2373\" srcset=\"https:\/\/www.stanleypackage.com\/wp-content\/uploads\/2025\/07\/Custom-Shampoo-Pouch-Wholesale-Standing-Pouch-With-Spout-2.webp 750w, https:\/\/www.stanleypackage.com\/wp-content\/uploads\/2025\/07\/Custom-Shampoo-Pouch-Wholesale-Standing-Pouch-With-Spout-2-300x300.webp 300w, https:\/\/www.stanleypackage.com\/wp-content\/uploads\/2025\/07\/Custom-Shampoo-Pouch-Wholesale-Standing-Pouch-With-Spout-2-150x150.webp 150w, https:\/\/www.stanleypackage.com\/wp-content\/uploads\/2025\/07\/Custom-Shampoo-Pouch-Wholesale-Standing-Pouch-With-Spout-2-12x12.webp 12w, https:\/\/www.stanleypackage.com\/wp-content\/uploads\/2025\/07\/Custom-Shampoo-Pouch-Wholesale-Standing-Pouch-With-Spout-2-600x600.webp 600w, https:\/\/www.stanleypackage.com\/wp-content\/uploads\/2025\/07\/Custom-Shampoo-Pouch-Wholesale-Standing-Pouch-With-Spout-2-100x100.webp 100w\" sizes=\"(max-width: 750px) 100vw, 750px\" \/><\/figure>\n<\/div>\n\n\n\n<div class=\"wp-block-column is-layout-flow wp-block-column-is-layout-flow\">\n<figure class=\"wp-block-image size-full\"><img decoding=\"async\" width=\"750\" height=\"750\" src=\"https:\/\/www.stanleypackage.com\/wp-content\/uploads\/2025\/07\/Custom-Shampoo-Pouch-Wholesale-Standing-Pouch-With-Spout-3.webp\" alt=\"Bolsa De Champ\u00fa Personalizada Al Por Mayor, Bolsa De Pie Con Boquilla-3\" class=\"wp-image-2374\" srcset=\"https:\/\/www.stanleypackage.com\/wp-content\/uploads\/2025\/07\/Custom-Shampoo-Pouch-Wholesale-Standing-Pouch-With-Spout-3.webp 750w, https:\/\/www.stanleypackage.com\/wp-content\/uploads\/2025\/07\/Custom-Shampoo-Pouch-Wholesale-Standing-Pouch-With-Spout-3-300x300.webp 300w, https:\/\/www.stanleypackage.com\/wp-content\/uploads\/2025\/07\/Custom-Shampoo-Pouch-Wholesale-Standing-Pouch-With-Spout-3-150x150.webp 150w, https:\/\/www.stanleypackage.com\/wp-content\/uploads\/2025\/07\/Custom-Shampoo-Pouch-Wholesale-Standing-Pouch-With-Spout-3-12x12.webp 12w, https:\/\/www.stanleypackage.com\/wp-content\/uploads\/2025\/07\/Custom-Shampoo-Pouch-Wholesale-Standing-Pouch-With-Spout-3-600x600.webp 600w, https:\/\/www.stanleypackage.com\/wp-content\/uploads\/2025\/07\/Custom-Shampoo-Pouch-Wholesale-Standing-Pouch-With-Spout-3-100x100.webp 100w\" sizes=\"(max-width: 750px) 100vw, 750px\" \/><\/figure>\n<\/div>\n<\/div>\n<\/div>\n<\/div>","protected":false},"excerpt":{"rendered":"<p>Le damos la bienvenida a la personalizaci\u00f3n de bolsas con boquilla. Esta bolsa de champ\u00fa al por mayor tiene excelentes propiedades de barrera y resistencia a la presi\u00f3n, adecuado para el envasado de todo tipo de champ\u00fa, acondicionador y otros art\u00edculos de tocador l\u00edquidos.<\/p>\n<table style=\"border-collapse: collapse; width: 334.02pt;\" border=\"0\" width=\"334\" cellspacing=\"0\" cellpadding=\"0\">\n<tbody>\n<tr style=\"height: 16.00pt;\">\n<td class=\"et2\" style=\"height: 16.00pt; width: 97.50pt;\" width=\"97\" height=\"16\">Fabricante<\/td>\n<td class=\"et2\" style=\"width: 236.80pt;\" width=\"236\">Stanley<\/td>\n<\/tr>\n<tr style=\"height: 16.00pt;\">\n<td class=\"et2\" style=\"height: 16.00pt; width: 97.50pt;\" width=\"97\" height=\"16\">Tipos de bolsas<\/td>\n<td class=\"et3\">Bolsa de pie, Bolsa con boquilla<\/td>\n<\/tr>\n<tr style=\"height: 16.00pt;\">\n<td class=\"et2\" style=\"height: 16.00pt; width: 97.50pt;\" width=\"97\" height=\"16\">Material<\/td>\n<td class=\"et2\" style=\"width: 236.80pt;\" width=\"236\">PET12\/VMPET12\/PE95<\/td>\n<\/tr>\n<tr style=\"height: 16.00pt;\">\n<td class=\"et2\" style=\"height: 16.00pt; width: 97.50pt;\" width=\"97\" height=\"16\">Reportaje especial<\/td>\n<td class=\"et2\" style=\"width: 236.80pt;\" width=\"236\">Ca\u00f1o, fondo de pie,<\/td>\n<\/tr>\n<tr style=\"height: 16.00pt;\">\n<td class=\"et2\" style=\"height: 16.00pt; width: 97.50pt;\" width=\"97\" height=\"16\">Manipulaci\u00f3n de superficies<\/td>\n<td class=\"et2\" style=\"width: 236.80pt;\" width=\"236\">Impresi\u00f3n en huecograbado<\/td>\n<\/tr>\n<tr style=\"height: 16.00pt;\">\n<td class=\"et2\" style=\"height: 16.00pt; width: 97.50pt;\" width=\"97\" height=\"16\">Color<\/td>\n<td class=\"et2\" style=\"width: 236.80pt;\" width=\"236\">Hasta 10 colores<\/td>\n<\/tr>\n<tr style=\"height: 16.00pt;\">\n<td class=\"et2\" style=\"height: 16.00pt; width: 97.50pt;\" width=\"97\" height=\"16\">Utilizaci\u00f3n<\/td>\n<td class=\"et3\">Champ\u00fa, jab\u00f3n l\u00edquido, acondicionador<\/td>\n<\/tr>\n<tr style=\"height: 16.00pt;\">\n<td class=\"et2\" style=\"height: 16.00pt; width: 97.50pt;\" width=\"97\" height=\"16\">MOQ<\/td>\n<td class=\"et2\" style=\"width: 236.80pt;\" width=\"236\">50.000 unidades<\/td>\n<\/tr>\n<tr style=\"height: 16.00pt;\">\n<td class=\"et2\" style=\"height: 16.00pt; width: 97.50pt;\" width=\"97\" height=\"16\">Pedido a medida<\/td>\n<td class=\"et2\" style=\"width: 236.80pt;\" width=\"236\">Aceptamos OEM y ODM, Muestras gratuitas<\/td>\n<\/tr>\n<\/tbody>\n<\/table>","protected":false},"featured_media":2372,"comment_status":"closed","ping_status":"closed","template":"","meta":{"_acf_changed":false},"product_brand":[],"product_cat":[30,32],"product_tag":[],"class_list":{"0":"post-2371","1":"product","2":"type-product","3":"status-publish","4":"has-post-thumbnail","6":"product_cat-stand-up-pouch-manufacturer","7":"product_cat-spout-pouch-manufacturer","8":"pa_non-food-packaging-soap-detergent-pouches","10":"first","11":"instock","12":"shipping-taxable","13":"product-type-simple"},"acf":[],"_links":{"self":[{"href":"https:\/\/www.stanleypackage.com\/es\/wp-json\/wp\/v2\/product\/2371","targetHints":{"allow":["GET"]}}],"collection":[{"href":"https:\/\/www.stanleypackage.com\/es\/wp-json\/wp\/v2\/product"}],"about":[{"href":"https:\/\/www.stanleypackage.com\/es\/wp-json\/wp\/v2\/types\/product"}],"replies":[{"embeddable":true,"href":"https:\/\/www.stanleypackage.com\/es\/wp-json\/wp\/v2\/comments?post=2371"}],"wp:featuredmedia":[{"embeddable":true,"href":"https:\/\/www.stanleypackage.com\/es\/wp-json\/wp\/v2\/media\/2372"}],"wp:attachment":[{"href":"https:\/\/www.stanleypackage.com\/es\/wp-json\/wp\/v2\/media?parent=2371"}],"wp:term":[{"taxonomy":"product_brand","embeddable":true,"href":"https:\/\/www.stanleypackage.com\/es\/wp-json\/wp\/v2\/product_brand?post=2371"},{"taxonomy":"product_cat","embeddable":true,"href":"https:\/\/www.stanleypackage.com\/es\/wp-json\/wp\/v2\/product_cat?post=2371"},{"taxonomy":"product_tag","embeddable":true,"href":"https:\/\/www.stanleypackage.com\/es\/wp-json\/wp\/v2\/product_tag?post=2371"}],"curies":[{"name":"wp","href":"https:\/\/api.w.org\/{rel}","templated":true}]}}