{"id":2378,"date":"2025-07-12T06:30:36","date_gmt":"2025-07-12T06:30:36","guid":{"rendered":"https:\/\/www.stanleypackage.com\/?post_type=product&#038;p=2378"},"modified":"2025-07-12T06:42:04","modified_gmt":"2025-07-12T06:42:04","slug":"cosmetic-packaging-wholesale","status":"publish","type":"product","link":"https:\/\/www.stanleypackage.com\/es\/product\/cosmetic-packaging-wholesale\/","title":{"rendered":"Embalaje flexible personalizado para cosm\u00e9ticos al por mayor con cepillo"},"content":{"rendered":"<div class=\"wp-block-columns is-layout-flex wp-container-core-columns-is-layout-9d6595d7 wp-block-columns-is-layout-flex\">\n<div class=\"wp-block-column is-layout-flow wp-block-column-is-layout-flow\">\n<h2 class=\"wp-block-heading\">Caracter\u00edsticas de los envases para cosm\u00e9ticos al por mayor<\/h2>\n\n\n\n<ul class=\"wp-block-list\">\n<li><strong>Dise\u00f1o de cabezal de cepillo integrado para facilitar la aplicaci\u00f3n: <\/strong>La boquilla de este envase de cosm\u00e9ticos al por mayor est\u00e1 conectada al cabezal del cepillo suave, no se requieren herramientas adicionales, lo que es conveniente para la aplicaci\u00f3n precisa del maquillaje, y mejora la comodidad y la profesionalidad de los consumidores.<\/li>\n\n\n\n<li><strong>Material compuesto de alta barrera para proteger la actividad de la f\u00f3rmula: <\/strong>Nuestras bolsas personalizadas para loci\u00f3n bronceadora adoptan la estructura material de PET12\/VMPET12\/PE115, proporcionando un excelente rendimiento a prueba de luz, a prueba de ox\u00edgeno e impermeable, prolongando eficazmente la vida \u00fatil de los cosm\u00e9ticos y evitando la oxidaci\u00f3n o el deterioro de los ingredientes.<\/li>\n\n\n\n<li><strong>Material flexible para facilitar la extrusi\u00f3n: <\/strong>El envase de este envase cosm\u00e9tico al por mayor es blando y extrudible, adecuado para productos en pasta, l\u00edquidos y emulsiones, ayudando a los usuarios a utilizar el contenido del producto m\u00e1s plenamente.<\/li>\n\n\n\n<li><strong>Personalizaci\u00f3n flexible para satisfacer las necesidades de varias marcas: <\/strong>Nuestras bolsas personalizadas para loci\u00f3n bronceadora admiten una personalizaci\u00f3n completa, incluida la forma del cabezal del cepillo, la impresi\u00f3n en color, la selecci\u00f3n de la capacidad, etc., adecuadas para una gran variedad de soluciones de envasado de cosm\u00e9ticos y productos para el cuidado de la piel.<\/li>\n\n\n\n<li><strong>Ligero y port\u00e1til, adecuado para comercio electr\u00f3nico y cajas de regalo:<\/strong> Nuestros envases para cosm\u00e9ticos al por mayor son ligeros y f\u00e1ciles de almacenar, especialmente adecuados para escenarios m\u00f3viles de maquillaje, envases de prueba, sets de comercio electr\u00f3nico y soluciones de envasado para viajes, con el fin de aumentar el valor a\u00f1adido del producto.<\/li>\n<\/ul>\n\n\n\n<div class=\"wp-block-columns is-layout-flex wp-container-core-columns-is-layout-9d6595d7 wp-block-columns-is-layout-flex\">\n<div class=\"wp-block-column is-layout-flow wp-block-column-is-layout-flow\">\n<figure class=\"wp-block-image size-full\"><img decoding=\"async\" width=\"750\" height=\"750\" src=\"https:\/\/www.stanleypackage.com\/wp-content\/uploads\/2025\/07\/Custom-Flexible-Cosmetic-Packaging-Wholesale-With-Brush-5.webp\" alt=\"\" class=\"wp-image-2383\" srcset=\"https:\/\/www.stanleypackage.com\/wp-content\/uploads\/2025\/07\/Custom-Flexible-Cosmetic-Packaging-Wholesale-With-Brush-5.webp 750w, https:\/\/www.stanleypackage.com\/wp-content\/uploads\/2025\/07\/Custom-Flexible-Cosmetic-Packaging-Wholesale-With-Brush-5-300x300.webp 300w, https:\/\/www.stanleypackage.com\/wp-content\/uploads\/2025\/07\/Custom-Flexible-Cosmetic-Packaging-Wholesale-With-Brush-5-150x150.webp 150w, https:\/\/www.stanleypackage.com\/wp-content\/uploads\/2025\/07\/Custom-Flexible-Cosmetic-Packaging-Wholesale-With-Brush-5-12x12.webp 12w, https:\/\/www.stanleypackage.com\/wp-content\/uploads\/2025\/07\/Custom-Flexible-Cosmetic-Packaging-Wholesale-With-Brush-5-600x600.webp 600w, https:\/\/www.stanleypackage.com\/wp-content\/uploads\/2025\/07\/Custom-Flexible-Cosmetic-Packaging-Wholesale-With-Brush-5-100x100.webp 100w\" sizes=\"(max-width: 750px) 100vw, 750px\" \/><\/figure>\n<\/div>\n\n\n\n<div class=\"wp-block-column is-layout-flow wp-block-column-is-layout-flow\">\n<figure class=\"wp-block-image size-full\"><img decoding=\"async\" width=\"750\" height=\"750\" src=\"https:\/\/www.stanleypackage.com\/wp-content\/uploads\/2025\/07\/Custom-Flexible-Cosmetic-Packaging-Wholesale-With-Brush-6.webp\" alt=\"Embalaje flexible personalizado para cosm\u00e9ticos al por mayor con cepillo-6\" class=\"wp-image-2384\" srcset=\"https:\/\/www.stanleypackage.com\/wp-content\/uploads\/2025\/07\/Custom-Flexible-Cosmetic-Packaging-Wholesale-With-Brush-6.webp 750w, https:\/\/www.stanleypackage.com\/wp-content\/uploads\/2025\/07\/Custom-Flexible-Cosmetic-Packaging-Wholesale-With-Brush-6-300x300.webp 300w, https:\/\/www.stanleypackage.com\/wp-content\/uploads\/2025\/07\/Custom-Flexible-Cosmetic-Packaging-Wholesale-With-Brush-6-150x150.webp 150w, https:\/\/www.stanleypackage.com\/wp-content\/uploads\/2025\/07\/Custom-Flexible-Cosmetic-Packaging-Wholesale-With-Brush-6-12x12.webp 12w, https:\/\/www.stanleypackage.com\/wp-content\/uploads\/2025\/07\/Custom-Flexible-Cosmetic-Packaging-Wholesale-With-Brush-6-600x600.webp 600w, https:\/\/www.stanleypackage.com\/wp-content\/uploads\/2025\/07\/Custom-Flexible-Cosmetic-Packaging-Wholesale-With-Brush-6-100x100.webp 100w\" sizes=\"(max-width: 750px) 100vw, 750px\" \/><\/figure>\n<\/div>\n<\/div>\n<\/div>\n<\/div>","protected":false},"excerpt":{"rendered":"<p>Bienvenido a la venta al por mayor de envases cosm\u00e9ticos personalizados. Este bronceador personalizado bolsas tiene excelentes propiedades de barrera y flexibilidad, conveniente para el maquillaje l\u00edquido como protector solar, labio esmalte, corrector, etc..<\/p>\n<table style=\"border-collapse: collapse; width: 334.02pt;\" border=\"0\" width=\"334\" cellspacing=\"0\" cellpadding=\"0\">\n<tbody>\n<tr style=\"height: 16.00pt;\">\n<td class=\"et2\" style=\"height: 16.00pt; width: 97.50pt;\" width=\"97\" height=\"16\">Fabricante<\/td>\n<td class=\"et2\" style=\"width: 236.80pt;\" width=\"236\">Stanley<\/td>\n<\/tr>\n<tr style=\"height: 16.00pt;\">\n<td class=\"et2\" style=\"height: 16.00pt; width: 97.50pt;\" width=\"97\" height=\"16\">Tipos de bolsas<\/td>\n<td class=\"et3\">Bolsa con pico, Bolsa con forma<\/td>\n<\/tr>\n<tr style=\"height: 16.00pt;\">\n<td class=\"et2\" style=\"height: 16.00pt; width: 97.50pt;\" width=\"97\" height=\"16\">Material<\/td>\n<td class=\"et2\" style=\"width: 236.80pt;\" width=\"236\">PET12\/VMPET12\/PE115<\/td>\n<\/tr>\n<tr style=\"height: 16.00pt;\">\n<td class=\"et2\" style=\"height: 16.00pt; width: 97.50pt;\" width=\"97\" height=\"16\">Reportaje especial<\/td>\n<td class=\"et2\" style=\"width: 236.80pt;\" width=\"236\">Boquilla, Cepillo<\/td>\n<\/tr>\n<tr style=\"height: 16.00pt;\">\n<td class=\"et2\" style=\"height: 16.00pt; width: 97.50pt;\" width=\"97\" height=\"16\">Manipulaci\u00f3n de superficies<\/td>\n<td class=\"et2\" style=\"width: 236.80pt;\" width=\"236\">Impresi\u00f3n en huecograbado<\/td>\n<\/tr>\n<tr style=\"height: 16.00pt;\">\n<td class=\"et2\" style=\"height: 16.00pt; width: 97.50pt;\" width=\"97\" height=\"16\">Color<\/td>\n<td class=\"et2\" style=\"width: 236.80pt;\" width=\"236\">Hasta 10 colores<\/td>\n<\/tr>\n<tr style=\"height: 16.00pt;\">\n<td class=\"et2\" style=\"height: 16.00pt; width: 97.50pt;\" width=\"97\" height=\"16\">Utilizaci\u00f3n<\/td>\n<td class=\"et3\">Cosm\u00e9tica, Barra de labios l\u00edquida, Crema, Loci\u00f3n<\/td>\n<\/tr>\n<tr style=\"height: 16.00pt;\">\n<td class=\"et2\" style=\"height: 16.00pt; width: 97.50pt;\" width=\"97\" height=\"16\">MOQ<\/td>\n<td class=\"et2\" style=\"width: 236.80pt;\" width=\"236\">50.000 unidades<\/td>\n<\/tr>\n<tr style=\"height: 16.00pt;\">\n<td class=\"et2\" style=\"height: 16.00pt; width: 97.50pt;\" width=\"97\" height=\"16\">Pedido a medida<\/td>\n<td class=\"et2\" style=\"width: 236.80pt;\" width=\"236\">Aceptamos OEM y ODM, Muestras gratuitas<\/td>\n<\/tr>\n<\/tbody>\n<\/table>","protected":false},"featured_media":2379,"comment_status":"closed","ping_status":"closed","template":"","meta":{"_acf_changed":false},"product_brand":[],"product_cat":[32,22],"product_tag":[],"class_list":{"0":"post-2378","1":"product","2":"type-product","3":"status-publish","4":"has-post-thumbnail","6":"product_cat-spout-pouch-manufacturer","7":"product_cat-shaped-pouches-factory","8":"pa_non-food-packaging-cosmetic-packaging-pouches","10":"first","11":"instock","12":"shipping-taxable","13":"product-type-simple"},"acf":[],"_links":{"self":[{"href":"https:\/\/www.stanleypackage.com\/es\/wp-json\/wp\/v2\/product\/2378","targetHints":{"allow":["GET"]}}],"collection":[{"href":"https:\/\/www.stanleypackage.com\/es\/wp-json\/wp\/v2\/product"}],"about":[{"href":"https:\/\/www.stanleypackage.com\/es\/wp-json\/wp\/v2\/types\/product"}],"replies":[{"embeddable":true,"href":"https:\/\/www.stanleypackage.com\/es\/wp-json\/wp\/v2\/comments?post=2378"}],"wp:featuredmedia":[{"embeddable":true,"href":"https:\/\/www.stanleypackage.com\/es\/wp-json\/wp\/v2\/media\/2379"}],"wp:attachment":[{"href":"https:\/\/www.stanleypackage.com\/es\/wp-json\/wp\/v2\/media?parent=2378"}],"wp:term":[{"taxonomy":"product_brand","embeddable":true,"href":"https:\/\/www.stanleypackage.com\/es\/wp-json\/wp\/v2\/product_brand?post=2378"},{"taxonomy":"product_cat","embeddable":true,"href":"https:\/\/www.stanleypackage.com\/es\/wp-json\/wp\/v2\/product_cat?post=2378"},{"taxonomy":"product_tag","embeddable":true,"href":"https:\/\/www.stanleypackage.com\/es\/wp-json\/wp\/v2\/product_tag?post=2378"}],"curies":[{"name":"wp","href":"https:\/\/api.w.org\/{rel}","templated":true}]}}