{"id":2385,"date":"2025-07-12T06:44:39","date_gmt":"2025-07-12T06:44:39","guid":{"rendered":"https:\/\/www.stanleypackage.com\/?post_type=product&#038;p=2385"},"modified":"2025-07-12T06:53:43","modified_gmt":"2025-07-12T06:53:43","slug":"wholesale-flat-bottom-spout-pouch","status":"publish","type":"product","link":"https:\/\/www.stanleypackage.com\/es\/product\/wholesale-flat-bottom-spout-pouch\/","title":{"rendered":"Mayorista Bolsa con boquilla de fondo plano, Bolsa para detergente l\u00edquido"},"content":{"rendered":"<div class=\"wp-block-columns is-layout-flex wp-container-core-columns-is-layout-9d6595d7 wp-block-columns-is-layout-flex\">\n<div class=\"wp-block-column is-layout-flow wp-block-column-is-layout-flow\">\n<h2 class=\"wp-block-heading\">Caracter\u00edsticas de la bolsa con boquilla de fondo plano para mayoristas<\/h2>\n\n\n\n<ul class=\"wp-block-list\">\n<li><strong>Estructura tricapa de alta barrera para proteger la calidad de los l\u00edquidos: <\/strong>Esta bolsa de fondo plano al por mayor adopta el material compuesto PET12\/VMPET12\/MBPE120, que es eficaz a prueba de humedad, a prueba de ox\u00edgeno y a prueba de fugas, garantizando un almacenamiento estable y la seguridad del transporte del detergente.<\/li>\n\n\n\n<li><strong>Dise\u00f1o de fondo plano, autoportante m\u00e1s estable: <\/strong>El dise\u00f1o de fondo ensanchado de esta bolsa personalizada para detergente l\u00edquido mejora la estabilidad de la bolsa, lo que resulta pr\u00e1ctico para su exposici\u00f3n en estanter\u00edas y almacenamiento dom\u00e9stico, y potencia el efecto de exposici\u00f3n de la marca.<\/li>\n\n\n\n<li><strong>Relleno superior + boquilla de succi\u00f3n lateral, f\u00e1cil de usar: <\/strong>El dise\u00f1o de enlatado superior de esta bolsa con boquilla de fondo plano al por mayor es conveniente para el llenado autom\u00e1tico en la l\u00ednea de producci\u00f3n, y el dise\u00f1o de la boquilla de succi\u00f3n lateral facilita a los consumidores el uso y el control del flujo de vertido.<\/li>\n\n\n\n<li><strong>Ahorre costes de embalaje y transporte:<\/strong> En comparaci\u00f3n con el envasado tradicional en botellas de pl\u00e1stico, nuestra soluci\u00f3n de bolsas a medida para detergentes l\u00edquidos es m\u00e1s ligera, ocupa menos espacio y reduce los costes de transporte y almacenamiento.<\/li>\n\n\n\n<li><strong>Admite impresi\u00f3n personalizada y dise\u00f1o estructural:<\/strong> Nuestras bolsas con boquilla de fondo plano al por mayor pueden personalizarse seg\u00fan las necesidades del cliente en cuanto a capacidad (como 500 ml-5 l), estilo de boquilla e impresi\u00f3n a todo color para satisfacer las necesidades de marketing de diferenciaci\u00f3n de la marca.<\/li>\n<\/ul>\n\n\n\n<div class=\"wp-block-columns is-layout-flex wp-container-core-columns-is-layout-9d6595d7 wp-block-columns-is-layout-flex\">\n<div class=\"wp-block-column is-layout-flow wp-block-column-is-layout-flow\">\n<figure class=\"wp-block-image size-full\"><img decoding=\"async\" width=\"750\" height=\"750\" src=\"https:\/\/www.stanleypackage.com\/wp-content\/uploads\/2025\/07\/Wholesale-Flat-Bottom-Spout-Pouch-Detergent-Liquid-Pouch-2.webp\" alt=\"Venta al por mayor Bolsa con boquilla de fondo plano, Bolsa para detergente l\u00edquido-2\" class=\"wp-image-2387\" srcset=\"https:\/\/www.stanleypackage.com\/wp-content\/uploads\/2025\/07\/Wholesale-Flat-Bottom-Spout-Pouch-Detergent-Liquid-Pouch-2.webp 750w, https:\/\/www.stanleypackage.com\/wp-content\/uploads\/2025\/07\/Wholesale-Flat-Bottom-Spout-Pouch-Detergent-Liquid-Pouch-2-300x300.webp 300w, https:\/\/www.stanleypackage.com\/wp-content\/uploads\/2025\/07\/Wholesale-Flat-Bottom-Spout-Pouch-Detergent-Liquid-Pouch-2-150x150.webp 150w, https:\/\/www.stanleypackage.com\/wp-content\/uploads\/2025\/07\/Wholesale-Flat-Bottom-Spout-Pouch-Detergent-Liquid-Pouch-2-12x12.webp 12w, https:\/\/www.stanleypackage.com\/wp-content\/uploads\/2025\/07\/Wholesale-Flat-Bottom-Spout-Pouch-Detergent-Liquid-Pouch-2-600x600.webp 600w, https:\/\/www.stanleypackage.com\/wp-content\/uploads\/2025\/07\/Wholesale-Flat-Bottom-Spout-Pouch-Detergent-Liquid-Pouch-2-100x100.webp 100w\" sizes=\"(max-width: 750px) 100vw, 750px\" \/><\/figure>\n<\/div>\n\n\n\n<div class=\"wp-block-column is-layout-flow wp-block-column-is-layout-flow\">\n<figure class=\"wp-block-image size-full\"><img decoding=\"async\" width=\"750\" height=\"750\" src=\"https:\/\/www.stanleypackage.com\/wp-content\/uploads\/2025\/07\/Wholesale-Flat-Bottom-Spout-Pouch-Detergent-Liquid-Pouch-3.webp\" alt=\"Mayorista Bolsa con boquilla de fondo plano, Bolsa para detergente l\u00edquido-3\" class=\"wp-image-2388\" srcset=\"https:\/\/www.stanleypackage.com\/wp-content\/uploads\/2025\/07\/Wholesale-Flat-Bottom-Spout-Pouch-Detergent-Liquid-Pouch-3.webp 750w, https:\/\/www.stanleypackage.com\/wp-content\/uploads\/2025\/07\/Wholesale-Flat-Bottom-Spout-Pouch-Detergent-Liquid-Pouch-3-300x300.webp 300w, https:\/\/www.stanleypackage.com\/wp-content\/uploads\/2025\/07\/Wholesale-Flat-Bottom-Spout-Pouch-Detergent-Liquid-Pouch-3-150x150.webp 150w, https:\/\/www.stanleypackage.com\/wp-content\/uploads\/2025\/07\/Wholesale-Flat-Bottom-Spout-Pouch-Detergent-Liquid-Pouch-3-12x12.webp 12w, https:\/\/www.stanleypackage.com\/wp-content\/uploads\/2025\/07\/Wholesale-Flat-Bottom-Spout-Pouch-Detergent-Liquid-Pouch-3-600x600.webp 600w, https:\/\/www.stanleypackage.com\/wp-content\/uploads\/2025\/07\/Wholesale-Flat-Bottom-Spout-Pouch-Detergent-Liquid-Pouch-3-100x100.webp 100w\" sizes=\"(max-width: 750px) 100vw, 750px\" \/><\/figure>\n<\/div>\n<\/div>\n<\/div>\n<\/div>","protected":false},"excerpt":{"rendered":"<p>Bienvenido a comprar al por mayor bolsas de fondo plano con boquilla. Esta bolsa de detergente l\u00edquido personalizada tiene una excelente resistencia a la perforaci\u00f3n, sellado y resistencia a la presi\u00f3n. Llenado superior, dise\u00f1o de boquilla de succi\u00f3n lateral, estructura inferior autoportante.<\/p>\n<table style=\"border-collapse: collapse; width: 334.02pt;\" border=\"0\" width=\"334\" cellspacing=\"0\" cellpadding=\"0\">\n<tbody>\n<tr style=\"height: 16.00pt;\">\n<td class=\"et2\" style=\"height: 16.00pt; width: 97.50pt;\" width=\"97\" height=\"16\">Fabricante<\/td>\n<td class=\"et2\" style=\"width: 236.80pt;\" width=\"236\">Stanley<\/td>\n<\/tr>\n<tr style=\"height: 16.00pt;\">\n<td class=\"et2\" style=\"height: 16.00pt; width: 97.50pt;\" width=\"97\" height=\"16\">Tipos de bolsas<\/td>\n<td class=\"et3\">Bolsa de ca\u00f1o, Bolsa de pie<\/td>\n<\/tr>\n<tr style=\"height: 16.00pt;\">\n<td class=\"et2\" style=\"height: 16.00pt; width: 97.50pt;\" width=\"97\" height=\"16\">Material<\/td>\n<td class=\"et2\" style=\"width: 236.80pt;\" width=\"236\">PET12\/VMPET12\/MBPE120<\/td>\n<\/tr>\n<tr style=\"height: 16.00pt;\">\n<td class=\"et2\" style=\"height: 16.00pt; width: 97.50pt;\" width=\"97\" height=\"16\">Reportaje especial<\/td>\n<td class=\"et2\" style=\"width: 236.80pt;\" width=\"236\">Relleno superior, ca\u00f1o lateral, autoportante<\/td>\n<\/tr>\n<tr style=\"height: 16.00pt;\">\n<td class=\"et2\" style=\"height: 16.00pt; width: 97.50pt;\" width=\"97\" height=\"16\">Manipulaci\u00f3n de superficies<\/td>\n<td class=\"et2\" style=\"width: 236.80pt;\" width=\"236\">Impresi\u00f3n en huecograbado<\/td>\n<\/tr>\n<tr style=\"height: 16.00pt;\">\n<td class=\"et2\" style=\"height: 16.00pt; width: 97.50pt;\" width=\"97\" height=\"16\">Color<\/td>\n<td class=\"et2\" style=\"width: 236.80pt;\" width=\"236\">Hasta 10 colores<\/td>\n<\/tr>\n<tr style=\"height: 16.00pt;\">\n<td class=\"et2\" style=\"height: 16.00pt; width: 97.50pt;\" width=\"97\" height=\"16\">Utilizaci\u00f3n<\/td>\n<td>Detergente, champ\u00fa, jab\u00f3n de manos<\/td>\n<\/tr>\n<tr style=\"height: 16.00pt;\">\n<td class=\"et2\" style=\"height: 16.00pt; width: 97.50pt;\" width=\"97\" height=\"16\">MOQ<\/td>\n<td class=\"et2\" style=\"width: 236.80pt;\" width=\"236\">50.000 unidades<\/td>\n<\/tr>\n<tr style=\"height: 16.00pt;\">\n<td class=\"et2\" style=\"height: 16.00pt; width: 97.50pt;\" width=\"97\" height=\"16\">Pedido a medida<\/td>\n<td class=\"et2\" style=\"width: 236.80pt;\" width=\"236\">Aceptamos OEM y ODM, Muestras gratuitas<\/td>\n<\/tr>\n<\/tbody>\n<\/table>","protected":false},"featured_media":2390,"comment_status":"closed","ping_status":"closed","template":"","meta":{"_acf_changed":false},"product_brand":[],"product_cat":[30,32],"product_tag":[],"class_list":{"0":"post-2385","1":"product","2":"type-product","3":"status-publish","4":"has-post-thumbnail","6":"product_cat-stand-up-pouch-manufacturer","7":"product_cat-spout-pouch-manufacturer","8":"pa_non-food-packaging-soap-detergent-pouches","10":"first","11":"instock","12":"shipping-taxable","13":"product-type-simple"},"acf":[],"_links":{"self":[{"href":"https:\/\/www.stanleypackage.com\/es\/wp-json\/wp\/v2\/product\/2385","targetHints":{"allow":["GET"]}}],"collection":[{"href":"https:\/\/www.stanleypackage.com\/es\/wp-json\/wp\/v2\/product"}],"about":[{"href":"https:\/\/www.stanleypackage.com\/es\/wp-json\/wp\/v2\/types\/product"}],"replies":[{"embeddable":true,"href":"https:\/\/www.stanleypackage.com\/es\/wp-json\/wp\/v2\/comments?post=2385"}],"wp:featuredmedia":[{"embeddable":true,"href":"https:\/\/www.stanleypackage.com\/es\/wp-json\/wp\/v2\/media\/2390"}],"wp:attachment":[{"href":"https:\/\/www.stanleypackage.com\/es\/wp-json\/wp\/v2\/media?parent=2385"}],"wp:term":[{"taxonomy":"product_brand","embeddable":true,"href":"https:\/\/www.stanleypackage.com\/es\/wp-json\/wp\/v2\/product_brand?post=2385"},{"taxonomy":"product_cat","embeddable":true,"href":"https:\/\/www.stanleypackage.com\/es\/wp-json\/wp\/v2\/product_cat?post=2385"},{"taxonomy":"product_tag","embeddable":true,"href":"https:\/\/www.stanleypackage.com\/es\/wp-json\/wp\/v2\/product_tag?post=2385"}],"curies":[{"name":"wp","href":"https:\/\/api.w.org\/{rel}","templated":true}]}}