{"id":2395,"date":"2025-07-15T09:16:29","date_gmt":"2025-07-15T09:16:29","guid":{"rendered":"https:\/\/www.stanleypackage.com\/?post_type=product&#038;p=2395"},"modified":"2025-09-06T01:27:44","modified_gmt":"2025-09-06T01:27:44","slug":"custom-design-cosmetic-packaging","status":"publish","type":"product","link":"https:\/\/www.stanleypackage.com\/es\/product\/custom-design-cosmetic-packaging\/","title":{"rendered":"Envasado de cosm\u00e9ticos de dise\u00f1o personalizado, bolsa con boquilla para sobres a granel"},"content":{"rendered":"<div class=\"wp-block-columns is-layout-flex wp-container-core-columns-is-layout-9d6595d7 wp-block-columns-is-layout-flex\">\n<div class=\"wp-block-column is-layout-flow wp-block-column-is-layout-flow\">\n<h2 class=\"wp-block-heading\">Caracter\u00edsticas del dise\u00f1o personalizado de envases para cosm\u00e9ticos<\/h2>\n\n\n\n<ul class=\"wp-block-list\">\n<li><strong>Estructura de material multicapa de alta calidad para proteger el material interior durante m\u00e1s tiempo: <\/strong>Este envase cosm\u00e9tico de dise\u00f1o personalizado utiliza material compuesto PET15\/AL7\/PE100 mate, que tiene excelentes efectos de barrera de impermeabilidad, antioxidaci\u00f3n y penetraci\u00f3n de olores.<\/li>\n\n\n\n<li><strong>Textura superficial mate para realzar el grado de envasado de la marca: <\/strong>Nuestra capa exterior de PET mate de alta calidad hace que el envase sea visualmente m\u00e1s suave y tenga un mejor tacto, adecuado para el posicionamiento en el mercado de cosm\u00e9ticos de gama alta.<\/li>\n\n\n\n<li><strong>Boquilla + estructura de sellado lateral para facilitar el llenado y el uso: <\/strong>Nuestros envases para cosm\u00e9ticos de dise\u00f1o personalizado est\u00e1n equipados con un dise\u00f1o de boquilla y cierre lateral, que resulta c\u00f3modo para un uso preciso, evita el desperdicio y mejora la experiencia del usuario.<\/li>\n\n\n\n<li><strong>Admite impresi\u00f3n personalizada y personalizaci\u00f3n de especificaciones: <\/strong>Nuestras bolsas de boquilla de sobre al por mayor pueden personalizar los patrones, tama\u00f1os, colores de boquilla y posiciones de acuerdo con los requisitos de la marca para satisfacer las diversas necesidades del mercado.<\/li>\n\n\n\n<li><strong>Adecuado para diversos tipos de envases de cosm\u00e9ticos:<\/strong> Este envase cosm\u00e9tico de dise\u00f1o personalizado es adecuado para envasar lociones, esencias de mascarillas faciales, champ\u00fas, lociones corporales y otros productos l\u00edquidos o en pasta. Es ampliamente utilizado y conveniente para las actividades de distribuci\u00f3n y promoci\u00f3n.<\/li>\n<\/ul>\n\n\n\n<div class=\"wp-block-columns is-layout-flex wp-container-core-columns-is-layout-9d6595d7 wp-block-columns-is-layout-flex\">\n<div class=\"wp-block-column is-layout-flow wp-block-column-is-layout-flow\">\n<figure class=\"wp-block-image size-full\"><img decoding=\"async\" width=\"750\" height=\"750\" src=\"https:\/\/www.stanleypackage.com\/wp-content\/uploads\/2025\/07\/Custom-Design-Cosmetic-Packaging-Bulk-Sachet-Spout-Pouch-2.webp\" alt=\"Dise\u00f1o personalizado de envases cosm\u00e9ticos, a granel Sachet Spout Pouch-2\" class=\"wp-image-2397\" srcset=\"https:\/\/www.stanleypackage.com\/wp-content\/uploads\/2025\/07\/Custom-Design-Cosmetic-Packaging-Bulk-Sachet-Spout-Pouch-2.webp 750w, https:\/\/www.stanleypackage.com\/wp-content\/uploads\/2025\/07\/Custom-Design-Cosmetic-Packaging-Bulk-Sachet-Spout-Pouch-2-300x300.webp 300w, https:\/\/www.stanleypackage.com\/wp-content\/uploads\/2025\/07\/Custom-Design-Cosmetic-Packaging-Bulk-Sachet-Spout-Pouch-2-150x150.webp 150w, https:\/\/www.stanleypackage.com\/wp-content\/uploads\/2025\/07\/Custom-Design-Cosmetic-Packaging-Bulk-Sachet-Spout-Pouch-2-12x12.webp 12w, https:\/\/www.stanleypackage.com\/wp-content\/uploads\/2025\/07\/Custom-Design-Cosmetic-Packaging-Bulk-Sachet-Spout-Pouch-2-600x600.webp 600w, https:\/\/www.stanleypackage.com\/wp-content\/uploads\/2025\/07\/Custom-Design-Cosmetic-Packaging-Bulk-Sachet-Spout-Pouch-2-100x100.webp 100w\" sizes=\"(max-width: 750px) 100vw, 750px\" \/><\/figure>\n<\/div>\n\n\n\n<div class=\"wp-block-column is-layout-flow wp-block-column-is-layout-flow\">\n<figure class=\"wp-block-image size-full\"><img decoding=\"async\" width=\"750\" height=\"750\" src=\"https:\/\/www.stanleypackage.com\/wp-content\/uploads\/2025\/07\/Custom-Design-Cosmetic-Packaging-Bulk-Sachet-Spout-Pouch-3.webp\" alt=\"Dise\u00f1o personalizado de envases cosm\u00e9ticos, a granel Sachet Spout Pouch-3\" class=\"wp-image-2398\" srcset=\"https:\/\/www.stanleypackage.com\/wp-content\/uploads\/2025\/07\/Custom-Design-Cosmetic-Packaging-Bulk-Sachet-Spout-Pouch-3.webp 750w, https:\/\/www.stanleypackage.com\/wp-content\/uploads\/2025\/07\/Custom-Design-Cosmetic-Packaging-Bulk-Sachet-Spout-Pouch-3-300x300.webp 300w, https:\/\/www.stanleypackage.com\/wp-content\/uploads\/2025\/07\/Custom-Design-Cosmetic-Packaging-Bulk-Sachet-Spout-Pouch-3-150x150.webp 150w, https:\/\/www.stanleypackage.com\/wp-content\/uploads\/2025\/07\/Custom-Design-Cosmetic-Packaging-Bulk-Sachet-Spout-Pouch-3-12x12.webp 12w, https:\/\/www.stanleypackage.com\/wp-content\/uploads\/2025\/07\/Custom-Design-Cosmetic-Packaging-Bulk-Sachet-Spout-Pouch-3-600x600.webp 600w, https:\/\/www.stanleypackage.com\/wp-content\/uploads\/2025\/07\/Custom-Design-Cosmetic-Packaging-Bulk-Sachet-Spout-Pouch-3-100x100.webp 100w\" sizes=\"(max-width: 750px) 100vw, 750px\" \/><\/figure>\n<\/div>\n<\/div>\n<\/div>\n<\/div>","protected":false},"excerpt":{"rendered":"<p>Bienvenido a la venta al por mayor de bolsitas con boquilla. Este envase cosm\u00e9tico de dise\u00f1o personalizado tiene una textura de alta calidad y fuertes propiedades de barrera. Est\u00e1 equipado con una boquilla y estructura de sellado lateral, adecuado para el envasado de cosm\u00e9ticos l\u00edquidos tales como lociones y esencias.<\/p>\n<table style=\"border-collapse: collapse; width: 334.02pt;\" border=\"0\" width=\"334\" cellspacing=\"0\" cellpadding=\"0\">\n<tbody>\n<tr style=\"height: 16.00pt;\">\n<td class=\"et2\" style=\"height: 16.00pt; width: 97.50pt;\" width=\"97\" height=\"16\">Fabricante<\/td>\n<td class=\"et2\" style=\"width: 236.80pt;\" width=\"236\">Stanley<\/td>\n<\/tr>\n<tr style=\"height: 16.00pt;\">\n<td class=\"et2\" style=\"height: 16.00pt; width: 97.50pt;\" width=\"97\" height=\"16\">Tipos de bolsas<\/td>\n<td class=\"et3\">Bolsa con boquilla, Bolsa plana<\/td>\n<\/tr>\n<tr style=\"height: 16.00pt;\">\n<td class=\"et2\" style=\"height: 16.00pt; width: 97.50pt;\" width=\"97\" height=\"16\">Material<\/td>\n<td class=\"et2\" style=\"width: 236.80pt;\" width=\"236\">Mate PET15\/AL7\/PE100<\/td>\n<\/tr>\n<tr style=\"height: 16.00pt;\">\n<td class=\"et2\" style=\"height: 16.00pt; width: 97.50pt;\" width=\"97\" height=\"16\">Reportaje especial<\/td>\n<td class=\"et2\" style=\"width: 236.80pt;\" width=\"236\">Boquilla, junta lateral<\/td>\n<\/tr>\n<tr style=\"height: 16.00pt;\">\n<td class=\"et2\" style=\"height: 16.00pt; width: 97.50pt;\" width=\"97\" height=\"16\">Manipulaci\u00f3n de superficies<\/td>\n<td class=\"et2\" style=\"width: 236.80pt;\" width=\"236\">Impresi\u00f3n en huecograbado<\/td>\n<\/tr>\n<tr style=\"height: 16.00pt;\">\n<td class=\"et2\" style=\"height: 16.00pt; width: 97.50pt;\" width=\"97\" height=\"16\">Color<\/td>\n<td class=\"et2\" style=\"width: 236.80pt;\" width=\"236\">Hasta 10 colores<\/td>\n<\/tr>\n<tr style=\"height: 16.00pt;\">\n<td class=\"et2\" style=\"height: 16.00pt; width: 97.50pt;\" width=\"97\" height=\"16\">Utilizaci\u00f3n<\/td>\n<td>Crema, Loci\u00f3n, Base, Protector solar<\/td>\n<\/tr>\n<tr style=\"height: 16.00pt;\">\n<td class=\"et2\" style=\"height: 16.00pt; width: 97.50pt;\" width=\"97\" height=\"16\">MOQ<\/td>\n<td class=\"et2\" style=\"width: 236.80pt;\" width=\"236\">50.000 unidades<\/td>\n<\/tr>\n<tr style=\"height: 16.00pt;\">\n<td class=\"et2\" style=\"height: 16.00pt; width: 97.50pt;\" width=\"97\" height=\"16\">Pedido a medida<\/td>\n<td class=\"et2\" style=\"width: 236.80pt;\" width=\"236\">Aceptamos OEM y ODM, Muestras gratuitas<\/td>\n<\/tr>\n<\/tbody>\n<\/table>","protected":false},"featured_media":2401,"comment_status":"closed","ping_status":"closed","template":"","meta":{"_acf_changed":false},"product_brand":[],"product_cat":[32],"product_tag":[],"class_list":{"0":"post-2395","1":"product","2":"type-product","3":"status-publish","4":"has-post-thumbnail","6":"product_cat-spout-pouch-manufacturer","7":"pa_non-food-packaging-cosmetic-packaging-pouches","9":"first","10":"instock","11":"shipping-taxable","12":"product-type-simple"},"acf":[],"_links":{"self":[{"href":"https:\/\/www.stanleypackage.com\/es\/wp-json\/wp\/v2\/product\/2395","targetHints":{"allow":["GET"]}}],"collection":[{"href":"https:\/\/www.stanleypackage.com\/es\/wp-json\/wp\/v2\/product"}],"about":[{"href":"https:\/\/www.stanleypackage.com\/es\/wp-json\/wp\/v2\/types\/product"}],"replies":[{"embeddable":true,"href":"https:\/\/www.stanleypackage.com\/es\/wp-json\/wp\/v2\/comments?post=2395"}],"wp:featuredmedia":[{"embeddable":true,"href":"https:\/\/www.stanleypackage.com\/es\/wp-json\/wp\/v2\/media\/2401"}],"wp:attachment":[{"href":"https:\/\/www.stanleypackage.com\/es\/wp-json\/wp\/v2\/media?parent=2395"}],"wp:term":[{"taxonomy":"product_brand","embeddable":true,"href":"https:\/\/www.stanleypackage.com\/es\/wp-json\/wp\/v2\/product_brand?post=2395"},{"taxonomy":"product_cat","embeddable":true,"href":"https:\/\/www.stanleypackage.com\/es\/wp-json\/wp\/v2\/product_cat?post=2395"},{"taxonomy":"product_tag","embeddable":true,"href":"https:\/\/www.stanleypackage.com\/es\/wp-json\/wp\/v2\/product_tag?post=2395"}],"curies":[{"name":"wp","href":"https:\/\/api.w.org\/{rel}","templated":true}]}}