{"id":2402,"date":"2025-07-15T09:38:07","date_gmt":"2025-07-15T09:38:07","guid":{"rendered":"https:\/\/www.stanleypackage.com\/?post_type=product&#038;p=2402"},"modified":"2025-07-15T09:44:28","modified_gmt":"2025-07-15T09:44:28","slug":"custom-printed-cosmetic-packaging","status":"publish","type":"product","link":"https:\/\/www.stanleypackage.com\/es\/product\/custom-printed-cosmetic-packaging\/","title":{"rendered":"Envasado de cosm\u00e9ticos impreso personalizado, bolsa con pico al por mayor"},"content":{"rendered":"<div class=\"wp-block-columns is-layout-flex wp-container-core-columns-is-layout-9d6595d7 wp-block-columns-is-layout-flex\">\n<div class=\"wp-block-column is-layout-flow wp-block-column-is-layout-flow\">\n<h2 class=\"wp-block-heading\">Caracter\u00edsticas de los envases para cosm\u00e9ticos impresos a medida<\/h2>\n\n\n\n<ul class=\"wp-block-list\">\n<li><strong>Estructura de material multicapa de alta calidad para proteger el material interior durante m\u00e1s tiempo: <\/strong>Este envase cosm\u00e9tico impreso personalizado utiliza material compuesto PET15\/AL7\/PE100 mate, que tiene excelentes efectos barrera de impermeabilidad, antioxidaci\u00f3n y penetraci\u00f3n de olores.<\/li>\n\n\n\n<li><strong>Textura superficial mate para realzar el grado de envasado de la marca: <\/strong>Nuestra capa exterior de PET mate de alta calidad al por mayor hace que el envase sea visualmente m\u00e1s suave y tenga un mejor tacto, adecuado para el posicionamiento en el mercado de cosm\u00e9ticos de gama alta.<\/li>\n\n\n\n<li><strong>Boquilla de succi\u00f3n + junta lateral + dise\u00f1o de fondo vertical para facilitar su uso y exposici\u00f3n: <\/strong>Nuestros envases de cosm\u00e9ticos impresos personalizados est\u00e1n equipados con una boquilla de succi\u00f3n y un fondo que se mantiene en pie para facilitar el llenado, el transporte y la exposici\u00f3n en los estantes.<\/li>\n\n\n\n<li><strong>Admite impresi\u00f3n personalizada y personalizaci\u00f3n de especificaciones: <\/strong>Nuestra bolsa de ca\u00f1o al por mayor puede personalizar el patr\u00f3n, el tama\u00f1o, el color de la boquilla de succi\u00f3n y la posici\u00f3n de acuerdo con los requisitos de la marca para satisfacer las diversas necesidades del mercado.<\/li>\n\n\n\n<li><strong>El aspecto azul brillante atrae la atenci\u00f3n de los consumidores: <\/strong>Este envase de cosm\u00e9ticos impreso a medida tiene una impresi\u00f3n en azul brillante, lo que facilita que destaque en el estante, aumente el reconocimiento de la marca y el deseo de compra.<\/li>\n<\/ul>\n\n\n\n<div class=\"wp-block-columns is-layout-flex wp-container-core-columns-is-layout-9d6595d7 wp-block-columns-is-layout-flex\">\n<div class=\"wp-block-column is-layout-flow wp-block-column-is-layout-flow\">\n<figure class=\"wp-block-image size-full\"><img decoding=\"async\" width=\"750\" height=\"750\" src=\"https:\/\/www.stanleypackage.com\/wp-content\/uploads\/2025\/07\/Custom-Printed-Cosmetic-Packaging-Spout-Pouch-Wholesale-1.webp\" alt=\"Envasado de Cosm\u00e9ticos Impreso a Medida, Bolsa con Boquilla al por Mayor-1\" class=\"wp-image-2403\" srcset=\"https:\/\/www.stanleypackage.com\/wp-content\/uploads\/2025\/07\/Custom-Printed-Cosmetic-Packaging-Spout-Pouch-Wholesale-1.webp 750w, https:\/\/www.stanleypackage.com\/wp-content\/uploads\/2025\/07\/Custom-Printed-Cosmetic-Packaging-Spout-Pouch-Wholesale-1-300x300.webp 300w, https:\/\/www.stanleypackage.com\/wp-content\/uploads\/2025\/07\/Custom-Printed-Cosmetic-Packaging-Spout-Pouch-Wholesale-1-150x150.webp 150w, https:\/\/www.stanleypackage.com\/wp-content\/uploads\/2025\/07\/Custom-Printed-Cosmetic-Packaging-Spout-Pouch-Wholesale-1-12x12.webp 12w, https:\/\/www.stanleypackage.com\/wp-content\/uploads\/2025\/07\/Custom-Printed-Cosmetic-Packaging-Spout-Pouch-Wholesale-1-600x600.webp 600w, https:\/\/www.stanleypackage.com\/wp-content\/uploads\/2025\/07\/Custom-Printed-Cosmetic-Packaging-Spout-Pouch-Wholesale-1-100x100.webp 100w\" sizes=\"(max-width: 750px) 100vw, 750px\" \/><\/figure>\n<\/div>\n\n\n\n<div class=\"wp-block-column is-layout-flow wp-block-column-is-layout-flow\">\n<figure class=\"wp-block-image size-full\"><img decoding=\"async\" width=\"750\" height=\"750\" src=\"https:\/\/www.stanleypackage.com\/wp-content\/uploads\/2025\/07\/Custom-Printed-Cosmetic-Packaging-Spout-Pouch-Wholesale-2.webp\" alt=\"Envasado de Cosm\u00e9ticos Impreso a Medida, Bolsa con Boquilla al por Mayor-2\" class=\"wp-image-2404\" srcset=\"https:\/\/www.stanleypackage.com\/wp-content\/uploads\/2025\/07\/Custom-Printed-Cosmetic-Packaging-Spout-Pouch-Wholesale-2.webp 750w, https:\/\/www.stanleypackage.com\/wp-content\/uploads\/2025\/07\/Custom-Printed-Cosmetic-Packaging-Spout-Pouch-Wholesale-2-300x300.webp 300w, https:\/\/www.stanleypackage.com\/wp-content\/uploads\/2025\/07\/Custom-Printed-Cosmetic-Packaging-Spout-Pouch-Wholesale-2-150x150.webp 150w, https:\/\/www.stanleypackage.com\/wp-content\/uploads\/2025\/07\/Custom-Printed-Cosmetic-Packaging-Spout-Pouch-Wholesale-2-12x12.webp 12w, https:\/\/www.stanleypackage.com\/wp-content\/uploads\/2025\/07\/Custom-Printed-Cosmetic-Packaging-Spout-Pouch-Wholesale-2-600x600.webp 600w, https:\/\/www.stanleypackage.com\/wp-content\/uploads\/2025\/07\/Custom-Printed-Cosmetic-Packaging-Spout-Pouch-Wholesale-2-100x100.webp 100w\" sizes=\"(max-width: 750px) 100vw, 750px\" \/><\/figure>\n<\/div>\n<\/div>\n<\/div>\n<\/div>","protected":false},"excerpt":{"rendered":"<p>Bienvenido a la venta al por mayor de bolsas con boquilla. Este envase cosm\u00e9tico impreso personalizado tiene un dise\u00f1o de pie en la parte inferior, con un aspecto azul brillante, que es a la vez pr\u00e1ctico y visualmente atractivo.<\/p>\n<table style=\"border-collapse: collapse; width: 334.02pt;\" border=\"0\" width=\"334\" cellspacing=\"0\" cellpadding=\"0\">\n<tbody>\n<tr style=\"height: 16.00pt;\">\n<td class=\"et2\" style=\"height: 16.00pt; width: 97.50pt;\" width=\"97\" height=\"16\">Fabricante<\/td>\n<td class=\"et2\" style=\"width: 236.80pt;\" width=\"236\">Stanley<\/td>\n<\/tr>\n<tr style=\"height: 16.00pt;\">\n<td class=\"et2\" style=\"height: 16.00pt; width: 97.50pt;\" width=\"97\" height=\"16\">Tipos de bolsas<\/td>\n<td class=\"et3\">Bolsa de ca\u00f1o, Bolsa de pie<\/td>\n<\/tr>\n<tr style=\"height: 16.00pt;\">\n<td class=\"et2\" style=\"height: 16.00pt; width: 97.50pt;\" width=\"97\" height=\"16\">Material<\/td>\n<td class=\"et2\" style=\"width: 236.80pt;\" width=\"236\">Mate PET15\/AL7\/PE100<\/td>\n<\/tr>\n<tr style=\"height: 16.00pt;\">\n<td class=\"et2\" style=\"height: 16.00pt; width: 97.50pt;\" width=\"97\" height=\"16\">Reportaje especial<\/td>\n<td class=\"et2\" style=\"width: 236.80pt;\" width=\"236\">Ca\u00f1o, fondo autoportante<\/td>\n<\/tr>\n<tr style=\"height: 16.00pt;\">\n<td class=\"et2\" style=\"height: 16.00pt; width: 97.50pt;\" width=\"97\" height=\"16\">Manipulaci\u00f3n de superficies<\/td>\n<td class=\"et2\" style=\"width: 236.80pt;\" width=\"236\">Impresi\u00f3n en huecograbado<\/td>\n<\/tr>\n<tr style=\"height: 16.00pt;\">\n<td class=\"et2\" style=\"height: 16.00pt; width: 97.50pt;\" width=\"97\" height=\"16\">Color<\/td>\n<td class=\"et2\" style=\"width: 236.80pt;\" width=\"236\">Hasta 10 colores<\/td>\n<\/tr>\n<tr style=\"height: 16.00pt;\">\n<td class=\"et2\" style=\"height: 16.00pt; width: 97.50pt;\" width=\"97\" height=\"16\">Utilizaci\u00f3n<\/td>\n<td>Crema, Loci\u00f3n, Base, Protector solar<\/td>\n<\/tr>\n<tr style=\"height: 16.00pt;\">\n<td class=\"et2\" style=\"height: 16.00pt; width: 97.50pt;\" width=\"97\" height=\"16\">MOQ<\/td>\n<td class=\"et2\" style=\"width: 236.80pt;\" width=\"236\">50.000 unidades<\/td>\n<\/tr>\n<tr style=\"height: 16.00pt;\">\n<td class=\"et2\" style=\"height: 16.00pt; width: 97.50pt;\" width=\"97\" height=\"16\">Pedido a medida<\/td>\n<td class=\"et2\" style=\"width: 236.80pt;\" width=\"236\">Aceptamos OEM y ODM, Muestras gratuitas<\/td>\n<\/tr>\n<\/tbody>\n<\/table>","protected":false},"featured_media":2408,"comment_status":"closed","ping_status":"closed","template":"","meta":{"_acf_changed":false},"product_brand":[],"product_cat":[32,30],"product_tag":[],"class_list":{"0":"post-2402","1":"product","2":"type-product","3":"status-publish","4":"has-post-thumbnail","6":"product_cat-spout-pouch-manufacturer","7":"product_cat-stand-up-pouch-manufacturer","8":"pa_non-food-packaging-cosmetic-packaging-pouches","10":"first","11":"instock","12":"shipping-taxable","13":"product-type-simple"},"acf":[],"_links":{"self":[{"href":"https:\/\/www.stanleypackage.com\/es\/wp-json\/wp\/v2\/product\/2402","targetHints":{"allow":["GET"]}}],"collection":[{"href":"https:\/\/www.stanleypackage.com\/es\/wp-json\/wp\/v2\/product"}],"about":[{"href":"https:\/\/www.stanleypackage.com\/es\/wp-json\/wp\/v2\/types\/product"}],"replies":[{"embeddable":true,"href":"https:\/\/www.stanleypackage.com\/es\/wp-json\/wp\/v2\/comments?post=2402"}],"wp:featuredmedia":[{"embeddable":true,"href":"https:\/\/www.stanleypackage.com\/es\/wp-json\/wp\/v2\/media\/2408"}],"wp:attachment":[{"href":"https:\/\/www.stanleypackage.com\/es\/wp-json\/wp\/v2\/media?parent=2402"}],"wp:term":[{"taxonomy":"product_brand","embeddable":true,"href":"https:\/\/www.stanleypackage.com\/es\/wp-json\/wp\/v2\/product_brand?post=2402"},{"taxonomy":"product_cat","embeddable":true,"href":"https:\/\/www.stanleypackage.com\/es\/wp-json\/wp\/v2\/product_cat?post=2402"},{"taxonomy":"product_tag","embeddable":true,"href":"https:\/\/www.stanleypackage.com\/es\/wp-json\/wp\/v2\/product_tag?post=2402"}],"curies":[{"name":"wp","href":"https:\/\/api.w.org\/{rel}","templated":true}]}}