{"id":2415,"date":"2025-07-15T09:54:00","date_gmt":"2025-07-15T09:54:00","guid":{"rendered":"https:\/\/www.stanleypackage.com\/?post_type=product&#038;p=2415"},"modified":"2025-07-15T10:02:58","modified_gmt":"2025-07-15T10:02:58","slug":"customized-stand-up-pouches","status":"publish","type":"product","link":"https:\/\/www.stanleypackage.com\/es\/product\/customized-stand-up-pouches\/","title":{"rendered":"Venta al por mayor Bolsas de pie peque\u00f1as personalizadas para geles de ducha"},"content":{"rendered":"<div class=\"wp-block-columns is-layout-flex wp-container-core-columns-is-layout-9d6595d7 wp-block-columns-is-layout-flex\">\n<div class=\"wp-block-column is-layout-flow wp-block-column-is-layout-flow\">\n<h2 class=\"wp-block-heading\">Caracter\u00edsticas de las bolsas de pie personalizadas<\/h2>\n\n\n\n<ul class=\"wp-block-list\">\n<li><strong>Estructura compuesta de tres capas, embalaje estable y no f\u00e1cil de romper: <\/strong>Nuestras bolsas stand up personalizadas est\u00e1n fabricadas con material PET12\/PET12\/MBPE85, a prueba de fugas y resistente a los apretones, adecuado para el almacenamiento a largo plazo de productos l\u00edquidos.<\/li>\n\n\n\n<li><strong>Dise\u00f1o de boquilla de succi\u00f3n, c\u00f3modo acceso y sin residuos: <\/strong>El dise\u00f1o de la boquilla de estas bolsas de envasado al por mayor es conveniente para el control preciso de la dosis, adecuado para el uso diario y llevar a cabo.<\/li>\n\n\n\n<li><strong>Fondo autoportante, f\u00e1cil de colocar y exponer:<\/strong> El fondo de bolsa de estas bolsas de pie personalizadas puede levantarse, mejorar el efecto de exposici\u00f3n en el estante y potenciar la imagen de marca.<\/li>\n\n\n\n<li><strong>Aspecto de color degradado, realza el atractivo visual: <\/strong>Nuestras bolsas de envasado al por mayor adoptan un popular dise\u00f1o de colores degradados, que resulta m\u00e1s moderno y ayuda a que el producto destaque entre los de la misma categor\u00eda.<\/li>\n\n\n\n<li><strong>Admite impresi\u00f3n personalizada y personalizaci\u00f3n de peque\u00f1o tama\u00f1o: <\/strong>Nuestras bolsas stand up personalizadas pueden personalizarse con patrones, capacidad y especificaciones de boquilla seg\u00fan los requisitos de la marca para satisfacer diversos escenarios de posicionamiento y aplicaci\u00f3n en el mercado.<\/li>\n<\/ul>\n\n\n\n<div class=\"wp-block-columns is-layout-flex wp-container-core-columns-is-layout-9d6595d7 wp-block-columns-is-layout-flex\">\n<div class=\"wp-block-column is-layout-flow wp-block-column-is-layout-flow\">\n<figure class=\"wp-block-image size-full\"><img decoding=\"async\" width=\"750\" height=\"750\" src=\"https:\/\/www.stanleypackage.com\/wp-content\/uploads\/2025\/07\/Wholesale-Small-Customized-Stand-Up-Pouches-for-Shower-Gels-5.webp\" alt=\"Mayorista Peque\u00f1as Bolsas Personalizadas para Geles de Ducha-5\" class=\"wp-image-2420\" srcset=\"https:\/\/www.stanleypackage.com\/wp-content\/uploads\/2025\/07\/Wholesale-Small-Customized-Stand-Up-Pouches-for-Shower-Gels-5.webp 750w, https:\/\/www.stanleypackage.com\/wp-content\/uploads\/2025\/07\/Wholesale-Small-Customized-Stand-Up-Pouches-for-Shower-Gels-5-300x300.webp 300w, https:\/\/www.stanleypackage.com\/wp-content\/uploads\/2025\/07\/Wholesale-Small-Customized-Stand-Up-Pouches-for-Shower-Gels-5-150x150.webp 150w, https:\/\/www.stanleypackage.com\/wp-content\/uploads\/2025\/07\/Wholesale-Small-Customized-Stand-Up-Pouches-for-Shower-Gels-5-12x12.webp 12w, https:\/\/www.stanleypackage.com\/wp-content\/uploads\/2025\/07\/Wholesale-Small-Customized-Stand-Up-Pouches-for-Shower-Gels-5-600x600.webp 600w, https:\/\/www.stanleypackage.com\/wp-content\/uploads\/2025\/07\/Wholesale-Small-Customized-Stand-Up-Pouches-for-Shower-Gels-5-100x100.webp 100w\" sizes=\"(max-width: 750px) 100vw, 750px\" \/><\/figure>\n<\/div>\n\n\n\n<div class=\"wp-block-column is-layout-flow wp-block-column-is-layout-flow\">\n<figure class=\"wp-block-image size-full\"><img decoding=\"async\" width=\"750\" height=\"750\" src=\"https:\/\/www.stanleypackage.com\/wp-content\/uploads\/2025\/07\/Wholesale-Small-Customized-Stand-Up-Pouches-for-Shower-Gels-4.webp\" alt=\"Mayorista Peque\u00f1as Bolsas Personalizadas para Geles de Ducha-4\" class=\"wp-image-2419\" srcset=\"https:\/\/www.stanleypackage.com\/wp-content\/uploads\/2025\/07\/Wholesale-Small-Customized-Stand-Up-Pouches-for-Shower-Gels-4.webp 750w, https:\/\/www.stanleypackage.com\/wp-content\/uploads\/2025\/07\/Wholesale-Small-Customized-Stand-Up-Pouches-for-Shower-Gels-4-300x300.webp 300w, https:\/\/www.stanleypackage.com\/wp-content\/uploads\/2025\/07\/Wholesale-Small-Customized-Stand-Up-Pouches-for-Shower-Gels-4-150x150.webp 150w, https:\/\/www.stanleypackage.com\/wp-content\/uploads\/2025\/07\/Wholesale-Small-Customized-Stand-Up-Pouches-for-Shower-Gels-4-12x12.webp 12w, https:\/\/www.stanleypackage.com\/wp-content\/uploads\/2025\/07\/Wholesale-Small-Customized-Stand-Up-Pouches-for-Shower-Gels-4-600x600.webp 600w, https:\/\/www.stanleypackage.com\/wp-content\/uploads\/2025\/07\/Wholesale-Small-Customized-Stand-Up-Pouches-for-Shower-Gels-4-100x100.webp 100w\" sizes=\"(max-width: 750px) 100vw, 750px\" \/><\/figure>\n<\/div>\n<\/div>\n<\/div>\n<\/div>","protected":false},"excerpt":{"rendered":"<p>Bienvenido a comprar bolsas de envasado al por mayor. Nuestras bolsas stand up personalizadas son duraderas, est\u00e1n bien selladas y tienen un fondo autoportante con una estructura de boquilla, que es f\u00e1cil de usar y colocar. El dise\u00f1o de colores degradados es moderno y llamativo.<\/p>\n<table style=\"border-collapse: collapse; width: 334.02pt;\" border=\"0\" width=\"334\" cellspacing=\"0\" cellpadding=\"0\">\n<tbody>\n<tr style=\"height: 16.00pt;\">\n<td class=\"et2\" style=\"height: 16.00pt; width: 97.50pt;\" width=\"97\" height=\"16\">Fabricante<\/td>\n<td class=\"et2\" style=\"width: 236.80pt;\" width=\"236\">Stanley<\/td>\n<\/tr>\n<tr style=\"height: 16.00pt;\">\n<td class=\"et2\" style=\"height: 16.00pt; width: 97.50pt;\" width=\"97\" height=\"16\">Tipos de bolsas<\/td>\n<td class=\"et3\">Bolsa de ca\u00f1o, Bolsa de pie<\/td>\n<\/tr>\n<tr style=\"height: 16.00pt;\">\n<td class=\"et2\" style=\"height: 16.00pt; width: 97.50pt;\" width=\"97\" height=\"16\">Material<\/td>\n<td class=\"et2\" style=\"width: 236.80pt;\" width=\"236\">PET12\/PET12\/MBPE85<\/td>\n<\/tr>\n<tr style=\"height: 16.00pt;\">\n<td class=\"et2\" style=\"height: 16.00pt; width: 97.50pt;\" width=\"97\" height=\"16\">Reportaje especial<\/td>\n<td class=\"et2\" style=\"width: 236.80pt;\" width=\"236\">Ca\u00f1o, fondo autoportante<\/td>\n<\/tr>\n<tr style=\"height: 16.00pt;\">\n<td class=\"et2\" style=\"height: 16.00pt; width: 97.50pt;\" width=\"97\" height=\"16\">Manipulaci\u00f3n de superficies<\/td>\n<td class=\"et2\" style=\"width: 236.80pt;\" width=\"236\">Impresi\u00f3n en huecograbado<\/td>\n<\/tr>\n<tr style=\"height: 16.00pt;\">\n<td class=\"et2\" style=\"height: 16.00pt; width: 97.50pt;\" width=\"97\" height=\"16\">Color<\/td>\n<td class=\"et2\" style=\"width: 236.80pt;\" width=\"236\">Hasta 10 colores<\/td>\n<\/tr>\n<tr style=\"height: 16.00pt;\">\n<td class=\"et2\" style=\"height: 16.00pt; width: 97.50pt;\" width=\"97\" height=\"16\">Utilizaci\u00f3n<\/td>\n<td class=\"et3\">Detergente, champ\u00fa, jab\u00f3n de manos<\/td>\n<\/tr>\n<tr style=\"height: 16.00pt;\">\n<td class=\"et2\" style=\"height: 16.00pt; width: 97.50pt;\" width=\"97\" height=\"16\">MOQ<\/td>\n<td class=\"et2\" style=\"width: 236.80pt;\" width=\"236\">50.000 unidades<\/td>\n<\/tr>\n<tr style=\"height: 16.00pt;\">\n<td class=\"et2\" style=\"height: 16.00pt; width: 97.50pt;\" width=\"97\" height=\"16\">Pedido a medida<\/td>\n<td class=\"et2\" style=\"width: 236.80pt;\" width=\"236\">Aceptamos OEM y ODM, Muestras gratuitas<\/td>\n<\/tr>\n<\/tbody>\n<\/table>","protected":false},"featured_media":2416,"comment_status":"closed","ping_status":"closed","template":"","meta":{"_acf_changed":false},"product_brand":[],"product_cat":[32,30],"product_tag":[],"class_list":{"0":"post-2415","1":"product","2":"type-product","3":"status-publish","4":"has-post-thumbnail","6":"product_cat-spout-pouch-manufacturer","7":"product_cat-stand-up-pouch-manufacturer","8":"pa_non-food-packaging-soap-detergent-pouches","10":"first","11":"instock","12":"shipping-taxable","13":"product-type-simple"},"acf":[],"_links":{"self":[{"href":"https:\/\/www.stanleypackage.com\/es\/wp-json\/wp\/v2\/product\/2415","targetHints":{"allow":["GET"]}}],"collection":[{"href":"https:\/\/www.stanleypackage.com\/es\/wp-json\/wp\/v2\/product"}],"about":[{"href":"https:\/\/www.stanleypackage.com\/es\/wp-json\/wp\/v2\/types\/product"}],"replies":[{"embeddable":true,"href":"https:\/\/www.stanleypackage.com\/es\/wp-json\/wp\/v2\/comments?post=2415"}],"wp:featuredmedia":[{"embeddable":true,"href":"https:\/\/www.stanleypackage.com\/es\/wp-json\/wp\/v2\/media\/2416"}],"wp:attachment":[{"href":"https:\/\/www.stanleypackage.com\/es\/wp-json\/wp\/v2\/media?parent=2415"}],"wp:term":[{"taxonomy":"product_brand","embeddable":true,"href":"https:\/\/www.stanleypackage.com\/es\/wp-json\/wp\/v2\/product_brand?post=2415"},{"taxonomy":"product_cat","embeddable":true,"href":"https:\/\/www.stanleypackage.com\/es\/wp-json\/wp\/v2\/product_cat?post=2415"},{"taxonomy":"product_tag","embeddable":true,"href":"https:\/\/www.stanleypackage.com\/es\/wp-json\/wp\/v2\/product_tag?post=2415"}],"curies":[{"name":"wp","href":"https:\/\/api.w.org\/{rel}","templated":true}]}}