{"id":2440,"date":"2025-07-21T03:57:12","date_gmt":"2025-07-21T03:57:12","guid":{"rendered":"https:\/\/www.stanleypackage.com\/?post_type=product&#038;p=2440"},"modified":"2025-07-21T06:11:07","modified_gmt":"2025-07-21T06:11:07","slug":"cosmetic-packaging-pouches-wholesale","status":"publish","type":"product","link":"https:\/\/www.stanleypackage.com\/es\/product\/cosmetic-packaging-pouches-wholesale\/","title":{"rendered":"Bolsas de Envases Cosmeticos al por mayor para Gel de Aloe Vera"},"content":{"rendered":"<div class=\"wp-block-columns is-layout-flex wp-container-core-columns-is-layout-9d6595d7 wp-block-columns-is-layout-flex\">\n<div class=\"wp-block-column is-layout-flow wp-block-column-is-layout-flow\">\n<h2 class=\"wp-block-heading\">Caracter\u00edsticas de las bolsas de envasado de cosm\u00e9ticos al por mayor<\/h2>\n\n\n\n<ul class=\"wp-block-list\">\n<li><strong>Dise\u00f1o transparente: <\/strong>Nuestras bolsas de envasado de cosm\u00e9ticos al por mayor son transparentes, lo que resulta conveniente para mostrar el color y la textura del contenido, mejorar el atractivo del producto y aumentar la confianza del consumidor.<\/li>\n\n\n\n<li><strong>Material multicapa duradero: <\/strong>Estas bolsas con pico personalizadas adoptan la estructura multicapa MOPP25\/PET12\/PE70, con excelentes propiedades a prueba de fugas, a prueba de humedad y resistentes al desgarro, adecuadas para una gran variedad de envases de l\u00edquidos viscosos.<\/li>\n\n\n\n<li><strong>Ideal para gel, crema y loci\u00f3n: <\/strong>Nuestras bolsas para envasado de cosm\u00e9ticos al por mayor est\u00e1n especialmente dise\u00f1adas para productos semifluidos para el cuidado de la piel, como gel de aloe vera, crema, loci\u00f3n, etc., f\u00e1ciles de usar y adecuadas para una gran variedad de l\u00edneas de llenado y m\u00e9todos de distribuci\u00f3n.<\/li>\n\n\n\n<li><strong>Cierre de ca\u00f1o seguro:<\/strong> Nuestras bolsas con boquilla personalizadas tienen una estructura de sellado resistente y son f\u00e1ciles de abrir y cerrar, lo que evita eficazmente la contaminaci\u00f3n y los residuos y mejora la experiencia del usuario.<\/li>\n\n\n\n<li><strong>Venta al por mayor y personalizaci\u00f3n disponibles: <\/strong>Nuestras bolsas de envasado de cosm\u00e9ticos al por mayor se pueden personalizar con patrones de impresi\u00f3n, especificaciones y tama\u00f1os, LOGO y dise\u00f1o de envases para satisfacer las necesidades personalizadas de la marca.<\/li>\n<\/ul>\n\n\n\n<div class=\"wp-block-columns is-layout-flex wp-container-core-columns-is-layout-9d6595d7 wp-block-columns-is-layout-flex\">\n<div class=\"wp-block-column is-layout-flow wp-block-column-is-layout-flow\">\n<figure class=\"wp-block-image size-full\"><img decoding=\"async\" width=\"750\" height=\"750\" src=\"https:\/\/www.stanleypackage.com\/wp-content\/uploads\/2025\/07\/Spout-Cosmetic-Packaging-Pouches-Wholesale-For-Aloe-Vera-Gel-1.webp\" alt=\"Picos de envases de cosm\u00e9ticos al por mayor para Aloe Vera Gel-1\" class=\"wp-image-2441\" srcset=\"https:\/\/www.stanleypackage.com\/wp-content\/uploads\/2025\/07\/Spout-Cosmetic-Packaging-Pouches-Wholesale-For-Aloe-Vera-Gel-1.webp 750w, https:\/\/www.stanleypackage.com\/wp-content\/uploads\/2025\/07\/Spout-Cosmetic-Packaging-Pouches-Wholesale-For-Aloe-Vera-Gel-1-300x300.webp 300w, https:\/\/www.stanleypackage.com\/wp-content\/uploads\/2025\/07\/Spout-Cosmetic-Packaging-Pouches-Wholesale-For-Aloe-Vera-Gel-1-150x150.webp 150w, https:\/\/www.stanleypackage.com\/wp-content\/uploads\/2025\/07\/Spout-Cosmetic-Packaging-Pouches-Wholesale-For-Aloe-Vera-Gel-1-12x12.webp 12w, https:\/\/www.stanleypackage.com\/wp-content\/uploads\/2025\/07\/Spout-Cosmetic-Packaging-Pouches-Wholesale-For-Aloe-Vera-Gel-1-600x600.webp 600w, https:\/\/www.stanleypackage.com\/wp-content\/uploads\/2025\/07\/Spout-Cosmetic-Packaging-Pouches-Wholesale-For-Aloe-Vera-Gel-1-100x100.webp 100w\" sizes=\"(max-width: 750px) 100vw, 750px\" \/><\/figure>\n<\/div>\n\n\n\n<div class=\"wp-block-column is-layout-flow wp-block-column-is-layout-flow\">\n<figure class=\"wp-block-image size-full\"><img decoding=\"async\" width=\"750\" height=\"750\" src=\"https:\/\/www.stanleypackage.com\/wp-content\/uploads\/2025\/07\/Spout-Cosmetic-Packaging-Pouches-Wholesale-For-Aloe-Vera-Gel-2.webp\" alt=\"Picos de envases de cosm\u00e9ticos al por mayor de gel de aloe vera-2\" class=\"wp-image-2442\" srcset=\"https:\/\/www.stanleypackage.com\/wp-content\/uploads\/2025\/07\/Spout-Cosmetic-Packaging-Pouches-Wholesale-For-Aloe-Vera-Gel-2.webp 750w, https:\/\/www.stanleypackage.com\/wp-content\/uploads\/2025\/07\/Spout-Cosmetic-Packaging-Pouches-Wholesale-For-Aloe-Vera-Gel-2-300x300.webp 300w, https:\/\/www.stanleypackage.com\/wp-content\/uploads\/2025\/07\/Spout-Cosmetic-Packaging-Pouches-Wholesale-For-Aloe-Vera-Gel-2-150x150.webp 150w, https:\/\/www.stanleypackage.com\/wp-content\/uploads\/2025\/07\/Spout-Cosmetic-Packaging-Pouches-Wholesale-For-Aloe-Vera-Gel-2-12x12.webp 12w, https:\/\/www.stanleypackage.com\/wp-content\/uploads\/2025\/07\/Spout-Cosmetic-Packaging-Pouches-Wholesale-For-Aloe-Vera-Gel-2-600x600.webp 600w, https:\/\/www.stanleypackage.com\/wp-content\/uploads\/2025\/07\/Spout-Cosmetic-Packaging-Pouches-Wholesale-For-Aloe-Vera-Gel-2-100x100.webp 100w\" sizes=\"(max-width: 750px) 100vw, 750px\" \/><\/figure>\n<\/div>\n<\/div>\n<\/div>\n<\/div>","protected":false},"excerpt":{"rendered":"<p>Bienvenido a las bolsas con pico personalizadas. Nuestras bolsas transparentes para envasado de cosm\u00e9ticos al por mayor son flexibles y herm\u00e9ticas, adecuadas para todo tipo de productos semifluidos como gel de aloe vera, crema, loci\u00f3n, etc. Admiten la personalizaci\u00f3n completa.<\/p>\n<table style=\"border-collapse: collapse; width: 334.02pt;\" border=\"0\" width=\"334\" cellspacing=\"0\" cellpadding=\"0\">\n<tbody>\n<tr style=\"height: 16.00pt;\">\n<td class=\"et2\" style=\"height: 16.00pt; width: 97.50pt;\" width=\"97\" height=\"16\">Fabricante<\/td>\n<td class=\"et2\" style=\"width: 236.80pt;\" width=\"236\">Stanley<\/td>\n<\/tr>\n<tr style=\"height: 16.00pt;\">\n<td class=\"et2\" style=\"height: 16.00pt; width: 97.50pt;\" width=\"97\" height=\"16\">Tipos de bolsas<\/td>\n<td class=\"et3\">Bolsa de ca\u00f1o<\/td>\n<\/tr>\n<tr style=\"height: 16.00pt;\">\n<td class=\"et2\" style=\"height: 16.00pt; width: 97.50pt;\" width=\"97\" height=\"16\">Material<\/td>\n<td class=\"et2\" style=\"width: 236.80pt;\" width=\"236\">MOPP25\/PET12\/PE70<\/td>\n<\/tr>\n<tr style=\"height: 16.00pt;\">\n<td class=\"et2\" style=\"height: 16.00pt; width: 97.50pt;\" width=\"97\" height=\"16\">Reportaje especial<\/td>\n<td class=\"et2\" style=\"width: 236.80pt;\" width=\"236\">Ca\u00f1o<\/td>\n<\/tr>\n<tr style=\"height: 16.00pt;\">\n<td class=\"et2\" style=\"height: 16.00pt; width: 97.50pt;\" width=\"97\" height=\"16\">Manipulaci\u00f3n de superficies<\/td>\n<td class=\"et2\" style=\"width: 236.80pt;\" width=\"236\">Impresi\u00f3n en huecograbado<\/td>\n<\/tr>\n<tr style=\"height: 16.00pt;\">\n<td class=\"et2\" style=\"height: 16.00pt; width: 97.50pt;\" width=\"97\" height=\"16\">Color<\/td>\n<td class=\"et2\" style=\"width: 236.80pt;\" width=\"236\">Hasta 10 colores<\/td>\n<\/tr>\n<tr style=\"height: 16.00pt;\">\n<td class=\"et2\" style=\"height: 16.00pt; width: 97.50pt;\" width=\"97\" height=\"16\">Utilizaci\u00f3n<\/td>\n<td class=\"et3\">Gel, Crema, Loci\u00f3n<\/td>\n<\/tr>\n<tr style=\"height: 16.00pt;\">\n<td class=\"et2\" style=\"height: 16.00pt; width: 97.50pt;\" width=\"97\" height=\"16\">MOQ<\/td>\n<td class=\"et2\" style=\"width: 236.80pt;\" width=\"236\">50.000 unidades<\/td>\n<\/tr>\n<tr style=\"height: 16.00pt;\">\n<td class=\"et2\" style=\"height: 16.00pt; width: 97.50pt;\" width=\"97\" height=\"16\">Pedido a medida<\/td>\n<td class=\"et2\" style=\"width: 236.80pt;\" width=\"236\">Aceptamos OEM y ODM, Muestras gratuitas<\/td>\n<\/tr>\n<\/tbody>\n<\/table>","protected":false},"featured_media":2444,"comment_status":"closed","ping_status":"closed","template":"","meta":{"_acf_changed":false},"product_brand":[],"product_cat":[32],"product_tag":[],"class_list":{"0":"post-2440","1":"product","2":"type-product","3":"status-publish","4":"has-post-thumbnail","6":"product_cat-spout-pouch-manufacturer","7":"pa_non-food-packaging-cosmetic-packaging-pouches","9":"first","10":"instock","11":"shipping-taxable","12":"product-type-simple"},"acf":[],"_links":{"self":[{"href":"https:\/\/www.stanleypackage.com\/es\/wp-json\/wp\/v2\/product\/2440","targetHints":{"allow":["GET"]}}],"collection":[{"href":"https:\/\/www.stanleypackage.com\/es\/wp-json\/wp\/v2\/product"}],"about":[{"href":"https:\/\/www.stanleypackage.com\/es\/wp-json\/wp\/v2\/types\/product"}],"replies":[{"embeddable":true,"href":"https:\/\/www.stanleypackage.com\/es\/wp-json\/wp\/v2\/comments?post=2440"}],"wp:featuredmedia":[{"embeddable":true,"href":"https:\/\/www.stanleypackage.com\/es\/wp-json\/wp\/v2\/media\/2444"}],"wp:attachment":[{"href":"https:\/\/www.stanleypackage.com\/es\/wp-json\/wp\/v2\/media?parent=2440"}],"wp:term":[{"taxonomy":"product_brand","embeddable":true,"href":"https:\/\/www.stanleypackage.com\/es\/wp-json\/wp\/v2\/product_brand?post=2440"},{"taxonomy":"product_cat","embeddable":true,"href":"https:\/\/www.stanleypackage.com\/es\/wp-json\/wp\/v2\/product_cat?post=2440"},{"taxonomy":"product_tag","embeddable":true,"href":"https:\/\/www.stanleypackage.com\/es\/wp-json\/wp\/v2\/product_tag?post=2440"}],"curies":[{"name":"wp","href":"https:\/\/api.w.org\/{rel}","templated":true}]}}