{"id":2466,"date":"2025-07-21T06:44:27","date_gmt":"2025-07-21T06:44:27","guid":{"rendered":"https:\/\/www.stanleypackage.com\/?post_type=product&#038;p=2466"},"modified":"2025-07-21T06:55:46","modified_gmt":"2025-07-21T06:55:46","slug":"wholesale-liquid-pouch-packaging","status":"publish","type":"product","link":"https:\/\/www.stanleypackage.com\/es\/product\/wholesale-liquid-pouch-packaging\/","title":{"rendered":"Envasado de l\u00edquidos al por mayor, bolsas para champ\u00fa personalizadas"},"content":{"rendered":"<div class=\"wp-block-columns is-layout-flex wp-container-core-columns-is-layout-9d6595d7 wp-block-columns-is-layout-flex\">\n<div class=\"wp-block-column is-layout-flow wp-block-column-is-layout-flow\">\n<h2 class=\"wp-block-heading\">Caracter\u00edsticas de los envases de bolsa para l\u00edquidos al por mayor<\/h2>\n\n\n\n<ul class=\"wp-block-list\">\n<li><strong>Acabado de lujo con aspecto brillante: <\/strong>El acabado brillante de este envase de bolsa para l\u00edquidos al por mayor confiere al envase un brillo resplandeciente, un buen atractivo visual, una mayor presencia en los estantes y una calidad de lujo resaltada.<\/li>\n\n\n\n<li><strong>Llamativo ca\u00f1o y tapa dorados: <\/strong>Estas bolsas de champ\u00fa personalizadas est\u00e1n equipadas con una boquilla y un tap\u00f3n de botella dorados, que realzan la sofisticaci\u00f3n general del envase y mejoran la primera impresi\u00f3n de los consumidores.<\/li>\n\n\n\n<li><strong>Dise\u00f1o \u00fanico en forma de botella: <\/strong>Nuestro envase de bolsa para l\u00edquidos al por mayor tiene una estructura de botella irregular, que rompe con la apariencia tradicional de bolsa, que es a la vez reconocible y f\u00e1cil de agarrar y usar.<\/li>\n\n\n\n<li><strong>Material multicapa duradero: <\/strong>La estructura de tres capas (PET12\/PET12\/MBPE85) de esta bolsa personalizada para champ\u00fa tiene buena rigidez, durabilidad y sellado, adecuada para l\u00edquidos de viscosidad media y alta como champ\u00fa y gel de ducha.<\/li>\n\n\n\n<li><strong>Personalizable y listo para la venta al por mayor: <\/strong>Nuestros envases de bolsa para l\u00edquidos al por mayor admiten patrones de impresi\u00f3n personalizados, LOGO, capacidad y detalles estructurales, lo que es adecuado para la producci\u00f3n en masa y ayuda a las marcas a crear soluciones de envasado personalizadas.<\/li>\n<\/ul>\n\n\n\n<div class=\"wp-block-columns is-layout-flex wp-container-core-columns-is-layout-9d6595d7 wp-block-columns-is-layout-flex\">\n<div class=\"wp-block-column is-layout-flow wp-block-column-is-layout-flow\">\n<figure class=\"wp-block-image size-full\"><img decoding=\"async\" width=\"750\" height=\"750\" src=\"https:\/\/www.stanleypackage.com\/wp-content\/uploads\/2025\/07\/Wholesale-Liquid-Pouch-Packaging-Custom-Shampoo-Pouches-4.webp\" alt=\"Envasado de l\u00edquidos al por mayor, bolsas para champ\u00fa personalizadas-4\" class=\"wp-image-2470\" srcset=\"https:\/\/www.stanleypackage.com\/wp-content\/uploads\/2025\/07\/Wholesale-Liquid-Pouch-Packaging-Custom-Shampoo-Pouches-4.webp 750w, https:\/\/www.stanleypackage.com\/wp-content\/uploads\/2025\/07\/Wholesale-Liquid-Pouch-Packaging-Custom-Shampoo-Pouches-4-300x300.webp 300w, https:\/\/www.stanleypackage.com\/wp-content\/uploads\/2025\/07\/Wholesale-Liquid-Pouch-Packaging-Custom-Shampoo-Pouches-4-150x150.webp 150w, https:\/\/www.stanleypackage.com\/wp-content\/uploads\/2025\/07\/Wholesale-Liquid-Pouch-Packaging-Custom-Shampoo-Pouches-4-12x12.webp 12w, https:\/\/www.stanleypackage.com\/wp-content\/uploads\/2025\/07\/Wholesale-Liquid-Pouch-Packaging-Custom-Shampoo-Pouches-4-600x600.webp 600w, https:\/\/www.stanleypackage.com\/wp-content\/uploads\/2025\/07\/Wholesale-Liquid-Pouch-Packaging-Custom-Shampoo-Pouches-4-100x100.webp 100w\" sizes=\"(max-width: 750px) 100vw, 750px\" \/><\/figure>\n<\/div>\n\n\n\n<div class=\"wp-block-column is-layout-flow wp-block-column-is-layout-flow\">\n<figure class=\"wp-block-image size-full\"><img decoding=\"async\" width=\"750\" height=\"750\" src=\"https:\/\/www.stanleypackage.com\/wp-content\/uploads\/2025\/07\/Wholesale-Liquid-Pouch-Packaging-Custom-Shampoo-Pouches-2.webp\" alt=\"Envasado de l\u00edquidos al por mayor, bolsas de champ\u00fa personalizadas-2\" class=\"wp-image-2468\" srcset=\"https:\/\/www.stanleypackage.com\/wp-content\/uploads\/2025\/07\/Wholesale-Liquid-Pouch-Packaging-Custom-Shampoo-Pouches-2.webp 750w, https:\/\/www.stanleypackage.com\/wp-content\/uploads\/2025\/07\/Wholesale-Liquid-Pouch-Packaging-Custom-Shampoo-Pouches-2-300x300.webp 300w, https:\/\/www.stanleypackage.com\/wp-content\/uploads\/2025\/07\/Wholesale-Liquid-Pouch-Packaging-Custom-Shampoo-Pouches-2-150x150.webp 150w, https:\/\/www.stanleypackage.com\/wp-content\/uploads\/2025\/07\/Wholesale-Liquid-Pouch-Packaging-Custom-Shampoo-Pouches-2-12x12.webp 12w, https:\/\/www.stanleypackage.com\/wp-content\/uploads\/2025\/07\/Wholesale-Liquid-Pouch-Packaging-Custom-Shampoo-Pouches-2-600x600.webp 600w, https:\/\/www.stanleypackage.com\/wp-content\/uploads\/2025\/07\/Wholesale-Liquid-Pouch-Packaging-Custom-Shampoo-Pouches-2-100x100.webp 100w\" sizes=\"(max-width: 750px) 100vw, 750px\" \/><\/figure>\n<\/div>\n<\/div>\n<\/div>\n<\/div>","protected":false},"excerpt":{"rendered":"<p>Bienvenido a comprar al por mayor envases de bolsa para l\u00edquidos. Esta bolsa de champ\u00fa personalizada est\u00e1 equipada con una boquilla y un tap\u00f3n de botella dorados, y el dise\u00f1o general irregular de la botella es \u00fanico y f\u00e1cil de transportar. Admite una personalizaci\u00f3n completa.<\/p>\n<table style=\"border-collapse: collapse; width: 334.02pt;\" border=\"0\" width=\"334\" cellspacing=\"0\" cellpadding=\"0\">\n<tbody>\n<tr style=\"height: 16.00pt;\">\n<td class=\"et2\" style=\"height: 16.00pt; width: 97.50pt;\" width=\"97\" height=\"16\">Fabricante<\/td>\n<td class=\"et2\" style=\"width: 236.80pt;\" width=\"236\">Stanley<\/td>\n<\/tr>\n<tr style=\"height: 16.00pt;\">\n<td class=\"et2\" style=\"height: 16.00pt; width: 97.50pt;\" width=\"97\" height=\"16\">Tipos de bolsas<\/td>\n<td class=\"et3\">Bolsa con boquilla, Bolsa de pie, Bolsa con forma<\/td>\n<\/tr>\n<tr style=\"height: 16.00pt;\">\n<td class=\"et2\" style=\"height: 16.00pt; width: 97.50pt;\" width=\"97\" height=\"16\">Material<\/td>\n<td class=\"et2\" style=\"width: 236.80pt;\" width=\"236\">PET12\/PET12\/MBPE85<\/td>\n<\/tr>\n<tr style=\"height: 16.00pt;\">\n<td class=\"et2\" style=\"height: 16.00pt; width: 97.50pt;\" width=\"97\" height=\"16\">Reportaje especial<\/td>\n<td class=\"et2\" style=\"width: 236.80pt;\" width=\"236\">Ca\u00f1o, fondo autoportante, forma irregular<\/td>\n<\/tr>\n<tr style=\"height: 16.00pt;\">\n<td class=\"et2\" style=\"height: 16.00pt; width: 97.50pt;\" width=\"97\" height=\"16\">Manipulaci\u00f3n de superficies<\/td>\n<td class=\"et2\" style=\"width: 236.80pt;\" width=\"236\">Impresi\u00f3n en huecograbado<\/td>\n<\/tr>\n<tr style=\"height: 16.00pt;\">\n<td class=\"et2\" style=\"height: 16.00pt; width: 97.50pt;\" width=\"97\" height=\"16\">Color<\/td>\n<td class=\"et2\" style=\"width: 236.80pt;\" width=\"236\">Hasta 10 colores<\/td>\n<\/tr>\n<tr style=\"height: 16.00pt;\">\n<td class=\"et2\" style=\"height: 16.00pt; width: 97.50pt;\" width=\"97\" height=\"16\">Utilizaci\u00f3n<\/td>\n<td class=\"et2\" style=\"width: 236.80pt;\" width=\"236\">Champ\u00fa, Jab\u00f3n corporal, Jab\u00f3n de manos, Acondicionador<\/td>\n<\/tr>\n<tr style=\"height: 16.00pt;\">\n<td class=\"et2\" style=\"height: 16.00pt; width: 97.50pt;\" width=\"97\" height=\"16\">MOQ<\/td>\n<td class=\"et2\" style=\"width: 236.80pt;\" width=\"236\">50.000 unidades<\/td>\n<\/tr>\n<tr style=\"height: 16.00pt;\">\n<td class=\"et2\" style=\"height: 16.00pt; width: 97.50pt;\" width=\"97\" height=\"16\">Pedido a medida<\/td>\n<td class=\"et2\" style=\"width: 236.80pt;\" width=\"236\">Aceptamos OEM y ODM, Muestras gratuitas<\/td>\n<\/tr>\n<\/tbody>\n<\/table>\n<p>&nbsp;<\/p>","protected":false},"featured_media":2467,"comment_status":"closed","ping_status":"closed","template":"","meta":{"_acf_changed":false},"product_brand":[],"product_cat":[32,30,22],"product_tag":[],"class_list":{"0":"post-2466","1":"product","2":"type-product","3":"status-publish","4":"has-post-thumbnail","6":"product_cat-spout-pouch-manufacturer","7":"product_cat-stand-up-pouch-manufacturer","8":"product_cat-shaped-pouches-factory","9":"pa_non-food-packaging-soap-detergent-pouches","11":"first","12":"instock","13":"shipping-taxable","14":"product-type-simple"},"acf":[],"_links":{"self":[{"href":"https:\/\/www.stanleypackage.com\/es\/wp-json\/wp\/v2\/product\/2466","targetHints":{"allow":["GET"]}}],"collection":[{"href":"https:\/\/www.stanleypackage.com\/es\/wp-json\/wp\/v2\/product"}],"about":[{"href":"https:\/\/www.stanleypackage.com\/es\/wp-json\/wp\/v2\/types\/product"}],"replies":[{"embeddable":true,"href":"https:\/\/www.stanleypackage.com\/es\/wp-json\/wp\/v2\/comments?post=2466"}],"wp:featuredmedia":[{"embeddable":true,"href":"https:\/\/www.stanleypackage.com\/es\/wp-json\/wp\/v2\/media\/2467"}],"wp:attachment":[{"href":"https:\/\/www.stanleypackage.com\/es\/wp-json\/wp\/v2\/media?parent=2466"}],"wp:term":[{"taxonomy":"product_brand","embeddable":true,"href":"https:\/\/www.stanleypackage.com\/es\/wp-json\/wp\/v2\/product_brand?post=2466"},{"taxonomy":"product_cat","embeddable":true,"href":"https:\/\/www.stanleypackage.com\/es\/wp-json\/wp\/v2\/product_cat?post=2466"},{"taxonomy":"product_tag","embeddable":true,"href":"https:\/\/www.stanleypackage.com\/es\/wp-json\/wp\/v2\/product_tag?post=2466"}],"curies":[{"name":"wp","href":"https:\/\/api.w.org\/{rel}","templated":true}]}}