{"id":2485,"date":"2025-07-26T09:09:30","date_gmt":"2025-07-26T09:09:30","guid":{"rendered":"https:\/\/www.stanleypackage.com\/?post_type=product&#038;p=2485"},"modified":"2025-07-26T09:28:32","modified_gmt":"2025-07-26T09:28:32","slug":"custom-plastic-pouch-with-spout","status":"publish","type":"product","link":"https:\/\/www.stanleypackage.com\/es\/product\/custom-plastic-pouch-with-spout\/","title":{"rendered":"Bolsa de pl\u00e1stico personalizada con boquilla y orificio para colgar crema solar"},"content":{"rendered":"<div class=\"wp-block-columns is-layout-flex wp-container-core-columns-is-layout-9d6595d7 wp-block-columns-is-layout-flex\">\n<div class=\"wp-block-column is-layout-flow wp-block-column-is-layout-flow\">\n<h2 class=\"wp-block-heading\">Caracter\u00edsticas de la bolsa de pl\u00e1stico personalizada con boquilla<\/h2>\n\n\n\n<ul class=\"wp-block-list\">\n<li><strong>Innovador dise\u00f1o de fondo redondo:<\/strong> El exclusivo dise\u00f1o de fondo redondo de esta bolsa de pl\u00e1stico personalizada con boquilla proporciona una mayor estabilidad, lo que garantiza que el producto pueda colocarse firmemente en diversos entornos.<\/li>\n\n\n\n<li><strong>Funci\u00f3n de boquilla y orificio para colgar:<\/strong> La funci\u00f3n de orificio para colgar de este envase de bolsa con boquilla al por mayor permite colgar f\u00e1cilmente el producto, ahorrando espacio, y resulta pr\u00e1ctico para su exposici\u00f3n y almacenamiento.<\/li>\n\n\n\n<li><strong>Materiales PET19 y MBPE90 de alta calidad: <\/strong>Nuestra bolsa de pl\u00e1stico personalizada con boquilla est\u00e1 hecha de materiales PET19 y MBPE90 ecol\u00f3gicos y de alta calidad, que tienen una fuerte resistencia a la presi\u00f3n y al desgarro, y protegen eficazmente el contenido interno.<\/li>\n\n\n\n<li><strong>Formas y tama\u00f1os personalizados: <\/strong>Nuestros envases de bolsa con boquilla al por mayor pueden proporcionar una variedad de formas y tama\u00f1os personalizados seg\u00fan las necesidades del cliente para satisfacer las necesidades de envasado de diferentes productos.<\/li>\n\n\n\n<li><strong>Adecuado para todo tipo de cuidados diarios y cosm\u00e9ticos:<\/strong> Nuestra bolsa de pl\u00e1stico personalizada con boquilla no s\u00f3lo es bonita, sino tambi\u00e9n pr\u00e1ctica, y cumple a la perfecci\u00f3n los requisitos de envasado de los productos de cuidado diario de la piel.<\/li>\n<\/ul>\n\n\n\n<div class=\"wp-block-columns is-layout-flex wp-container-core-columns-is-layout-9d6595d7 wp-block-columns-is-layout-flex\">\n<div class=\"wp-block-column is-layout-flow wp-block-column-is-layout-flow\">\n<figure class=\"wp-block-image size-full\"><img decoding=\"async\" width=\"750\" height=\"750\" src=\"https:\/\/www.stanleypackage.com\/wp-content\/uploads\/2025\/07\/Custom-Plastic-Pouch-With-Spout-and-Hang-Hole-for-Sunscreen-3.webp\" alt=\"\" class=\"wp-image-2493\" srcset=\"https:\/\/www.stanleypackage.com\/wp-content\/uploads\/2025\/07\/Custom-Plastic-Pouch-With-Spout-and-Hang-Hole-for-Sunscreen-3.webp 750w, https:\/\/www.stanleypackage.com\/wp-content\/uploads\/2025\/07\/Custom-Plastic-Pouch-With-Spout-and-Hang-Hole-for-Sunscreen-3-300x300.webp 300w, https:\/\/www.stanleypackage.com\/wp-content\/uploads\/2025\/07\/Custom-Plastic-Pouch-With-Spout-and-Hang-Hole-for-Sunscreen-3-150x150.webp 150w, https:\/\/www.stanleypackage.com\/wp-content\/uploads\/2025\/07\/Custom-Plastic-Pouch-With-Spout-and-Hang-Hole-for-Sunscreen-3-12x12.webp 12w, https:\/\/www.stanleypackage.com\/wp-content\/uploads\/2025\/07\/Custom-Plastic-Pouch-With-Spout-and-Hang-Hole-for-Sunscreen-3-600x600.webp 600w, https:\/\/www.stanleypackage.com\/wp-content\/uploads\/2025\/07\/Custom-Plastic-Pouch-With-Spout-and-Hang-Hole-for-Sunscreen-3-100x100.webp 100w\" sizes=\"(max-width: 750px) 100vw, 750px\" \/><\/figure>\n<\/div>\n\n\n\n<div class=\"wp-block-column is-layout-flow wp-block-column-is-layout-flow\">\n<figure class=\"wp-block-image size-full\"><img decoding=\"async\" width=\"750\" height=\"750\" src=\"https:\/\/www.stanleypackage.com\/wp-content\/uploads\/2025\/07\/Custom-Plastic-Pouch-With-Spout-and-Hang-Hole-for-Sunscreen-2.webp\" alt=\"Bolsa de pl\u00e1stico personalizada con boquilla y orificio para colgar crema solar-2\" class=\"wp-image-2492\" srcset=\"https:\/\/www.stanleypackage.com\/wp-content\/uploads\/2025\/07\/Custom-Plastic-Pouch-With-Spout-and-Hang-Hole-for-Sunscreen-2.webp 750w, https:\/\/www.stanleypackage.com\/wp-content\/uploads\/2025\/07\/Custom-Plastic-Pouch-With-Spout-and-Hang-Hole-for-Sunscreen-2-300x300.webp 300w, https:\/\/www.stanleypackage.com\/wp-content\/uploads\/2025\/07\/Custom-Plastic-Pouch-With-Spout-and-Hang-Hole-for-Sunscreen-2-150x150.webp 150w, https:\/\/www.stanleypackage.com\/wp-content\/uploads\/2025\/07\/Custom-Plastic-Pouch-With-Spout-and-Hang-Hole-for-Sunscreen-2-12x12.webp 12w, https:\/\/www.stanleypackage.com\/wp-content\/uploads\/2025\/07\/Custom-Plastic-Pouch-With-Spout-and-Hang-Hole-for-Sunscreen-2-600x600.webp 600w, https:\/\/www.stanleypackage.com\/wp-content\/uploads\/2025\/07\/Custom-Plastic-Pouch-With-Spout-and-Hang-Hole-for-Sunscreen-2-100x100.webp 100w\" sizes=\"(max-width: 750px) 100vw, 750px\" \/><\/figure>\n<\/div>\n<\/div>\n<\/div>\n<\/div>","protected":false},"excerpt":{"rendered":"<p>Bienvenido a comprar al por mayor envases de bolsa con boquilla. Esta bolsa de pl\u00e1stico personalizada con boquilla est\u00e1 especialmente dise\u00f1ada para el protector solar, con un excelente almacenamiento y conveniencia colgante, por lo que es una opci\u00f3n ideal para el envasado de productos de cuidado solar.<\/p>\n<table style=\"border-collapse: collapse; width: 334.02pt;\" border=\"0\" width=\"334\" cellspacing=\"0\" cellpadding=\"0\">\n<tbody>\n<tr style=\"height: 16.00pt;\">\n<td class=\"et2\" style=\"height: 16.00pt; width: 97.50pt;\" width=\"97\" height=\"16\">Fabricante<\/td>\n<td class=\"et2\" style=\"width: 236.80pt;\" width=\"236\">Stanley<\/td>\n<\/tr>\n<tr style=\"height: 16.00pt;\">\n<td class=\"et2\" style=\"height: 16.00pt; width: 97.50pt;\" width=\"97\" height=\"16\">Tipos de bolsas<\/td>\n<td class=\"et3\">Bolsa con pico, Bolsa con forma<\/td>\n<\/tr>\n<tr style=\"height: 16.00pt;\">\n<td class=\"et2\" style=\"height: 16.00pt; width: 97.50pt;\" width=\"97\" height=\"16\">Material<\/td>\n<td class=\"et2\" style=\"width: 236.80pt;\" width=\"236\">PET19\/MBPE90<\/td>\n<\/tr>\n<tr style=\"height: 16.00pt;\">\n<td class=\"et2\" style=\"height: 16.00pt; width: 97.50pt;\" width=\"97\" height=\"16\">Reportaje especial<\/td>\n<td class=\"et2\" style=\"width: 236.80pt;\" width=\"236\">Ca\u00f1o, forma irregular, agujero para colgar<\/td>\n<\/tr>\n<tr style=\"height: 16.00pt;\">\n<td class=\"et2\" style=\"height: 16.00pt; width: 97.50pt;\" width=\"97\" height=\"16\">Manipulaci\u00f3n de superficies<\/td>\n<td class=\"et2\" style=\"width: 236.80pt;\" width=\"236\">Impresi\u00f3n en huecograbado<\/td>\n<\/tr>\n<tr style=\"height: 16.00pt;\">\n<td class=\"et2\" style=\"height: 16.00pt; width: 97.50pt;\" width=\"97\" height=\"16\">Color<\/td>\n<td class=\"et2\" style=\"width: 236.80pt;\" width=\"236\">Hasta 10 colores<\/td>\n<\/tr>\n<tr style=\"height: 16.00pt;\">\n<td class=\"et2\" style=\"height: 16.00pt; width: 97.50pt;\" width=\"97\" height=\"16\">Utilizaci\u00f3n<\/td>\n<td>Champ\u00fa, Gel de ducha, Crema, Loci\u00f3n<\/td>\n<\/tr>\n<tr style=\"height: 16.00pt;\">\n<td class=\"et2\" style=\"height: 16.00pt; width: 97.50pt;\" width=\"97\" height=\"16\">MOQ<\/td>\n<td class=\"et2\" style=\"width: 236.80pt;\" width=\"236\">50.000 unidades<\/td>\n<\/tr>\n<tr style=\"height: 16.00pt;\">\n<td class=\"et2\" style=\"height: 16.00pt; width: 97.50pt;\" width=\"97\" height=\"16\">Pedido a medida<\/td>\n<td class=\"et2\" style=\"width: 236.80pt;\" width=\"236\">Aceptamos OEM y ODM, Muestras gratuitas<\/td>\n<\/tr>\n<\/tbody>\n<\/table>\n<p>&nbsp;<\/p>","protected":false},"featured_media":2494,"comment_status":"closed","ping_status":"closed","template":"","meta":{"_acf_changed":false},"product_brand":[],"product_cat":[32,22],"product_tag":[],"class_list":{"0":"post-2485","1":"product","2":"type-product","3":"status-publish","4":"has-post-thumbnail","6":"product_cat-spout-pouch-manufacturer","7":"product_cat-shaped-pouches-factory","8":"pa_non-food-packaging-cosmetic-packaging-pouches","10":"first","11":"instock","12":"shipping-taxable","13":"product-type-simple"},"acf":[],"_links":{"self":[{"href":"https:\/\/www.stanleypackage.com\/es\/wp-json\/wp\/v2\/product\/2485","targetHints":{"allow":["GET"]}}],"collection":[{"href":"https:\/\/www.stanleypackage.com\/es\/wp-json\/wp\/v2\/product"}],"about":[{"href":"https:\/\/www.stanleypackage.com\/es\/wp-json\/wp\/v2\/types\/product"}],"replies":[{"embeddable":true,"href":"https:\/\/www.stanleypackage.com\/es\/wp-json\/wp\/v2\/comments?post=2485"}],"wp:featuredmedia":[{"embeddable":true,"href":"https:\/\/www.stanleypackage.com\/es\/wp-json\/wp\/v2\/media\/2494"}],"wp:attachment":[{"href":"https:\/\/www.stanleypackage.com\/es\/wp-json\/wp\/v2\/media?parent=2485"}],"wp:term":[{"taxonomy":"product_brand","embeddable":true,"href":"https:\/\/www.stanleypackage.com\/es\/wp-json\/wp\/v2\/product_brand?post=2485"},{"taxonomy":"product_cat","embeddable":true,"href":"https:\/\/www.stanleypackage.com\/es\/wp-json\/wp\/v2\/product_cat?post=2485"},{"taxonomy":"product_tag","embeddable":true,"href":"https:\/\/www.stanleypackage.com\/es\/wp-json\/wp\/v2\/product_tag?post=2485"}],"curies":[{"name":"wp","href":"https:\/\/api.w.org\/{rel}","templated":true}]}}