{"id":2511,"date":"2025-08-12T01:24:45","date_gmt":"2025-08-12T01:24:45","guid":{"rendered":"https:\/\/www.stanleypackage.com\/?post_type=product&#038;p=2511"},"modified":"2025-08-12T01:36:24","modified_gmt":"2025-08-12T01:36:24","slug":"stand-up-zip-pouches-wholesale","status":"publish","type":"product","link":"https:\/\/www.stanleypackage.com\/es\/product\/stand-up-zip-pouches-wholesale\/","title":{"rendered":"Stand Up Zip Pouches al por mayor, bolsa de embalaje de avena personalizado"},"content":{"rendered":"<div class=\"wp-block-columns is-layout-flex wp-container-core-columns-is-layout-9d6595d7 wp-block-columns-is-layout-flex\">\n<div class=\"wp-block-column is-layout-flow wp-block-column-is-layout-flow\">\n<h2 class=\"wp-block-heading\">Caracter\u00edsticas de Stand Up Zip Pouches Wholesale<\/h2>\n\n\n\n<ul class=\"wp-block-list\">\n<li><strong>Seguridad alimentaria de alto nivel: <\/strong>Nuestras bolsas zip stand up al por mayor utilizan una estructura compuesta multicapa de PET12\/AL7\/PE88, que ofrece excelentes propiedades a prueba de humedad, oxidaci\u00f3n y luz. A\u00edslan eficazmente el aire y la humedad, prolongando la vida \u00fatil de los alimentos.<\/li>\n\n\n\n<li><strong>Acabado mate de alta calidad: <\/strong>Esta bolsa de envasado de avena personalizada presenta un acabado mate que puede personalizarse para adaptarla al posicionamiento de su marca, resaltando su calidad superior a la vez que se integra perfectamente en el dise\u00f1o del envase.<\/li>\n\n\n\n<li><strong>Dise\u00f1o f\u00e1cil de usar: <\/strong>Estas bolsas con cremallera al por mayor pueden colocarse f\u00e1cilmente en estanter\u00edas. La cremallera permite abrirlas y cerrarlas repetidamente, preservando la frescura del contenido. La muesca de f\u00e1cil apertura facilita la apertura, mejorando la experiencia del usuario.<\/li>\n\n\n\n<li><strong>Admite impresi\u00f3n personalizada multicolor: <\/strong>Nuestras bolsas personalizadas para envasar avena pueden imprimirse de forma atractiva en hasta 10 colores, adapt\u00e1ndose a patrones complejos y efectos de degradado, lo que convierte al envase en un potente veh\u00edculo para la promoci\u00f3n de la marca.<\/li>\n\n\n\n<li><strong>Aplicaciones multiescenario:<\/strong> Adem\u00e1s de envasar avena, estas bolsas zip stand up al por mayor tambi\u00e9n son adecuadas para frutos secos, fruta deshidratada, t\u00e9, caf\u00e9 en grano, caramelos, aperitivos y mucho m\u00e1s. Esto permite a los comerciantes ampliar su gama de productos con el mismo envase, reduciendo costes y manteniendo una imagen de marca coherente.<\/li>\n<\/ul>\n\n\n\n<div class=\"wp-block-columns is-layout-flex wp-container-core-columns-is-layout-9d6595d7 wp-block-columns-is-layout-flex\">\n<div class=\"wp-block-column is-layout-flow wp-block-column-is-layout-flow\">\n<figure class=\"wp-block-image size-full\"><img decoding=\"async\" width=\"750\" height=\"750\" src=\"https:\/\/www.stanleypackage.com\/wp-content\/uploads\/2025\/08\/Customized-Stand-Up-Pouch-with-zipper-Sachet-Packaging-Bags-02.webp\" alt=\"Stand Up Zip Pouches al por mayor, bolsa de embalaje de avena personalizado-5\" class=\"wp-image-2604\" srcset=\"https:\/\/www.stanleypackage.com\/wp-content\/uploads\/2025\/08\/Customized-Stand-Up-Pouch-with-zipper-Sachet-Packaging-Bags-02.webp 750w, https:\/\/www.stanleypackage.com\/wp-content\/uploads\/2025\/08\/Customized-Stand-Up-Pouch-with-zipper-Sachet-Packaging-Bags-02-300x300.webp 300w, https:\/\/www.stanleypackage.com\/wp-content\/uploads\/2025\/08\/Customized-Stand-Up-Pouch-with-zipper-Sachet-Packaging-Bags-02-150x150.webp 150w, https:\/\/www.stanleypackage.com\/wp-content\/uploads\/2025\/08\/Customized-Stand-Up-Pouch-with-zipper-Sachet-Packaging-Bags-02-12x12.webp 12w, https:\/\/www.stanleypackage.com\/wp-content\/uploads\/2025\/08\/Customized-Stand-Up-Pouch-with-zipper-Sachet-Packaging-Bags-02-600x600.webp 600w, https:\/\/www.stanleypackage.com\/wp-content\/uploads\/2025\/08\/Customized-Stand-Up-Pouch-with-zipper-Sachet-Packaging-Bags-02-100x100.webp 100w\" sizes=\"(max-width: 750px) 100vw, 750px\" \/><\/figure>\n<\/div>\n\n\n\n<div class=\"wp-block-column is-layout-flow wp-block-column-is-layout-flow\">\n<figure class=\"wp-block-image size-full\"><img decoding=\"async\" width=\"750\" height=\"750\" src=\"https:\/\/www.stanleypackage.com\/wp-content\/uploads\/2025\/08\/Customized-Stand-Up-Pouch-with-zipper-Sachet-Packaging-Bags-04.webp\" alt=\"\" class=\"wp-image-2606\" srcset=\"https:\/\/www.stanleypackage.com\/wp-content\/uploads\/2025\/08\/Customized-Stand-Up-Pouch-with-zipper-Sachet-Packaging-Bags-04.webp 750w, https:\/\/www.stanleypackage.com\/wp-content\/uploads\/2025\/08\/Customized-Stand-Up-Pouch-with-zipper-Sachet-Packaging-Bags-04-300x300.webp 300w, https:\/\/www.stanleypackage.com\/wp-content\/uploads\/2025\/08\/Customized-Stand-Up-Pouch-with-zipper-Sachet-Packaging-Bags-04-150x150.webp 150w, https:\/\/www.stanleypackage.com\/wp-content\/uploads\/2025\/08\/Customized-Stand-Up-Pouch-with-zipper-Sachet-Packaging-Bags-04-12x12.webp 12w, https:\/\/www.stanleypackage.com\/wp-content\/uploads\/2025\/08\/Customized-Stand-Up-Pouch-with-zipper-Sachet-Packaging-Bags-04-600x600.webp 600w, https:\/\/www.stanleypackage.com\/wp-content\/uploads\/2025\/08\/Customized-Stand-Up-Pouch-with-zipper-Sachet-Packaging-Bags-04-100x100.webp 100w\" sizes=\"(max-width: 750px) 100vw, 750px\" \/><\/figure>\n<\/div>\n<\/div>\n<\/div>\n<\/div>","protected":false},"excerpt":{"rendered":"<p>Bienvenido a las bolsas personalizadas para envasado de avena. Nuestras bolsas con cremallera para alimentos al por mayor est\u00e1n hechas de material compuesto con un acabado mate. El dise\u00f1o de fondo autoportante con cremallera sellada y una muesca f\u00e1cil de rasgar es conveniente para el almacenamiento y el uso repetido.<\/p>\n<table style=\"border-collapse: collapse; width: 312.77pt;\" border=\"0\" width=\"417\" cellspacing=\"0\" cellpadding=\"0\">\n<tbody>\n<tr style=\"height: 12.75pt;\">\n<td class=\"et2\" style=\"height: 12.75pt; width: 91.40pt;\" width=\"121\" height=\"17\">Fabricante<\/td>\n<td class=\"et2\" style=\"width: 222.00pt;\" width=\"296\">Stanley<\/td>\n<\/tr>\n<tr style=\"height: 12.75pt;\">\n<td class=\"et2\" style=\"height: 12.75pt; width: 91.40pt;\" width=\"121\" height=\"17\">Tipos de bolsas<\/td>\n<td class=\"et3\">Bolsa de pie, bolsa con cremallera<\/td>\n<\/tr>\n<tr style=\"height: 12.75pt;\">\n<td class=\"et2\" style=\"height: 12.75pt; width: 91.40pt;\" width=\"121\" height=\"17\">Material<\/td>\n<td class=\"et2\" style=\"width: 222.00pt;\" width=\"296\">PET12\/AL7\/PE88(efecto mate brillante)<\/td>\n<\/tr>\n<tr style=\"height: 25.50pt;\">\n<td class=\"et2\" style=\"height: 25.50pt; width: 91.40pt;\" width=\"121\" height=\"34\">Reportaje especial<\/td>\n<td class=\"et2\" style=\"width: 222.00pt;\" width=\"296\">Parte inferior de pie, cremallera, muesca f\u00e1cil de rasgar<\/td>\n<\/tr>\n<tr style=\"height: 12.75pt;\">\n<td class=\"et2\" style=\"height: 12.75pt; width: 91.40pt;\" width=\"121\" height=\"17\">Manipulaci\u00f3n de superficies<\/td>\n<td class=\"et2\" style=\"width: 222.00pt;\" width=\"296\">Impresi\u00f3n en huecograbado<\/td>\n<\/tr>\n<tr style=\"height: 12.75pt;\">\n<td class=\"et2\" style=\"height: 12.75pt; width: 91.40pt;\" width=\"121\" height=\"17\">Color<\/td>\n<td class=\"et2\" style=\"width: 222.00pt;\" width=\"296\">Hasta 10 colores<\/td>\n<\/tr>\n<tr style=\"height: 12.75pt;\">\n<td class=\"et2\" style=\"height: 12.75pt; width: 91.40pt;\" width=\"121\" height=\"17\">Utilizaci\u00f3n<\/td>\n<td class=\"et3\">Caf\u00e9, <span class=\"font1\">O<\/span><span class=\"font0\">atmeal, Snack<\/span><\/td>\n<\/tr>\n<tr style=\"height: 12.75pt;\">\n<td class=\"et2\" style=\"height: 12.75pt; width: 91.40pt;\" width=\"121\" height=\"17\">MOQ<\/td>\n<td class=\"et2\" style=\"width: 222.00pt;\" width=\"296\">50.000 unidades<\/td>\n<\/tr>\n<tr style=\"height: 12.75pt;\">\n<td class=\"et2\" style=\"height: 12.75pt; width: 91.40pt;\" width=\"121\" height=\"17\">Pedido a medida<\/td>\n<td class=\"et2\" style=\"width: 222.00pt;\" width=\"296\">Aceptamos OEM, Soporte Muestra gratis<\/td>\n<\/tr>\n<\/tbody>\n<\/table>\n<p>&nbsp;<\/p>","protected":false},"featured_media":2605,"comment_status":"closed","ping_status":"closed","template":"","meta":{"_acf_changed":false},"product_brand":[],"product_cat":[30,18],"product_tag":[],"class_list":{"0":"post-2511","1":"product","2":"type-product","3":"status-publish","4":"has-post-thumbnail","6":"product_cat-stand-up-pouch-manufacturer","7":"product_cat-zipper-pouch-manufacturer","8":"pa_food-packaging-oatmeal-pouch","9":"pa_food-packaging-coffee-packaging-pouch","10":"pa_food-packaging-snack-food-pouch","11":"pa_food-packaging-baby-food-packaging","13":"first","14":"instock","15":"shipping-taxable","16":"product-type-simple"},"acf":[],"_links":{"self":[{"href":"https:\/\/www.stanleypackage.com\/es\/wp-json\/wp\/v2\/product\/2511","targetHints":{"allow":["GET"]}}],"collection":[{"href":"https:\/\/www.stanleypackage.com\/es\/wp-json\/wp\/v2\/product"}],"about":[{"href":"https:\/\/www.stanleypackage.com\/es\/wp-json\/wp\/v2\/types\/product"}],"replies":[{"embeddable":true,"href":"https:\/\/www.stanleypackage.com\/es\/wp-json\/wp\/v2\/comments?post=2511"}],"wp:featuredmedia":[{"embeddable":true,"href":"https:\/\/www.stanleypackage.com\/es\/wp-json\/wp\/v2\/media\/2605"}],"wp:attachment":[{"href":"https:\/\/www.stanleypackage.com\/es\/wp-json\/wp\/v2\/media?parent=2511"}],"wp:term":[{"taxonomy":"product_brand","embeddable":true,"href":"https:\/\/www.stanleypackage.com\/es\/wp-json\/wp\/v2\/product_brand?post=2511"},{"taxonomy":"product_cat","embeddable":true,"href":"https:\/\/www.stanleypackage.com\/es\/wp-json\/wp\/v2\/product_cat?post=2511"},{"taxonomy":"product_tag","embeddable":true,"href":"https:\/\/www.stanleypackage.com\/es\/wp-json\/wp\/v2\/product_tag?post=2511"}],"curies":[{"name":"wp","href":"https:\/\/api.w.org\/{rel}","templated":true}]}}