{"id":2516,"date":"2025-09-03T09:56:25","date_gmt":"2025-09-03T09:56:25","guid":{"rendered":"https:\/\/www.stanleypackage.com\/?post_type=product&#038;p=2516"},"modified":"2025-09-03T09:56:31","modified_gmt":"2025-09-03T09:56:31","slug":"custom-liquid-pouch-bag-with-spout","status":"publish","type":"product","link":"https:\/\/www.stanleypackage.com\/es\/product\/custom-liquid-pouch-bag-with-spout\/","title":{"rendered":"Bolsa para l\u00edquidos con boquilla personalizada para jab\u00f3n y detergente"},"content":{"rendered":"<div class=\"wp-block-columns is-layout-flex wp-container-core-columns-is-layout-9d6595d7 wp-block-columns-is-layout-flex\">\n<div class=\"wp-block-column is-layout-flow wp-block-column-is-layout-flow\">\n<h2 class=\"wp-block-heading\">Caracter\u00edsticas de la bolsa para l\u00edquidos personalizada con boquilla<\/h2>\n\n\n\n<ul class=\"wp-block-list\">\n<li><strong>Material compuesto de alta calidad, seguro y duradero:<\/strong> Esta bolsa para l\u00edquidos personalizada con boquilla est\u00e1 fabricada con un material compuesto de PET12\/recubrimiento de aluminio hervido VMPET12\/MBPE120, que ofrece una excelente impermeabilidad y resistencia qu\u00edmica, garantizando el almacenamiento seguro de l\u00edquidos como jab\u00f3n y detergente.<\/li>\n\n\n\n<li><strong>Dise\u00f1o de f\u00e1cil vertido:<\/strong> Estas bolsas de jab\u00f3n l\u00edquido personalizadas al por mayor presentan un dise\u00f1o con boquilla para facilitar el vertido, evitar derrames y aumentar la comodidad, por lo que son adecuadas tanto para uso dom\u00e9stico como comercial.<\/li>\n\n\n\n<li><strong>Base estable independiente:<\/strong> El dise\u00f1o de fondo vertical de esta bolsa para l\u00edquidos personalizada con boquilla permite que se sostenga por s\u00ed sola, ahorrando espacio y manteniendo un aspecto limpio y est\u00e9ticamente agradable.<\/li>\n\n\n\n<li><strong>La impresi\u00f3n de alta precisi\u00f3n mejora la imagen de marca: <\/strong>Esta bolsa personalizada para l\u00edquidos con boquilla utiliza tecnolog\u00eda de impresi\u00f3n en huecograbado, lo que da como resultado gr\u00e1ficos claros y vibrantes. El acabado met\u00e1lico realza la calidad del envase y le a\u00f1ade un toque de calidad.<\/li>\n\n\n\n<li><strong>Personalizaci\u00f3n flexible para satisfacer necesidades diversas:<\/strong> Nuestras bolsas de envasado flexible personalizadas pueden personalizarse en cuanto a forma de la bolsa, volumen e impresi\u00f3n, y son adecuadas para productos l\u00edquidos de distintas especificaciones, lo que proporciona a las marcas soluciones de envasado diferenciadas.<\/li>\n<\/ul>\n\n\n\n<div class=\"wp-block-columns is-layout-flex wp-container-core-columns-is-layout-9d6595d7 wp-block-columns-is-layout-flex\">\n<div class=\"wp-block-column is-layout-flow wp-block-column-is-layout-flow\">\n<figure class=\"wp-block-image size-full\"><img decoding=\"async\" width=\"750\" height=\"750\" src=\"https:\/\/www.stanleypackage.com\/wp-content\/uploads\/2025\/08\/Bulk-Stand-Up-pouches-with-spout-on-the-side-for-detergent-02.webp\" alt=\"Bolsa para l\u00edquidos personalizada con boquilla para jab\u00f3n y detergente-2\" class=\"wp-image-2518\" srcset=\"https:\/\/www.stanleypackage.com\/wp-content\/uploads\/2025\/08\/Bulk-Stand-Up-pouches-with-spout-on-the-side-for-detergent-02.webp 750w, https:\/\/www.stanleypackage.com\/wp-content\/uploads\/2025\/08\/Bulk-Stand-Up-pouches-with-spout-on-the-side-for-detergent-02-300x300.webp 300w, https:\/\/www.stanleypackage.com\/wp-content\/uploads\/2025\/08\/Bulk-Stand-Up-pouches-with-spout-on-the-side-for-detergent-02-150x150.webp 150w, https:\/\/www.stanleypackage.com\/wp-content\/uploads\/2025\/08\/Bulk-Stand-Up-pouches-with-spout-on-the-side-for-detergent-02-12x12.webp 12w, https:\/\/www.stanleypackage.com\/wp-content\/uploads\/2025\/08\/Bulk-Stand-Up-pouches-with-spout-on-the-side-for-detergent-02-600x600.webp 600w, https:\/\/www.stanleypackage.com\/wp-content\/uploads\/2025\/08\/Bulk-Stand-Up-pouches-with-spout-on-the-side-for-detergent-02-100x100.webp 100w\" sizes=\"(max-width: 750px) 100vw, 750px\" \/><\/figure>\n<\/div>\n\n\n\n<div class=\"wp-block-column is-layout-flow wp-block-column-is-layout-flow\">\n<figure class=\"wp-block-image size-full\"><img decoding=\"async\" width=\"750\" height=\"750\" src=\"https:\/\/www.stanleypackage.com\/wp-content\/uploads\/2025\/08\/Bulk-Stand-Up-pouches-with-spout-on-the-side-for-detergent.webp\" alt=\"\" class=\"wp-image-2517\" srcset=\"https:\/\/www.stanleypackage.com\/wp-content\/uploads\/2025\/08\/Bulk-Stand-Up-pouches-with-spout-on-the-side-for-detergent.webp 750w, https:\/\/www.stanleypackage.com\/wp-content\/uploads\/2025\/08\/Bulk-Stand-Up-pouches-with-spout-on-the-side-for-detergent-300x300.webp 300w, https:\/\/www.stanleypackage.com\/wp-content\/uploads\/2025\/08\/Bulk-Stand-Up-pouches-with-spout-on-the-side-for-detergent-150x150.webp 150w, https:\/\/www.stanleypackage.com\/wp-content\/uploads\/2025\/08\/Bulk-Stand-Up-pouches-with-spout-on-the-side-for-detergent-12x12.webp 12w, https:\/\/www.stanleypackage.com\/wp-content\/uploads\/2025\/08\/Bulk-Stand-Up-pouches-with-spout-on-the-side-for-detergent-600x600.webp 600w, https:\/\/www.stanleypackage.com\/wp-content\/uploads\/2025\/08\/Bulk-Stand-Up-pouches-with-spout-on-the-side-for-detergent-100x100.webp 100w\" sizes=\"(max-width: 750px) 100vw, 750px\" \/><\/figure>\n<\/div>\n<\/div>\n<\/div>\n<\/div>\n\n\n\n<p><\/p>","protected":false},"excerpt":{"rendered":"<p>Bienvenido a pedir al por mayor bolsas de envasado flexibles a medida. Esta bolsa para l\u00edquidos personalizada de alta calidad con boquilla tiene una base compuesta autoportante e impresi\u00f3n met\u00e1lica para una sensaci\u00f3n de primera calidad. Con capacidad y dise\u00f1o personalizables, es el envase perfecto para jab\u00f3n l\u00edquido y detergente.<\/p>\n<table style=\"border-collapse: collapse; width: 312.77pt;\" border=\"0\" width=\"417\" cellspacing=\"0\" cellpadding=\"0\">\n<tbody>\n<tr style=\"height: 12.75pt;\">\n<td class=\"et2\" style=\"height: 12.75pt; width: 91.40pt;\" width=\"121\" height=\"17\">Fabricante<\/td>\n<td class=\"et2\" style=\"width: 222.00pt;\" width=\"296\">Stanley<\/td>\n<\/tr>\n<tr style=\"height: 12.75pt;\">\n<td class=\"et2\" style=\"height: 12.75pt; width: 91.40pt;\" width=\"121\" height=\"17\">Tipos de bolsas<\/td>\n<td class=\"et3\">Bolsa de ca\u00f1o, Bolsa de pie<\/td>\n<\/tr>\n<tr style=\"height: 12.75pt;\">\n<td class=\"et2\" style=\"height: 12.75pt; width: 91.40pt;\" width=\"121\" height=\"17\">Material<\/td>\n<td class=\"et2\" style=\"width: 222.00pt;\" width=\"296\">PET12\/\u6c34\u716e\u9540\u94ddVMPET12\/MBPE120<\/td>\n<\/tr>\n<tr style=\"height: 12.75pt;\">\n<td class=\"et2\" style=\"height: 12.75pt; width: 91.40pt;\" width=\"121\" height=\"17\">Reportaje especial<\/td>\n<td class=\"et2\" style=\"width: 222.00pt;\" width=\"296\">Ca\u00f1o, fondo vertical<\/td>\n<\/tr>\n<tr style=\"height: 12.75pt;\">\n<td class=\"et2\" style=\"height: 12.75pt; width: 91.40pt;\" width=\"121\" height=\"17\">Manipulaci\u00f3n de superficies<\/td>\n<td class=\"et2\" style=\"width: 222.00pt;\" width=\"296\">Impresi\u00f3n en huecograbado<\/td>\n<\/tr>\n<tr style=\"height: 12.75pt;\">\n<td class=\"et2\" style=\"height: 12.75pt; width: 91.40pt;\" width=\"121\" height=\"17\">Color<\/td>\n<td class=\"et2\" style=\"width: 222.00pt;\" width=\"296\">Hasta 10 colores<\/td>\n<\/tr>\n<tr style=\"height: 12.75pt;\">\n<td class=\"et2\" style=\"height: 12.75pt; width: 91.40pt;\" width=\"121\" height=\"17\">Utilizaci\u00f3n<\/td>\n<td class=\"et3\">Detergente, jab\u00f3n l\u00edquido, lavavajillas<\/td>\n<\/tr>\n<tr style=\"height: 12.75pt;\">\n<td class=\"et2\" style=\"height: 12.75pt; width: 91.40pt;\" width=\"121\" height=\"17\">MOQ<\/td>\n<td class=\"et2\" style=\"width: 222.00pt;\" width=\"296\">50.000 unidades<\/td>\n<\/tr>\n<tr style=\"height: 12.75pt;\">\n<td class=\"et2\" style=\"height: 12.75pt; width: 91.40pt;\" width=\"121\" height=\"17\">Pedido a medida<\/td>\n<td class=\"et2\" style=\"width: 222.00pt;\" width=\"296\">Aceptamos OEM, Soporte Muestra gratis<\/td>\n<\/tr>\n<\/tbody>\n<\/table>\n<p>&nbsp;<\/p>","protected":false},"featured_media":2521,"comment_status":"closed","ping_status":"closed","template":"","meta":{"_acf_changed":false},"product_brand":[],"product_cat":[32,30],"product_tag":[],"class_list":{"0":"post-2516","1":"product","2":"type-product","3":"status-publish","4":"has-post-thumbnail","6":"product_cat-spout-pouch-manufacturer","7":"product_cat-stand-up-pouch-manufacturer","8":"pa_non-food-packaging-soap-detergent-pouches","10":"first","11":"instock","12":"shipping-taxable","13":"product-type-simple"},"acf":[],"_links":{"self":[{"href":"https:\/\/www.stanleypackage.com\/es\/wp-json\/wp\/v2\/product\/2516","targetHints":{"allow":["GET"]}}],"collection":[{"href":"https:\/\/www.stanleypackage.com\/es\/wp-json\/wp\/v2\/product"}],"about":[{"href":"https:\/\/www.stanleypackage.com\/es\/wp-json\/wp\/v2\/types\/product"}],"replies":[{"embeddable":true,"href":"https:\/\/www.stanleypackage.com\/es\/wp-json\/wp\/v2\/comments?post=2516"}],"wp:featuredmedia":[{"embeddable":true,"href":"https:\/\/www.stanleypackage.com\/es\/wp-json\/wp\/v2\/media\/2521"}],"wp:attachment":[{"href":"https:\/\/www.stanleypackage.com\/es\/wp-json\/wp\/v2\/media?parent=2516"}],"wp:term":[{"taxonomy":"product_brand","embeddable":true,"href":"https:\/\/www.stanleypackage.com\/es\/wp-json\/wp\/v2\/product_brand?post=2516"},{"taxonomy":"product_cat","embeddable":true,"href":"https:\/\/www.stanleypackage.com\/es\/wp-json\/wp\/v2\/product_cat?post=2516"},{"taxonomy":"product_tag","embeddable":true,"href":"https:\/\/www.stanleypackage.com\/es\/wp-json\/wp\/v2\/product_tag?post=2516"}],"curies":[{"name":"wp","href":"https:\/\/api.w.org\/{rel}","templated":true}]}}