{"id":2526,"date":"2025-09-15T07:15:38","date_gmt":"2025-09-15T07:15:38","guid":{"rendered":"https:\/\/www.stanleypackage.com\/?post_type=product&#038;p=2526"},"modified":"2025-09-15T07:15:44","modified_gmt":"2025-09-15T07:15:44","slug":"custom-food-pouch-packaging","status":"publish","type":"product","link":"https:\/\/www.stanleypackage.com\/es\/product\/custom-food-pouch-packaging\/","title":{"rendered":"Envasado de alimentos en bolsas personalizadas, bolsa con cremallera para aperitivos de pie"},"content":{"rendered":"<h2 class=\"wp-block-heading\">Caracter\u00edsticas de las bolsas personalizadas para alimentos<\/h2>\n\n\n\n<ul class=\"wp-block-list\">\n<li><strong>Dise\u00f1o especial, forma llamativa: <\/strong>Nuestros envases personalizados de bolsa stand-up para alimentos admiten una gran variedad de contornos y tipos de bolsa personalizados, rompiendo las limitaciones de los envases tradicionales y mejorando el reconocimiento de marca y el atractivo en el lineal.<\/li>\n\n\n\n<li><strong>Estructura de material de alto rendimiento:<\/strong> Nuestras bolsas personalizadas para aperitivos utilizan material compuesto de tres capas PET12\/BOPA15\/MBPE55, que tiene buenas propiedades de barrera, resistencia a la perforaci\u00f3n y capacidad de termosellado para garantizar la frescura y seguridad del contenido.<\/li>\n\n\n\n<li><strong>Dise\u00f1o f\u00e1cil de rasgar, f\u00e1cil de abrir: <\/strong>Este envase personalizado para alimentos est\u00e1 equipado con un dise\u00f1o de muesca f\u00e1cil de rasgar, que resulta c\u00f3modo para que los consumidores lo abran f\u00e1cilmente sin herramientas auxiliares, lo que mejora la experiencia del usuario.<\/li>\n\n\n\n<li><strong>Tecnolog\u00eda Edge Banding, estructura m\u00e1s estable:<\/strong> El tratamiento de los bordes de estas bolsas a medida para aperitivos mejora la resistencia a la presi\u00f3n y la capacidad de carga del cuerpo de la bolsa, a prueba de fugas y explosiones, apta para una gran variedad de productos l\u00edquidos o granulados.<\/li>\n\n\n\n<li><strong>Dise\u00f1o de fondo de pie, hermosa pantalla: <\/strong>La estructura inferior de esta bolsa personalizada para alimentos mejora el efecto de exposici\u00f3n en las estanter\u00edas al tiempo que ahorra espacio de almacenamiento, por lo que resulta adecuada tanto para los canales de venta al por menor como en l\u00ednea.<\/li>\n<\/ul>\n\n\n\n<div class=\"wp-block-columns is-layout-flex wp-container-core-columns-is-layout-9d6595d7 wp-block-columns-is-layout-flex\">\n<div class=\"wp-block-column is-layout-flow wp-block-column-is-layout-flow\">\n<figure class=\"wp-block-image size-full\"><img decoding=\"async\" width=\"750\" height=\"750\" src=\"https:\/\/www.stanleypackage.com\/wp-content\/uploads\/2025\/08\/\u5f00\u7a97\u81ea\u7acb\u62c9\u94fe\u888b.jpg\" alt=\"\" class=\"wp-image-2531\" srcset=\"https:\/\/www.stanleypackage.com\/wp-content\/uploads\/2025\/08\/\u5f00\u7a97\u81ea\u7acb\u62c9\u94fe\u888b.jpg 750w, https:\/\/www.stanleypackage.com\/wp-content\/uploads\/2025\/08\/\u5f00\u7a97\u81ea\u7acb\u62c9\u94fe\u888b-300x300.jpg 300w, https:\/\/www.stanleypackage.com\/wp-content\/uploads\/2025\/08\/\u5f00\u7a97\u81ea\u7acb\u62c9\u94fe\u888b-150x150.jpg 150w, https:\/\/www.stanleypackage.com\/wp-content\/uploads\/2025\/08\/\u5f00\u7a97\u81ea\u7acb\u62c9\u94fe\u888b-12x12.jpg 12w, https:\/\/www.stanleypackage.com\/wp-content\/uploads\/2025\/08\/\u5f00\u7a97\u81ea\u7acb\u62c9\u94fe\u888b-600x600.jpg 600w, https:\/\/www.stanleypackage.com\/wp-content\/uploads\/2025\/08\/\u5f00\u7a97\u81ea\u7acb\u62c9\u94fe\u888b-100x100.jpg 100w\" sizes=\"(max-width: 750px) 100vw, 750px\" \/><\/figure>\n<\/div>\n\n\n\n<div class=\"wp-block-column is-layout-flow wp-block-column-is-layout-flow\">\n<figure class=\"wp-block-image size-full\"><img decoding=\"async\" width=\"750\" height=\"750\" src=\"https:\/\/www.stanleypackage.com\/wp-content\/uploads\/2025\/09\/Custom-Food-Pouch-Packaging-Snack-Standing-Zipper-Pouch-1.webp\" alt=\"Envasado de alimentos en bolsas personalizadas, Snack Standing Zipper Pouch-1\" class=\"wp-image-3113\" srcset=\"https:\/\/www.stanleypackage.com\/wp-content\/uploads\/2025\/09\/Custom-Food-Pouch-Packaging-Snack-Standing-Zipper-Pouch-1.webp 750w, https:\/\/www.stanleypackage.com\/wp-content\/uploads\/2025\/09\/Custom-Food-Pouch-Packaging-Snack-Standing-Zipper-Pouch-1-300x300.webp 300w, https:\/\/www.stanleypackage.com\/wp-content\/uploads\/2025\/09\/Custom-Food-Pouch-Packaging-Snack-Standing-Zipper-Pouch-1-150x150.webp 150w, https:\/\/www.stanleypackage.com\/wp-content\/uploads\/2025\/09\/Custom-Food-Pouch-Packaging-Snack-Standing-Zipper-Pouch-1-12x12.webp 12w, https:\/\/www.stanleypackage.com\/wp-content\/uploads\/2025\/09\/Custom-Food-Pouch-Packaging-Snack-Standing-Zipper-Pouch-1-600x600.webp 600w, https:\/\/www.stanleypackage.com\/wp-content\/uploads\/2025\/09\/Custom-Food-Pouch-Packaging-Snack-Standing-Zipper-Pouch-1-100x100.webp 100w\" sizes=\"(max-width: 750px) 100vw, 750px\" \/><\/figure>\n<\/div>\n<\/div>\n\n\n\n<p><\/p>","protected":false},"excerpt":{"rendered":"<p>Le damos la bienvenida al envasado de alimentos en bolsas personalizadas. Nuestras bolsas con cremallera de pie personalizadas son adecuadas para caramelos, frutos secos, aperitivos para mascotas, etc. Soporte personalizaci\u00f3n de tama\u00f1o, material y patrones de impresi\u00f3n para satisfacer sus necesidades de marca.<\/p>\n<table style=\"border-collapse: collapse; width: 327.77pt;\" border=\"0\" width=\"437\" cellspacing=\"0\" cellpadding=\"0\">\n<tbody>\n<tr style=\"height: 12.75pt;\">\n<td class=\"et2\" style=\"height: 12.75pt; width: 91.40pt;\" width=\"121\" height=\"17\">Fabricante<\/td>\n<td class=\"et2\" style=\"width: 237.00pt;\" width=\"316\">Stanley<\/td>\n<\/tr>\n<tr style=\"height: 12.75pt;\">\n<td class=\"et2\" style=\"height: 12.75pt; width: 91.40pt;\" width=\"121\" height=\"17\">Tipos de bolsas<\/td>\n<td class=\"et3\">Bolsa de pie, Bolsa con cremallera, Bolsa con forma<\/td>\n<\/tr>\n<tr style=\"height: 12.75pt;\">\n<td class=\"et2\" style=\"height: 12.75pt; width: 91.40pt;\" width=\"121\" height=\"17\">Material<\/td>\n<td class=\"et2\" style=\"width: 237.00pt;\" width=\"316\">PET12\/BOPA15\/MBPE55<\/td>\n<\/tr>\n<tr style=\"height: 12.75pt;\">\n<td class=\"et2\" style=\"height: 12.75pt; width: 91.40pt;\" width=\"121\" height=\"17\">Reportaje especial<\/td>\n<td class=\"et2\" style=\"width: 237.00pt;\" width=\"316\">Parte inferior abatible, muesca de f\u00e1cil apertura, ventana transparente<\/td>\n<\/tr>\n<tr style=\"height: 12.75pt;\">\n<td class=\"et2\" style=\"height: 12.75pt; width: 91.40pt;\" width=\"121\" height=\"17\">Manipulaci\u00f3n de superficies<\/td>\n<td class=\"et2\" style=\"width: 237.00pt;\" width=\"316\">Impresi\u00f3n en huecograbado<\/td>\n<\/tr>\n<tr style=\"height: 12.75pt;\">\n<td class=\"et2\" style=\"height: 12.75pt; width: 91.40pt;\" width=\"121\" height=\"17\">Color<\/td>\n<td class=\"et2\" style=\"width: 237.00pt;\" width=\"316\">Hasta 10 colores<\/td>\n<\/tr>\n<tr style=\"height: 12.75pt;\">\n<td class=\"et2\" style=\"height: 12.75pt; width: 91.40pt;\" width=\"121\" height=\"17\">Utilizaci\u00f3n<\/td>\n<td class=\"et3\">Caramelos, frutos de c\u00e1scara, aperitivos, frutos secos<\/td>\n<\/tr>\n<tr style=\"height: 12.75pt;\">\n<td class=\"et2\" style=\"height: 12.75pt; width: 91.40pt;\" width=\"121\" height=\"17\">MOQ<\/td>\n<td class=\"et2\" style=\"width: 237.00pt;\" width=\"316\">50.000 unidades<\/td>\n<\/tr>\n<tr style=\"height: 12.75pt;\">\n<td class=\"et2\" style=\"height: 12.75pt; width: 91.40pt;\" width=\"121\" height=\"17\">Pedido a medida<\/td>\n<td class=\"et2\" style=\"width: 237.00pt;\" width=\"316\">Aceptamos OEM, Soporte Muestra gratis<\/td>\n<\/tr>\n<\/tbody>\n<\/table>","protected":false},"featured_media":3115,"comment_status":"closed","ping_status":"closed","template":"","meta":{"_acf_changed":false},"product_brand":[],"product_cat":[22,30,18],"product_tag":[],"class_list":{"0":"post-2526","1":"product","2":"type-product","3":"status-publish","4":"has-post-thumbnail","6":"product_cat-shaped-pouches-factory","7":"product_cat-stand-up-pouch-manufacturer","8":"product_cat-zipper-pouch-manufacturer","9":"pa_food-packaging-snack-food-pouch","11":"first","12":"instock","13":"shipping-taxable","14":"product-type-simple"},"acf":[],"_links":{"self":[{"href":"https:\/\/www.stanleypackage.com\/es\/wp-json\/wp\/v2\/product\/2526","targetHints":{"allow":["GET"]}}],"collection":[{"href":"https:\/\/www.stanleypackage.com\/es\/wp-json\/wp\/v2\/product"}],"about":[{"href":"https:\/\/www.stanleypackage.com\/es\/wp-json\/wp\/v2\/types\/product"}],"replies":[{"embeddable":true,"href":"https:\/\/www.stanleypackage.com\/es\/wp-json\/wp\/v2\/comments?post=2526"}],"wp:featuredmedia":[{"embeddable":true,"href":"https:\/\/www.stanleypackage.com\/es\/wp-json\/wp\/v2\/media\/3115"}],"wp:attachment":[{"href":"https:\/\/www.stanleypackage.com\/es\/wp-json\/wp\/v2\/media?parent=2526"}],"wp:term":[{"taxonomy":"product_brand","embeddable":true,"href":"https:\/\/www.stanleypackage.com\/es\/wp-json\/wp\/v2\/product_brand?post=2526"},{"taxonomy":"product_cat","embeddable":true,"href":"https:\/\/www.stanleypackage.com\/es\/wp-json\/wp\/v2\/product_cat?post=2526"},{"taxonomy":"product_tag","embeddable":true,"href":"https:\/\/www.stanleypackage.com\/es\/wp-json\/wp\/v2\/product_tag?post=2526"}],"curies":[{"name":"wp","href":"https:\/\/api.w.org\/{rel}","templated":true}]}}