{"id":2644,"date":"2025-09-03T10:09:40","date_gmt":"2025-09-03T10:09:40","guid":{"rendered":"https:\/\/www.stanleypackage.com\/?post_type=product&#038;p=2644"},"modified":"2025-09-26T06:15:22","modified_gmt":"2025-09-26T06:15:22","slug":"custom-dry-powder-packaging","status":"publish","type":"product","link":"https:\/\/www.stanleypackage.com\/es\/product\/custom-dry-powder-packaging\/","title":{"rendered":"Bolsas a medida para polvo seco, bolsas a granel para bebidas s\u00f3lidas"},"content":{"rendered":"<div class=\"wp-block-columns is-layout-flex wp-container-core-columns-is-layout-9d6595d7 wp-block-columns-is-layout-flex\">\n<div class=\"wp-block-column is-layout-flow wp-block-column-is-layout-flow\">\n<h2 class=\"wp-block-heading\">Caracter\u00edsticas de las bolsas personalizadas para polvo seco<\/h2>\n\n\n\n<ul class=\"wp-block-list\">\n<li><strong>Excelente sellado:<\/strong> Los sellos de tres lados de nuestras bolsas personalizadas para envasado de polvo seco garantizan un cierre herm\u00e9tico, bloqueando eficazmente el aire y la humedad, evitando que el polvo seco o las bebidas s\u00f3lidas se apelmacen.<\/li>\n\n\n\n<li><strong>Material compuesto de alta barrera: <\/strong>Estas bolsas personalizadas para el envasado de bebidas s\u00f3lidas est\u00e1n fabricadas con un material compuesto de PET12\/MBPE60 mate, que ofrece una excelente resistencia a la humedad y a la oxidaci\u00f3n, adem\u00e1s de ser resistente al desgarro y al aplastamiento. Esto garantiza que el envase permanezca intacto durante el transporte y el almacenamiento, proporcionando una protecci\u00f3n fiable para su producto en polvo.<\/li>\n\n\n\n<li><strong>Dise\u00f1o f\u00e1cil de rasgar:<\/strong> Estas bolsas personalizadas para envasado de polvo seco presentan un dise\u00f1o de muesca f\u00e1cil de rasgar, que permite abrirlas f\u00e1cilmente sin tijeras ni cuchillos, mejorando la experiencia y la comodidad del usuario. <\/li>\n\n\n\n<li><strong>Efectos visuales de alta gama: <\/strong>El acabado mate de esta bolsa personalizada para bebidas s\u00f3lidas confiere a la bolsa un efecto visual refinado y de gama alta, al tiempo que permite utilizar colores vibrantes y saturados en el material impreso, mostrando perfectamente los logotipos y dise\u00f1os gr\u00e1ficos de la marca, mejorando el atractivo del producto en el lineal y la imagen de marca.<\/li>\n\n\n\n<li><strong>Personalizaci\u00f3n flexible:<\/strong> Nuestras bolsas personalizadas para envasado de polvo seco ofrecen amplias opciones de personalizaci\u00f3n en cuanto a tama\u00f1o de bolsa, capacidad, gr\u00e1ficos e impresi\u00f3n, satisfaciendo las necesidades de envasado de diversas marcas y productos.<\/li>\n<\/ul>\n\n\n\n<div class=\"wp-block-columns is-layout-flex wp-container-core-columns-is-layout-9d6595d7 wp-block-columns-is-layout-flex\">\n<div class=\"wp-block-column is-layout-flow wp-block-column-is-layout-flow\">\n<figure class=\"wp-block-image size-full\"><img decoding=\"async\" width=\"750\" height=\"750\" src=\"https:\/\/www.stanleypackage.com\/wp-content\/uploads\/2025\/08\/Custom-Food-Packages-For-Solid-Drink-and-Snack-Food-3.webp\" alt=\"Bolsas a medida para polvo seco, bolsas a granel para bebidas s\u00f3lidas-3\" class=\"wp-image-2648\" srcset=\"https:\/\/www.stanleypackage.com\/wp-content\/uploads\/2025\/08\/Custom-Food-Packages-For-Solid-Drink-and-Snack-Food-3.webp 750w, https:\/\/www.stanleypackage.com\/wp-content\/uploads\/2025\/08\/Custom-Food-Packages-For-Solid-Drink-and-Snack-Food-3-300x300.webp 300w, https:\/\/www.stanleypackage.com\/wp-content\/uploads\/2025\/08\/Custom-Food-Packages-For-Solid-Drink-and-Snack-Food-3-150x150.webp 150w, https:\/\/www.stanleypackage.com\/wp-content\/uploads\/2025\/08\/Custom-Food-Packages-For-Solid-Drink-and-Snack-Food-3-12x12.webp 12w, https:\/\/www.stanleypackage.com\/wp-content\/uploads\/2025\/08\/Custom-Food-Packages-For-Solid-Drink-and-Snack-Food-3-600x600.webp 600w, https:\/\/www.stanleypackage.com\/wp-content\/uploads\/2025\/08\/Custom-Food-Packages-For-Solid-Drink-and-Snack-Food-3-100x100.webp 100w\" sizes=\"(max-width: 750px) 100vw, 750px\" \/><\/figure>\n<\/div>\n\n\n\n<div class=\"wp-block-column is-layout-flow wp-block-column-is-layout-flow\">\n<figure class=\"wp-block-image size-full\"><img decoding=\"async\" width=\"750\" height=\"750\" src=\"https:\/\/www.stanleypackage.com\/wp-content\/uploads\/2025\/08\/Custom-Food-Packages-For-Solid-Drink-and-Snack-Food-5.webp\" alt=\"\" class=\"wp-image-2646\" srcset=\"https:\/\/www.stanleypackage.com\/wp-content\/uploads\/2025\/08\/Custom-Food-Packages-For-Solid-Drink-and-Snack-Food-5.webp 750w, https:\/\/www.stanleypackage.com\/wp-content\/uploads\/2025\/08\/Custom-Food-Packages-For-Solid-Drink-and-Snack-Food-5-300x300.webp 300w, https:\/\/www.stanleypackage.com\/wp-content\/uploads\/2025\/08\/Custom-Food-Packages-For-Solid-Drink-and-Snack-Food-5-150x150.webp 150w, https:\/\/www.stanleypackage.com\/wp-content\/uploads\/2025\/08\/Custom-Food-Packages-For-Solid-Drink-and-Snack-Food-5-12x12.webp 12w, https:\/\/www.stanleypackage.com\/wp-content\/uploads\/2025\/08\/Custom-Food-Packages-For-Solid-Drink-and-Snack-Food-5-600x600.webp 600w, https:\/\/www.stanleypackage.com\/wp-content\/uploads\/2025\/08\/Custom-Food-Packages-For-Solid-Drink-and-Snack-Food-5-100x100.webp 100w\" sizes=\"(max-width: 750px) 100vw, 750px\" \/><\/figure>\n<\/div>\n<\/div>\n<\/div>\n<\/div>\n\n\n\n<p><\/p>","protected":false},"excerpt":{"rendered":"<p>Bienvenido al pedido de bolsas personalizadas para envasado de polvo seco. Estas bolsas de alta barrera para el envasado de bebidas s\u00f3lidas presentan un dise\u00f1o de sellado por tres lados con una muesca f\u00e1cil de rasgar. Fabricadas en material PET12\/MBPE60 mate, con impresi\u00f3n personalizada disponible.<\/p>\n<table style=\"border-collapse: collapse; width: 312.77pt;\" border=\"0\" width=\"417\" cellspacing=\"0\" cellpadding=\"0\">\n<tbody>\n<tr style=\"height: 12.75pt;\">\n<td class=\"et2\" style=\"height: 12.75pt; width: 91.40pt;\" width=\"121\" height=\"17\">Fabricante<\/td>\n<td class=\"et2\" style=\"width: 222.00pt;\" width=\"296\">Stanley<\/td>\n<\/tr>\n<tr style=\"height: 12.75pt;\">\n<td class=\"et2\" style=\"height: 12.75pt; width: 91.40pt;\" width=\"121\" height=\"17\">Tipos de bolsas<\/td>\n<td class=\"et3\">Bolsa sellada por tres lados<\/td>\n<\/tr>\n<tr style=\"height: 12.75pt;\">\n<td class=\"et2\" style=\"height: 12.75pt; width: 91.40pt;\" width=\"121\" height=\"17\">Material<\/td>\n<td class=\"et2\" style=\"width: 222.00pt;\" width=\"296\">PET12\/MBPE60 (Acabado mate)<\/td>\n<\/tr>\n<tr style=\"height: 25.50pt;\">\n<td class=\"et2\" style=\"height: 25.50pt; width: 91.40pt;\" width=\"121\" height=\"34\">Reportaje especial<\/td>\n<td class=\"et2\" style=\"width: 222.00pt;\" width=\"296\">Alta barrera, muesca f\u00e1cil de rasgar<\/td>\n<\/tr>\n<tr style=\"height: 12.75pt;\">\n<td class=\"et2\" style=\"height: 12.75pt; width: 91.40pt;\" width=\"121\" height=\"17\">Manipulaci\u00f3n de superficies<\/td>\n<td class=\"et2\" style=\"width: 222.00pt;\" width=\"296\">Impresi\u00f3n en huecograbado<\/td>\n<\/tr>\n<tr style=\"height: 12.75pt;\">\n<td class=\"et2\" style=\"height: 12.75pt; width: 91.40pt;\" width=\"121\" height=\"17\">Color<\/td>\n<td class=\"et2\" style=\"width: 222.00pt;\" width=\"296\">Hasta 10 colores<\/td>\n<\/tr>\n<tr style=\"height: 12.75pt;\">\n<td class=\"et2\" style=\"height: 12.75pt; width: 91.40pt;\" width=\"121\" height=\"17\">Utilizaci\u00f3n<\/td>\n<td class=\"et3\">bebidas s\u00f3lidas, tentempi\u00e9<\/td>\n<\/tr>\n<tr style=\"height: 12.75pt;\">\n<td class=\"et2\" style=\"height: 12.75pt; width: 91.40pt;\" width=\"121\" height=\"17\">MOQ<\/td>\n<td class=\"et2\" style=\"width: 222.00pt;\" width=\"296\">50.000 unidades<\/td>\n<\/tr>\n<tr style=\"height: 12.75pt;\">\n<td class=\"et2\" style=\"height: 12.75pt; width: 91.40pt;\" width=\"121\" height=\"17\">Pedido a medida<\/td>\n<td class=\"et2\" style=\"width: 222.00pt;\" width=\"296\">Acepta OEM , Soporte Muestra gratis<\/td>\n<\/tr>\n<\/tbody>\n<\/table>\n<p>&nbsp;<\/p>","protected":false},"featured_media":2645,"comment_status":"closed","ping_status":"closed","template":"","meta":{"_acf_changed":false},"product_brand":[],"product_cat":[28,31],"product_tag":[],"class_list":{"0":"post-2644","1":"product","2":"type-product","3":"status-publish","4":"has-post-thumbnail","6":"product_cat-three-side-seal-pouch-manufacturer","7":"product_cat-lay-flat-pouch-manufacturer","8":"pa_food-packaging-drink-beverage-pouch","10":"first","11":"instock","12":"shipping-taxable","13":"product-type-simple"},"acf":[],"_links":{"self":[{"href":"https:\/\/www.stanleypackage.com\/es\/wp-json\/wp\/v2\/product\/2644","targetHints":{"allow":["GET"]}}],"collection":[{"href":"https:\/\/www.stanleypackage.com\/es\/wp-json\/wp\/v2\/product"}],"about":[{"href":"https:\/\/www.stanleypackage.com\/es\/wp-json\/wp\/v2\/types\/product"}],"replies":[{"embeddable":true,"href":"https:\/\/www.stanleypackage.com\/es\/wp-json\/wp\/v2\/comments?post=2644"}],"wp:featuredmedia":[{"embeddable":true,"href":"https:\/\/www.stanleypackage.com\/es\/wp-json\/wp\/v2\/media\/2645"}],"wp:attachment":[{"href":"https:\/\/www.stanleypackage.com\/es\/wp-json\/wp\/v2\/media?parent=2644"}],"wp:term":[{"taxonomy":"product_brand","embeddable":true,"href":"https:\/\/www.stanleypackage.com\/es\/wp-json\/wp\/v2\/product_brand?post=2644"},{"taxonomy":"product_cat","embeddable":true,"href":"https:\/\/www.stanleypackage.com\/es\/wp-json\/wp\/v2\/product_cat?post=2644"},{"taxonomy":"product_tag","embeddable":true,"href":"https:\/\/www.stanleypackage.com\/es\/wp-json\/wp\/v2\/product_tag?post=2644"}],"curies":[{"name":"wp","href":"https:\/\/api.w.org\/{rel}","templated":true}]}}