{"id":2652,"date":"2025-09-15T06:39:47","date_gmt":"2025-09-15T06:39:47","guid":{"rendered":"https:\/\/www.stanleypackage.com\/?post_type=product&#038;p=2652"},"modified":"2025-09-15T06:39:54","modified_gmt":"2025-09-15T06:39:54","slug":"custom-printed-pouches","status":"publish","type":"product","link":"https:\/\/www.stanleypackage.com\/es\/product\/custom-printed-pouches\/","title":{"rendered":"Bolsas con boquilla impresas a granel, bolsas para lociones infantiles"},"content":{"rendered":"<div class=\"wp-block-columns is-layout-flex wp-container-core-columns-is-layout-9d6595d7 wp-block-columns-is-layout-flex\">\n<div class=\"wp-block-column is-layout-flow wp-block-column-is-layout-flow\">\n<h2 class=\"wp-block-heading\">Caracter\u00edsticas de las bolsas con boquilla impresas a medida<\/h2>\n\n\n\n<ul class=\"wp-block-list\">\n<li><strong>Adecuado para una gran variedad de productos de limpieza l\u00edquidos: <\/strong>Nuestras bolsas impresas personalizadas con boquilla y fondo vertical son adecuadas para productos qu\u00edmicos l\u00edquidos de uso diario como champ\u00fa, acondicionador, gel de ducha, etc., y se utilizan ampliamente en supermercados y canales de belleza.<\/li>\n\n\n\n<li><strong>El dise\u00f1o de la boquilla es c\u00f3modo de usar: <\/strong>El dise\u00f1o de la boquilla de esta bolsa de envasado de pie personalizada facilita el control preciso de la cantidad utilizada cada vez, evitando el desperdicio y siendo m\u00e1s higi\u00e9nica.<\/li>\n\n\n\n<li><strong>El dise\u00f1o de la bolsa de pie ahorra espacio: <\/strong>Estas bolsas impresas personalizadas tienen un dise\u00f1o estable, son f\u00e1ciles de exponer, almacenar y transportar, y resultan especialmente adecuadas para viajes y exposiciones al por menor.<\/li>\n\n\n\n<li><strong>El servicio personalizado satisface las necesidades: <\/strong>Ofrecemos una gran variedad de opciones de personalizaci\u00f3n para las bolsas de envasado a medida, y podemos dise\u00f1ar diferentes formas, tama\u00f1os y patrones de impresi\u00f3n seg\u00fan las necesidades del cliente para mejorar la personalizaci\u00f3n de la marca y la competitividad en el mercado.<\/li>\n\n\n\n<li><strong>Adecuado para una gran variedad de productos de cuidado l\u00edquidos: <\/strong>Nuestras bolsas con boquilla impresas a medida son adecuadas para las necesidades de envasado de productos de viaje, hoteler\u00eda y cuidado diario.<\/li>\n<\/ul>\n\n\n\n<div class=\"wp-block-columns is-layout-flex wp-container-core-columns-is-layout-9d6595d7 wp-block-columns-is-layout-flex\">\n<div class=\"wp-block-column is-layout-flow wp-block-column-is-layout-flow\">\n<figure class=\"wp-block-image size-full\"><img decoding=\"async\" width=\"750\" height=\"750\" src=\"https:\/\/www.stanleypackage.com\/wp-content\/uploads\/2025\/08\/Bulk-Stand-Up-Pouches-with-Spout-Travel-skin-care-Packaging.webp\" alt=\"\" class=\"wp-image-2654\" srcset=\"https:\/\/www.stanleypackage.com\/wp-content\/uploads\/2025\/08\/Bulk-Stand-Up-Pouches-with-Spout-Travel-skin-care-Packaging.webp 750w, https:\/\/www.stanleypackage.com\/wp-content\/uploads\/2025\/08\/Bulk-Stand-Up-Pouches-with-Spout-Travel-skin-care-Packaging-300x300.webp 300w, https:\/\/www.stanleypackage.com\/wp-content\/uploads\/2025\/08\/Bulk-Stand-Up-Pouches-with-Spout-Travel-skin-care-Packaging-150x150.webp 150w, https:\/\/www.stanleypackage.com\/wp-content\/uploads\/2025\/08\/Bulk-Stand-Up-Pouches-with-Spout-Travel-skin-care-Packaging-12x12.webp 12w, https:\/\/www.stanleypackage.com\/wp-content\/uploads\/2025\/08\/Bulk-Stand-Up-Pouches-with-Spout-Travel-skin-care-Packaging-600x600.webp 600w, https:\/\/www.stanleypackage.com\/wp-content\/uploads\/2025\/08\/Bulk-Stand-Up-Pouches-with-Spout-Travel-skin-care-Packaging-100x100.webp 100w\" sizes=\"(max-width: 750px) 100vw, 750px\" \/><\/figure>\n<\/div>\n\n\n\n<div class=\"wp-block-column is-layout-flow wp-block-column-is-layout-flow\">\n<figure class=\"wp-block-image size-full\"><img decoding=\"async\" width=\"750\" height=\"750\" src=\"https:\/\/www.stanleypackage.com\/wp-content\/uploads\/2025\/08\/Bulk-Stand-Up-Pouches-with-Spout-Travel-skin-care-Packaging-5.webp\" alt=\"\" class=\"wp-image-2655\" srcset=\"https:\/\/www.stanleypackage.com\/wp-content\/uploads\/2025\/08\/Bulk-Stand-Up-Pouches-with-Spout-Travel-skin-care-Packaging-5.webp 750w, https:\/\/www.stanleypackage.com\/wp-content\/uploads\/2025\/08\/Bulk-Stand-Up-Pouches-with-Spout-Travel-skin-care-Packaging-5-300x300.webp 300w, https:\/\/www.stanleypackage.com\/wp-content\/uploads\/2025\/08\/Bulk-Stand-Up-Pouches-with-Spout-Travel-skin-care-Packaging-5-150x150.webp 150w, https:\/\/www.stanleypackage.com\/wp-content\/uploads\/2025\/08\/Bulk-Stand-Up-Pouches-with-Spout-Travel-skin-care-Packaging-5-12x12.webp 12w, https:\/\/www.stanleypackage.com\/wp-content\/uploads\/2025\/08\/Bulk-Stand-Up-Pouches-with-Spout-Travel-skin-care-Packaging-5-600x600.webp 600w, https:\/\/www.stanleypackage.com\/wp-content\/uploads\/2025\/08\/Bulk-Stand-Up-Pouches-with-Spout-Travel-skin-care-Packaging-5-100x100.webp 100w\" sizes=\"(max-width: 750px) 100vw, 750px\" \/><\/figure>\n<\/div>\n<\/div>\n<\/div>\n<\/div>","protected":false},"excerpt":{"rendered":"<p>Bienvenido al pedido a granel de bolsas impresas personalizadas. Esta bolsa con boquilla de pie personalizada con dise\u00f1o de boquilla est\u00e1 dise\u00f1ada para la crema hidratante infantil y otros productos para el cuidado de la piel, que es c\u00f3modo de usar y f\u00e1cil de llevar.<\/p>\n<table style=\"border-collapse: collapse; width: 312.77pt;\" border=\"0\" width=\"417\" cellspacing=\"0\" cellpadding=\"0\">\n<tbody>\n<tr style=\"height: 12.75pt;\">\n<td class=\"et2\" style=\"height: 12.75pt; width: 91.40pt;\" width=\"121\" height=\"17\">Fabricante<\/td>\n<td class=\"et2\" style=\"width: 222.00pt;\" width=\"296\">Stanley<\/td>\n<\/tr>\n<tr style=\"height: 12.75pt;\">\n<td class=\"et2\" style=\"height: 12.75pt; width: 91.40pt;\" width=\"121\" height=\"17\">Tipos de bolsas<\/td>\n<td class=\"et3\">Bolsa de pie con boquilla<\/td>\n<\/tr>\n<tr style=\"height: 12.75pt;\">\n<td class=\"et2\" style=\"height: 12.75pt; width: 91.40pt;\" width=\"121\" height=\"17\">Material<\/td>\n<td class=\"et2\" style=\"width: 222.00pt;\" width=\"296\">PET12\/MBPE60 (efecto brillante y mate)<\/td>\n<\/tr>\n<tr style=\"height: 12.75pt;\">\n<td class=\"et2\" style=\"height: 12.75pt; width: 91.40pt;\" width=\"121\" height=\"17\">Reportaje especial<\/td>\n<td class=\"et2\" style=\"width: 222.00pt;\" width=\"296\">Ca\u00f1o, fondo autoportante<\/td>\n<\/tr>\n<tr style=\"height: 12.75pt;\">\n<td class=\"et2\" style=\"height: 12.75pt; width: 91.40pt;\" width=\"121\" height=\"17\">Manipulaci\u00f3n de superficies<\/td>\n<td class=\"et2\" style=\"width: 222.00pt;\" width=\"296\">Impresi\u00f3n en huecograbado<\/td>\n<\/tr>\n<tr style=\"height: 12.75pt;\">\n<td class=\"et2\" style=\"height: 12.75pt; width: 91.40pt;\" width=\"121\" height=\"17\">Color<\/td>\n<td class=\"et2\" style=\"width: 222.00pt;\" width=\"296\">Hasta 10 colores<\/td>\n<\/tr>\n<tr style=\"height: 12.75pt;\">\n<td class=\"et2\" style=\"height: 12.75pt; width: 91.40pt;\" width=\"121\" height=\"17\">Utilizaci\u00f3n<\/td>\n<td class=\"et3\">Crema hidratante, loci\u00f3n, producto para el cuidado de la piel<\/td>\n<\/tr>\n<tr style=\"height: 12.75pt;\">\n<td class=\"et2\" style=\"height: 12.75pt; width: 91.40pt;\" width=\"121\" height=\"17\">MOQ<\/td>\n<td class=\"et2\" style=\"width: 222.00pt;\" width=\"296\">50.000 unidades<\/td>\n<\/tr>\n<tr style=\"height: 12.75pt;\">\n<td class=\"et2\" style=\"height: 12.75pt; width: 91.40pt;\" width=\"121\" height=\"17\">Pedido a medida<\/td>\n<td class=\"et2\" style=\"width: 222.00pt;\" width=\"296\">Aceptamos OEM, Soporte Muestra gratis<\/td>\n<\/tr>\n<\/tbody>\n<\/table>\n<p>&nbsp;<\/p>","protected":false},"featured_media":2654,"comment_status":"closed","ping_status":"closed","template":"","meta":{"_acf_changed":false},"product_brand":[],"product_cat":[32,30],"product_tag":[],"class_list":{"0":"post-2652","1":"product","2":"type-product","3":"status-publish","4":"has-post-thumbnail","6":"product_cat-spout-pouch-manufacturer","7":"product_cat-stand-up-pouch-manufacturer","8":"pa_non-food-packaging-cosmetic-packaging-pouches","10":"first","11":"instock","12":"shipping-taxable","13":"product-type-simple"},"acf":[],"_links":{"self":[{"href":"https:\/\/www.stanleypackage.com\/es\/wp-json\/wp\/v2\/product\/2652","targetHints":{"allow":["GET"]}}],"collection":[{"href":"https:\/\/www.stanleypackage.com\/es\/wp-json\/wp\/v2\/product"}],"about":[{"href":"https:\/\/www.stanleypackage.com\/es\/wp-json\/wp\/v2\/types\/product"}],"replies":[{"embeddable":true,"href":"https:\/\/www.stanleypackage.com\/es\/wp-json\/wp\/v2\/comments?post=2652"}],"wp:featuredmedia":[{"embeddable":true,"href":"https:\/\/www.stanleypackage.com\/es\/wp-json\/wp\/v2\/media\/2654"}],"wp:attachment":[{"href":"https:\/\/www.stanleypackage.com\/es\/wp-json\/wp\/v2\/media?parent=2652"}],"wp:term":[{"taxonomy":"product_brand","embeddable":true,"href":"https:\/\/www.stanleypackage.com\/es\/wp-json\/wp\/v2\/product_brand?post=2652"},{"taxonomy":"product_cat","embeddable":true,"href":"https:\/\/www.stanleypackage.com\/es\/wp-json\/wp\/v2\/product_cat?post=2652"},{"taxonomy":"product_tag","embeddable":true,"href":"https:\/\/www.stanleypackage.com\/es\/wp-json\/wp\/v2\/product_tag?post=2652"}],"curies":[{"name":"wp","href":"https:\/\/api.w.org\/{rel}","templated":true}]}}