{"id":2653,"date":"2025-08-12T02:56:29","date_gmt":"2025-08-12T02:56:29","guid":{"rendered":"https:\/\/www.stanleypackage.com\/?post_type=product&#038;p=2653"},"modified":"2025-09-06T01:28:54","modified_gmt":"2025-09-06T01:28:54","slug":"wholesale-cosmetics-packaging","status":"publish","type":"product","link":"https:\/\/www.stanleypackage.com\/es\/product\/wholesale-cosmetics-packaging\/","title":{"rendered":"Venta al por mayor de envases para cosm\u00e9ticos, Bolsas a medida para base de maquillaje"},"content":{"rendered":"<div class=\"wp-block-columns is-layout-flex wp-container-core-columns-is-layout-9d6595d7 wp-block-columns-is-layout-flex\">\n<div class=\"wp-block-column is-layout-flow wp-block-column-is-layout-flow\">\n<h2 class=\"wp-block-heading\">Caracter\u00edsticas de los envases para cosm\u00e9ticos al por mayor<\/h2>\n\n\n\n<ul class=\"wp-block-list\">\n<li><strong>Material seguro y duradero: <\/strong>Este envase para cosm\u00e9ticos al por mayor est\u00e1 fabricado con un material compuesto de PET\/PE, que ofrece un sellado y una durabilidad excelentes. Esto evita eficazmente que la base de maquillaje l\u00edquida gotee y se deteriore, garantizando la estabilidad del producto durante el transporte y el uso.<\/li>\n\n\n\n<li><strong>Innovador dise\u00f1o de doble c\u00e1mara:<\/strong> Estas bolsas con boquilla personalizada almacenan la base de maquillaje l\u00edquida en el lado izquierdo y contienen un suave coj\u00edn de maquillaje en el derecho, ofreciendo una doble funci\u00f3n en una sola bolsa, convenientemente accesible para los retoques sobre la marcha.<\/li>\n\n\n\n<li><strong>C\u00f3modo pitorro y abertura f\u00e1cil de rasgar: <\/strong>El dise\u00f1o de la boquilla de estos envases para cosm\u00e9ticos al por mayor permite verter con precisi\u00f3n la base de maquillaje l\u00edquida, evitando desperdicios y manchas. La apertura de f\u00e1cil apertura permite a los consumidores abrir r\u00e1pidamente el envase para una experiencia de aplicaci\u00f3n m\u00e1s suave.<\/li>\n\n\n\n<li><strong>Formas irregulares y creativas: <\/strong>Nuestras bolsas con boquilla personalizadas no s\u00f3lo realzan la singularidad de la marca, sino que tambi\u00e9n destacan en el estante de cosm\u00e9ticos, mejorando el reconocimiento del producto y el recuerdo visual.<\/li>\n\n\n\n<li><strong>Admite la personalizaci\u00f3n de la marca: <\/strong>Nuestros envases para cosm\u00e9ticos al por mayor pueden imprimirse en varios colores con gran precisi\u00f3n, combinados con una forma \u00fanica y un dise\u00f1o funcional para ayudar a las marcas a crear su propia imagen de envase para cosm\u00e9ticos de gama alta.<\/li>\n<\/ul>\n\n\n\n<div class=\"wp-block-columns is-layout-flex wp-container-core-columns-is-layout-9d6595d7 wp-block-columns-is-layout-flex\">\n<div class=\"wp-block-column is-layout-flow wp-block-column-is-layout-flow\">\n<figure class=\"wp-block-image size-full\"><img decoding=\"async\" width=\"2079\" height=\"2035\" src=\"https:\/\/www.stanleypackage.com\/wp-content\/uploads\/2025\/08\/Custom-Print-Spout-Bags-Wholesale-Cosmetic-Pouch-Packaging-3.webp\" alt=\"\" class=\"wp-image-2663\" srcset=\"https:\/\/www.stanleypackage.com\/wp-content\/uploads\/2025\/08\/Custom-Print-Spout-Bags-Wholesale-Cosmetic-Pouch-Packaging-3.webp 2079w, https:\/\/www.stanleypackage.com\/wp-content\/uploads\/2025\/08\/Custom-Print-Spout-Bags-Wholesale-Cosmetic-Pouch-Packaging-3-300x294.webp 300w, https:\/\/www.stanleypackage.com\/wp-content\/uploads\/2025\/08\/Custom-Print-Spout-Bags-Wholesale-Cosmetic-Pouch-Packaging-3-768x752.webp 768w, https:\/\/www.stanleypackage.com\/wp-content\/uploads\/2025\/08\/Custom-Print-Spout-Bags-Wholesale-Cosmetic-Pouch-Packaging-3-12x12.webp 12w, https:\/\/www.stanleypackage.com\/wp-content\/uploads\/2025\/08\/Custom-Print-Spout-Bags-Wholesale-Cosmetic-Pouch-Packaging-3-1200x1175.webp 1200w, https:\/\/www.stanleypackage.com\/wp-content\/uploads\/2025\/08\/Custom-Print-Spout-Bags-Wholesale-Cosmetic-Pouch-Packaging-3-600x587.webp 600w\" sizes=\"(max-width: 2079px) 100vw, 2079px\" \/><\/figure>\n<\/div>\n\n\n\n<div class=\"wp-block-column is-layout-flow wp-block-column-is-layout-flow\">\n<figure class=\"wp-block-image size-full\"><img decoding=\"async\" width=\"2079\" height=\"2035\" src=\"https:\/\/www.stanleypackage.com\/wp-content\/uploads\/2025\/08\/Custom-Print-Spout-Bags-Wholesale-Cosmetic-Pouch-Packaging-4.webp\" alt=\"\" class=\"wp-image-2662\" srcset=\"https:\/\/www.stanleypackage.com\/wp-content\/uploads\/2025\/08\/Custom-Print-Spout-Bags-Wholesale-Cosmetic-Pouch-Packaging-4.webp 2079w, https:\/\/www.stanleypackage.com\/wp-content\/uploads\/2025\/08\/Custom-Print-Spout-Bags-Wholesale-Cosmetic-Pouch-Packaging-4-300x294.webp 300w, https:\/\/www.stanleypackage.com\/wp-content\/uploads\/2025\/08\/Custom-Print-Spout-Bags-Wholesale-Cosmetic-Pouch-Packaging-4-768x752.webp 768w, https:\/\/www.stanleypackage.com\/wp-content\/uploads\/2025\/08\/Custom-Print-Spout-Bags-Wholesale-Cosmetic-Pouch-Packaging-4-12x12.webp 12w, https:\/\/www.stanleypackage.com\/wp-content\/uploads\/2025\/08\/Custom-Print-Spout-Bags-Wholesale-Cosmetic-Pouch-Packaging-4-1200x1175.webp 1200w, https:\/\/www.stanleypackage.com\/wp-content\/uploads\/2025\/08\/Custom-Print-Spout-Bags-Wholesale-Cosmetic-Pouch-Packaging-4-600x587.webp 600w\" sizes=\"(max-width: 2079px) 100vw, 2079px\" \/><\/figure>\n<\/div>\n<\/div>\n<\/div>\n<\/div>","protected":false},"excerpt":{"rendered":"<p>Bienvenido a la venta al por mayor de envases para cosm\u00e9ticos. Estas bolsas con boquilla personalizadas para base de maquillaje l\u00edquida presentan un dise\u00f1o novedoso. El lado izquierdo contiene la base de maquillaje l\u00edquida, mientras que el derecho aloja una suave almohadilla de maquillaje para aplicaciones c\u00f3modas y listas para usar.<\/p>\n<table style=\"border-collapse: collapse; width: 327.77pt;\" border=\"0\" width=\"437\" cellspacing=\"0\" cellpadding=\"0\">\n<tbody>\n<tr style=\"height: 12.75pt;\">\n<td class=\"et2\" style=\"height: 12.75pt; width: 91.40pt;\" width=\"121\" height=\"17\">Fabricante<\/td>\n<td class=\"et2\" style=\"width: 237.00pt;\" width=\"316\">Stanley<\/td>\n<\/tr>\n<tr style=\"height: 12.75pt;\">\n<td class=\"et2\" style=\"height: 12.75pt; width: 91.40pt;\" width=\"121\" height=\"17\">Tipos de bolsas<\/td>\n<td class=\"et3\">Bolsa con pico, Bolsa con forma<\/td>\n<\/tr>\n<tr style=\"height: 12.75pt;\">\n<td class=\"et2\" style=\"height: 12.75pt; width: 91.40pt;\" width=\"121\" height=\"17\">Material<\/td>\n<td class=\"et2\" style=\"width: 237.00pt;\" width=\"316\">PET\/PE<\/td>\n<\/tr>\n<tr style=\"height: 12.75pt;\">\n<td class=\"et2\" style=\"height: 12.75pt; width: 91.40pt;\" width=\"121\" height=\"17\">Reportaje especial<\/td>\n<td class=\"et2\" style=\"width: 237.00pt;\" width=\"316\">Ca\u00f1o, muesca Easy Tear, forma irregular<\/td>\n<\/tr>\n<tr style=\"height: 12.75pt;\">\n<td class=\"et2\" style=\"height: 12.75pt; width: 91.40pt;\" width=\"121\" height=\"17\">Manipulaci\u00f3n de superficies<\/td>\n<td class=\"et2\" style=\"width: 237.00pt;\" width=\"316\">Impresi\u00f3n en huecograbado<\/td>\n<\/tr>\n<tr style=\"height: 12.75pt;\">\n<td class=\"et2\" style=\"height: 12.75pt; width: 91.40pt;\" width=\"121\" height=\"17\">Color<\/td>\n<td class=\"et2\" style=\"width: 237.00pt;\" width=\"316\">Hasta 10 colores<\/td>\n<\/tr>\n<tr style=\"height: 12.75pt;\">\n<td class=\"et2\" style=\"height: 12.75pt; width: 91.40pt;\" width=\"121\" height=\"17\">Utilizaci\u00f3n<\/td>\n<td class=\"et3\">base de maquillaje l\u00edquida, crema solar, otros productos semifluidos<\/td>\n<\/tr>\n<tr style=\"height: 12.75pt;\">\n<td class=\"et2\" style=\"height: 12.75pt; width: 91.40pt;\" width=\"121\" height=\"17\">MOQ<\/td>\n<td class=\"et2\" style=\"width: 237.00pt;\" width=\"316\">50.000 unidades<\/td>\n<\/tr>\n<tr style=\"height: 12.75pt;\">\n<td class=\"et2\" style=\"height: 12.75pt; width: 91.40pt;\" width=\"121\" height=\"17\">Pedido a medida<\/td>\n<td class=\"et2\" style=\"width: 237.00pt;\" width=\"316\">Aceptamos OEM, Soporte Muestra gratis<\/td>\n<\/tr>\n<\/tbody>\n<\/table>\n<p>&nbsp;<\/p>","protected":false},"featured_media":2663,"comment_status":"closed","ping_status":"closed","template":"","meta":{"_acf_changed":false},"product_brand":[],"product_cat":[32,31,28,22],"product_tag":[],"class_list":{"0":"post-2653","1":"product","2":"type-product","3":"status-publish","4":"has-post-thumbnail","6":"product_cat-spout-pouch-manufacturer","7":"product_cat-lay-flat-pouch-manufacturer","8":"product_cat-three-side-seal-pouch-manufacturer","9":"product_cat-shaped-pouches-factory","10":"pa_non-food-packaging-cosmetic-packaging-pouches","12":"first","13":"instock","14":"shipping-taxable","15":"product-type-simple"},"acf":[],"_links":{"self":[{"href":"https:\/\/www.stanleypackage.com\/es\/wp-json\/wp\/v2\/product\/2653","targetHints":{"allow":["GET"]}}],"collection":[{"href":"https:\/\/www.stanleypackage.com\/es\/wp-json\/wp\/v2\/product"}],"about":[{"href":"https:\/\/www.stanleypackage.com\/es\/wp-json\/wp\/v2\/types\/product"}],"replies":[{"embeddable":true,"href":"https:\/\/www.stanleypackage.com\/es\/wp-json\/wp\/v2\/comments?post=2653"}],"wp:featuredmedia":[{"embeddable":true,"href":"https:\/\/www.stanleypackage.com\/es\/wp-json\/wp\/v2\/media\/2663"}],"wp:attachment":[{"href":"https:\/\/www.stanleypackage.com\/es\/wp-json\/wp\/v2\/media?parent=2653"}],"wp:term":[{"taxonomy":"product_brand","embeddable":true,"href":"https:\/\/www.stanleypackage.com\/es\/wp-json\/wp\/v2\/product_brand?post=2653"},{"taxonomy":"product_cat","embeddable":true,"href":"https:\/\/www.stanleypackage.com\/es\/wp-json\/wp\/v2\/product_cat?post=2653"},{"taxonomy":"product_tag","embeddable":true,"href":"https:\/\/www.stanleypackage.com\/es\/wp-json\/wp\/v2\/product_tag?post=2653"}],"curies":[{"name":"wp","href":"https:\/\/api.w.org\/{rel}","templated":true}]}}