{"id":2666,"date":"2025-08-12T02:17:28","date_gmt":"2025-08-12T02:17:28","guid":{"rendered":"https:\/\/www.stanleypackage.com\/?post_type=product&#038;p=2666"},"modified":"2025-08-12T02:17:36","modified_gmt":"2025-08-12T02:17:36","slug":"custom-pouches-packaging","status":"publish","type":"product","link":"https:\/\/www.stanleypackage.com\/es\/product\/custom-pouches-packaging\/","title":{"rendered":"Envasado de bolsas a medida, Bolsas de envasado de t\u00e9 al por mayor"},"content":{"rendered":"<div class=\"wp-block-columns is-layout-flex wp-container-core-columns-is-layout-9d6595d7 wp-block-columns-is-layout-flex\">\n<div class=\"wp-block-column is-layout-flow wp-block-column-is-layout-flow\">\n<h2 class=\"wp-block-heading\">Caracter\u00edsticas de las bolsas personalizadas<\/h2>\n\n\n\n<ul class=\"wp-block-list\">\n<li><strong>Materiales seguros para uso alimentario: <\/strong>Estas bolsas a medida est\u00e1n fabricadas con un PET12\/AL7\/PE80 de alta barrera, que bloquea eficazmente el aire y la humedad, garantizando la frescura del t\u00e9 y cumpliendo los requisitos de seguridad en contacto con alimentos.<\/li>\n\n\n\n<li><strong>Estructura inferior autoportante: <\/strong>Estas bolsas de envasado de t\u00e9 al por mayor son capaces de mantenerse firmes en los estantes, aumentando la presentaci\u00f3n visual del envase y el efecto de marca, al tiempo que conservan el espacio de almacenamiento.<\/li>\n\n\n\n<li><strong>Cremallera resellable:<\/strong> Nuestras bolsas personalizadas ofrecen un sellado excelente y pueden abrirse y cerrarse varias veces, lo que permite a los consumidores acceder f\u00e1cilmente a sus productos cuando lo necesiten, prolongando su vida \u00fatil y garantizando un sabor \u00f3ptimo.<\/li>\n\n\n\n<li><strong>Dise\u00f1o de impresi\u00f3n personalizado:<\/strong> Nuestras bolsas de envasado de t\u00e9 al por mayor admiten una gran variedad de colores y dise\u00f1os, lo que le permite incorporar el logotipo de la marca y dise\u00f1os creativos para conseguir una identidad de mercado \u00fanica.<\/li>\n\n\n\n<li><strong>Soluci\u00f3n de envasado polivalente:<\/strong> Este envasado en bolsas personalizadas puede aplicarse a una gran variedad de necesidades de envasado de alimentos, como caf\u00e9 en grano, frutos secos, infusiones, aperitivos, etc., lo que permite a los comerciantes envasar todo tipo de productos con un \u00fanico dise\u00f1o de envasado.<\/li>\n<\/ul>\n\n\n\n<div class=\"wp-block-columns is-layout-flex wp-container-core-columns-is-layout-9d6595d7 wp-block-columns-is-layout-flex\">\n<div class=\"wp-block-column is-layout-flow wp-block-column-is-layout-flow\">\n<figure class=\"wp-block-image size-full\"><img decoding=\"async\" width=\"2448\" height=\"2448\" src=\"https:\/\/www.stanleypackage.com\/wp-content\/uploads\/2025\/08\/China-Custom-Packages-Wholesale-Stand-Up-Zipper-Pouch-7.webp\" alt=\"Envasado de bolsas a medida, Bolsas de envasado de t\u00e9 al por mayor-6\" class=\"wp-image-2668\" srcset=\"https:\/\/www.stanleypackage.com\/wp-content\/uploads\/2025\/08\/China-Custom-Packages-Wholesale-Stand-Up-Zipper-Pouch-7.webp 2448w, https:\/\/www.stanleypackage.com\/wp-content\/uploads\/2025\/08\/China-Custom-Packages-Wholesale-Stand-Up-Zipper-Pouch-7-300x300.webp 300w, https:\/\/www.stanleypackage.com\/wp-content\/uploads\/2025\/08\/China-Custom-Packages-Wholesale-Stand-Up-Zipper-Pouch-7-150x150.webp 150w, https:\/\/www.stanleypackage.com\/wp-content\/uploads\/2025\/08\/China-Custom-Packages-Wholesale-Stand-Up-Zipper-Pouch-7-768x768.webp 768w, https:\/\/www.stanleypackage.com\/wp-content\/uploads\/2025\/08\/China-Custom-Packages-Wholesale-Stand-Up-Zipper-Pouch-7-12x12.webp 12w, https:\/\/www.stanleypackage.com\/wp-content\/uploads\/2025\/08\/China-Custom-Packages-Wholesale-Stand-Up-Zipper-Pouch-7-1200x1200.webp 1200w, https:\/\/www.stanleypackage.com\/wp-content\/uploads\/2025\/08\/China-Custom-Packages-Wholesale-Stand-Up-Zipper-Pouch-7-600x600.webp 600w, https:\/\/www.stanleypackage.com\/wp-content\/uploads\/2025\/08\/China-Custom-Packages-Wholesale-Stand-Up-Zipper-Pouch-7-100x100.webp 100w\" sizes=\"(max-width: 2448px) 100vw, 2448px\" \/><\/figure>\n<\/div>\n\n\n\n<div class=\"wp-block-column is-layout-flow wp-block-column-is-layout-flow\">\n<figure class=\"wp-block-image size-full\"><img decoding=\"async\" width=\"750\" height=\"750\" src=\"https:\/\/www.stanleypackage.com\/wp-content\/uploads\/2025\/08\/China-Custom-Packages-Wholesale-Stand-Up-Zipper-Pouch-3.webp\" alt=\"Envasado de bolsas a medida, Bolsas de envasado de t\u00e9 al por mayor-3\" class=\"wp-image-2671\" srcset=\"https:\/\/www.stanleypackage.com\/wp-content\/uploads\/2025\/08\/China-Custom-Packages-Wholesale-Stand-Up-Zipper-Pouch-3.webp 750w, https:\/\/www.stanleypackage.com\/wp-content\/uploads\/2025\/08\/China-Custom-Packages-Wholesale-Stand-Up-Zipper-Pouch-3-300x300.webp 300w, https:\/\/www.stanleypackage.com\/wp-content\/uploads\/2025\/08\/China-Custom-Packages-Wholesale-Stand-Up-Zipper-Pouch-3-150x150.webp 150w, https:\/\/www.stanleypackage.com\/wp-content\/uploads\/2025\/08\/China-Custom-Packages-Wholesale-Stand-Up-Zipper-Pouch-3-12x12.webp 12w, https:\/\/www.stanleypackage.com\/wp-content\/uploads\/2025\/08\/China-Custom-Packages-Wholesale-Stand-Up-Zipper-Pouch-3-600x600.webp 600w, https:\/\/www.stanleypackage.com\/wp-content\/uploads\/2025\/08\/China-Custom-Packages-Wholesale-Stand-Up-Zipper-Pouch-3-100x100.webp 100w\" sizes=\"(max-width: 750px) 100vw, 750px\" \/><\/figure>\n<\/div>\n<\/div>\n<\/div>\n<\/div>","protected":false},"excerpt":{"rendered":"<p>Bienvenido a las bolsas de envasado personalizadas. Nuestras bolsas de envasado de t\u00e9 al por mayor ofrecen una excelente resistencia a la humedad y la oxidaci\u00f3n, una estructura inferior autoportante para una exposici\u00f3n estable y admiten diversas opciones de impresi\u00f3n personalizada.<\/p>\n<table style=\"border-collapse: collapse; width: 327.77pt;\" border=\"0\" width=\"437\" cellspacing=\"0\" cellpadding=\"0\">\n<tbody>\n<tr style=\"height: 12.75pt;\">\n<td class=\"et2\" style=\"height: 12.75pt; width: 91.40pt;\" width=\"121\" height=\"17\">Fabricante<\/td>\n<td class=\"et2\" style=\"width: 237.00pt;\" width=\"316\">Stanley<\/td>\n<\/tr>\n<tr style=\"height: 12.75pt;\">\n<td class=\"et2\" style=\"height: 12.75pt; width: 91.40pt;\" width=\"121\" height=\"17\">Tipos de bolsas<\/td>\n<td class=\"et3\">Bolsa de pie, Bolsa con cremallera<\/td>\n<\/tr>\n<tr style=\"height: 12.75pt;\">\n<td class=\"et2\" style=\"height: 12.75pt; width: 91.40pt;\" width=\"121\" height=\"17\">Material<\/td>\n<td class=\"et2\" style=\"width: 237.00pt;\" width=\"316\">PET12\/AL7\/PE80<\/td>\n<\/tr>\n<tr style=\"height: 12.75pt;\">\n<td class=\"et2\" style=\"height: 12.75pt; width: 91.40pt;\" width=\"121\" height=\"17\">Reportaje especial<\/td>\n<td class=\"et2\" style=\"width: 237.00pt;\" width=\"316\">Parte inferior de pie, cremallera<\/td>\n<\/tr>\n<tr style=\"height: 12.75pt;\">\n<td class=\"et2\" style=\"height: 12.75pt; width: 91.40pt;\" width=\"121\" height=\"17\">Manipulaci\u00f3n de superficies<\/td>\n<td class=\"et2\" style=\"width: 237.00pt;\" width=\"316\">Impresi\u00f3n en huecograbado<\/td>\n<\/tr>\n<tr style=\"height: 12.75pt;\">\n<td class=\"et2\" style=\"height: 12.75pt; width: 91.40pt;\" width=\"121\" height=\"17\">Color<\/td>\n<td class=\"et2\" style=\"width: 237.00pt;\" width=\"316\">Hasta 10 colores<\/td>\n<\/tr>\n<tr style=\"height: 12.75pt;\">\n<td class=\"et2\" style=\"height: 12.75pt; width: 91.40pt;\" width=\"121\" height=\"17\">Utilizaci\u00f3n<\/td>\n<td class=\"et3\">T\u00e9, Polvo, Comida para picar, Comida seca<\/td>\n<\/tr>\n<tr style=\"height: 12.75pt;\">\n<td class=\"et2\" style=\"height: 12.75pt; width: 91.40pt;\" width=\"121\" height=\"17\">MOQ<\/td>\n<td class=\"et2\" style=\"width: 237.00pt;\" width=\"316\">50.000 unidades<\/td>\n<\/tr>\n<tr style=\"height: 12.75pt;\">\n<td class=\"et2\" style=\"height: 12.75pt; width: 91.40pt;\" width=\"121\" height=\"17\">Pedido a medida<\/td>\n<td class=\"et2\" style=\"width: 237.00pt;\" width=\"316\">Aceptamos OEM, Soporte Muestra gratis<\/td>\n<\/tr>\n<\/tbody>\n<\/table>","protected":false},"featured_media":2673,"comment_status":"closed","ping_status":"closed","template":"","meta":{"_acf_changed":false},"product_brand":[],"product_cat":[18,30],"product_tag":[],"class_list":{"0":"post-2666","1":"product","2":"type-product","3":"status-publish","4":"has-post-thumbnail","6":"product_cat-zipper-pouch-manufacturer","7":"product_cat-stand-up-pouch-manufacturer","8":"pa_food-packaging-tea-pouch-packaging","10":"first","11":"instock","12":"shipping-taxable","13":"product-type-simple"},"acf":[],"_links":{"self":[{"href":"https:\/\/www.stanleypackage.com\/es\/wp-json\/wp\/v2\/product\/2666","targetHints":{"allow":["GET"]}}],"collection":[{"href":"https:\/\/www.stanleypackage.com\/es\/wp-json\/wp\/v2\/product"}],"about":[{"href":"https:\/\/www.stanleypackage.com\/es\/wp-json\/wp\/v2\/types\/product"}],"replies":[{"embeddable":true,"href":"https:\/\/www.stanleypackage.com\/es\/wp-json\/wp\/v2\/comments?post=2666"}],"wp:featuredmedia":[{"embeddable":true,"href":"https:\/\/www.stanleypackage.com\/es\/wp-json\/wp\/v2\/media\/2673"}],"wp:attachment":[{"href":"https:\/\/www.stanleypackage.com\/es\/wp-json\/wp\/v2\/media?parent=2666"}],"wp:term":[{"taxonomy":"product_brand","embeddable":true,"href":"https:\/\/www.stanleypackage.com\/es\/wp-json\/wp\/v2\/product_brand?post=2666"},{"taxonomy":"product_cat","embeddable":true,"href":"https:\/\/www.stanleypackage.com\/es\/wp-json\/wp\/v2\/product_cat?post=2666"},{"taxonomy":"product_tag","embeddable":true,"href":"https:\/\/www.stanleypackage.com\/es\/wp-json\/wp\/v2\/product_tag?post=2666"}],"curies":[{"name":"wp","href":"https:\/\/api.w.org\/{rel}","templated":true}]}}