{"id":2716,"date":"2025-08-19T10:32:15","date_gmt":"2025-08-19T10:32:15","guid":{"rendered":"https:\/\/www.stanleypackage.com\/?post_type=product&#038;p=2716"},"modified":"2025-11-29T03:38:58","modified_gmt":"2025-11-29T03:38:58","slug":"custom-printed-food-pouches","status":"publish","type":"product","link":"https:\/\/www.stanleypackage.com\/es\/product\/custom-printed-food-pouches\/","title":{"rendered":"Bolsas personalizadas impresas para alimentos, bolsas con cremallera para pollo asado"},"content":{"rendered":"<div class=\"wp-block-columns is-layout-flex wp-container-core-columns-is-layout-9d6595d7 wp-block-columns-is-layout-flex\">\n<div class=\"wp-block-column is-layout-flow wp-block-column-is-layout-flow\">\n<h2 class=\"wp-block-heading\">Caracter\u00edsticas de las bolsas personalizadas para alimentos<\/h2>\n\n\n\n<ul class=\"wp-block-list\">\n<li><strong>Bolsas de pie, f\u00e1ciles de exponer y almacenar:<\/strong> Estas bolsas con cremallera para pollo asado al por mayor tienen una estructura de base lisa que mejora la exposici\u00f3n en los estantes, ahorra espacio de almacenamiento y facilita las ventas finales.<\/li>\n\n\n\n<li><strong>Material de alta calidad, resistente a la humedad:<\/strong> Estas bolsas personalizadas impresas para alimentos utilizan la estructura de material compuesto PET12 \/ CPP50 antivaho t\u00e9rmico, adapt\u00e1ndose al medio ambiente, con buena resistencia al desgarro y a la humedad, protegiendo la frescura de los alimentos.<\/li>\n\n\n\n<li><strong>Dise\u00f1o de cremallera, el sellado repetido es m\u00e1s conveniente: <\/strong>Nuestras bolsas personalizadas impresas para alimentos est\u00e1n equipadas con una cremallera sellada, que resulta c\u00f3moda para abrir y cerrar las bolsas varias veces, manteniendo el contenido higi\u00e9nico y fresco y mejorando la experiencia del consumidor.<\/li>\n\n\n\n<li><strong>Dise\u00f1o con orificio para el asa, c\u00f3modo de llevar: <\/strong>Nuestras bolsas personalizadas impresas para alimentos est\u00e1n equipadas con un orificio para el asa, que facilita a los usuarios el transporte de los alimentos, mejorando su practicidad.<\/li>\n\n\n\n<li><strong>Apoyar la personalizaci\u00f3n de la marca para satisfacer diversas necesidades de envasado: <\/strong>Nuestras bolsas con cremallera para pollo asado al por mayor admiten impresi\u00f3n, patrones y capacidad para satisfacer las necesidades \u00fanicas de envasado de los clientes.<\/li>\n<\/ul>\n\n\n\n<div class=\"wp-block-columns is-layout-flex wp-container-core-columns-is-layout-9d6595d7 wp-block-columns-is-layout-flex\">\n<div class=\"wp-block-column is-layout-flow wp-block-column-is-layout-flow\">\n<figure class=\"wp-block-image size-full\"><img decoding=\"async\" width=\"640\" height=\"640\" src=\"https:\/\/www.stanleypackage.com\/wp-content\/uploads\/2025\/08\/China-Roast-Chicken-Pouches-Wholesale-Stand-Up-Zipper-Pouch-6.webp\" alt=\"Bolsas personalizadas impresas para alimentos, bolsas con cremallera para pollo asado-6\" class=\"wp-image-2722\" srcset=\"https:\/\/www.stanleypackage.com\/wp-content\/uploads\/2025\/08\/China-Roast-Chicken-Pouches-Wholesale-Stand-Up-Zipper-Pouch-6.webp 640w, https:\/\/www.stanleypackage.com\/wp-content\/uploads\/2025\/08\/China-Roast-Chicken-Pouches-Wholesale-Stand-Up-Zipper-Pouch-6-300x300.webp 300w, https:\/\/www.stanleypackage.com\/wp-content\/uploads\/2025\/08\/China-Roast-Chicken-Pouches-Wholesale-Stand-Up-Zipper-Pouch-6-150x150.webp 150w, https:\/\/www.stanleypackage.com\/wp-content\/uploads\/2025\/08\/China-Roast-Chicken-Pouches-Wholesale-Stand-Up-Zipper-Pouch-6-12x12.webp 12w, https:\/\/www.stanleypackage.com\/wp-content\/uploads\/2025\/08\/China-Roast-Chicken-Pouches-Wholesale-Stand-Up-Zipper-Pouch-6-600x600.webp 600w, https:\/\/www.stanleypackage.com\/wp-content\/uploads\/2025\/08\/China-Roast-Chicken-Pouches-Wholesale-Stand-Up-Zipper-Pouch-6-100x100.webp 100w\" sizes=\"(max-width: 640px) 100vw, 640px\" \/><\/figure>\n<\/div>\n\n\n\n<div class=\"wp-block-column is-layout-flow wp-block-column-is-layout-flow\">\n<figure class=\"wp-block-image size-full\"><img decoding=\"async\" width=\"750\" height=\"720\" src=\"https:\/\/www.stanleypackage.com\/wp-content\/uploads\/2025\/08\/China-Roast-Chicken-Pouches-Wholesale-Stand-Up-Zipper-Pouch-2.webp\" alt=\"\" class=\"wp-image-2718\" srcset=\"https:\/\/www.stanleypackage.com\/wp-content\/uploads\/2025\/08\/China-Roast-Chicken-Pouches-Wholesale-Stand-Up-Zipper-Pouch-2.webp 750w, https:\/\/www.stanleypackage.com\/wp-content\/uploads\/2025\/08\/China-Roast-Chicken-Pouches-Wholesale-Stand-Up-Zipper-Pouch-2-300x288.webp 300w, https:\/\/www.stanleypackage.com\/wp-content\/uploads\/2025\/08\/China-Roast-Chicken-Pouches-Wholesale-Stand-Up-Zipper-Pouch-2-13x12.webp 13w, https:\/\/www.stanleypackage.com\/wp-content\/uploads\/2025\/08\/China-Roast-Chicken-Pouches-Wholesale-Stand-Up-Zipper-Pouch-2-600x576.webp 600w\" sizes=\"(max-width: 750px) 100vw, 750px\" \/><\/figure>\n<\/div>\n<\/div>\n<\/div>\n<\/div>","protected":false},"excerpt":{"rendered":"<p>Bienvenido al pedido al por mayor de bolsas impresas personalizadas para alimentos. Estas bolsas al por mayor con cremallera para pollo asado vienen con cierre f\u00e1cil de rasgar, cremallera sellada con base s\u00f3lida autoportante. Alta temperatura y resistente a la humedad, soporta impresi\u00f3n personalizada.<\/p>\n<table style=\"border-collapse: collapse; width: 327.77pt;\" border=\"0\" width=\"437\" cellspacing=\"0\" cellpadding=\"0\">\n<tbody>\n<tr style=\"height: 12.75pt;\">\n<td class=\"et2\" style=\"height: 12.75pt; width: 91.40pt;\" width=\"121\" height=\"17\">Fabricante<\/td>\n<td class=\"et2\" style=\"width: 237.00pt;\" width=\"316\">Stanley<\/td>\n<\/tr>\n<tr style=\"height: 12.75pt;\">\n<td class=\"et2\" style=\"height: 12.75pt; width: 91.40pt;\" width=\"121\" height=\"17\">Tipos de bolsas<\/td>\n<td class=\"et3\">Bolsa de pie, Bolsa con cremallera<\/td>\n<\/tr>\n<tr style=\"height: 12.75pt;\">\n<td class=\"et2\" style=\"height: 12.75pt; width: 91.40pt;\" width=\"121\" height=\"17\">Material<\/td>\n<td class=\"et2\" style=\"width: 237.00pt;\" width=\"316\">PET12 \/ Antivaho t\u00e9rmico CPP50<\/td>\n<\/tr>\n<tr style=\"height: 12.75pt;\">\n<td class=\"et2\" style=\"height: 12.75pt; width: 91.40pt;\" width=\"121\" height=\"17\">Reportaje especial<\/td>\n<td class=\"et2\" style=\"width: 237.00pt;\" width=\"316\">bolsa stand-up, bolsa con impresi\u00f3n personalizada, envasado alimentario<\/td>\n<\/tr>\n<tr style=\"height: 12.75pt;\">\n<td class=\"et2\" style=\"height: 12.75pt; width: 91.40pt;\" width=\"121\" height=\"17\">Manipulaci\u00f3n de superficies<\/td>\n<td class=\"et2\" style=\"width: 237.00pt;\" width=\"316\">Impresi\u00f3n en huecograbado<\/td>\n<\/tr>\n<tr style=\"height: 12.75pt;\">\n<td class=\"et2\" style=\"height: 12.75pt; width: 91.40pt;\" width=\"121\" height=\"17\">Color<\/td>\n<td class=\"et2\" style=\"width: 237.00pt;\" width=\"316\">Hasta 10 colores<\/td>\n<\/tr>\n<tr style=\"height: 12.75pt;\">\n<td class=\"et2\" style=\"height: 12.75pt; width: 91.40pt;\" width=\"121\" height=\"17\">Utilizaci\u00f3n<\/td>\n<td class=\"et3\">Pollo asado, Pato asado, Pan<\/td>\n<\/tr>\n<tr style=\"height: 12.75pt;\">\n<td class=\"et2\" style=\"height: 12.75pt; width: 91.40pt;\" width=\"121\" height=\"17\">MOQ<\/td>\n<td class=\"et2\" style=\"width: 237.00pt;\" width=\"316\">50.000 unidades<\/td>\n<\/tr>\n<tr style=\"height: 12.75pt;\">\n<td class=\"et2\" style=\"height: 12.75pt; width: 91.40pt;\" width=\"121\" height=\"17\">Pedido a medida<\/td>\n<td class=\"et2\" style=\"width: 237.00pt;\" width=\"316\">Aceptamos OEM, Soporte Muestra gratis<\/td>\n<\/tr>\n<\/tbody>\n<\/table>","protected":false},"featured_media":2717,"comment_status":"closed","ping_status":"closed","template":"","meta":{"_acf_changed":false},"product_brand":[],"product_cat":[18,30],"product_tag":[],"class_list":{"0":"post-2716","1":"product","2":"type-product","3":"status-publish","4":"has-post-thumbnail","6":"product_cat-zipper-pouch-manufacturer","7":"product_cat-stand-up-pouch-manufacturer","8":"pa_food-packaging-ready-meal-pouch","9":"pa_material-kraft-paper","11":"first","12":"instock","13":"shipping-taxable","14":"product-type-simple"},"acf":[],"_links":{"self":[{"href":"https:\/\/www.stanleypackage.com\/es\/wp-json\/wp\/v2\/product\/2716","targetHints":{"allow":["GET"]}}],"collection":[{"href":"https:\/\/www.stanleypackage.com\/es\/wp-json\/wp\/v2\/product"}],"about":[{"href":"https:\/\/www.stanleypackage.com\/es\/wp-json\/wp\/v2\/types\/product"}],"replies":[{"embeddable":true,"href":"https:\/\/www.stanleypackage.com\/es\/wp-json\/wp\/v2\/comments?post=2716"}],"wp:featuredmedia":[{"embeddable":true,"href":"https:\/\/www.stanleypackage.com\/es\/wp-json\/wp\/v2\/media\/2717"}],"wp:attachment":[{"href":"https:\/\/www.stanleypackage.com\/es\/wp-json\/wp\/v2\/media?parent=2716"}],"wp:term":[{"taxonomy":"product_brand","embeddable":true,"href":"https:\/\/www.stanleypackage.com\/es\/wp-json\/wp\/v2\/product_brand?post=2716"},{"taxonomy":"product_cat","embeddable":true,"href":"https:\/\/www.stanleypackage.com\/es\/wp-json\/wp\/v2\/product_cat?post=2716"},{"taxonomy":"product_tag","embeddable":true,"href":"https:\/\/www.stanleypackage.com\/es\/wp-json\/wp\/v2\/product_tag?post=2716"}],"curies":[{"name":"wp","href":"https:\/\/api.w.org\/{rel}","templated":true}]}}