{"id":2724,"date":"2025-08-20T02:19:49","date_gmt":"2025-08-20T02:19:49","guid":{"rendered":"https:\/\/www.stanleypackage.com\/?post_type=product&#038;p=2724"},"modified":"2025-09-04T08:49:23","modified_gmt":"2025-09-04T08:49:23","slug":"custom-roll-stock-film","status":"publish","type":"product","link":"https:\/\/www.stanleypackage.com\/es\/product\/custom-roll-stock-film\/","title":{"rendered":"Film en rollo a medida, Film para empaquetado de toallitas h\u00famedas al por mayor"},"content":{"rendered":"<div class=\"wp-block-columns is-layout-flex wp-container-core-columns-is-layout-9d6595d7 wp-block-columns-is-layout-flex\">\n<div class=\"wp-block-column is-layout-flow wp-block-column-is-layout-flow\">\n<h2 class=\"wp-block-heading\">Caracter\u00edsticas del rollo de pel\u00edcula personalizado<\/h2>\n\n\n\n<ul class=\"wp-block-list\">\n<li><strong>Envasado eficaz de rollos de pel\u00edcula, adecuado para l\u00edneas de producci\u00f3n automatizadas:<\/strong> Esta pel\u00edcula en rollo a medida es adecuada para equipos de envasado autom\u00e1tico de alta velocidad, lo que mejora la eficacia de la producci\u00f3n y ahorra costes de mano de obra y tiempo.<\/li>\n\n\n\n<li><strong>Apoyar la personalizaci\u00f3n de la marca para satisfacer diversas necesidades de envasado:<\/strong> Soporta pel\u00edculas de envasado personalizadas con especificaciones de impresi\u00f3n, patrones, capacidad y boquillas para satisfacer las necesidades \u00fanicas de envasado de industrias diversificadas como la qu\u00edmica diaria, la cosm\u00e9tica y el cuidado personal.<\/li>\n\n\n\n<li><strong>Estructura termosellada por una sola cara, sellado resistente: <\/strong>El dise\u00f1o termosellable de una de las caras de nuestras l\u00e1minas en rollo personalizadas garantiza que el envase quede bien ajustado, evita que el producto se humedezca y deteriore, y garantiza la seguridad del almacenamiento y el transporte.<\/li>\n\n\n\n<li><strong>Admite diversos procesos de superficie para mejorar los efectos visuales:<\/strong> Nuestras l\u00e1minas de envasado personalizadas pueden elegir procesos de impresi\u00f3n especiales como mate, brillo, luz local UV, etc., para mejorar la estratificaci\u00f3n del envase y el reconocimiento de la marca.<\/li>\n\n\n\n<li><strong>Adecuado para una gran variedad de productos: <\/strong>Nuestra pel\u00edcula en rollo personalizada puede personalizarse con patrones de impresi\u00f3n y especificaciones seg\u00fan las necesidades del cliente, y es adecuada para cualquier producto de diferentes tama\u00f1os y formas.<\/li>\n<\/ul>\n\n\n\n<div class=\"wp-block-columns is-layout-flex wp-container-core-columns-is-layout-9d6595d7 wp-block-columns-is-layout-flex\">\n<div class=\"wp-block-column is-layout-flow wp-block-column-is-layout-flow\">\n<figure class=\"wp-block-image size-full\"><img decoding=\"async\" width=\"2079\" height=\"2035\" src=\"https:\/\/www.stanleypackage.com\/wp-content\/uploads\/2025\/08\/Custom-Printed-Roll-Stock-Film-Bulk-Wet-Wipes-Packaging-Film.webp\" alt=\"\" class=\"wp-image-2725\" srcset=\"https:\/\/www.stanleypackage.com\/wp-content\/uploads\/2025\/08\/Custom-Printed-Roll-Stock-Film-Bulk-Wet-Wipes-Packaging-Film.webp 2079w, https:\/\/www.stanleypackage.com\/wp-content\/uploads\/2025\/08\/Custom-Printed-Roll-Stock-Film-Bulk-Wet-Wipes-Packaging-Film-300x294.webp 300w, https:\/\/www.stanleypackage.com\/wp-content\/uploads\/2025\/08\/Custom-Printed-Roll-Stock-Film-Bulk-Wet-Wipes-Packaging-Film-768x752.webp 768w, https:\/\/www.stanleypackage.com\/wp-content\/uploads\/2025\/08\/Custom-Printed-Roll-Stock-Film-Bulk-Wet-Wipes-Packaging-Film-12x12.webp 12w, https:\/\/www.stanleypackage.com\/wp-content\/uploads\/2025\/08\/Custom-Printed-Roll-Stock-Film-Bulk-Wet-Wipes-Packaging-Film-1200x1175.webp 1200w, https:\/\/www.stanleypackage.com\/wp-content\/uploads\/2025\/08\/Custom-Printed-Roll-Stock-Film-Bulk-Wet-Wipes-Packaging-Film-600x587.webp 600w\" sizes=\"(max-width: 2079px) 100vw, 2079px\" \/><\/figure>\n<\/div>\n\n\n\n<div class=\"wp-block-column is-layout-flow wp-block-column-is-layout-flow\">\n<figure class=\"wp-block-image size-full\"><img decoding=\"async\" width=\"2079\" height=\"2035\" src=\"https:\/\/www.stanleypackage.com\/wp-content\/uploads\/2025\/08\/Custom-Printed-Roll-Stock-Film-Bulk-Wet-Wipes-Packaging-Film-2.webp\" alt=\"Rollo de pel\u00edcula a medida, pel\u00edcula para empaquetado de toallitas h\u00famedas al por mayor-5\" class=\"wp-image-2729\" srcset=\"https:\/\/www.stanleypackage.com\/wp-content\/uploads\/2025\/08\/Custom-Printed-Roll-Stock-Film-Bulk-Wet-Wipes-Packaging-Film-2.webp 2079w, https:\/\/www.stanleypackage.com\/wp-content\/uploads\/2025\/08\/Custom-Printed-Roll-Stock-Film-Bulk-Wet-Wipes-Packaging-Film-2-300x294.webp 300w, https:\/\/www.stanleypackage.com\/wp-content\/uploads\/2025\/08\/Custom-Printed-Roll-Stock-Film-Bulk-Wet-Wipes-Packaging-Film-2-768x752.webp 768w, https:\/\/www.stanleypackage.com\/wp-content\/uploads\/2025\/08\/Custom-Printed-Roll-Stock-Film-Bulk-Wet-Wipes-Packaging-Film-2-12x12.webp 12w, https:\/\/www.stanleypackage.com\/wp-content\/uploads\/2025\/08\/Custom-Printed-Roll-Stock-Film-Bulk-Wet-Wipes-Packaging-Film-2-1200x1175.webp 1200w, https:\/\/www.stanleypackage.com\/wp-content\/uploads\/2025\/08\/Custom-Printed-Roll-Stock-Film-Bulk-Wet-Wipes-Packaging-Film-2-600x587.webp 600w\" sizes=\"(max-width: 2079px) 100vw, 2079px\" \/><\/figure>\n<\/div>\n<\/div>\n<\/div>\n<\/div>","protected":false},"excerpt":{"rendered":"<p>Bienvenido a comprar rollos de pel\u00edcula personalizados. Esta pel\u00edcula personalizada para el envasado de toallitas h\u00famedas permite la personalizaci\u00f3n de la marca para satisfacer diversas necesidades de envasado. Admite una variedad de efectos de proceso especiales como mate, brillante, UV, etc.<\/p>\n<table style=\"border-collapse: collapse; width: 327.77pt;\" border=\"0\" width=\"437\" cellspacing=\"0\" cellpadding=\"0\">\n<tbody>\n<tr style=\"height: 12.75pt;\">\n<td class=\"et2\" style=\"height: 12.75pt; width: 91.40pt;\" width=\"121\" height=\"17\">Fabricante<\/td>\n<td class=\"et2\" style=\"width: 237.00pt;\" width=\"316\">Stanley<\/td>\n<\/tr>\n<tr style=\"height: 12.75pt;\">\n<td class=\"et2\" style=\"height: 12.75pt; width: 91.40pt;\" width=\"121\" height=\"17\">Tipos de bolsas<\/td>\n<td class=\"et3\">Film para envasado en bolsas<\/td>\n<\/tr>\n<tr style=\"height: 12.75pt;\">\n<td class=\"et2\" style=\"height: 12.75pt; width: 91.40pt;\" width=\"121\" height=\"17\">Material<\/td>\n<td class=\"et2\" style=\"width: 237.00pt;\" width=\"316\">PET12\/MBPE78<\/td>\n<\/tr>\n<tr style=\"height: 12.75pt;\">\n<td class=\"et2\" style=\"height: 12.75pt; width: 91.40pt;\" width=\"121\" height=\"17\">Reportaje especial<\/td>\n<td class=\"et2\" style=\"width: 237.00pt;\" width=\"316\">Envasado autom\u00e1tico<\/td>\n<\/tr>\n<tr style=\"height: 12.75pt;\">\n<td class=\"et2\" style=\"height: 12.75pt; width: 91.40pt;\" width=\"121\" height=\"17\">Manipulaci\u00f3n de superficies<\/td>\n<td class=\"et2\" style=\"width: 237.00pt;\" width=\"316\">Impresi\u00f3n en huecograbado<\/td>\n<\/tr>\n<tr style=\"height: 12.75pt;\">\n<td class=\"et2\" style=\"height: 12.75pt; width: 91.40pt;\" width=\"121\" height=\"17\">Color<\/td>\n<td class=\"et2\" style=\"width: 237.00pt;\" width=\"316\">Hasta 10 colores<\/td>\n<\/tr>\n<tr style=\"height: 12.75pt;\">\n<td class=\"et2\" style=\"height: 12.75pt; width: 91.40pt;\" width=\"121\" height=\"17\">Utilizaci\u00f3n<\/td>\n<td class=\"et3\">Toallitas h\u00famedas, desmaquillantes<\/td>\n<\/tr>\n<tr style=\"height: 12.75pt;\">\n<td class=\"et2\" style=\"height: 12.75pt; width: 91.40pt;\" width=\"121\" height=\"17\">MOQ<\/td>\n<td class=\"et2\" style=\"width: 237.00pt;\" width=\"316\">50.000 unidades<\/td>\n<\/tr>\n<tr style=\"height: 12.75pt;\">\n<td class=\"et2\" style=\"height: 12.75pt; width: 91.40pt;\" width=\"121\" height=\"17\">Pedido a medida<\/td>\n<td class=\"et2\" style=\"width: 237.00pt;\" width=\"316\">Acepta OEM , Soporte Muestra gratis<\/td>\n<\/tr>\n<\/tbody>\n<\/table>","protected":false},"featured_media":2726,"comment_status":"closed","ping_status":"closed","template":"","meta":{"_acf_changed":false},"product_brand":[],"product_cat":[26],"product_tag":[],"class_list":{"0":"post-2724","1":"product","2":"type-product","3":"status-publish","4":"has-post-thumbnail","6":"product_cat-packaging-film-manufacturer","7":"pa_non-food-packaging-wet-wipe-packaging","8":"pa_non-food-packaging-cosmetic-packaging-pouches","10":"first","11":"instock","12":"shipping-taxable","13":"product-type-simple"},"acf":[],"_links":{"self":[{"href":"https:\/\/www.stanleypackage.com\/es\/wp-json\/wp\/v2\/product\/2724","targetHints":{"allow":["GET"]}}],"collection":[{"href":"https:\/\/www.stanleypackage.com\/es\/wp-json\/wp\/v2\/product"}],"about":[{"href":"https:\/\/www.stanleypackage.com\/es\/wp-json\/wp\/v2\/types\/product"}],"replies":[{"embeddable":true,"href":"https:\/\/www.stanleypackage.com\/es\/wp-json\/wp\/v2\/comments?post=2724"}],"wp:featuredmedia":[{"embeddable":true,"href":"https:\/\/www.stanleypackage.com\/es\/wp-json\/wp\/v2\/media\/2726"}],"wp:attachment":[{"href":"https:\/\/www.stanleypackage.com\/es\/wp-json\/wp\/v2\/media?parent=2724"}],"wp:term":[{"taxonomy":"product_brand","embeddable":true,"href":"https:\/\/www.stanleypackage.com\/es\/wp-json\/wp\/v2\/product_brand?post=2724"},{"taxonomy":"product_cat","embeddable":true,"href":"https:\/\/www.stanleypackage.com\/es\/wp-json\/wp\/v2\/product_cat?post=2724"},{"taxonomy":"product_tag","embeddable":true,"href":"https:\/\/www.stanleypackage.com\/es\/wp-json\/wp\/v2\/product_tag?post=2724"}],"curies":[{"name":"wp","href":"https:\/\/api.w.org\/{rel}","templated":true}]}}