{"id":2731,"date":"2025-08-20T01:43:45","date_gmt":"2025-08-20T01:43:45","guid":{"rendered":"https:\/\/www.stanleypackage.com\/?post_type=product&#038;p=2731"},"modified":"2025-08-20T02:01:55","modified_gmt":"2025-08-20T02:01:55","slug":"custom-cup-sealing-film","status":"publish","type":"product","link":"https:\/\/www.stanleypackage.com\/es\/product\/custom-cup-sealing-film\/","title":{"rendered":"Film de sellado personalizado para vasos, films de sellado para vasos de mascarilla de barro de viaje"},"content":{"rendered":"<div class=\"wp-block-columns is-layout-flex wp-container-core-columns-is-layout-9d6595d7 wp-block-columns-is-layout-flex\">\n<div class=\"wp-block-column is-layout-flow wp-block-column-is-layout-flow\">\n<h2 class=\"wp-block-heading\">Caracter\u00edsticas de la pel\u00edcula de sellado de vasos a medida<\/h2>\n\n\n\n<ul class=\"wp-block-list\">\n<li><strong>Envasado eficaz de rollos de pel\u00edcula, adecuado para l\u00edneas de producci\u00f3n automatizadas: <\/strong>Esta pel\u00edcula de sellado de vasos a medida es adecuada para equipos de envasado autom\u00e1tico de alta velocidad, lo que mejora la eficacia de la producci\u00f3n y ahorra costes de mano de obra y tiempo.<\/li>\n\n\n\n<li><strong>F\u00e1cil de abrir, de tama\u00f1o compacto: <\/strong>Nuestra pel\u00edcula impresa personalizada para la tapa de la taza de barro est\u00e1 hecha de un material especial, que es f\u00e1cil de abrir. El producto final es compacto y c\u00f3modo de llevar.<\/li>\n\n\n\n<li><strong>Estructura termosellada por una sola cara, sellado resistente: <\/strong>El dise\u00f1o termosellable de una de las caras de nuestra pel\u00edcula de sellado de vasos a medida garantiza que el envase quede bien ajustado, evita que el producto se humedezca y deteriore, y garantiza la seguridad del almacenamiento y el transporte.<\/li>\n\n\n\n<li><strong>Admite diversos procesos de superficie para mejorar los efectos visuales:<\/strong> Nuestros films de tapa personalizados pueden elegir procesos de impresi\u00f3n especiales como mate, brillo, luz local UV, etc., para mejorar la estratificaci\u00f3n del envase y el reconocimiento de la marca.<\/li>\n\n\n\n<li><strong>Adecuada para una gran variedad de tama\u00f1os y formas de productos, gran flexibilidad: <\/strong>Nuestra pel\u00edcula de sellado de vasos a medida se puede personalizar con patrones de impresi\u00f3n y especificaciones seg\u00fan las necesidades del cliente, adecuada para cualquier producto de diferentes tama\u00f1os y formas.<\/li>\n<\/ul>\n\n\n\n<div class=\"wp-block-columns is-layout-flex wp-container-core-columns-is-layout-9d6595d7 wp-block-columns-is-layout-flex\">\n<div class=\"wp-block-column is-layout-flow wp-block-column-is-layout-flow\">\n<figure class=\"wp-block-image size-full\"><img decoding=\"async\" width=\"750\" height=\"750\" src=\"https:\/\/www.stanleypackage.com\/wp-content\/uploads\/2025\/08\/Customized-Printed-Cup-Lid-FilmTravel-Face-Mask-Packaging.webp\" alt=\"Pel\u00edcula de sellado de la taza de encargo, pel\u00edcula de la tapa de la taza de la m\u00e1scara del fango del recorrido-1\" class=\"wp-image-2732\" srcset=\"https:\/\/www.stanleypackage.com\/wp-content\/uploads\/2025\/08\/Customized-Printed-Cup-Lid-FilmTravel-Face-Mask-Packaging.webp 750w, https:\/\/www.stanleypackage.com\/wp-content\/uploads\/2025\/08\/Customized-Printed-Cup-Lid-FilmTravel-Face-Mask-Packaging-300x300.webp 300w, https:\/\/www.stanleypackage.com\/wp-content\/uploads\/2025\/08\/Customized-Printed-Cup-Lid-FilmTravel-Face-Mask-Packaging-150x150.webp 150w, https:\/\/www.stanleypackage.com\/wp-content\/uploads\/2025\/08\/Customized-Printed-Cup-Lid-FilmTravel-Face-Mask-Packaging-12x12.webp 12w, https:\/\/www.stanleypackage.com\/wp-content\/uploads\/2025\/08\/Customized-Printed-Cup-Lid-FilmTravel-Face-Mask-Packaging-600x600.webp 600w, https:\/\/www.stanleypackage.com\/wp-content\/uploads\/2025\/08\/Customized-Printed-Cup-Lid-FilmTravel-Face-Mask-Packaging-100x100.webp 100w\" sizes=\"(max-width: 750px) 100vw, 750px\" \/><\/figure>\n<\/div>\n\n\n\n<div class=\"wp-block-column is-layout-flow wp-block-column-is-layout-flow\">\n<figure class=\"wp-block-image size-full\"><img decoding=\"async\" width=\"750\" height=\"750\" src=\"https:\/\/www.stanleypackage.com\/wp-content\/uploads\/2025\/08\/Customized-Printed-Cup-Lid-FilmTravel-Face-Mask-Packaging-2.webp\" alt=\"\" class=\"wp-image-2733\" srcset=\"https:\/\/www.stanleypackage.com\/wp-content\/uploads\/2025\/08\/Customized-Printed-Cup-Lid-FilmTravel-Face-Mask-Packaging-2.webp 750w, https:\/\/www.stanleypackage.com\/wp-content\/uploads\/2025\/08\/Customized-Printed-Cup-Lid-FilmTravel-Face-Mask-Packaging-2-300x300.webp 300w, https:\/\/www.stanleypackage.com\/wp-content\/uploads\/2025\/08\/Customized-Printed-Cup-Lid-FilmTravel-Face-Mask-Packaging-2-150x150.webp 150w, https:\/\/www.stanleypackage.com\/wp-content\/uploads\/2025\/08\/Customized-Printed-Cup-Lid-FilmTravel-Face-Mask-Packaging-2-12x12.webp 12w, https:\/\/www.stanleypackage.com\/wp-content\/uploads\/2025\/08\/Customized-Printed-Cup-Lid-FilmTravel-Face-Mask-Packaging-2-600x600.webp 600w, https:\/\/www.stanleypackage.com\/wp-content\/uploads\/2025\/08\/Customized-Printed-Cup-Lid-FilmTravel-Face-Mask-Packaging-2-100x100.webp 100w\" sizes=\"(max-width: 750px) 100vw, 750px\" \/><\/figure>\n<\/div>\n<\/div>\n<\/div>\n<\/div>","protected":false},"excerpt":{"rendered":"<p>Bienvenido a comprar film de sellado de vasos a medida. Este film para tapar vasos de barro con m\u00e1scara personalizada admite la personalizaci\u00f3n de la marca para satisfacer diversas necesidades de envasado. Soporta una variedad de efectos de proceso especiales tales como mate, brillante, UV, etc..<\/p>\n<table style=\"border-collapse: collapse; width: 327.77pt;\" border=\"0\" width=\"437\" cellspacing=\"0\" cellpadding=\"0\">\n<tbody>\n<tr style=\"height: 12.75pt;\">\n<td class=\"et2\" style=\"height: 12.75pt; width: 91.40pt;\" width=\"121\" height=\"17\">Fabricante<\/td>\n<td class=\"et2\" style=\"width: 237.00pt;\" width=\"316\">Stanley<\/td>\n<\/tr>\n<tr style=\"height: 12.75pt;\">\n<td class=\"et2\" style=\"height: 12.75pt; width: 91.40pt;\" width=\"121\" height=\"17\">Tipos de bolsas<\/td>\n<td class=\"et3\">pel\u00edcula para envasado en bolsas<\/td>\n<\/tr>\n<tr style=\"height: 12.75pt;\">\n<td class=\"et2\" style=\"height: 12.75pt; width: 91.40pt;\" width=\"121\" height=\"17\">Material<\/td>\n<td class=\"et2\" style=\"width: 237.00pt;\" width=\"316\">PET19\/AL7\/PET<span class=\"font1\">\u6dcb<\/span><span class=\"font0\">EVA75<\/span><\/td>\n<\/tr>\n<tr style=\"height: 12.75pt;\">\n<td class=\"et2\" style=\"height: 12.75pt; width: 91.40pt;\" width=\"121\" height=\"17\">Reportaje especial<\/td>\n<td class=\"et2\" style=\"width: 237.00pt;\" width=\"316\">Envasado autom\u00e1tico<\/td>\n<\/tr>\n<tr style=\"height: 12.75pt;\">\n<td class=\"et2\" style=\"height: 12.75pt; width: 91.40pt;\" width=\"121\" height=\"17\">Manipulaci\u00f3n de superficies<\/td>\n<td class=\"et2\" style=\"width: 237.00pt;\" width=\"316\">Impresi\u00f3n en huecograbado<\/td>\n<\/tr>\n<tr style=\"height: 12.75pt;\">\n<td class=\"et2\" style=\"height: 12.75pt; width: 91.40pt;\" width=\"121\" height=\"17\">Color<\/td>\n<td class=\"et2\" style=\"width: 237.00pt;\" width=\"316\">Hasta 10 colores<\/td>\n<\/tr>\n<tr style=\"height: 12.75pt;\">\n<td class=\"et2\" style=\"height: 12.75pt; width: 91.40pt;\" width=\"121\" height=\"17\">Utilizaci\u00f3n<\/td>\n<td class=\"et3\">Mascarilla Facial, Crema de Ojos, Crema Solar<\/td>\n<\/tr>\n<tr style=\"height: 12.75pt;\">\n<td class=\"et2\" style=\"height: 12.75pt; width: 91.40pt;\" width=\"121\" height=\"17\">MOQ<\/td>\n<td class=\"et2\" style=\"width: 237.00pt;\" width=\"316\">50.000 unidades<\/td>\n<\/tr>\n<tr style=\"height: 12.75pt;\">\n<td class=\"et2\" style=\"height: 12.75pt; width: 91.40pt;\" width=\"121\" height=\"17\">Pedido a medida<\/td>\n<td class=\"et2\" style=\"width: 237.00pt;\" width=\"316\">Acepta OEM , Soporte Muestra gratis<\/td>\n<\/tr>\n<\/tbody>\n<\/table>","protected":false},"featured_media":2736,"comment_status":"closed","ping_status":"closed","template":"","meta":{"_acf_changed":false},"product_brand":[],"product_cat":[26,25],"product_tag":[],"class_list":{"0":"post-2731","1":"product","2":"type-product","3":"status-publish","4":"has-post-thumbnail","6":"product_cat-packaging-film-manufacturer","7":"product_cat-lidding-film-manufacturer","8":"pa_non-food-packaging-cosmetic-packaging-pouches","9":"pa_non-food-packaging-hotel-supplies-packaging","11":"first","12":"instock","13":"shipping-taxable","14":"product-type-simple"},"acf":[],"_links":{"self":[{"href":"https:\/\/www.stanleypackage.com\/es\/wp-json\/wp\/v2\/product\/2731","targetHints":{"allow":["GET"]}}],"collection":[{"href":"https:\/\/www.stanleypackage.com\/es\/wp-json\/wp\/v2\/product"}],"about":[{"href":"https:\/\/www.stanleypackage.com\/es\/wp-json\/wp\/v2\/types\/product"}],"replies":[{"embeddable":true,"href":"https:\/\/www.stanleypackage.com\/es\/wp-json\/wp\/v2\/comments?post=2731"}],"wp:featuredmedia":[{"embeddable":true,"href":"https:\/\/www.stanleypackage.com\/es\/wp-json\/wp\/v2\/media\/2736"}],"wp:attachment":[{"href":"https:\/\/www.stanleypackage.com\/es\/wp-json\/wp\/v2\/media?parent=2731"}],"wp:term":[{"taxonomy":"product_brand","embeddable":true,"href":"https:\/\/www.stanleypackage.com\/es\/wp-json\/wp\/v2\/product_brand?post=2731"},{"taxonomy":"product_cat","embeddable":true,"href":"https:\/\/www.stanleypackage.com\/es\/wp-json\/wp\/v2\/product_cat?post=2731"},{"taxonomy":"product_tag","embeddable":true,"href":"https:\/\/www.stanleypackage.com\/es\/wp-json\/wp\/v2\/product_tag?post=2731"}],"curies":[{"name":"wp","href":"https:\/\/api.w.org\/{rel}","templated":true}]}}