{"id":2738,"date":"2025-08-27T06:56:48","date_gmt":"2025-08-27T06:56:48","guid":{"rendered":"https:\/\/www.stanleypackage.com\/?post_type=product&#038;p=2738"},"modified":"2025-08-27T06:58:17","modified_gmt":"2025-08-27T06:58:17","slug":"vented-produce-bags-wholesale","status":"publish","type":"product","link":"https:\/\/www.stanleypackage.com\/es\/product\/vented-produce-bags-wholesale\/","title":{"rendered":"Bolsas para frutas y verduras al por mayor, bolsas personalizadas para frutas y verduras"},"content":{"rendered":"<div class=\"wp-block-columns is-layout-flex wp-container-core-columns-is-layout-9d6595d7 wp-block-columns-is-layout-flex\">\n<div class=\"wp-block-column is-layout-flow wp-block-column-is-layout-flow\">\n<h2 class=\"wp-block-heading\">Caracter\u00edsticas de las bolsas ventiladas para productos al por mayor<\/h2>\n\n\n\n<ul class=\"wp-block-list\">\n<li><strong>Bolsas de pie, f\u00e1ciles de exponer y almacenar:<\/strong> Estas bolsas ventiladas para productos al por mayor tienen una estructura de base lisa que mejora la exposici\u00f3n en los estantes, ahorra espacio de almacenamiento y facilita las ventas finales.<\/li>\n\n\n\n<li><strong>Equipado con orificios de ventilaci\u00f3n: <\/strong>Estas bolsas personalizadas para envasar fruta fresca est\u00e1n equipadas con una cremallera y orificios de ventilaci\u00f3n para reducir la humedad almacenada en su interior y evitar que las frutas se pudran.<\/li>\n\n\n\n<li><strong>Dise\u00f1o de cremallera, el sellado repetido es m\u00e1s conveniente: <\/strong>Nuestras bolsas ventiladas para productos al por mayor est\u00e1n equipadas con una cremallera sellada, que resulta c\u00f3moda para abrir y cerrar las bolsas varias veces, manteniendo el contenido higi\u00e9nico y fresco, y mejorando la experiencia del consumidor.<\/li>\n\n\n\n<li><strong>Dise\u00f1o con orificio para el asa, c\u00f3modo de llevar: <\/strong>Nuestras bolsas personalizadas para el envasado de fruta fresca est\u00e1n equipadas con un orificio para el asa, que facilita a los usuarios el transporte de los alimentos, mejorando su practicidad.<\/li>\n\n\n\n<li><strong>Apoyar la personalizaci\u00f3n de la marca para satisfacer diversas necesidades de envasado:<\/strong> Nuestras bolsas ventiladas personalizadas para productos al por mayor admiten impresi\u00f3n, patrones y capacidad personalizados para satisfacer las necesidades de envasado exclusivas de los clientes.<\/li>\n<\/ul>\n\n\n\n<div class=\"wp-block-columns is-layout-flex wp-container-core-columns-is-layout-9d6595d7 wp-block-columns-is-layout-flex\">\n<div class=\"wp-block-column is-layout-flow wp-block-column-is-layout-flow\">\n<figure class=\"wp-block-image size-full\"><img decoding=\"async\" width=\"750\" height=\"750\" src=\"https:\/\/www.stanleypackage.com\/wp-content\/uploads\/2025\/08\/Custom-Fruit-Pouches-Wholesale-Stand-Up-Zipper-Pouch-2.webp\" alt=\"Bolsas de frutas y verduras al por mayor, bolsas de frutas y verduras al por mayor-3\" class=\"wp-image-2741\" srcset=\"https:\/\/www.stanleypackage.com\/wp-content\/uploads\/2025\/08\/Custom-Fruit-Pouches-Wholesale-Stand-Up-Zipper-Pouch-2.webp 750w, https:\/\/www.stanleypackage.com\/wp-content\/uploads\/2025\/08\/Custom-Fruit-Pouches-Wholesale-Stand-Up-Zipper-Pouch-2-300x300.webp 300w, https:\/\/www.stanleypackage.com\/wp-content\/uploads\/2025\/08\/Custom-Fruit-Pouches-Wholesale-Stand-Up-Zipper-Pouch-2-150x150.webp 150w, https:\/\/www.stanleypackage.com\/wp-content\/uploads\/2025\/08\/Custom-Fruit-Pouches-Wholesale-Stand-Up-Zipper-Pouch-2-12x12.webp 12w, https:\/\/www.stanleypackage.com\/wp-content\/uploads\/2025\/08\/Custom-Fruit-Pouches-Wholesale-Stand-Up-Zipper-Pouch-2-600x600.webp 600w, https:\/\/www.stanleypackage.com\/wp-content\/uploads\/2025\/08\/Custom-Fruit-Pouches-Wholesale-Stand-Up-Zipper-Pouch-2-100x100.webp 100w\" sizes=\"(max-width: 750px) 100vw, 750px\" \/><\/figure>\n<\/div>\n\n\n\n<div class=\"wp-block-column is-layout-flow wp-block-column-is-layout-flow\">\n<figure class=\"wp-block-image size-full\"><img decoding=\"async\" width=\"750\" height=\"750\" src=\"https:\/\/www.stanleypackage.com\/wp-content\/uploads\/2025\/08\/Custom-Fruit-Pouches-Wholesale-Stand-Up-Zipper-Pouch-3.webp\" alt=\"\" class=\"wp-image-2740\" srcset=\"https:\/\/www.stanleypackage.com\/wp-content\/uploads\/2025\/08\/Custom-Fruit-Pouches-Wholesale-Stand-Up-Zipper-Pouch-3.webp 750w, https:\/\/www.stanleypackage.com\/wp-content\/uploads\/2025\/08\/Custom-Fruit-Pouches-Wholesale-Stand-Up-Zipper-Pouch-3-300x300.webp 300w, https:\/\/www.stanleypackage.com\/wp-content\/uploads\/2025\/08\/Custom-Fruit-Pouches-Wholesale-Stand-Up-Zipper-Pouch-3-150x150.webp 150w, https:\/\/www.stanleypackage.com\/wp-content\/uploads\/2025\/08\/Custom-Fruit-Pouches-Wholesale-Stand-Up-Zipper-Pouch-3-12x12.webp 12w, https:\/\/www.stanleypackage.com\/wp-content\/uploads\/2025\/08\/Custom-Fruit-Pouches-Wholesale-Stand-Up-Zipper-Pouch-3-600x600.webp 600w, https:\/\/www.stanleypackage.com\/wp-content\/uploads\/2025\/08\/Custom-Fruit-Pouches-Wholesale-Stand-Up-Zipper-Pouch-3-100x100.webp 100w\" sizes=\"(max-width: 750px) 100vw, 750px\" \/><\/figure>\n<\/div>\n<\/div>\n<\/div>\n<\/div>","protected":false},"excerpt":{"rendered":"<p>Bienvenido a comprar bolsas ventiladas para frutas y verduras al por mayor. Nuestras bolsas personalizadas para el envasado de fruta fresca est\u00e1n equipadas con orificios de ventilaci\u00f3n, una cremallera sellada con una s\u00f3lida base autoportante. Tiene ventilaci\u00f3n y resistencia a la humedad, y admite impresi\u00f3n personalizada.<\/p>\n<table style=\"border-collapse: collapse; width: 327.77pt;\" border=\"0\" width=\"437\" cellspacing=\"0\" cellpadding=\"0\">\n<tbody>\n<tr style=\"height: 12.75pt;\">\n<td class=\"et2\" style=\"height: 12.75pt; width: 91.40pt;\" width=\"121\" height=\"17\">Fabricante<\/td>\n<td class=\"et2\" style=\"width: 237.00pt;\" width=\"316\">Stanley<\/td>\n<\/tr>\n<tr style=\"height: 12.75pt;\">\n<td class=\"et2\" style=\"height: 12.75pt; width: 91.40pt;\" width=\"121\" height=\"17\">Tipos de bolsas<\/td>\n<td class=\"et3\">Bolsas ventiladas para frutas y verduras, bolsa con cremallera<\/td>\n<\/tr>\n<tr style=\"height: 12.75pt;\">\n<td class=\"et2\" style=\"height: 12.75pt; width: 91.40pt;\" width=\"121\" height=\"17\">Material<\/td>\n<td class=\"et2\" style=\"width: 237.00pt;\" width=\"316\">PET12\/CPP45<\/td>\n<\/tr>\n<tr style=\"height: 12.75pt;\">\n<td class=\"et2\" style=\"height: 12.75pt; width: 91.40pt;\" width=\"121\" height=\"17\">Reportaje especial<\/td>\n<td class=\"et2\" style=\"width: 237.00pt;\" width=\"316\">Autoportante, Orificios de ventilaci\u00f3n, Cremallera, Orificio para asa<\/td>\n<\/tr>\n<tr style=\"height: 12.75pt;\">\n<td class=\"et2\" style=\"height: 12.75pt; width: 91.40pt;\" width=\"121\" height=\"17\">Manipulaci\u00f3n de superficies<\/td>\n<td class=\"et2\" style=\"width: 237.00pt;\" width=\"316\">Impresi\u00f3n en huecograbado<\/td>\n<\/tr>\n<tr style=\"height: 12.75pt;\">\n<td class=\"et2\" style=\"height: 12.75pt; width: 91.40pt;\" width=\"121\" height=\"17\">Color<\/td>\n<td class=\"et2\" style=\"width: 237.00pt;\" width=\"316\">Hasta 10 colores<\/td>\n<\/tr>\n<tr style=\"height: 12.75pt;\">\n<td class=\"et2\" style=\"height: 12.75pt; width: 91.40pt;\" width=\"121\" height=\"17\">Utilizaci\u00f3n<\/td>\n<td class=\"et3\">Manzana, pera, melocot\u00f3n y otras frutas<\/td>\n<\/tr>\n<tr style=\"height: 12.75pt;\">\n<td class=\"et2\" style=\"height: 12.75pt; width: 91.40pt;\" width=\"121\" height=\"17\">MOQ<\/td>\n<td class=\"et2\" style=\"width: 237.00pt;\" width=\"316\">50.000 unidades<\/td>\n<\/tr>\n<tr style=\"height: 12.75pt;\">\n<td class=\"et2\" style=\"height: 12.75pt; width: 91.40pt;\" width=\"121\" height=\"17\">Pedido a medida<\/td>\n<td class=\"et2\" style=\"width: 237.00pt;\" width=\"316\">Aceptamos OEM, Soporte Muestra gratis<\/td>\n<\/tr>\n<\/tbody>\n<\/table>","protected":false},"featured_media":2739,"comment_status":"closed","ping_status":"closed","template":"","meta":{"_acf_changed":false},"product_brand":[],"product_cat":[18,30],"product_tag":[],"class_list":{"0":"post-2738","1":"product","2":"type-product","3":"status-publish","4":"has-post-thumbnail","6":"product_cat-zipper-pouch-manufacturer","7":"product_cat-stand-up-pouch-manufacturer","8":"pa_food-packaging-vented-produce-pouch","10":"first","11":"instock","12":"shipping-taxable","13":"product-type-simple"},"acf":[],"_links":{"self":[{"href":"https:\/\/www.stanleypackage.com\/es\/wp-json\/wp\/v2\/product\/2738","targetHints":{"allow":["GET"]}}],"collection":[{"href":"https:\/\/www.stanleypackage.com\/es\/wp-json\/wp\/v2\/product"}],"about":[{"href":"https:\/\/www.stanleypackage.com\/es\/wp-json\/wp\/v2\/types\/product"}],"replies":[{"embeddable":true,"href":"https:\/\/www.stanleypackage.com\/es\/wp-json\/wp\/v2\/comments?post=2738"}],"wp:featuredmedia":[{"embeddable":true,"href":"https:\/\/www.stanleypackage.com\/es\/wp-json\/wp\/v2\/media\/2739"}],"wp:attachment":[{"href":"https:\/\/www.stanleypackage.com\/es\/wp-json\/wp\/v2\/media?parent=2738"}],"wp:term":[{"taxonomy":"product_brand","embeddable":true,"href":"https:\/\/www.stanleypackage.com\/es\/wp-json\/wp\/v2\/product_brand?post=2738"},{"taxonomy":"product_cat","embeddable":true,"href":"https:\/\/www.stanleypackage.com\/es\/wp-json\/wp\/v2\/product_cat?post=2738"},{"taxonomy":"product_tag","embeddable":true,"href":"https:\/\/www.stanleypackage.com\/es\/wp-json\/wp\/v2\/product_tag?post=2738"}],"curies":[{"name":"wp","href":"https:\/\/api.w.org\/{rel}","templated":true}]}}