{"id":2745,"date":"2025-09-04T08:47:07","date_gmt":"2025-09-04T08:47:07","guid":{"rendered":"https:\/\/www.stanleypackage.com\/?post_type=product&#038;p=2745"},"modified":"2025-09-04T08:47:38","modified_gmt":"2025-09-04T08:47:38","slug":"custom-wet-wipe-packaging","status":"publish","type":"product","link":"https:\/\/www.stanleypackage.com\/es\/product\/custom-wet-wipe-packaging\/","title":{"rendered":"Embalaje a medida para toallitas h\u00famedas, Bolsa lateral para toallitas h\u00famedas"},"content":{"rendered":"<div class=\"wp-block-columns is-layout-flex wp-container-core-columns-is-layout-9d6595d7 wp-block-columns-is-layout-flex\">\n<div class=\"wp-block-column is-layout-flow wp-block-column-is-layout-flow\">\n<h2 class=\"wp-block-heading\">Caracter\u00edsticas de los envases personalizados para toallitas h\u00famedas<\/h2>\n\n\n\n<ul class=\"wp-block-list\">\n<li><strong>Estructura de material de alta calidad: <\/strong>Este envase personalizado para toallitas h\u00famedas adopta una estructura compuesta de PET12\/MBPE78, con buena barrera, resistencia a la humedad y resistencia a la perforaci\u00f3n, para garantizar que la humedad de las toallitas h\u00famedas no se evapore.<\/li>\n\n\n\n<li><strong>Dise\u00f1o de junta trasera: <\/strong>La estructura de sellado posterior de estos envases personalizados para toallitas h\u00famedas es bonita y ordenada, adecuada para m\u00e1quinas de envasado autom\u00e1tico, conveniente para la producci\u00f3n en masa y mejora la eficiencia del envasado.<\/li>\n\n\n\n<li><strong>Equipado con una abertura para toallitas h\u00famedas: <\/strong>Nuestros envases personalizados para toallitas h\u00famedas est\u00e1n equipados con una abertura para toallitas que permite una extracci\u00f3n c\u00f3moda y precisa, evitando desperdicios.<\/li>\n\n\n\n<li><strong>Impresi\u00f3n en huecograbado a doble cara: <\/strong>Nuestros envases flexibles personalizados para toallitas h\u00famedas admiten una exquisita impresi\u00f3n en color a doble cara, con patrones claros y completos, que mejoran la imagen de marca y el atractivo en los estantes.<\/li>\n\n\n\n<li><strong>Varios servicios personalizados: <\/strong>El tama\u00f1o, el patr\u00f3n de impresi\u00f3n, el tipo de bolsa y la estructura funcional pueden personalizarse seg\u00fan las necesidades del cliente para satisfacer las necesidades de envasado de diversos productos.<\/li>\n<\/ul>\n\n\n\n<div class=\"wp-block-columns is-layout-flex wp-container-core-columns-is-layout-9d6595d7 wp-block-columns-is-layout-flex\">\n<div class=\"wp-block-column is-layout-flow wp-block-column-is-layout-flow\">\n<figure class=\"wp-block-image size-full\"><img decoding=\"async\" width=\"750\" height=\"750\" src=\"https:\/\/www.stanleypackage.com\/wp-content\/uploads\/2025\/08\/Custom-Back-Seal-Flexible-Packaging-for-Wet-Wipes-2.webp\" alt=\"\" class=\"wp-image-2746\" srcset=\"https:\/\/www.stanleypackage.com\/wp-content\/uploads\/2025\/08\/Custom-Back-Seal-Flexible-Packaging-for-Wet-Wipes-2.webp 750w, https:\/\/www.stanleypackage.com\/wp-content\/uploads\/2025\/08\/Custom-Back-Seal-Flexible-Packaging-for-Wet-Wipes-2-300x300.webp 300w, https:\/\/www.stanleypackage.com\/wp-content\/uploads\/2025\/08\/Custom-Back-Seal-Flexible-Packaging-for-Wet-Wipes-2-150x150.webp 150w, https:\/\/www.stanleypackage.com\/wp-content\/uploads\/2025\/08\/Custom-Back-Seal-Flexible-Packaging-for-Wet-Wipes-2-12x12.webp 12w, https:\/\/www.stanleypackage.com\/wp-content\/uploads\/2025\/08\/Custom-Back-Seal-Flexible-Packaging-for-Wet-Wipes-2-600x600.webp 600w, https:\/\/www.stanleypackage.com\/wp-content\/uploads\/2025\/08\/Custom-Back-Seal-Flexible-Packaging-for-Wet-Wipes-2-100x100.webp 100w\" sizes=\"(max-width: 750px) 100vw, 750px\" \/><\/figure>\n<\/div>\n\n\n\n<div class=\"wp-block-column is-layout-flow wp-block-column-is-layout-flow\">\n<figure class=\"wp-block-image size-full\"><img decoding=\"async\" width=\"632\" height=\"635\" src=\"https:\/\/www.stanleypackage.com\/wp-content\/uploads\/2025\/08\/Custom-Back-Seal-Flexible-Packaging-for-Wet-Wipes-3.webp\" alt=\"\" class=\"wp-image-2747\" srcset=\"https:\/\/www.stanleypackage.com\/wp-content\/uploads\/2025\/08\/Custom-Back-Seal-Flexible-Packaging-for-Wet-Wipes-3.webp 632w, https:\/\/www.stanleypackage.com\/wp-content\/uploads\/2025\/08\/Custom-Back-Seal-Flexible-Packaging-for-Wet-Wipes-3-300x300.webp 300w, https:\/\/www.stanleypackage.com\/wp-content\/uploads\/2025\/08\/Custom-Back-Seal-Flexible-Packaging-for-Wet-Wipes-3-150x150.webp 150w, https:\/\/www.stanleypackage.com\/wp-content\/uploads\/2025\/08\/Custom-Back-Seal-Flexible-Packaging-for-Wet-Wipes-3-12x12.webp 12w, https:\/\/www.stanleypackage.com\/wp-content\/uploads\/2025\/08\/Custom-Back-Seal-Flexible-Packaging-for-Wet-Wipes-3-600x603.webp 600w, https:\/\/www.stanleypackage.com\/wp-content\/uploads\/2025\/08\/Custom-Back-Seal-Flexible-Packaging-for-Wet-Wipes-3-100x100.webp 100w\" sizes=\"(max-width: 632px) 100vw, 632px\" \/><\/figure>\n<\/div>\n<\/div>\n<\/div>\n<\/div>","protected":false},"excerpt":{"rendered":"<p>Le invitamos a solicitar envases personalizados para toallitas h\u00famedas. Nuestra bolsa de fuelle lateral para toallitas h\u00famedas tiene una buena adaptabilidad de sellado e impresi\u00f3n, est\u00e1 equipada con una abertura para toallitas h\u00famedas, es f\u00e1cil de abrir y es adecuada para l\u00edneas de envasado automatizadas.<\/p>\n<table style=\"border-collapse: collapse; width: 365.02pt;\" border=\"0\" width=\"365\" cellspacing=\"0\" cellpadding=\"0\">\n<tbody>\n<tr style=\"height: 16.00pt;\">\n<td class=\"et2\" style=\"height: 16.00pt; width: 97.50pt;\" width=\"97\" height=\"16\">Fabricante<\/td>\n<td class=\"et2\" style=\"width: 267.50pt;\" width=\"267\">Stanley<\/td>\n<\/tr>\n<tr style=\"height: 16.00pt;\">\n<td class=\"et2\" style=\"height: 16.00pt; width: 97.50pt;\" width=\"97\" height=\"16\">Tipos de bolsas<\/td>\n<td class=\"et2\" style=\"width: 267.50pt;\" width=\"267\">Bolsa de cierre posterior,\u00a0<\/td>\n<\/tr>\n<tr style=\"height: 16.00pt;\">\n<td class=\"et2\" style=\"height: 16.00pt; width: 97.50pt;\" width=\"97\" height=\"16\">Material<\/td>\n<td class=\"et2\" style=\"width: 267.50pt;\" width=\"267\">PET12\/MBPE78<\/td>\n<\/tr>\n<tr style=\"height: 16.00pt;\">\n<td class=\"et2\" style=\"height: 16.00pt; width: 97.50pt;\" width=\"97\" height=\"16\">Reportaje especial<\/td>\n<td class=\"et2\" style=\"width: 267.50pt;\" width=\"267\">Muesca de desgarro, relleno superior<\/td>\n<\/tr>\n<tr style=\"height: 16.00pt;\">\n<td class=\"et2\" style=\"height: 16.00pt; width: 97.50pt;\" width=\"97\" height=\"16\">Manipulaci\u00f3n de superficies<\/td>\n<td class=\"et2\" style=\"width: 267.50pt;\" width=\"267\">Impresi\u00f3n en huecograbado<\/td>\n<\/tr>\n<tr style=\"height: 16.00pt;\">\n<td class=\"et2\" style=\"height: 16.00pt; width: 97.50pt;\" width=\"97\" height=\"16\">Color<\/td>\n<td class=\"et2\" style=\"width: 267.50pt;\" width=\"267\">Impresi\u00f3n a doble cara, hasta 10 colores<\/td>\n<\/tr>\n<tr style=\"height: 16.00pt;\">\n<td class=\"et2\" style=\"height: 16.00pt; width: 97.50pt;\" width=\"97\" height=\"16\">Utilizaci\u00f3n<\/td>\n<td class=\"et2\" style=\"width: 267.50pt;\" width=\"267\">toallitas h\u00famedas, pa\u00f1uelos<\/td>\n<\/tr>\n<tr style=\"height: 16.00pt;\">\n<td class=\"et2\" style=\"height: 16.00pt; width: 97.50pt;\" width=\"97\" height=\"16\">MOQ<\/td>\n<td class=\"et2\" style=\"width: 267.50pt;\" width=\"267\">50.000 unidades<\/td>\n<\/tr>\n<tr style=\"height: 16.00pt;\">\n<td class=\"et2\" style=\"height: 16.00pt; width: 97.50pt;\" width=\"97\" height=\"16\">Pedido a medida<\/td>\n<td class=\"et2\" style=\"width: 267.50pt;\" width=\"267\">Aceptamos OEM y ODM, Muestras gratuitas<\/td>\n<\/tr>\n<\/tbody>\n<\/table>\n<p>&nbsp;<\/p>","protected":false},"featured_media":2750,"comment_status":"closed","ping_status":"closed","template":"","meta":{"_acf_changed":false},"product_brand":[],"product_cat":[59,31,17],"product_tag":[],"class_list":{"0":"post-2745","1":"product","2":"type-product","3":"status-publish","4":"has-post-thumbnail","6":"product_cat-pillow-pouch-manufacturer","7":"product_cat-lay-flat-pouch-manufacturer","8":"product_cat-gusset-bag-manufacturer","9":"pa_non-food-packaging-wet-wipe-packaging","10":"pa_non-food-packaging-cosmetic-packaging-pouches","12":"first","13":"instock","14":"shipping-taxable","15":"product-type-simple"},"acf":[],"_links":{"self":[{"href":"https:\/\/www.stanleypackage.com\/es\/wp-json\/wp\/v2\/product\/2745","targetHints":{"allow":["GET"]}}],"collection":[{"href":"https:\/\/www.stanleypackage.com\/es\/wp-json\/wp\/v2\/product"}],"about":[{"href":"https:\/\/www.stanleypackage.com\/es\/wp-json\/wp\/v2\/types\/product"}],"replies":[{"embeddable":true,"href":"https:\/\/www.stanleypackage.com\/es\/wp-json\/wp\/v2\/comments?post=2745"}],"wp:featuredmedia":[{"embeddable":true,"href":"https:\/\/www.stanleypackage.com\/es\/wp-json\/wp\/v2\/media\/2750"}],"wp:attachment":[{"href":"https:\/\/www.stanleypackage.com\/es\/wp-json\/wp\/v2\/media?parent=2745"}],"wp:term":[{"taxonomy":"product_brand","embeddable":true,"href":"https:\/\/www.stanleypackage.com\/es\/wp-json\/wp\/v2\/product_brand?post=2745"},{"taxonomy":"product_cat","embeddable":true,"href":"https:\/\/www.stanleypackage.com\/es\/wp-json\/wp\/v2\/product_cat?post=2745"},{"taxonomy":"product_tag","embeddable":true,"href":"https:\/\/www.stanleypackage.com\/es\/wp-json\/wp\/v2\/product_tag?post=2745"}],"curies":[{"name":"wp","href":"https:\/\/api.w.org\/{rel}","templated":true}]}}