{"id":2753,"date":"2025-09-04T07:58:51","date_gmt":"2025-09-04T07:58:51","guid":{"rendered":"https:\/\/www.stanleypackage.com\/?post_type=product&#038;p=2753"},"modified":"2025-09-04T07:58:58","modified_gmt":"2025-09-04T07:58:58","slug":"custom-coffee-bags-with-valve","status":"publish","type":"product","link":"https:\/\/www.stanleypackage.com\/es\/product\/custom-coffee-bags-with-valve\/","title":{"rendered":"Bolsas de Caf\u00e9 con V\u00e1lvula, Bolsas con Fondo de Caja al por mayor"},"content":{"rendered":"<div class=\"wp-block-columns is-layout-flex wp-container-core-columns-is-layout-9d6595d7 wp-block-columns-is-layout-flex\">\n<div class=\"wp-block-column is-layout-flow wp-block-column-is-layout-flow\">\n<h2 class=\"wp-block-heading\">Features of Custom Coffee Bags with Valve<\/h2>\n\n\n\n<ul class=\"wp-block-list\">\n<li><strong>Estructura de sellado de ocho lados: <\/strong>The eight-sided seal structure of these custom coffee bags with valve increases the stability and visual appearance of the bag shape, and makes it shelf attractive.<\/li>\n\n\n\n<li><strong>Dise\u00f1o con cremallera resellable: <\/strong>These wholesale flat bottom pouches are equipped with a high-quality zipper, which is easy to open and close and re-use, thus increasing the shelf life of the product.<\/li>\n\n\n\n<li><strong>Material multicapa de alta barrera:<\/strong> The front and back of this custom coffee bags with valve are made of PET12\/AL7\/PE100 material, and the side is made of PET12\/AL7\/PE100 material, which is moisture-proof, anti-oxidation, and light-proof to protect the fresh taste of oats.<\/li>\n\n\n\n<li><strong>V\u00e1lvula+ dise\u00f1o de llenado inferior: <\/strong>The valve desigin of these wholesale flat box bottom pouches is intended to release air, preventing air and moisture from entering the interior of the package, thereby preventing coffee from oxidizing and deteriorating. And the bottom filling is suitable for automated production lines, making bagging efficient and convenient.<\/li>\n\n\n\n<li><strong>Impresi\u00f3n en huecograbado de hasta 10 colores:<\/strong> Our custom coffee bags with valve supports high-precision multi-color gravure printing, with fine patterns and bright colors, to promote the brand image.<\/li>\n\n\n\n<li><strong>Se adapta a m\u00faltiples necesidades personalizadas:<\/strong> Las dimensiones, la impresi\u00f3n y el tipo de cremallera de nuestras bolsas de pie al por mayor pueden adaptarse bajo demanda a los diferentes requisitos de m\u00faltiples marcas y posicionamiento en el mercado.<\/li>\n<\/ul>\n\n\n\n<div class=\"wp-block-columns is-layout-flex wp-container-core-columns-is-layout-9d6595d7 wp-block-columns-is-layout-flex\">\n<div class=\"wp-block-column is-layout-flow wp-block-column-is-layout-flow\">\n<figure class=\"wp-block-image size-full\"><img decoding=\"async\" width=\"2448\" height=\"2448\" src=\"https:\/\/www.stanleypackage.com\/wp-content\/uploads\/2025\/08\/Custom-Flat-Bottom-Pouch-with-Zipper-Wholesale-Coffee-Valve-Bags-3.webp\" alt=\"\" class=\"wp-image-2754\" srcset=\"https:\/\/www.stanleypackage.com\/wp-content\/uploads\/2025\/08\/Custom-Flat-Bottom-Pouch-with-Zipper-Wholesale-Coffee-Valve-Bags-3.webp 2448w, https:\/\/www.stanleypackage.com\/wp-content\/uploads\/2025\/08\/Custom-Flat-Bottom-Pouch-with-Zipper-Wholesale-Coffee-Valve-Bags-3-300x300.webp 300w, https:\/\/www.stanleypackage.com\/wp-content\/uploads\/2025\/08\/Custom-Flat-Bottom-Pouch-with-Zipper-Wholesale-Coffee-Valve-Bags-3-150x150.webp 150w, https:\/\/www.stanleypackage.com\/wp-content\/uploads\/2025\/08\/Custom-Flat-Bottom-Pouch-with-Zipper-Wholesale-Coffee-Valve-Bags-3-768x768.webp 768w, https:\/\/www.stanleypackage.com\/wp-content\/uploads\/2025\/08\/Custom-Flat-Bottom-Pouch-with-Zipper-Wholesale-Coffee-Valve-Bags-3-12x12.webp 12w, https:\/\/www.stanleypackage.com\/wp-content\/uploads\/2025\/08\/Custom-Flat-Bottom-Pouch-with-Zipper-Wholesale-Coffee-Valve-Bags-3-1200x1200.webp 1200w, https:\/\/www.stanleypackage.com\/wp-content\/uploads\/2025\/08\/Custom-Flat-Bottom-Pouch-with-Zipper-Wholesale-Coffee-Valve-Bags-3-600x600.webp 600w, https:\/\/www.stanleypackage.com\/wp-content\/uploads\/2025\/08\/Custom-Flat-Bottom-Pouch-with-Zipper-Wholesale-Coffee-Valve-Bags-3-100x100.webp 100w\" sizes=\"(max-width: 2448px) 100vw, 2448px\" \/><\/figure>\n<\/div>\n\n\n\n<div class=\"wp-block-column is-layout-flow wp-block-column-is-layout-flow\">\n<figure class=\"wp-block-image size-full\"><img decoding=\"async\" width=\"750\" height=\"750\" src=\"https:\/\/www.stanleypackage.com\/wp-content\/uploads\/2025\/08\/Custom-Flat-Bottom-Pouch-with-Zipper-Wholesale-Coffee-Valve-Bags-2.webp\" alt=\"\" class=\"wp-image-2755\" srcset=\"https:\/\/www.stanleypackage.com\/wp-content\/uploads\/2025\/08\/Custom-Flat-Bottom-Pouch-with-Zipper-Wholesale-Coffee-Valve-Bags-2.webp 750w, https:\/\/www.stanleypackage.com\/wp-content\/uploads\/2025\/08\/Custom-Flat-Bottom-Pouch-with-Zipper-Wholesale-Coffee-Valve-Bags-2-300x300.webp 300w, https:\/\/www.stanleypackage.com\/wp-content\/uploads\/2025\/08\/Custom-Flat-Bottom-Pouch-with-Zipper-Wholesale-Coffee-Valve-Bags-2-150x150.webp 150w, https:\/\/www.stanleypackage.com\/wp-content\/uploads\/2025\/08\/Custom-Flat-Bottom-Pouch-with-Zipper-Wholesale-Coffee-Valve-Bags-2-12x12.webp 12w, https:\/\/www.stanleypackage.com\/wp-content\/uploads\/2025\/08\/Custom-Flat-Bottom-Pouch-with-Zipper-Wholesale-Coffee-Valve-Bags-2-600x600.webp 600w, https:\/\/www.stanleypackage.com\/wp-content\/uploads\/2025\/08\/Custom-Flat-Bottom-Pouch-with-Zipper-Wholesale-Coffee-Valve-Bags-2-100x100.webp 100w\" sizes=\"(max-width: 750px) 100vw, 750px\" \/><\/figure>\n<\/div>\n<\/div>\n<\/div>\n<\/div>","protected":false},"excerpt":{"rendered":"<p>Bienvenido a comprar al por mayor bolsas de fondo cuadrado. Nuestras bolsas de caf\u00e9 personalizadas con v\u00e1lvula son adecuadas para envasar productos como granos de caf\u00e9 y avena, y tienen excelentes propiedades de conservaci\u00f3n de la frescura y a prueba de humedad.<\/p>\n<table style=\"border-collapse: collapse; width: 365.02pt;\" border=\"0\" width=\"365\" cellspacing=\"0\" cellpadding=\"0\">\n<tbody>\n<tr style=\"height: 16.00pt;\">\n<td class=\"et2\" style=\"height: 16.00pt; width: 97.50pt;\" width=\"97\" height=\"16\">Fabricante<\/td>\n<td class=\"et2\" style=\"width: 267.50pt;\" width=\"267\">Stanley<\/td>\n<\/tr>\n<tr style=\"height: 16.00pt;\">\n<td class=\"et2\" style=\"height: 16.00pt; width: 97.50pt;\" width=\"97\" height=\"16\">Tipos de bolsas<\/td>\n<td class=\"et3\">8 Bolsa de fondo plano con cierre lateral, bolsa con cremallera<\/td>\n<\/tr>\n<tr style=\"height: 31.00pt;\">\n<td class=\"et2\" style=\"height: 31.00pt; width: 97.50pt;\" width=\"97\" height=\"31\">Material<\/td>\n<td class=\"et2\" style=\"width: 267.50pt;\" width=\"267\">Anverso y reverso: PET12\/AL7\/PE100<br \/>Laterales: PET12\/AL7\/PE100<\/td>\n<\/tr>\n<tr style=\"height: 16.00pt;\">\n<td class=\"et2\" style=\"height: 16.00pt; width: 97.50pt;\" width=\"97\" height=\"16\">Reportaje especial<\/td>\n<td class=\"et2\" style=\"width: 267.50pt;\" width=\"267\">Cremallera, v\u00e1lvula, relleno inferior<\/td>\n<\/tr>\n<tr style=\"height: 16.00pt;\">\n<td class=\"et2\" style=\"height: 16.00pt; width: 97.50pt;\" width=\"97\" height=\"16\">Manipulaci\u00f3n de superficies<\/td>\n<td class=\"et2\" style=\"width: 267.50pt;\" width=\"267\">Impresi\u00f3n en huecograbado<\/td>\n<\/tr>\n<tr style=\"height: 16.00pt;\">\n<td class=\"et2\" style=\"height: 16.00pt; width: 97.50pt;\" width=\"97\" height=\"16\">Color<\/td>\n<td class=\"et2\" style=\"width: 267.50pt;\" width=\"267\">Impresi\u00f3n a doble cara, hasta 10 colores<\/td>\n<\/tr>\n<tr style=\"height: 16.00pt;\">\n<td class=\"et2\" style=\"height: 16.00pt; width: 97.50pt;\" width=\"97\" height=\"16\">Utilizaci\u00f3n<\/td>\n<td class=\"et2\" style=\"width: 267.50pt;\" width=\"267\">Caf\u00e9 en grano, caf\u00e9 en polvo, harina de avena<\/td>\n<\/tr>\n<tr style=\"height: 16.00pt;\">\n<td class=\"et2\" style=\"height: 16.00pt; width: 97.50pt;\" width=\"97\" height=\"16\">MOQ<\/td>\n<td class=\"et2\" style=\"width: 267.50pt;\" width=\"267\">50.000 unidades<\/td>\n<\/tr>\n<tr style=\"height: 16.00pt;\">\n<td class=\"et2\" style=\"height: 16.00pt; width: 97.50pt;\" width=\"97\" height=\"16\">Pedido a medida<\/td>\n<td class=\"et2\" style=\"width: 267.50pt;\" width=\"267\">Aceptamos OEM, Soporte Muestra gratis<\/td>\n<\/tr>\n<\/tbody>\n<\/table>\n<p>&nbsp;<\/p>","protected":false},"featured_media":2757,"comment_status":"closed","ping_status":"closed","template":"","meta":{"_acf_changed":false},"product_brand":[],"product_cat":[24,18],"product_tag":[],"class_list":{"0":"post-2753","1":"product","2":"type-product","3":"status-publish","4":"has-post-thumbnail","6":"product_cat-flat-bottom-pouch-manufacturer","7":"product_cat-zipper-pouch-manufacturer","8":"pa_food-packaging-food-powder-packaging","9":"pa_food-packaging-oatmeal-pouch","10":"pa_food-packaging-coffee-packaging-pouch","12":"first","13":"instock","14":"shipping-taxable","15":"product-type-simple"},"acf":[],"_links":{"self":[{"href":"https:\/\/www.stanleypackage.com\/es\/wp-json\/wp\/v2\/product\/2753","targetHints":{"allow":["GET"]}}],"collection":[{"href":"https:\/\/www.stanleypackage.com\/es\/wp-json\/wp\/v2\/product"}],"about":[{"href":"https:\/\/www.stanleypackage.com\/es\/wp-json\/wp\/v2\/types\/product"}],"replies":[{"embeddable":true,"href":"https:\/\/www.stanleypackage.com\/es\/wp-json\/wp\/v2\/comments?post=2753"}],"wp:featuredmedia":[{"embeddable":true,"href":"https:\/\/www.stanleypackage.com\/es\/wp-json\/wp\/v2\/media\/2757"}],"wp:attachment":[{"href":"https:\/\/www.stanleypackage.com\/es\/wp-json\/wp\/v2\/media?parent=2753"}],"wp:term":[{"taxonomy":"product_brand","embeddable":true,"href":"https:\/\/www.stanleypackage.com\/es\/wp-json\/wp\/v2\/product_brand?post=2753"},{"taxonomy":"product_cat","embeddable":true,"href":"https:\/\/www.stanleypackage.com\/es\/wp-json\/wp\/v2\/product_cat?post=2753"},{"taxonomy":"product_tag","embeddable":true,"href":"https:\/\/www.stanleypackage.com\/es\/wp-json\/wp\/v2\/product_tag?post=2753"}],"curies":[{"name":"wp","href":"https:\/\/api.w.org\/{rel}","templated":true}]}}